{"id":30756,"date":"2018-11-26T23:16:49","date_gmt":"2018-11-26T23:16:49","guid":{"rendered":"https:\/\/www.labeljoy.com\/sv\/?page_id=30756"},"modified":"2026-03-12T20:21:09","modified_gmt":"2026-03-12T20:21:09","slug":"hur-du-laddar-data-fraan-excel","status":"publish","type":"page","link":"https:\/\/www.labeljoy.com\/sv\/video\/hur-du-laddar-data-fraan-excel\/","title":{"rendered":"Hur du laddar data fr\u00e5n Excel"},"content":{"rendered":"<h2>Hur att Ladda data fr\u00e5n Excel<\/h2>\n<p>Labeljoy l\u00e5ter dig <strong>koppla upp mot externa datak\u00e4llor <\/strong>s\u00e5som ett Excel blad, och anv\u00e4nda data I dina etiketter. P\u00e5 detta s\u00e4tt kan du skapa anpassade etiketter snabbt och enkelt. Du kan ocks\u00e5 uppdatera och redigera Excel informationen I realtid med data uppdateringsfunktionen.<\/p>\n<p>Du kan importera alla typer av data och designa dina anpassade etiketter som exempelvis: <a title=\"mat etiketter mallar\" href=\"https:\/\/www.labeljoy.com\/sv\/mallar\/mat-etiketter\/\">mat etiketter<\/a>, <a title=\"namntagg brickor mallar\" href=\"https:\/\/www.labeljoy.com\/sv\/mallar\/namntagg-brickor\/\">namntaggar<\/a>, <a title=\"mallar post etiketter\" href=\"https:\/\/www.labeljoy.com\/sv\/mallar\/post-etiketter\/\">post taggar<\/a> och <a title=\"mallar\" href=\"https:\/\/www.labeljoy.com\/sv\/mallar\/\">m\u00e5nga fler.<\/a>.<\/p>\n<div class=\"lyte-wrapper\" title=\"Labeljoy 6 - Hur du laddar data fr&aring;n Excel\" style=\"width:640px;max-width:100%;margin:5px;\"><div class=\"lyMe\" id=\"WYL_l91rljIeCaQ\" itemprop=\"video\" itemscope itemtype=\"https:\/\/schema.org\/VideoObject\"><div><meta itemprop=\"thumbnailUrl\" content=\"https:\/\/www.labeljoy.com\/wp-content\/plugins\/wp-youtube-lyte\/lyteCache.php?origThumbUrl=https%3A%2F%2Fi.ytimg.com%2Fvi%2Fl91rljIeCaQ%2Fhqdefault.jpg\" \/><meta itemprop=\"embedURL\" content=\"https:\/\/www.youtube.com\/embed\/l91rljIeCaQ\" \/><meta itemprop=\"duration\" content=\"PT4M1S\" \/><meta itemprop=\"uploadDate\" content=\"2018-11-26T22:49:02Z\" \/><\/div><div id=\"lyte_l91rljIeCaQ\" data-src=\"https:\/\/www.labeljoy.com\/wp-content\/plugins\/wp-youtube-lyte\/lyteCache.php?origThumbUrl=https%3A%2F%2Fi.ytimg.com%2Fvi%2Fl91rljIeCaQ%2Fhqdefault.jpg\" class=\"pL\"><div class=\"tC\"><div class=\"tT\" itemprop=\"name\">Labeljoy 6 - Hur du laddar data fr\u00e5n Excel<\/div><\/div><div class=\"play\"><\/div><div class=\"ctrl\"><div class=\"Lctrl\"><\/div><div class=\"Rctrl\"><\/div><\/div><\/div><noscript><a href=\"https:\/\/youtu.be\/l91rljIeCaQ\" rel=\"nofollow\"><img decoding=\"async\" src=\"https:\/\/www.labeljoy.com\/wp-content\/plugins\/wp-youtube-lyte\/lyteCache.php?origThumbUrl=https%3A%2F%2Fi.ytimg.com%2Fvi%2Fl91rljIeCaQ%2F0.jpg\" alt=\"Labeljoy 6 - Hur du laddar data fr&aring;n Excel\" width=\"640\" height=\"340\" \/><br \/>Watch this video on YouTube<\/a><\/noscript><meta itemprop=\"description\" content=\"Med Labeljoy kan du ansluta externa datak\u00e4llor, till exempel ett Excel-kalkylblad, och anv\u00e4nda data i etiketterna. P\u00e5 s\u00e5 s\u00e4tt kan du skapa anpassade etiketter snabbt och enkelt. Med funktionen f\u00f6r datauppdatering kan du ocks\u00e5 redigera och \u00e4ndra din Excel-data och uppdatera alla dina etiketter i realtid. Importera alla typer av data (text, bild, streckkod) och designa dina anpassade etiketter som livsmedelsetiketter, namnetiketter, postmark\u00f6rer och m\u00e5nga fler.\"><\/div><\/div><div class=\"lL\" style=\"max-width:100%;width:640px;margin:5px;\"><\/div>\n<div class=\"lj-video-button hide\">\n  <a href=\"https:\/\/www.youtube.com\/embed\/l91rljIeCaQ?rel=0&autoplay=1\" data-featherlight=\"iframe\" data-featherlight-iframe-width=\"800\" data-featherlight-iframe-height=\"610\" data-featherlight-iframe-frameborder=\"0\" data-featherlight-iframe-allow=\"autoplay; encrypted-media\" data-featherlight-iframe-allowfullscreen=\"true\" title=\"Spela videohandledningen\">Spela videohandledningen <i class=\"fa fa-play-circle fa-2x\"><\/i><\/a>\n<\/div>\n<div class=\"lyte-wrapper\" title=\"Create Barcode Labels From Excel: Easy Step-by-Step Guide\" style=\"width:640px;max-width:100%;margin:5px;\"><div class=\"lyMe\" id=\"WYL_ISBnlSi_8Tc\" itemprop=\"video\" itemscope itemtype=\"https:\/\/schema.org\/VideoObject\"><div><meta itemprop=\"thumbnailUrl\" content=\"https:\/\/www.labeljoy.com\/wp-content\/plugins\/wp-youtube-lyte\/lyteCache.php?origThumbUrl=https%3A%2F%2Fi.ytimg.com%2Fvi%2FISBnlSi_8Tc%2Fhqdefault.jpg\" \/><meta itemprop=\"embedURL\" content=\"https:\/\/www.youtube.com\/embed\/ISBnlSi_8Tc\" \/><meta itemprop=\"duration\" content=\"PT5M3S\" \/><meta itemprop=\"uploadDate\" content=\"2025-04-09T13:54:21Z\" \/><\/div><div id=\"lyte_ISBnlSi_8Tc\" data-src=\"https:\/\/www.labeljoy.com\/wp-content\/plugins\/wp-youtube-lyte\/lyteCache.php?origThumbUrl=https%3A%2F%2Fi.ytimg.com%2Fvi%2FISBnlSi_8Tc%2Fhqdefault.jpg\" class=\"pL\"><div class=\"tC\"><div class=\"tT\" itemprop=\"name\">Create Barcode Labels From Excel: Easy Step-by-Step Guide<\/div><\/div><div class=\"play\"><\/div><div class=\"ctrl\"><div class=\"Lctrl\"><\/div><div class=\"Rctrl\"><\/div><\/div><\/div><noscript><a href=\"https:\/\/youtu.be\/ISBnlSi_8Tc\" rel=\"nofollow\"><img decoding=\"async\" src=\"https:\/\/www.labeljoy.com\/wp-content\/plugins\/wp-youtube-lyte\/lyteCache.php?origThumbUrl=https%3A%2F%2Fi.ytimg.com%2Fvi%2FISBnlSi_8Tc%2F0.jpg\" alt=\"Create Barcode Labels From Excel: Easy Step-by-Step Guide\" width=\"640\" height=\"340\" \/><br \/>Watch this video on YouTube<\/a><\/noscript><meta itemprop=\"description\" content=\"Want to create barcode labels from an Excel file and print them quickly? In this tutorial, you&#039;ll learn how to generate and customize EAN-13 barcode labels using Labeljoy. A perfect way for those who need to print barcode labels for ecommerce, physical stores, warehouses and inventory management! What will you learn? \u2705 How to import data from Excel to generate custom labels; \u2705 How to transform codes into EAN-13 barcodes; \u2705 How to print labels professionally. \ud83d\udd17 Download Labeljoy: https:\/\/www.labeljoy.com\/download\/\"><\/div><\/div><div class=\"lL\" style=\"max-width:100%;width:640px;margin:5px;\"><\/div>\n<div class=\"lj-video-button hide\">\n  <a href=\"https:\/\/www.youtube.com\/embed\/ISBnlSi_8Tc?rel=0&autoplay=1\" data-featherlight=\"iframe\" data-featherlight-iframe-width=\"800\" data-featherlight-iframe-height=\"610\" data-featherlight-iframe-frameborder=\"0\" data-featherlight-iframe-allow=\"autoplay; encrypted-media\" data-featherlight-iframe-allowfullscreen=\"true\" title=\"Spela videohandledningen\">Spela videohandledningen <i class=\"fa fa-play-circle fa-2x\"><\/i><\/a>\n<\/div>\n","protected":false},"excerpt":{"rendered":"<p>Hur att Ladda data fr\u00e5n Excel Labeljoy l\u00e5ter dig koppla upp mot externa datak\u00e4llor s\u00e5som ett Excel blad, och anv\u00e4nda data I dina etiketter. P\u00e5 detta s\u00e4tt kan du skapa anpassade etiketter snabbt och enkelt. Du kan ocks\u00e5 uppdatera och redigera Excel informationen I realtid med data uppdateringsfunktionen. Du kan importera alla typer av data &#8230; <a title=\"Hur du laddar data fr\u00e5n Excel\" class=\"read-more\" href=\"https:\/\/www.labeljoy.com\/sv\/video\/hur-du-laddar-data-fraan-excel\/\" aria-label=\"L\u00e4s mer om Hur du laddar data fr\u00e5n Excel\">Read more<\/a><\/p>\n","protected":false},"author":12,"featured_media":0,"parent":30733,"menu_order":0,"comment_status":"closed","ping_status":"closed","template":"","meta":{"inline_featured_image":false,"_monsterinsights_skip_tracking":false,"_monsterinsights_sitenote_active":false,"_monsterinsights_sitenote_note":"","_monsterinsights_sitenote_category":0,"footnotes":""},"class_list":{"0":"post-30756","1":"page","2":"type-page","3":"status-publish","5":"infinite-scroll-item"},"aioseo_notices":[],"_links":{"self":[{"href":"https:\/\/www.labeljoy.com\/sv\/wp-json\/wp\/v2\/pages\/30756","targetHints":{"allow":["GET"]}}],"collection":[{"href":"https:\/\/www.labeljoy.com\/sv\/wp-json\/wp\/v2\/pages"}],"about":[{"href":"https:\/\/www.labeljoy.com\/sv\/wp-json\/wp\/v2\/types\/page"}],"author":[{"embeddable":true,"href":"https:\/\/www.labeljoy.com\/sv\/wp-json\/wp\/v2\/users\/12"}],"replies":[{"embeddable":true,"href":"https:\/\/www.labeljoy.com\/sv\/wp-json\/wp\/v2\/comments?post=30756"}],"version-history":[{"count":4,"href":"https:\/\/www.labeljoy.com\/sv\/wp-json\/wp\/v2\/pages\/30756\/revisions"}],"predecessor-version":[{"id":45194,"href":"https:\/\/www.labeljoy.com\/sv\/wp-json\/wp\/v2\/pages\/30756\/revisions\/45194"}],"up":[{"embeddable":true,"href":"https:\/\/www.labeljoy.com\/sv\/wp-json\/wp\/v2\/pages\/30733"}],"wp:attachment":[{"href":"https:\/\/www.labeljoy.com\/sv\/wp-json\/wp\/v2\/media?parent=30756"}],"curies":[{"name":"wp","href":"https:\/\/api.w.org\/{rel}","templated":true}]}}