{"id":30764,"date":"2018-11-26T23:44:53","date_gmt":"2018-11-26T23:44:53","guid":{"rendered":"https:\/\/www.labeljoy.com\/sv\/?page_id=30764"},"modified":"2021-05-24T13:07:29","modified_gmt":"2021-05-24T13:07:29","slug":"hur-du-skriver-ut-med-rullskrivare","status":"publish","type":"page","link":"https:\/\/www.labeljoy.com\/sv\/video\/hur-du-skriver-ut-med-rullskrivare\/","title":{"rendered":"Hur du skriver ut med rullskrivare"},"content":{"rendered":"<h2>Utskrifter genom en Roll Skrivare!<\/h2>\n<p>I detta video kan du l\u00e4ra dig hur att skriva ut genom en roll skrivare. Labeljoy l\u00e5ter dig skriva ut p\u00e5 alla format genom inkjet, laser eller oll skrivare. Som visat I videot beh\u00f6ver du bara ange r\u00f6tt storlek och du \u00e4r redo att skriva ut dina egna anpassade etiketter eller kuvert med <a title=\"video laddar data fran excel\" href=\"https:\/\/www.labeljoy.com\/sv\/video\/hur-du-laddar-data-fraan-excel\/\">adresser importerade fr\u00e5n Excel.<\/a>.<\/p>\n<div class=\"lyte-wrapper\" title=\"Labeljoy 6 - Hur du skriver ut med rullskrivare\" style=\"width:640px;max-width:100%;margin:5px;\"><div class=\"lyMe\" id=\"WYL_7GEHYDXJIG4\" itemprop=\"video\" itemscope itemtype=\"https:\/\/schema.org\/VideoObject\"><div><meta itemprop=\"thumbnailUrl\" content=\"https:\/\/www.labeljoy.com\/wp-content\/plugins\/wp-youtube-lyte\/lyteCache.php?origThumbUrl=https%3A%2F%2Fi.ytimg.com%2Fvi%2F7GEHYDXJIG4%2Fhqdefault.jpg\" \/><meta itemprop=\"embedURL\" content=\"https:\/\/www.youtube.com\/embed\/7GEHYDXJIG4\" \/><meta itemprop=\"duration\" content=\"PT2M28S\" \/><meta itemprop=\"uploadDate\" content=\"2018-11-21T00:21:58Z\" \/><\/div><div id=\"lyte_7GEHYDXJIG4\" data-src=\"https:\/\/www.labeljoy.com\/wp-content\/plugins\/wp-youtube-lyte\/lyteCache.php?origThumbUrl=https%3A%2F%2Fi.ytimg.com%2Fvi%2F7GEHYDXJIG4%2Fhqdefault.jpg\" class=\"pL\"><div class=\"tC\"><div class=\"tT\" itemprop=\"name\">Labeljoy 6 - Hur du skriver ut med rullskrivare<\/div><\/div><div class=\"play\"><\/div><div class=\"ctrl\"><div class=\"Lctrl\"><\/div><div class=\"Rctrl\"><\/div><\/div><\/div><noscript><a href=\"https:\/\/youtu.be\/7GEHYDXJIG4\" rel=\"nofollow\"><img decoding=\"async\" src=\"https:\/\/www.labeljoy.com\/wp-content\/plugins\/wp-youtube-lyte\/lyteCache.php?origThumbUrl=https%3A%2F%2Fi.ytimg.com%2Fvi%2F7GEHYDXJIG4%2F0.jpg\" alt=\"Labeljoy 6 - Hur du skriver ut med rullskrivare\" width=\"640\" height=\"340\" \/><br \/>Watch this video on YouTube<\/a><\/noscript><meta itemprop=\"description\" content=\"Den h\u00e4r videon visar hur du skriver ut dina etiketter med en rullskrivare. Rullskrivare betraktar varje etikett som en enda sida, s\u00e5 du m\u00e5ste b\u00f6rja med att definiera layouten. Steg-f\u00f6r-steg-instruktioner h\u00e4r: https:\/\/www.labeljoy.com\/support\/how-to\/working-with-roll-printers\/\"><\/div><\/div><div class=\"lL\" style=\"max-width:100%;width:640px;margin:5px;\"><\/div>\n<div class=\"lj-video-button hide\">\n  <a href=\"https:\/\/www.youtube.com\/embed\/7GEHYDXJIG4?rel=0&autoplay=1\" data-featherlight=\"iframe\" data-featherlight-iframe-width=\"800\" data-featherlight-iframe-height=\"610\" data-featherlight-iframe-frameborder=\"0\" data-featherlight-iframe-allow=\"autoplay; encrypted-media\" data-featherlight-iframe-allowfullscreen=\"true\" title=\"Spela videohandledningen\">Spela videohandledningen <i class=\"fa fa-play-circle fa-2x\"><\/i><\/a>\n<\/div>\n","protected":false},"excerpt":{"rendered":"<p>Utskrifter genom en Roll Skrivare! I detta video kan du l\u00e4ra dig hur att skriva ut genom en roll skrivare. Labeljoy l\u00e5ter dig skriva ut p\u00e5 alla format genom inkjet, laser eller oll skrivare. Som visat I videot beh\u00f6ver du bara ange r\u00f6tt storlek och du \u00e4r redo att skriva ut dina egna anpassade etiketter &#8230; <a title=\"Hur du skriver ut med rullskrivare\" class=\"read-more\" href=\"https:\/\/www.labeljoy.com\/sv\/video\/hur-du-skriver-ut-med-rullskrivare\/\" aria-label=\"L\u00e4s mer om Hur du skriver ut med rullskrivare\">Read more<\/a><\/p>\n","protected":false},"author":12,"featured_media":0,"parent":30733,"menu_order":0,"comment_status":"open","ping_status":"closed","template":"page-template-left-sidebar.php","meta":{"inline_featured_image":false,"_monsterinsights_skip_tracking":false,"_monsterinsights_sitenote_active":false,"_monsterinsights_sitenote_note":"","_monsterinsights_sitenote_category":0,"footnotes":""},"class_list":{"0":"post-30764","1":"page","2":"type-page","3":"status-publish","5":"infinite-scroll-item"},"aioseo_notices":[],"_links":{"self":[{"href":"https:\/\/www.labeljoy.com\/sv\/wp-json\/wp\/v2\/pages\/30764","targetHints":{"allow":["GET"]}}],"collection":[{"href":"https:\/\/www.labeljoy.com\/sv\/wp-json\/wp\/v2\/pages"}],"about":[{"href":"https:\/\/www.labeljoy.com\/sv\/wp-json\/wp\/v2\/types\/page"}],"author":[{"embeddable":true,"href":"https:\/\/www.labeljoy.com\/sv\/wp-json\/wp\/v2\/users\/12"}],"replies":[{"embeddable":true,"href":"https:\/\/www.labeljoy.com\/sv\/wp-json\/wp\/v2\/comments?post=30764"}],"version-history":[{"count":2,"href":"https:\/\/www.labeljoy.com\/sv\/wp-json\/wp\/v2\/pages\/30764\/revisions"}],"predecessor-version":[{"id":35868,"href":"https:\/\/www.labeljoy.com\/sv\/wp-json\/wp\/v2\/pages\/30764\/revisions\/35868"}],"up":[{"embeddable":true,"href":"https:\/\/www.labeljoy.com\/sv\/wp-json\/wp\/v2\/pages\/30733"}],"wp:attachment":[{"href":"https:\/\/www.labeljoy.com\/sv\/wp-json\/wp\/v2\/media?parent=30764"}],"curies":[{"name":"wp","href":"https:\/\/api.w.org\/{rel}","templated":true}]}}