{"id":30772,"date":"2018-11-27T00:04:29","date_gmt":"2018-11-27T00:04:29","guid":{"rendered":"https:\/\/www.labeljoy.com\/sv\/?page_id=30772"},"modified":"2021-05-24T13:08:54","modified_gmt":"2021-05-24T13:08:54","slug":"dynamisk-datauppdatering","status":"publish","type":"page","link":"https:\/\/www.labeljoy.com\/sv\/video\/dynamisk-datauppdatering\/","title":{"rendered":"Dynamisk datauppdatering"},"content":{"rendered":"<h2>Dynamisk datauppdatering<\/h2>\n<p>Labeljoy g\u00f6r att du enkelt kan uppdatera data kopplad till en extern databas. Funktionen f\u00f6r datauppdatering hj\u00e4lper till att spara tid och f\u00f6renklar ditt arbete.<\/p>\n<div class=\"lyte-wrapper\" title=\"Labeljoy 6 - Dynamisk datauppdatering\" style=\"width:640px;max-width:100%;margin:5px;\"><div class=\"lyMe\" id=\"WYL_0a3XbdL_auA\" itemprop=\"video\" itemscope itemtype=\"https:\/\/schema.org\/VideoObject\"><div><meta itemprop=\"thumbnailUrl\" content=\"https:\/\/www.labeljoy.com\/wp-content\/plugins\/wp-youtube-lyte\/lyteCache.php?origThumbUrl=https%3A%2F%2Fi.ytimg.com%2Fvi%2F0a3XbdL_auA%2Fhqdefault.jpg\" \/><meta itemprop=\"embedURL\" content=\"https:\/\/www.youtube.com\/embed\/0a3XbdL_auA\" \/><meta itemprop=\"duration\" content=\"PT1M49S\" \/><meta itemprop=\"uploadDate\" content=\"2018-11-20T00:08:13Z\" \/><\/div><div id=\"lyte_0a3XbdL_auA\" data-src=\"https:\/\/www.labeljoy.com\/wp-content\/plugins\/wp-youtube-lyte\/lyteCache.php?origThumbUrl=https%3A%2F%2Fi.ytimg.com%2Fvi%2F0a3XbdL_auA%2Fhqdefault.jpg\" class=\"pL\"><div class=\"tC\"><div class=\"tT\" itemprop=\"name\">Labeljoy 6 - Dynamisk datauppdatering<\/div><\/div><div class=\"play\"><\/div><div class=\"ctrl\"><div class=\"Lctrl\"><\/div><div class=\"Rctrl\"><\/div><\/div><\/div><noscript><a href=\"https:\/\/youtu.be\/0a3XbdL_auA\" rel=\"nofollow\"><img decoding=\"async\" src=\"https:\/\/www.labeljoy.com\/wp-content\/plugins\/wp-youtube-lyte\/lyteCache.php?origThumbUrl=https%3A%2F%2Fi.ytimg.com%2Fvi%2F0a3XbdL_auA%2F0.jpg\" alt=\"Labeljoy 6 - Dynamisk datauppdatering\" width=\"640\" height=\"340\" \/><br \/>Watch this video on YouTube<\/a><\/noscript><meta itemprop=\"description\" content=\"Labeljoy g\u00f6r att du enkelt kan uppdatera data kopplad till en extern databas. Funktionen f\u00f6r datauppdatering hj\u00e4lper till att spara tid och f\u00f6renklar ditt arbete. F\u00f6r mer information, klicka h\u00e4r: https:\/\/www.labeljoy.com\/help-lj6\/updating-the-data-source\/\"><\/div><\/div><div class=\"lL\" style=\"max-width:100%;width:640px;margin:5px;\"><\/div>\n<div class=\"lj-video-button hide\">\n  <a href=\"https:\/\/www.youtube.com\/embed\/0a3XbdL_auA?rel=0&autoplay=1\" data-featherlight=\"iframe\" data-featherlight-iframe-width=\"800\" data-featherlight-iframe-height=\"610\" data-featherlight-iframe-frameborder=\"0\" data-featherlight-iframe-allow=\"autoplay; encrypted-media\" data-featherlight-iframe-allowfullscreen=\"true\" title=\"Spela videohandledningen\">Spela videohandledningen <i class=\"fa fa-play-circle fa-2x\"><\/i><\/a>\n<\/div>\n","protected":false},"excerpt":{"rendered":"<p>Dynamisk datauppdatering Labeljoy g\u00f6r att du enkelt kan uppdatera data kopplad till en extern databas. Funktionen f\u00f6r datauppdatering hj\u00e4lper till att spara tid och f\u00f6renklar ditt arbete.<\/p>\n","protected":false},"author":12,"featured_media":0,"parent":30733,"menu_order":0,"comment_status":"open","ping_status":"closed","template":"page-template-left-sidebar.php","meta":{"inline_featured_image":false,"_monsterinsights_skip_tracking":false,"_monsterinsights_sitenote_active":false,"_monsterinsights_sitenote_note":"","_monsterinsights_sitenote_category":0,"footnotes":""},"class_list":{"0":"post-30772","1":"page","2":"type-page","3":"status-publish","5":"infinite-scroll-item"},"aioseo_notices":[],"_links":{"self":[{"href":"https:\/\/www.labeljoy.com\/sv\/wp-json\/wp\/v2\/pages\/30772","targetHints":{"allow":["GET"]}}],"collection":[{"href":"https:\/\/www.labeljoy.com\/sv\/wp-json\/wp\/v2\/pages"}],"about":[{"href":"https:\/\/www.labeljoy.com\/sv\/wp-json\/wp\/v2\/types\/page"}],"author":[{"embeddable":true,"href":"https:\/\/www.labeljoy.com\/sv\/wp-json\/wp\/v2\/users\/12"}],"replies":[{"embeddable":true,"href":"https:\/\/www.labeljoy.com\/sv\/wp-json\/wp\/v2\/comments?post=30772"}],"version-history":[{"count":2,"href":"https:\/\/www.labeljoy.com\/sv\/wp-json\/wp\/v2\/pages\/30772\/revisions"}],"predecessor-version":[{"id":35870,"href":"https:\/\/www.labeljoy.com\/sv\/wp-json\/wp\/v2\/pages\/30772\/revisions\/35870"}],"up":[{"embeddable":true,"href":"https:\/\/www.labeljoy.com\/sv\/wp-json\/wp\/v2\/pages\/30733"}],"wp:attachment":[{"href":"https:\/\/www.labeljoy.com\/sv\/wp-json\/wp\/v2\/media?parent=30772"}],"curies":[{"name":"wp","href":"https:\/\/api.w.org\/{rel}","templated":true}]}}