{"id":30779,"date":"2018-11-28T23:11:30","date_gmt":"2018-11-28T23:11:30","guid":{"rendered":"https:\/\/www.labeljoy.com\/sv\/?page_id=30779"},"modified":"2021-05-24T13:10:14","modified_gmt":"2021-05-24T13:10:14","slug":"hur-du-staeller-in-antal-etiketter-fraan-datakaellans-fil","status":"publish","type":"page","link":"https:\/\/www.labeljoy.com\/sv\/video\/hur-du-staeller-in-antal-etiketter-fraan-datakaellans-fil\/","title":{"rendered":"Hur du st\u00e4ller in antal etiketter fr\u00e5n datak\u00e4llans fil"},"content":{"rendered":"<h2>Hur du st\u00e4ller in antal etiketter fr\u00e5n datak\u00e4llans fil<\/h2>\n<p>Den h\u00e4r funktionen \u00e4r anv\u00e4ndbar n\u00e4r antalet etiketter som ska skrivas ut \u00e4r sparat i databasen som du beh\u00f6ver importera. N\u00e4r som helst kan du dynamiskt uppdatera antalet etiketter och direkt \u00e4ndra v\u00e4rdet p\u00e5 databasen. Mer information finns i videoguiden om hur du ansluter till externa databaser och uppdaterar etikettf\u00e4lten dynamiskt.<\/p>\n<div class=\"lyte-wrapper\" title=\"Labeljoy 6 - Hur du st&auml;ller in antal etiketter fr&aring;n datak&auml;llans fil\" style=\"width:640px;max-width:100%;margin:5px;\"><div class=\"lyMe\" id=\"WYL_0C1X0bSL-bo\" itemprop=\"video\" itemscope itemtype=\"https:\/\/schema.org\/VideoObject\"><div><meta itemprop=\"thumbnailUrl\" content=\"https:\/\/www.labeljoy.com\/wp-content\/plugins\/wp-youtube-lyte\/lyteCache.php?origThumbUrl=https%3A%2F%2Fi.ytimg.com%2Fvi%2F0C1X0bSL-bo%2Fhqdefault.jpg\" \/><meta itemprop=\"embedURL\" content=\"https:\/\/www.youtube.com\/embed\/0C1X0bSL-bo\" \/><meta itemprop=\"duration\" content=\"PT2M49S\" \/><meta itemprop=\"uploadDate\" content=\"2018-11-21T23:21:56Z\" \/><\/div><div id=\"lyte_0C1X0bSL-bo\" data-src=\"https:\/\/www.labeljoy.com\/wp-content\/plugins\/wp-youtube-lyte\/lyteCache.php?origThumbUrl=https%3A%2F%2Fi.ytimg.com%2Fvi%2F0C1X0bSL-bo%2Fhqdefault.jpg\" class=\"pL\"><div class=\"tC\"><div class=\"tT\" itemprop=\"name\">Labeljoy 6 - Hur du st\u00e4ller in antal etiketter fr\u00e5n datak\u00e4llans fil<\/div><\/div><div class=\"play\"><\/div><div class=\"ctrl\"><div class=\"Lctrl\"><\/div><div class=\"Rctrl\"><\/div><\/div><\/div><noscript><a href=\"https:\/\/youtu.be\/0C1X0bSL-bo\" rel=\"nofollow\"><img decoding=\"async\" src=\"https:\/\/www.labeljoy.com\/wp-content\/plugins\/wp-youtube-lyte\/lyteCache.php?origThumbUrl=https%3A%2F%2Fi.ytimg.com%2Fvi%2F0C1X0bSL-bo%2F0.jpg\" alt=\"Labeljoy 6 - Hur du st&auml;ller in antal etiketter fr&aring;n datak&auml;llans fil\" width=\"640\" height=\"340\" \/><br \/>Watch this video on YouTube<\/a><\/noscript><meta itemprop=\"description\" content=\"Den h\u00e4r funktionen \u00e4r anv\u00e4ndbar n\u00e4r antalet etiketter som ska skrivas ut \u00e4r sparat i databasen som du beh\u00f6ver importera. N\u00e4r som helst kan du dynamiskt uppdatera antalet etiketter och direkt \u00e4ndra v\u00e4rdet p\u00e5 databasen. Mer information: https:\/\/www.labeljoy.com\/help-lj6\/linking-a-set-to-a-data-source\/\"><\/div><\/div><div class=\"lL\" style=\"max-width:100%;width:640px;margin:5px;\"><\/div>\n<div class=\"lj-video-button hide\">\n  <a href=\"https:\/\/www.youtube.com\/embed\/0C1X0bSL-bo?rel=0&autoplay=1\" data-featherlight=\"iframe\" data-featherlight-iframe-width=\"800\" data-featherlight-iframe-height=\"610\" data-featherlight-iframe-frameborder=\"0\" data-featherlight-iframe-allow=\"autoplay; encrypted-media\" data-featherlight-iframe-allowfullscreen=\"true\" title=\"Spela videohandledningen\">Spela videohandledningen <i class=\"fa fa-play-circle fa-2x\"><\/i><\/a>\n<\/div>\n","protected":false},"excerpt":{"rendered":"<p>Hur du st\u00e4ller in antal etiketter fr\u00e5n datak\u00e4llans fil Den h\u00e4r funktionen \u00e4r anv\u00e4ndbar n\u00e4r antalet etiketter som ska skrivas ut \u00e4r sparat i databasen som du beh\u00f6ver importera. N\u00e4r som helst kan du dynamiskt uppdatera antalet etiketter och direkt \u00e4ndra v\u00e4rdet p\u00e5 databasen. Mer information finns i videoguiden om hur du ansluter till externa &#8230; <a title=\"Hur du st\u00e4ller in antal etiketter fr\u00e5n datak\u00e4llans fil\" class=\"read-more\" href=\"https:\/\/www.labeljoy.com\/sv\/video\/hur-du-staeller-in-antal-etiketter-fraan-datakaellans-fil\/\" aria-label=\"L\u00e4s mer om Hur du st\u00e4ller in antal etiketter fr\u00e5n datak\u00e4llans fil\">Read more<\/a><\/p>\n","protected":false},"author":12,"featured_media":0,"parent":30733,"menu_order":0,"comment_status":"open","ping_status":"closed","template":"page-template-left-sidebar.php","meta":{"inline_featured_image":false,"_monsterinsights_skip_tracking":false,"_monsterinsights_sitenote_active":false,"_monsterinsights_sitenote_note":"","_monsterinsights_sitenote_category":0,"footnotes":""},"class_list":{"0":"post-30779","1":"page","2":"type-page","3":"status-publish","5":"infinite-scroll-item"},"aioseo_notices":[],"_links":{"self":[{"href":"https:\/\/www.labeljoy.com\/sv\/wp-json\/wp\/v2\/pages\/30779","targetHints":{"allow":["GET"]}}],"collection":[{"href":"https:\/\/www.labeljoy.com\/sv\/wp-json\/wp\/v2\/pages"}],"about":[{"href":"https:\/\/www.labeljoy.com\/sv\/wp-json\/wp\/v2\/types\/page"}],"author":[{"embeddable":true,"href":"https:\/\/www.labeljoy.com\/sv\/wp-json\/wp\/v2\/users\/12"}],"replies":[{"embeddable":true,"href":"https:\/\/www.labeljoy.com\/sv\/wp-json\/wp\/v2\/comments?post=30779"}],"version-history":[{"count":2,"href":"https:\/\/www.labeljoy.com\/sv\/wp-json\/wp\/v2\/pages\/30779\/revisions"}],"predecessor-version":[{"id":35873,"href":"https:\/\/www.labeljoy.com\/sv\/wp-json\/wp\/v2\/pages\/30779\/revisions\/35873"}],"up":[{"embeddable":true,"href":"https:\/\/www.labeljoy.com\/sv\/wp-json\/wp\/v2\/pages\/30733"}],"wp:attachment":[{"href":"https:\/\/www.labeljoy.com\/sv\/wp-json\/wp\/v2\/media?parent=30779"}],"curies":[{"name":"wp","href":"https:\/\/api.w.org\/{rel}","templated":true}]}}