{"id":30785,"date":"2018-11-28T23:30:27","date_gmt":"2018-11-28T23:30:27","guid":{"rendered":"https:\/\/www.labeljoy.com\/sv\/?page_id=30785"},"modified":"2021-05-24T13:11:27","modified_gmt":"2021-05-24T13:11:27","slug":"importera-data-fraan-urklipp","status":"publish","type":"page","link":"https:\/\/www.labeljoy.com\/sv\/video\/importera-data-fraan-urklipp\/","title":{"rendered":"Importera data fr\u00e5n urklipp"},"content":{"rendered":"<h2>Hur importera data fr\u00e5n Urklipp i Windows <\/h2>\n<p>Video tutorial visar hur du <strong> importera data fr\u00e5n Urklipp i Windows <\/strong> till etiketter. Bara kopiera den markerade texten, f\u00f6lj anvisningarna i guiden f\u00f6r att importera datas, och komma in p\u00e5 omr\u00e5det p\u00e5 etiketter.<\/p>\n<div class=\"lyte-wrapper\" title=\"Labeljoy 6 - Importera data fr&aring;n urklipp\" style=\"width:640px;max-width:100%;margin:5px;\"><div class=\"lyMe\" id=\"WYL_ugdA1C5LsvQ\" itemprop=\"video\" itemscope itemtype=\"https:\/\/schema.org\/VideoObject\"><div><meta itemprop=\"thumbnailUrl\" content=\"https:\/\/www.labeljoy.com\/wp-content\/plugins\/wp-youtube-lyte\/lyteCache.php?origThumbUrl=https%3A%2F%2Fi.ytimg.com%2Fvi%2FugdA1C5LsvQ%2Fhqdefault.jpg\" \/><meta itemprop=\"embedURL\" content=\"https:\/\/www.youtube.com\/embed\/ugdA1C5LsvQ\" \/><meta itemprop=\"duration\" content=\"PT1M34S\" \/><meta itemprop=\"uploadDate\" content=\"2018-11-20T23:44:54Z\" \/><\/div><div id=\"lyte_ugdA1C5LsvQ\" data-src=\"https:\/\/www.labeljoy.com\/wp-content\/plugins\/wp-youtube-lyte\/lyteCache.php?origThumbUrl=https%3A%2F%2Fi.ytimg.com%2Fvi%2FugdA1C5LsvQ%2Fhqdefault.jpg\" class=\"pL\"><div class=\"tC\"><div class=\"tT\" itemprop=\"name\">Labeljoy 6 - Importera data fr\u00e5n urklipp<\/div><\/div><div class=\"play\"><\/div><div class=\"ctrl\"><div class=\"Lctrl\"><\/div><div class=\"Rctrl\"><\/div><\/div><\/div><noscript><a href=\"https:\/\/youtu.be\/ugdA1C5LsvQ\" rel=\"nofollow\"><img decoding=\"async\" src=\"https:\/\/www.labeljoy.com\/wp-content\/plugins\/wp-youtube-lyte\/lyteCache.php?origThumbUrl=https%3A%2F%2Fi.ytimg.com%2Fvi%2FugdA1C5LsvQ%2F0.jpg\" alt=\"Labeljoy 6 - Importera data fr&aring;n urklipp\" width=\"640\" height=\"340\" \/><br \/>Watch this video on YouTube<\/a><\/noscript><meta itemprop=\"description\" content=\"Den h\u00e4r videoguiden visar hur du importerar data fr\u00e5n det inklistrade till Windows urklipp och l\u00e4nkar det till dina etiketter. Kopiera helt enkelt den valda texten, f\u00f6lj anvisningarna i guiden f\u00f6r datak\u00e4lla och l\u00e4gg till f\u00e4lten p\u00e5 etiketten. L\u00e4s mer om detta: https:\/\/www.labeljoy.com\/help-lj6\/linking-a-set-to-a-data-source\/\"><\/div><\/div><div class=\"lL\" style=\"max-width:100%;width:640px;margin:5px;\"><\/div>\n<div class=\"lj-video-button hide\">\n  <a href=\"https:\/\/www.youtube.com\/embed\/ugdA1C5LsvQ?rel=0&autoplay=1\" data-featherlight=\"iframe\" data-featherlight-iframe-width=\"800\" data-featherlight-iframe-height=\"610\" data-featherlight-iframe-frameborder=\"0\" data-featherlight-iframe-allow=\"autoplay; encrypted-media\" data-featherlight-iframe-allowfullscreen=\"true\" title=\"Spela videohandledningen\">Spela videohandledningen <i class=\"fa fa-play-circle fa-2x\"><\/i><\/a>\n<\/div>\n","protected":false},"excerpt":{"rendered":"<p>Hur importera data fr\u00e5n Urklipp i Windows Video tutorial visar hur du importera data fr\u00e5n Urklipp i Windows till etiketter. Bara kopiera den markerade texten, f\u00f6lj anvisningarna i guiden f\u00f6r att importera datas, och komma in p\u00e5 omr\u00e5det p\u00e5 etiketter.<\/p>\n","protected":false},"author":12,"featured_media":0,"parent":30733,"menu_order":0,"comment_status":"open","ping_status":"closed","template":"page-template-left-sidebar.php","meta":{"inline_featured_image":false,"_monsterinsights_skip_tracking":false,"_monsterinsights_sitenote_active":false,"_monsterinsights_sitenote_note":"","_monsterinsights_sitenote_category":0,"footnotes":""},"class_list":{"0":"post-30785","1":"page","2":"type-page","3":"status-publish","5":"infinite-scroll-item"},"aioseo_notices":[],"_links":{"self":[{"href":"https:\/\/www.labeljoy.com\/sv\/wp-json\/wp\/v2\/pages\/30785","targetHints":{"allow":["GET"]}}],"collection":[{"href":"https:\/\/www.labeljoy.com\/sv\/wp-json\/wp\/v2\/pages"}],"about":[{"href":"https:\/\/www.labeljoy.com\/sv\/wp-json\/wp\/v2\/types\/page"}],"author":[{"embeddable":true,"href":"https:\/\/www.labeljoy.com\/sv\/wp-json\/wp\/v2\/users\/12"}],"replies":[{"embeddable":true,"href":"https:\/\/www.labeljoy.com\/sv\/wp-json\/wp\/v2\/comments?post=30785"}],"version-history":[{"count":2,"href":"https:\/\/www.labeljoy.com\/sv\/wp-json\/wp\/v2\/pages\/30785\/revisions"}],"predecessor-version":[{"id":35875,"href":"https:\/\/www.labeljoy.com\/sv\/wp-json\/wp\/v2\/pages\/30785\/revisions\/35875"}],"up":[{"embeddable":true,"href":"https:\/\/www.labeljoy.com\/sv\/wp-json\/wp\/v2\/pages\/30733"}],"wp:attachment":[{"href":"https:\/\/www.labeljoy.com\/sv\/wp-json\/wp\/v2\/media?parent=30785"}],"curies":[{"name":"wp","href":"https:\/\/api.w.org\/{rel}","templated":true}]}}