{"id":30789,"date":"2018-11-28T23:37:34","date_gmt":"2018-11-28T23:37:34","guid":{"rendered":"https:\/\/www.labeljoy.com\/sv\/?page_id=30789"},"modified":"2021-05-24T13:12:37","modified_gmt":"2021-05-24T13:12:37","slug":"hur-du-anger-referenser-paa-etiketter","status":"publish","type":"page","link":"https:\/\/www.labeljoy.com\/sv\/video\/hur-du-anger-referenser-paa-etiketter\/","title":{"rendered":"Hur du anger referenser p\u00e5 etiketter"},"content":{"rendered":"<h2>Hur man skriver in referenser p\u00e5 etiketter<\/h2>\n<p>Denna video visar <strong>hur du anger referenser<\/strong> till hittills, filnamn gruppnamn p\u00e5 v\u00e5ra etiketter. Enkelt skapa professionella etiketter utan att beh\u00f6va ange data manuellt.<\/p>\n<div class=\"lyte-wrapper\" title=\"Labeljoy 6 - Hur du anger referenser p&aring; etiketter\" style=\"width:640px;max-width:100%;margin:5px;\"><div class=\"lyMe\" id=\"WYL_HXtXAy9e4tg\" itemprop=\"video\" itemscope itemtype=\"https:\/\/schema.org\/VideoObject\"><div><meta itemprop=\"thumbnailUrl\" content=\"https:\/\/www.labeljoy.com\/wp-content\/plugins\/wp-youtube-lyte\/lyteCache.php?origThumbUrl=https%3A%2F%2Fi.ytimg.com%2Fvi%2FHXtXAy9e4tg%2Fhqdefault.jpg\" \/><meta itemprop=\"embedURL\" content=\"https:\/\/www.youtube.com\/embed\/HXtXAy9e4tg\" \/><meta itemprop=\"duration\" content=\"PT2M6S\" \/><meta itemprop=\"uploadDate\" content=\"2018-11-22T23:57:24Z\" \/><\/div><div id=\"lyte_HXtXAy9e4tg\" data-src=\"https:\/\/www.labeljoy.com\/wp-content\/plugins\/wp-youtube-lyte\/lyteCache.php?origThumbUrl=https%3A%2F%2Fi.ytimg.com%2Fvi%2FHXtXAy9e4tg%2Fhqdefault.jpg\" class=\"pL\"><div class=\"tC\"><div class=\"tT\" itemprop=\"name\">Labeljoy 6 - Hur du anger referenser p\u00e5 etiketter<\/div><\/div><div class=\"play\"><\/div><div class=\"ctrl\"><div class=\"Lctrl\"><\/div><div class=\"Rctrl\"><\/div><\/div><\/div><noscript><a href=\"https:\/\/youtu.be\/HXtXAy9e4tg\" rel=\"nofollow\"><img decoding=\"async\" src=\"https:\/\/www.labeljoy.com\/wp-content\/plugins\/wp-youtube-lyte\/lyteCache.php?origThumbUrl=https%3A%2F%2Fi.ytimg.com%2Fvi%2FHXtXAy9e4tg%2F0.jpg\" alt=\"Labeljoy 6 - Hur du anger referenser p&aring; etiketter\" width=\"640\" height=\"340\" \/><br \/>Watch this video on YouTube<\/a><\/noscript><meta itemprop=\"description\" content=\"Den h\u00e4r videon visar hur man anger referenser till datum, filnamn och gruppnamn p\u00e5 etiketterna. Skapa enkelt professionella etiketter utan att beh\u00f6va ange data manuellt. L\u00e4s mer h\u00e4r: https:\/\/www.labeljoy.com\/help-lj6\/manage-references\/\"><\/div><\/div><div class=\"lL\" style=\"max-width:100%;width:640px;margin:5px;\"><\/div>\n<div class=\"lj-video-button hide\">\n  <a href=\"https:\/\/www.youtube.com\/embed\/HXtXAy9e4tg?rel=0&autoplay=1\" data-featherlight=\"iframe\" data-featherlight-iframe-width=\"800\" data-featherlight-iframe-height=\"610\" data-featherlight-iframe-frameborder=\"0\" data-featherlight-iframe-allow=\"autoplay; encrypted-media\" data-featherlight-iframe-allowfullscreen=\"true\" title=\"Spela videohandledningen\">Spela videohandledningen <i class=\"fa fa-play-circle fa-2x\"><\/i><\/a>\n<\/div>\n","protected":false},"excerpt":{"rendered":"<p>Hur man skriver in referenser p\u00e5 etiketter Denna video visar hur du anger referenser till hittills, filnamn gruppnamn p\u00e5 v\u00e5ra etiketter. Enkelt skapa professionella etiketter utan att beh\u00f6va ange data manuellt.<\/p>\n","protected":false},"author":12,"featured_media":0,"parent":30733,"menu_order":0,"comment_status":"open","ping_status":"closed","template":"page-template-left-sidebar.php","meta":{"inline_featured_image":false,"_monsterinsights_skip_tracking":false,"_monsterinsights_sitenote_active":false,"_monsterinsights_sitenote_note":"","_monsterinsights_sitenote_category":0,"footnotes":""},"class_list":{"0":"post-30789","1":"page","2":"type-page","3":"status-publish","5":"infinite-scroll-item"},"aioseo_notices":[],"_links":{"self":[{"href":"https:\/\/www.labeljoy.com\/sv\/wp-json\/wp\/v2\/pages\/30789","targetHints":{"allow":["GET"]}}],"collection":[{"href":"https:\/\/www.labeljoy.com\/sv\/wp-json\/wp\/v2\/pages"}],"about":[{"href":"https:\/\/www.labeljoy.com\/sv\/wp-json\/wp\/v2\/types\/page"}],"author":[{"embeddable":true,"href":"https:\/\/www.labeljoy.com\/sv\/wp-json\/wp\/v2\/users\/12"}],"replies":[{"embeddable":true,"href":"https:\/\/www.labeljoy.com\/sv\/wp-json\/wp\/v2\/comments?post=30789"}],"version-history":[{"count":2,"href":"https:\/\/www.labeljoy.com\/sv\/wp-json\/wp\/v2\/pages\/30789\/revisions"}],"predecessor-version":[{"id":35876,"href":"https:\/\/www.labeljoy.com\/sv\/wp-json\/wp\/v2\/pages\/30789\/revisions\/35876"}],"up":[{"embeddable":true,"href":"https:\/\/www.labeljoy.com\/sv\/wp-json\/wp\/v2\/pages\/30733"}],"wp:attachment":[{"href":"https:\/\/www.labeljoy.com\/sv\/wp-json\/wp\/v2\/media?parent=30789"}],"curies":[{"name":"wp","href":"https:\/\/api.w.org\/{rel}","templated":true}]}}