{"id":36776,"date":"2022-01-20T14:52:29","date_gmt":"2022-01-20T14:52:29","guid":{"rendered":"https:\/\/www.labeljoy.com\/?page_id=36776"},"modified":"2022-01-20T14:52:31","modified_gmt":"2022-01-20T14:52:31","slug":"labeljoy-reader","status":"publish","type":"page","link":"https:\/\/www.labeljoy.com\/sv\/labeljoy-reader\/","title":{"rendered":"Labeljoy Reader"},"content":{"rendered":"<h1>Labeljoy Reader<\/h1>\n<h2>Den b\u00e4sta Reader f\u00f6r den b\u00e4sta Barcoding och Labeling program<\/h2>\n<p><img decoding=\"async\" src=\"https:\/\/www.labeljoy.com\/wp-content\/uploads\/2022\/01\/lebeljoy_reader.png\" alt=\"Labeljoy Reader\" width=\"670\" height=\"81\"><\/p>\n<p>Labeljoy Reader \u00e4r ett program f\u00f6r att exportera och skriva ut dina etikett projekt.<br \/>\nLadda ner och anv\u00e4nd det gratis f\u00f6r alltid!<\/p>\n<p>&nbsp;<\/p>\n<h2>Labeljoy presenterar sin Labeljoy Reader<\/h2>\n<p><a class=\"hover-item\" href=\"https:\/\/www.labeljoy.com\/wp-content\/uploads\/2022\/01\/lebeljoy_reader_02.png\" data-gal=\"prettyPhoto\"><img decoding=\"async\" style=\"border: none\" src=\"https:\/\/www.labeljoy.com\/wp-content\/uploads\/2022\/01\/lebeljoy_reader_02.png\" alt=\"Labeljoy Reader\" width=\"670\" height=\"575\"><\/a><\/p>\n<p>Labeljoy Reader \u00e4r en kompletterande applikation till Labeljoy 6, f\u00f6r att utan anstr\u00e4ngning exportera och skriva ut dina projekt i det h\u00f6guppl\u00f6sta formatet LJR.<\/p>\n<p>Det \u00e4r ett gratisprogram som kan laddas ner fr\u00e5n Labeljoys webbplats;<br \/>\nMed Labeljoy Reader kan du \u00f6ppna, bl\u00e4ddra och skriva ut LJR-filer, men inte redigera dem.<\/p>\n","protected":false},"excerpt":{"rendered":"<p>Labeljoy Reader Den b\u00e4sta Reader f\u00f6r den b\u00e4sta Barcoding och Labeling program Labeljoy Reader \u00e4r ett program f\u00f6r att exportera och skriva ut dina etikett projekt. Ladda ner och anv\u00e4nd det gratis f\u00f6r alltid! &nbsp; Labeljoy presenterar sin Labeljoy Reader Labeljoy Reader \u00e4r en kompletterande applikation till Labeljoy 6, f\u00f6r att utan anstr\u00e4ngning exportera och &#8230; <a title=\"Labeljoy Reader\" class=\"read-more\" href=\"https:\/\/www.labeljoy.com\/sv\/labeljoy-reader\/\" aria-label=\"L\u00e4s mer om Labeljoy Reader\">Read more<\/a><\/p>\n","protected":false},"author":8,"featured_media":0,"parent":0,"menu_order":2,"comment_status":"closed","ping_status":"closed","template":"","meta":{"inline_featured_image":false,"_monsterinsights_skip_tracking":false,"_monsterinsights_sitenote_active":false,"_monsterinsights_sitenote_note":"","_monsterinsights_sitenote_category":0,"footnotes":""},"class_list":{"0":"post-36776","1":"page","2":"type-page","3":"status-publish","5":"infinite-scroll-item"},"aioseo_notices":[],"_links":{"self":[{"href":"https:\/\/www.labeljoy.com\/sv\/wp-json\/wp\/v2\/pages\/36776","targetHints":{"allow":["GET"]}}],"collection":[{"href":"https:\/\/www.labeljoy.com\/sv\/wp-json\/wp\/v2\/pages"}],"about":[{"href":"https:\/\/www.labeljoy.com\/sv\/wp-json\/wp\/v2\/types\/page"}],"author":[{"embeddable":true,"href":"https:\/\/www.labeljoy.com\/sv\/wp-json\/wp\/v2\/users\/8"}],"replies":[{"embeddable":true,"href":"https:\/\/www.labeljoy.com\/sv\/wp-json\/wp\/v2\/comments?post=36776"}],"version-history":[{"count":1,"href":"https:\/\/www.labeljoy.com\/sv\/wp-json\/wp\/v2\/pages\/36776\/revisions"}],"predecessor-version":[{"id":36777,"href":"https:\/\/www.labeljoy.com\/sv\/wp-json\/wp\/v2\/pages\/36776\/revisions\/36777"}],"wp:attachment":[{"href":"https:\/\/www.labeljoy.com\/sv\/wp-json\/wp\/v2\/media?parent=36776"}],"curies":[{"name":"wp","href":"https:\/\/api.w.org\/{rel}","templated":true}]}}