{"id":36778,"date":"2022-01-20T14:53:01","date_gmt":"2022-01-20T14:53:01","guid":{"rendered":"https:\/\/www.labeljoy.com\/?page_id=36778"},"modified":"2022-01-20T14:53:03","modified_gmt":"2022-01-20T14:53:03","slug":"varfor-du-bor-anvanda-labeljoy-reader","status":"publish","type":"page","link":"https:\/\/www.labeljoy.com\/sv\/varfor-du-bor-anvanda-labeljoy-reader\/","title":{"rendered":"Varf\u00f6r du b\u00f6r anv\u00e4nda Labeljoy Reader"},"content":{"rendered":"<h1>Varf\u00f6r du b\u00f6r anv\u00e4nda Labeljoy Reader<\/h1>\n<p>Labeljoy Reader ger resultat av b\u00e4ttre kvalitet och \u00e4r ett bra alternativ till andra l\u00e4sare.<\/p>\n<p><a class=\"hover-item\" href=\"https:\/\/www.labeljoy.com\/wp-content\/uploads\/2022\/01\/Info_01.png\" data-gal=\"prettyPhoto\"><img decoding=\"async\" style=\"border: none\" src=\"https:\/\/www.labeljoy.com\/wp-content\/uploads\/2022\/01\/Info_01.png\" alt=\"Varf\u00f6r du b\u00f6r anv\u00e4nda Labeljoy Reader\" width=\"670\" height=\"641\"><\/a><\/p>\n<p>N\u00e4r den v\u00e4l har laddats ner och installeras kr\u00e4ver Labeljoy Reader ingen aktiv internetuppkoppling f\u00f6r att fungera och kan d\u00e4rf\u00f6r anv\u00e4ndas p\u00e5 platser utan internetuppkoppling.<\/p>\n<p>Den g\u00f6r det endast m\u00f6jligt att skriva ut det exporterade projektet, utan m\u00f6jlighet att \u00e4ndra inneh\u00e5llet.<\/p>\n<p>Tack vare den h\u00f6guppl\u00f6sta exporten \u00e4r det ocks\u00e5 ett nytt och attraktivt verktyg f\u00f6r utskrifter i tryckerier.<\/p>\n<p><a class=\"hover-item\" href=\"https:\/\/www.labeljoy.com\/wp-content\/uploads\/2022\/01\/info_02.png\" data-gal=\"prettyPhoto\"><img decoding=\"async\" style=\"border: none\" src=\"https:\/\/www.labeljoy.com\/wp-content\/uploads\/2022\/01\/info_02.png\" alt=\"Varf\u00f6r du b\u00f6r anv\u00e4nda Labeljoy Reader\" width=\"670\" height=\"642\"><\/a><\/p>\n<p>Labeljoy Reader &#8211; den enda l\u00e4saren som l\u00e5ter dig \u00f6ppna, l\u00e4sa och skriva ut LJR-filer. Ladda ner den gratis h\u00e4r och anv\u00e4nd den f\u00f6r alltid.<\/p>\n","protected":false},"excerpt":{"rendered":"<p>Varf\u00f6r du b\u00f6r anv\u00e4nda Labeljoy Reader Labeljoy Reader ger resultat av b\u00e4ttre kvalitet och \u00e4r ett bra alternativ till andra l\u00e4sare. N\u00e4r den v\u00e4l har laddats ner och installeras kr\u00e4ver Labeljoy Reader ingen aktiv internetuppkoppling f\u00f6r att fungera och kan d\u00e4rf\u00f6r anv\u00e4ndas p\u00e5 platser utan internetuppkoppling. Den g\u00f6r det endast m\u00f6jligt att skriva ut det &#8230; <a title=\"Varf\u00f6r du b\u00f6r anv\u00e4nda Labeljoy Reader\" class=\"read-more\" href=\"https:\/\/www.labeljoy.com\/sv\/varfor-du-bor-anvanda-labeljoy-reader\/\" aria-label=\"L\u00e4s mer om Varf\u00f6r du b\u00f6r anv\u00e4nda Labeljoy Reader\">Read more<\/a><\/p>\n","protected":false},"author":8,"featured_media":0,"parent":0,"menu_order":2,"comment_status":"closed","ping_status":"closed","template":"","meta":{"inline_featured_image":false,"_monsterinsights_skip_tracking":false,"_monsterinsights_sitenote_active":false,"_monsterinsights_sitenote_note":"","_monsterinsights_sitenote_category":0,"footnotes":""},"class_list":{"0":"post-36778","1":"page","2":"type-page","3":"status-publish","5":"infinite-scroll-item"},"aioseo_notices":[],"_links":{"self":[{"href":"https:\/\/www.labeljoy.com\/sv\/wp-json\/wp\/v2\/pages\/36778","targetHints":{"allow":["GET"]}}],"collection":[{"href":"https:\/\/www.labeljoy.com\/sv\/wp-json\/wp\/v2\/pages"}],"about":[{"href":"https:\/\/www.labeljoy.com\/sv\/wp-json\/wp\/v2\/types\/page"}],"author":[{"embeddable":true,"href":"https:\/\/www.labeljoy.com\/sv\/wp-json\/wp\/v2\/users\/8"}],"replies":[{"embeddable":true,"href":"https:\/\/www.labeljoy.com\/sv\/wp-json\/wp\/v2\/comments?post=36778"}],"version-history":[{"count":1,"href":"https:\/\/www.labeljoy.com\/sv\/wp-json\/wp\/v2\/pages\/36778\/revisions"}],"predecessor-version":[{"id":36779,"href":"https:\/\/www.labeljoy.com\/sv\/wp-json\/wp\/v2\/pages\/36778\/revisions\/36779"}],"wp:attachment":[{"href":"https:\/\/www.labeljoy.com\/sv\/wp-json\/wp\/v2\/media?parent=36778"}],"curies":[{"name":"wp","href":"https:\/\/api.w.org\/{rel}","templated":true}]}}