{"id":36780,"date":"2022-01-20T14:53:33","date_gmt":"2022-01-20T14:53:33","guid":{"rendered":"https:\/\/www.labeljoy.com\/?page_id=36780"},"modified":"2022-01-27T10:47:43","modified_gmt":"2022-01-27T10:47:43","slug":"hur-man-anvander-labeljoy-reader","status":"publish","type":"page","link":"https:\/\/www.labeljoy.com\/sv\/hur-man-anvander-labeljoy-reader\/","title":{"rendered":"Hur man anv\u00e4nder Labeljoy Reader"},"content":{"rendered":"<h1>Hur man anv\u00e4nder Labeljoy Reader<\/h1>\n<p>\u00d6ppna Labeljoy och ladda det projekt som du vill exportera.<\/p>\n<p>V\u00e4lj vad du vill exportera; sidor, etiketter eller streckkoder.<\/p>\n<p><a class=\"hover-item\" href=\"https:\/\/www.labeljoy.com\/wp-content\/uploads\/2022\/01\/help_01.png\" data-gal=\"prettyPhoto\"><img decoding=\"async\" style=\"border: none\" src=\"https:\/\/www.labeljoy.com\/wp-content\/uploads\/2022\/01\/help_01.png\" alt=\"Hur man anv\u00e4nder Labeljoy Reader\" width=\"670\" height=\"92\"><\/a><\/p>\n<p>V\u00e4lj &#8221;Labeljoy Reader&#8221; som exportera format.<\/p>\n<p>Klicka p\u00e5 &#8221;inkludera k\u00e4llfil\u201d om du vill inkludera ditt Labeljoy-projekt och klicka p\u00e5 Spara. Programvaran uppmanar dig att spara projektet som och genererar sedan automatiskt filen *.ljr och \u00f6ppnar Labeljoy Reader.<\/p>\n<p><a class=\"hover-item\" href=\"https:\/\/www.labeljoy.com\/wp-content\/uploads\/2022\/01\/help_02.png\" data-gal=\"prettyPhoto\"><img decoding=\"async\" style=\"border: none\" src=\"https:\/\/www.labeljoy.com\/wp-content\/uploads\/2022\/01\/help_02.png\" alt=\"Hur man anv\u00e4nder Labeljoy Reader\" width=\"670\" height=\"511\"><\/a><\/p>\n<p>F\u00f6r mer information kan du titta p\u00e5 video handledningen \u201c<a href=\"https:\/\/www.labeljoy.com\/sv\/videotutorial-for-labeljoy-reader\/\" title=\"Hur man exporterar till Labeljoy Reader\">Hur man exporterar till Labeljoy Reader<\/a>\u201d.<\/p>\n<p><em>* Export till Labeljoy Reader \u00e4r tillg\u00e4nglig f\u00f6r alla licenstyper med en aktiv prenumeration.<\/em><\/p>\n","protected":false},"excerpt":{"rendered":"<p>Hur man anv\u00e4nder Labeljoy Reader \u00d6ppna Labeljoy och ladda det projekt som du vill exportera. V\u00e4lj vad du vill exportera; sidor, etiketter eller streckkoder. V\u00e4lj &#8221;Labeljoy Reader&#8221; som exportera format. Klicka p\u00e5 &#8221;inkludera k\u00e4llfil\u201d om du vill inkludera ditt Labeljoy-projekt och klicka p\u00e5 Spara. Programvaran uppmanar dig att spara projektet som och genererar sedan automatiskt &#8230; <a title=\"Hur man anv\u00e4nder Labeljoy Reader\" class=\"read-more\" href=\"https:\/\/www.labeljoy.com\/sv\/hur-man-anvander-labeljoy-reader\/\" aria-label=\"L\u00e4s mer om Hur man anv\u00e4nder Labeljoy Reader\">Read more<\/a><\/p>\n","protected":false},"author":8,"featured_media":0,"parent":0,"menu_order":2,"comment_status":"closed","ping_status":"closed","template":"","meta":{"inline_featured_image":false,"_monsterinsights_skip_tracking":false,"_monsterinsights_sitenote_active":false,"_monsterinsights_sitenote_note":"","_monsterinsights_sitenote_category":0,"footnotes":""},"class_list":{"0":"post-36780","1":"page","2":"type-page","3":"status-publish","5":"infinite-scroll-item"},"aioseo_notices":[],"_links":{"self":[{"href":"https:\/\/www.labeljoy.com\/sv\/wp-json\/wp\/v2\/pages\/36780","targetHints":{"allow":["GET"]}}],"collection":[{"href":"https:\/\/www.labeljoy.com\/sv\/wp-json\/wp\/v2\/pages"}],"about":[{"href":"https:\/\/www.labeljoy.com\/sv\/wp-json\/wp\/v2\/types\/page"}],"author":[{"embeddable":true,"href":"https:\/\/www.labeljoy.com\/sv\/wp-json\/wp\/v2\/users\/8"}],"replies":[{"embeddable":true,"href":"https:\/\/www.labeljoy.com\/sv\/wp-json\/wp\/v2\/comments?post=36780"}],"version-history":[{"count":2,"href":"https:\/\/www.labeljoy.com\/sv\/wp-json\/wp\/v2\/pages\/36780\/revisions"}],"predecessor-version":[{"id":36986,"href":"https:\/\/www.labeljoy.com\/sv\/wp-json\/wp\/v2\/pages\/36780\/revisions\/36986"}],"wp:attachment":[{"href":"https:\/\/www.labeljoy.com\/sv\/wp-json\/wp\/v2\/media?parent=36780"}],"curies":[{"name":"wp","href":"https:\/\/api.w.org\/{rel}","templated":true}]}}