{"id":36983,"date":"2022-01-27T10:46:37","date_gmt":"2022-01-27T10:46:37","guid":{"rendered":"https:\/\/www.labeljoy.com\/?page_id=36983"},"modified":"2022-01-27T10:46:39","modified_gmt":"2022-01-27T10:46:39","slug":"videotutorial-for-labeljoy-reader","status":"publish","type":"page","link":"https:\/\/www.labeljoy.com\/sv\/videotutorial-for-labeljoy-reader\/","title":{"rendered":"Videotutorial f\u00f6r Labeljoy Reader"},"content":{"rendered":"<h1>Videotutorial f\u00f6r Labeljoy Reader<\/h1>\n<p>Den h\u00e4r videon f\u00f6rklarar hur du anv\u00e4nder Labeljoy Reader.<br \/>\nLabeljoy Reader \u00e4r ett kompletterande gratisprogram till Labeljoy 6 som l\u00e5ter dig \u00f6ppna, bl\u00e4ddra, exportera och skriva ut dina projekt i HD.<\/p>\n<div class=\"lyte-wrapper\" title=\"Export to Labeljoy Reader\" style=\"width:640px;max-width:100%;margin:5px;\"><div class=\"lyMe\" id=\"WYL_MMfa7Bc6JtY\" itemprop=\"video\" itemscope itemtype=\"https:\/\/schema.org\/VideoObject\"><div><meta itemprop=\"thumbnailUrl\" content=\"https:\/\/www.labeljoy.com\/wp-content\/plugins\/wp-youtube-lyte\/lyteCache.php?origThumbUrl=https%3A%2F%2Fi.ytimg.com%2Fvi%2FMMfa7Bc6JtY%2Fhqdefault.jpg\" \/><meta itemprop=\"embedURL\" content=\"https:\/\/www.youtube.com\/embed\/MMfa7Bc6JtY\" \/><meta itemprop=\"duration\" content=\"PT1M54S\" \/><meta itemprop=\"uploadDate\" content=\"2022-01-20T16:37:49Z\" \/><\/div><div id=\"lyte_MMfa7Bc6JtY\" data-src=\"https:\/\/www.labeljoy.com\/wp-content\/plugins\/wp-youtube-lyte\/lyteCache.php?origThumbUrl=https%3A%2F%2Fi.ytimg.com%2Fvi%2FMMfa7Bc6JtY%2Fhqdefault.jpg\" class=\"pL\"><div class=\"tC\"><div class=\"tT\" itemprop=\"name\">Export to Labeljoy Reader<\/div><\/div><div class=\"play\"><\/div><div class=\"ctrl\"><div class=\"Lctrl\"><\/div><div class=\"Rctrl\"><\/div><\/div><\/div><noscript><a href=\"https:\/\/youtu.be\/MMfa7Bc6JtY\" rel=\"nofollow\"><img decoding=\"async\" src=\"https:\/\/www.labeljoy.com\/wp-content\/plugins\/wp-youtube-lyte\/lyteCache.php?origThumbUrl=https%3A%2F%2Fi.ytimg.com%2Fvi%2FMMfa7Bc6JtY%2F0.jpg\" alt=\"Export to Labeljoy Reader\" width=\"640\" height=\"340\" \/><br \/>Watch this video on YouTube<\/a><\/noscript><meta itemprop=\"description\" content=\"This video explains how to use Labeljoy Reader Labeljoy Reader is a complementary freeware application to Labeljoy 6 that allows you to open, browse, export, and print your projects in HD. Learn more about all the advantages of Labeljoy Reader: https:\/\/www.labeljoy.com\/labeljoy-reader\/\"><\/div><\/div><div class=\"lL\" style=\"max-width:100%;width:640px;margin:5px;\"><\/div>\n<div class=\"lj-video-button hide\">\n  <a href=\"https:\/\/www.youtube.com\/embed\/MMfa7Bc6JtY?rel=0&autoplay=1\" data-featherlight=\"iframe\" data-featherlight-iframe-width=\"800\" data-featherlight-iframe-height=\"610\" data-featherlight-iframe-frameborder=\"0\" data-featherlight-iframe-allow=\"autoplay; encrypted-media\" data-featherlight-iframe-allowfullscreen=\"true\" title=\"Spela upp videohandledningen\">Spela upp videohandledningen <i class=\"fa fa-play-circle fa-2x\"><\/i><\/a>\n<\/div>\n","protected":false},"excerpt":{"rendered":"<p>Videotutorial f\u00f6r Labeljoy Reader Den h\u00e4r videon f\u00f6rklarar hur du anv\u00e4nder Labeljoy Reader. Labeljoy Reader \u00e4r ett kompletterande gratisprogram till Labeljoy 6 som l\u00e5ter dig \u00f6ppna, bl\u00e4ddra, exportera och skriva ut dina projekt i HD.<\/p>\n","protected":false},"author":8,"featured_media":0,"parent":0,"menu_order":2,"comment_status":"closed","ping_status":"closed","template":"","meta":{"inline_featured_image":false,"_monsterinsights_skip_tracking":false,"_monsterinsights_sitenote_active":false,"_monsterinsights_sitenote_note":"","_monsterinsights_sitenote_category":0,"footnotes":""},"class_list":{"0":"post-36983","1":"page","2":"type-page","3":"status-publish","5":"infinite-scroll-item"},"aioseo_notices":[],"_links":{"self":[{"href":"https:\/\/www.labeljoy.com\/sv\/wp-json\/wp\/v2\/pages\/36983","targetHints":{"allow":["GET"]}}],"collection":[{"href":"https:\/\/www.labeljoy.com\/sv\/wp-json\/wp\/v2\/pages"}],"about":[{"href":"https:\/\/www.labeljoy.com\/sv\/wp-json\/wp\/v2\/types\/page"}],"author":[{"embeddable":true,"href":"https:\/\/www.labeljoy.com\/sv\/wp-json\/wp\/v2\/users\/8"}],"replies":[{"embeddable":true,"href":"https:\/\/www.labeljoy.com\/sv\/wp-json\/wp\/v2\/comments?post=36983"}],"version-history":[{"count":1,"href":"https:\/\/www.labeljoy.com\/sv\/wp-json\/wp\/v2\/pages\/36983\/revisions"}],"predecessor-version":[{"id":36984,"href":"https:\/\/www.labeljoy.com\/sv\/wp-json\/wp\/v2\/pages\/36983\/revisions\/36984"}],"wp:attachment":[{"href":"https:\/\/www.labeljoy.com\/sv\/wp-json\/wp\/v2\/media?parent=36983"}],"curies":[{"name":"wp","href":"https:\/\/api.w.org\/{rel}","templated":true}]}}