{"id":42174,"date":"2024-09-06T14:38:43","date_gmt":"2024-09-06T14:38:43","guid":{"rendered":"https:\/\/www.labeljoy.com\/stod\/hur-att\/%d1%81%d0%be%d0%b7%d0%b4%d0%b0%d0%bd%d0%b8%d0%b5-%d1%88%d1%82%d1%80%d0%b8%d1%85-%d0%ba%d0%be%d0%b4%d0%be%d0%b2-%d0%b8%d0%b7-excel\/"},"modified":"2024-10-09T15:40:31","modified_gmt":"2024-10-09T15:40:31","slug":"skapa-streckkoder-fran-excel","status":"publish","type":"page","link":"https:\/\/www.labeljoy.com\/sv\/stod\/hur-att\/skapa-streckkoder-fran-excel\/","title":{"rendered":"Skapa streckkoder fr\u00e5n Excel"},"content":{"rendered":"<h1>Skapa streckkoder fr\u00e5n Excel<\/h1>\n<p><b>Labeljoy <\/b><span style=\"font-weight: 400;\">\u00e4r en specialiserad programvara f\u00f6r streckkodning.<\/span><\/p>\n<p><span style=\"font-weight: 400;\">F\u00f6r att generera en <\/span><b>streckkod<\/b><span style=\"font-weight: 400;\"> v\u00e4ljer du \u00f6nskad streckkodstyp och anger datasekvensen, som kan vara numerisk eller alfanumerisk.<\/span><\/p>\n<p><span style=\"font-weight: 400;\">Dessa data kan matas in manuellt eller importeras fr\u00e5n externa k\u00e4llor, till exempel en Excel-fil eller databaser som MySQL och Oracle bland andra.<\/span><\/p>\n<p><span style=\"font-weight: 400;\">P\u00e5 grund av sin anv\u00e4ndbarhet, flexibilitet och processorkraft anv\u00e4nds Excel ofta i f\u00f6retag f\u00f6r att skapa prislistor, kataloger och kataloger.<br \/>\n<\/span><span style=\"font-weight: 400;\">Men det \u00e4r ocks\u00e5 m\u00f6jligt att f\u00e5 filer i Excel-format med alternativ programvara som OpenOffice, Google Sheets och andra, utan att n\u00f6dv\u00e4ndigtvis beh\u00f6va k\u00f6pa Office-paketet.\u00a0\u00a0<\/span><\/p>\n<p><span style=\"font-weight: 400;\">Denna korta handledning kommer att visa hur kombinationen av <\/span><b>Excel och Labeljoy<\/b><span style=\"font-weight: 400;\"> \u00e4r mest effektiv f\u00f6r att skapa och skriva ut streckkodsetiketter<\/span><\/p>\n<h2>Excel-filen och l\u00e4nken till datak\u00e4llan<\/h2>\n<p><span style=\"font-weight: 400;\">Vi b\u00f6rjar med Excel-arket f\u00f6r att skapa streckkodsetiketter:<\/span> <span style=\"font-weight: 400;\">\u00a0 <\/span> <span style=\"font-weight: 400;\">F\u00f6r detta exempel kommer vi att anv\u00e4nda EAN 13 (GTIN-13); s\u00e5 det finns en kolumn som inneh\u00e5ller en serie siffror (12-siffrig str\u00e4ng f\u00f6r att vara exakt), en priskolumn och en kolumn f\u00f6r artikelbeskrivning.\u00a0 <\/span><\/p>\n<p><a class=\"hover-item\" title=\"Il file Excel\" href=\"https:\/\/www.labeljoy.com\/wp-content\/uploads\/2024\/09\/foglio-excel.jpg\"><img decoding=\"async\" width=\"1000\" height=\"413\" style=\"max-width: 650px;\" src=\"https:\/\/www.labeljoy.com\/wp-content\/uploads\/2024\/09\/foglio-excel.jpg\" alt=\"Il file Excel\" \/><\/a><\/p>\n<p><span style=\"font-weight: 400;\">N\u00e4sta steg \u00e4r att skapa en dataanslutning; v\u00e4lj Excel och forts\u00e4tt.<\/span><\/p>\n<p><a href=\"https:\/\/www.labeljoy.com\/wp-content\/uploads\/2024\/10\/STEP1-7.jpg\"><img decoding=\"async\" class=\"alignnone wp-image-42255 size-full\" src=\"https:\/\/www.labeljoy.com\/wp-content\/uploads\/2024\/10\/STEP1-7.jpg\" alt=\"Skapa streckkoder fr\u00e5n Excel\" width=\"699\" height=\"598\" srcset=\"https:\/\/www.labeljoy.com\/wp-content\/uploads\/2024\/10\/STEP1-7.jpg 699w, https:\/\/www.labeljoy.com\/wp-content\/uploads\/2024\/10\/STEP1-7-300x257.jpg 300w\" sizes=\"(max-width: 699px) 100vw, 699px\" \/><\/a><\/p>\n<p><span style=\"font-weight: 400;\">P\u00e5 n\u00e4sta sk\u00e4rm v\u00e4ljer du filen f\u00f6r datakoppling inom detta Labeljoy-projekt. <\/span><\/p>\n<p><a href=\"https:\/\/www.labeljoy.com\/wp-content\/uploads\/2024\/10\/STEP2-7.jpg\"><img decoding=\"async\" class=\"alignnone wp-image-42246 size-full\" src=\"https:\/\/www.labeljoy.com\/wp-content\/uploads\/2024\/10\/STEP2-7.jpg\" alt=\"Skapa streckkoder fr\u00e5n Excel\" width=\"698\" height=\"599\" srcset=\"https:\/\/www.labeljoy.com\/wp-content\/uploads\/2024\/10\/STEP2-7.jpg 698w, https:\/\/www.labeljoy.com\/wp-content\/uploads\/2024\/10\/STEP2-7-300x257.jpg 300w\" sizes=\"(max-width: 698px) 100vw, 698px\" \/><\/a><\/p>\n<p><span style=\"font-weight: 400;\">Om den f\u00f6rsta raden i din fil inneh\u00e5ller kolumnnamnen (rubriker) v\u00e4ljer du det f\u00f6rsta alternativet, om inga kolumnnamn finns kommer standardnamnen fr\u00e5n Excel-arket att anv\u00e4ndas (alternativ 2).<\/span><\/p>\n<p><a href=\"https:\/\/www.labeljoy.com\/wp-content\/uploads\/2024\/10\/STEP3-7.jpg\"><img decoding=\"async\" class=\"alignnone wp-image-42237 size-full\" src=\"https:\/\/www.labeljoy.com\/wp-content\/uploads\/2024\/10\/STEP3-7.jpg\" alt=\"Skapa streckkoder fr\u00e5n Excel\" width=\"701\" height=\"601\" srcset=\"https:\/\/www.labeljoy.com\/wp-content\/uploads\/2024\/10\/STEP3-7.jpg 701w, https:\/\/www.labeljoy.com\/wp-content\/uploads\/2024\/10\/STEP3-7-300x257.jpg 300w\" sizes=\"(max-width: 701px) 100vw, 701px\" \/><\/a><\/p>\n<p><span style=\"font-weight: 400;\">Klicka nu bara p\u00e5 N\u00e4sta tills du kommer till n\u00e4sta sk\u00e4rm.<\/span><\/p>\n<p><a href=\"https:\/\/www.labeljoy.com\/wp-content\/uploads\/2024\/10\/STEP4-5.jpg\"><img decoding=\"async\" class=\"alignnone wp-image-42228 size-full\" src=\"https:\/\/www.labeljoy.com\/wp-content\/uploads\/2024\/10\/STEP4-5.jpg\" alt=\"Skapa streckkoder fr\u00e5n Excel\" width=\"697\" height=\"598\" srcset=\"https:\/\/www.labeljoy.com\/wp-content\/uploads\/2024\/10\/STEP4-5.jpg 697w, https:\/\/www.labeljoy.com\/wp-content\/uploads\/2024\/10\/STEP4-5-300x257.jpg 300w\" sizes=\"(max-width: 697px) 100vw, 697px\" \/><\/a><\/p>\n<p><span style=\"font-weight: 400;\">Detta \u00e4r en f\u00f6rhandsgranskning av de data som kommer att laddas in p\u00e5 etiketterna; en etikett kommer sedan att skapas f\u00f6r varje rad i listan.<\/span><\/p>\n<p><span style=\"font-weight: 400;\">N\u00e4r guiden \u00e4r klar \u00e5terg\u00e5r du till huvudsk\u00e4rmen i Labeljoy-programmet och du ser att antalet etiketter som skapats \u00e4r lika med antalet rader p\u00e5 Excel-arket<\/span><span style=\"font-size: inherit; background-color: var(--base-3); color: var(--contrast);\">.<\/span><\/p>\n<p><a href=\"https:\/\/www.labeljoy.com\/wp-content\/uploads\/2024\/10\/STEP5-5.jpg\"><img decoding=\"async\" class=\"alignnone wp-image-42219 size-full\" src=\"https:\/\/www.labeljoy.com\/wp-content\/uploads\/2024\/10\/STEP5-5.jpg\" alt=\"Skapa streckkoder fr\u00e5n Excel\" width=\"1573\" height=\"895\" srcset=\"https:\/\/www.labeljoy.com\/wp-content\/uploads\/2024\/10\/STEP5-5.jpg 1573w, https:\/\/www.labeljoy.com\/wp-content\/uploads\/2024\/10\/STEP5-5-300x171.jpg 300w, https:\/\/www.labeljoy.com\/wp-content\/uploads\/2024\/10\/STEP5-5-1024x583.jpg 1024w, https:\/\/www.labeljoy.com\/wp-content\/uploads\/2024\/10\/STEP5-5-768x437.jpg 768w, https:\/\/www.labeljoy.com\/wp-content\/uploads\/2024\/10\/STEP5-5-1536x874.jpg 1536w\" sizes=\"(max-width: 1573px) 100vw, 1573px\" \/><\/a><\/p>\n<h2 style=\"margin-top: 2em;\">Hur man l\u00e4nkar Excel-data till element p\u00e5 Labeljoy-etiketten<\/h2>\n<p><span style=\"font-weight: 400;\">Det finns flera s\u00e4tt att l\u00e4nka data, h\u00e4r \u00e4r ett enkelt exempel.<\/span><\/p>\n<p><a href=\"https:\/\/www.labeljoy.com\/wp-content\/uploads\/2024\/10\/STEP6-5.jpg\"><img decoding=\"async\" class=\"alignnone wp-image-42210 size-full\" src=\"https:\/\/www.labeljoy.com\/wp-content\/uploads\/2024\/10\/STEP6-5.jpg\" alt=\"Skapa streckkoder fr\u00e5n Excel\" width=\"814\" height=\"617\" srcset=\"https:\/\/www.labeljoy.com\/wp-content\/uploads\/2024\/10\/STEP6-5.jpg 814w, https:\/\/www.labeljoy.com\/wp-content\/uploads\/2024\/10\/STEP6-5-300x227.jpg 300w, https:\/\/www.labeljoy.com\/wp-content\/uploads\/2024\/10\/STEP6-5-768x582.jpg 768w\" sizes=\"(max-width: 814px) 100vw, 814px\" \/><\/a><\/p>\n<p><span style=\"font-weight: 400;\">De r\u00f6da pilarna indikerar anv\u00e4ndningen av f\u00e4lten (Excel-kolumner). Inom f\u00e4lten finns en kolumn som heter NAME och till h\u00f6ger anges ett av de f\u00f6rsta inmatade elementen (textelement).<\/span><\/p>\n<p><span style=\"font-weight: 400;\">Vid denna punkt v\u00e4ljer du bara f\u00e4ltet NAME f\u00f6r att f\u00e5 f\u00f6ljande.<\/span><\/p>\n<p><a href=\"https:\/\/www.labeljoy.com\/wp-content\/uploads\/2024\/10\/STEP7-7.jpg\"><img decoding=\"async\" class=\"alignnone wp-image-42201 size-full\" src=\"https:\/\/www.labeljoy.com\/wp-content\/uploads\/2024\/10\/STEP7-7.jpg\" alt=\"Skapa streckkoder fr\u00e5n Excel\" width=\"818\" height=\"589\" srcset=\"https:\/\/www.labeljoy.com\/wp-content\/uploads\/2024\/10\/STEP7-7.jpg 818w, https:\/\/www.labeljoy.com\/wp-content\/uploads\/2024\/10\/STEP7-7-300x216.jpg 300w, https:\/\/www.labeljoy.com\/wp-content\/uploads\/2024\/10\/STEP7-7-768x553.jpg 768w\" sizes=\"(max-width: 818px) 100vw, 818px\" \/><\/a><\/p>\n<p><span style=\"font-weight: 400;\">F\u00f6lj nu samma procedur f\u00f6r streckkodselementet, v\u00e4lj EAN 13 och associera f\u00e4ltet BARCODE med det, vilket ger resultatet i bilden nedan.<\/span><\/p>\n<p><a href=\"https:\/\/www.labeljoy.com\/wp-content\/uploads\/2024\/10\/STEP8-7.jpg\"><img decoding=\"async\" class=\"alignnone wp-image-42192 size-full\" src=\"https:\/\/www.labeljoy.com\/wp-content\/uploads\/2024\/10\/STEP8-7.jpg\" alt=\"Skapa streckkoder fr\u00e5n Excel\" width=\"817\" height=\"633\" srcset=\"https:\/\/www.labeljoy.com\/wp-content\/uploads\/2024\/10\/STEP8-7.jpg 817w, https:\/\/www.labeljoy.com\/wp-content\/uploads\/2024\/10\/STEP8-7-300x232.jpg 300w, https:\/\/www.labeljoy.com\/wp-content\/uploads\/2024\/10\/STEP8-7-768x595.jpg 768w\" sizes=\"(max-width: 817px) 100vw, 817px\" \/><\/a><\/p>\n<p><span style=\"font-weight: 400;\">Som ett sista steg skapar du ett ytterligare textelement och associerar f\u00e4ltet PRICE. Eftersom detta \u00e4r ett priselement \u00e4r det n\u00f6dv\u00e4ndigt att anpassa formateringen genom att v\u00e4lja en valuta.<\/span><\/p>\n<p><a href=\"https:\/\/www.labeljoy.com\/wp-content\/uploads\/2024\/10\/STEP9-7.jpg\"><img decoding=\"async\" class=\"alignnone wp-image-42183 size-full\" src=\"https:\/\/www.labeljoy.com\/wp-content\/uploads\/2024\/10\/STEP9-7.jpg\" alt=\"Skapa streckkoder fr\u00e5n Excel\" width=\"812\" height=\"674\" srcset=\"https:\/\/www.labeljoy.com\/wp-content\/uploads\/2024\/10\/STEP9-7.jpg 812w, https:\/\/www.labeljoy.com\/wp-content\/uploads\/2024\/10\/STEP9-7-300x249.jpg 300w, https:\/\/www.labeljoy.com\/wp-content\/uploads\/2024\/10\/STEP9-7-768x637.jpg 768w\" sizes=\"(max-width: 812px) 100vw, 812px\" \/><\/a><\/p>\n","protected":false},"excerpt":{"rendered":"<p>Skapa streckkoder fr\u00e5n Excel Labeljoy \u00e4r en specialiserad programvara f\u00f6r streckkodning. F\u00f6r att generera en streckkod v\u00e4ljer du \u00f6nskad streckkodstyp och anger datasekvensen, som kan vara numerisk eller alfanumerisk. Dessa data kan matas in manuellt eller importeras fr\u00e5n externa k\u00e4llor, till exempel en Excel-fil eller databaser som MySQL och Oracle bland andra. P\u00e5 grund av &#8230; <a title=\"Skapa streckkoder fr\u00e5n Excel\" class=\"read-more\" href=\"https:\/\/www.labeljoy.com\/sv\/stod\/hur-att\/skapa-streckkoder-fran-excel\/\" aria-label=\"L\u00e4s mer om Skapa streckkoder fr\u00e5n Excel\">Read more<\/a><\/p>\n","protected":false},"author":8,"featured_media":0,"parent":5498,"menu_order":0,"comment_status":"closed","ping_status":"closed","template":"","meta":{"inline_featured_image":false,"_monsterinsights_skip_tracking":false,"_monsterinsights_sitenote_active":false,"_monsterinsights_sitenote_note":"","_monsterinsights_sitenote_category":0,"footnotes":""},"class_list":{"0":"post-42174","1":"page","2":"type-page","3":"status-publish","5":"infinite-scroll-item"},"aioseo_notices":[],"_links":{"self":[{"href":"https:\/\/www.labeljoy.com\/sv\/wp-json\/wp\/v2\/pages\/42174","targetHints":{"allow":["GET"]}}],"collection":[{"href":"https:\/\/www.labeljoy.com\/sv\/wp-json\/wp\/v2\/pages"}],"about":[{"href":"https:\/\/www.labeljoy.com\/sv\/wp-json\/wp\/v2\/types\/page"}],"author":[{"embeddable":true,"href":"https:\/\/www.labeljoy.com\/sv\/wp-json\/wp\/v2\/users\/8"}],"replies":[{"embeddable":true,"href":"https:\/\/www.labeljoy.com\/sv\/wp-json\/wp\/v2\/comments?post=42174"}],"version-history":[{"count":2,"href":"https:\/\/www.labeljoy.com\/sv\/wp-json\/wp\/v2\/pages\/42174\/revisions"}],"predecessor-version":[{"id":42265,"href":"https:\/\/www.labeljoy.com\/sv\/wp-json\/wp\/v2\/pages\/42174\/revisions\/42265"}],"up":[{"embeddable":true,"href":"https:\/\/www.labeljoy.com\/sv\/wp-json\/wp\/v2\/pages\/5498"}],"wp:attachment":[{"href":"https:\/\/www.labeljoy.com\/sv\/wp-json\/wp\/v2\/media?parent=42174"}],"curies":[{"name":"wp","href":"https:\/\/api.w.org\/{rel}","templated":true}]}}