{"id":42586,"date":"2024-11-08T09:41:31","date_gmt":"2024-11-08T09:41:31","guid":{"rendered":"https:\/\/www.labeljoy.com\/pourquoi-choisir-la-version-originale-de-labeljoy\/"},"modified":"2024-11-15T13:23:45","modified_gmt":"2024-11-15T13:23:45","slug":"varfor-valja-den-ursprungliga-labeljoy","status":"publish","type":"page","link":"https:\/\/www.labeljoy.com\/sv\/varfor-valja-den-ursprungliga-labeljoy\/","title":{"rendered":"Varf\u00f6r v\u00e4lja den ursprungliga Labeljoy"},"content":{"rendered":"\n<p>Att anv\u00e4nda hackade, olagligt nedladdade eller crack-aktiverade versioner av programvara som<strong> Labeljoy Barcode Software<\/strong> kan verka som ett enkelt s\u00e4tt att spara pengar. I sj\u00e4lva verket medf\u00f6r detta val <strong>betydande risker <\/strong>som man b\u00f6r vara medveten om. L\u00e4r dig varf\u00f6r det \u00e4r det s\u00e4kraste valet att <strong>undvika crackade versioner av Labeljoy<\/strong>.<\/p>\n\n\n\n<figure class=\"gb-block-image gb-block-image-306c912b\"><img decoding=\"async\" width=\"1000\" height=\"490\" class=\"gb-image gb-image-306c912b\" src=\"https:\/\/www.labeljoy.com\/wp-content\/uploads\/2024\/11\/labeljoy-no-piracy.jpg\" alt=\"labeljoy-no-piracy\" title=\"Varf\u00f6r v\u00e4lja den ursprungliga Labeljoy\" srcset=\"https:\/\/www.labeljoy.com\/wp-content\/uploads\/2024\/11\/labeljoy-no-piracy.jpg 1000w, https:\/\/www.labeljoy.com\/wp-content\/uploads\/2024\/11\/labeljoy-no-piracy-300x147.jpg 300w, https:\/\/www.labeljoy.com\/wp-content\/uploads\/2024\/11\/labeljoy-no-piracy-768x376.jpg 768w\" sizes=\"(max-width: 1000px) 100vw, 1000px\" \/><\/figure>\n\n\n\n<h2 class=\"gb-headline gb-headline-de2ea2cd gb-headline-text\">Security risks of pirated software<\/h2>\n\n\n\n<p>Piratkopierad programvara \u00e4r ofta ett medel f\u00f6r <strong>virus<\/strong> och <strong>skadlig kod<\/strong> som kan \u00e4ventyra din dator och uts\u00e4tta dina<strong> personuppgifter<\/strong> f\u00f6r risk. Crackade versioner av Labeljoy kan inneh\u00e5lla dolda hot med risk f\u00f6r att:<\/p>\n\n\n\n<ul class=\"wp-block-list\">\n<li>Uppt\u00e4cka och <strong>stj\u00e4la k\u00e4nsliga data<\/strong>.<\/li>\n\n\n\n<li><strong>Skada<\/strong> systemfiler.<\/li>\n\n\n\n<li>Omvandla din enhet till en \u201d<strong>zombie<\/strong>\u201d f\u00f6r skadliga onlineaktiviteter.<\/li>\n<\/ul>\n\n\n\n<p><strong>Labeljoy<\/strong> skyddar filer som skapats av legitima anv\u00e4ndare med avancerade s\u00e4kerhetssystem. Varje fil \u00e4r osynligt m\u00e4rkt och blir oanv\u00e4ndbar om den genereras olagligt. Detta inneb\u00e4r att anv\u00e4ndare av piratkopierad programvara f\u00f6rst i slutet kan uppt\u00e4cka att deras arbete har varit till <strong>n\u00e5gon nytta<\/strong>.<\/p>\n\n\n\n<h3 class=\"gb-headline gb-headline-edf9094a gb-headline-text\">Risk f\u00f6r f\u00f6rlust av data<\/h3>\n\n\n\n<p><strong>Piratkopierade versioner <\/strong>av<strong> Labeljoy <\/strong>och annan programvara \u00e4r instabila och kan orsaka f\u00f6rlust av <strong>viktiga dokument<\/strong>, foton och annan v\u00e4rdefull data. Att anv\u00e4nda piratkopierad programvara \u00e4r en betydande s\u00e4kerhetsrisk f\u00f6r din personliga information.<\/p>\n\n\n\n<h3 class=\"gb-headline gb-headline-d6775a31 gb-headline-text\">R\u00e4ttsliga konsekvenser och supportfr\u00e5gor<\/h3>\n\n\n\n<h4 class=\"gb-headline gb-headline-b09eb3c0 gb-headline-text\">Brott mot lagen<\/h4>\n\n\n\n<p>Nedladdning och anv\u00e4ndning av <strong>olaglig programvara<\/strong> utg\u00f6r ett lagbrott och kan leda till m\u00e5nga allvarliga <strong>juridiska problem<\/strong>. Att v\u00e4lja en laglig version av Labeljoy s\u00e4kerst\u00e4ller din <strong>sinnesfrid<\/strong> genom att undvika potentiella straff\u00e5tg\u00e4rder.<\/p>\n\n\n\n<h4 class=\"gb-headline gb-headline-fc4f00af gb-headline-text\">Varken teknisk assistans eller support<\/h4>\n\n\n\n<p>N\u00e4r du anv\u00e4nder piratkopierad programvara har du<strong> ingen tillg\u00e5ng<\/strong> till kundtj\u00e4nst eller <strong>teknisk support<\/strong>. Skulle problemen uppst\u00e5 m\u00e5ste de l\u00f6sas p\u00e5 egen hand, vilket sl\u00f6sa<strong>r tid och resurser<\/strong>.<\/p>\n\n\n\n<h3 class=\"gb-headline gb-headline-6b64d108 gb-headline-text\">Prestandaproblem och skadat rykte<\/h3>\n\n\n\n<h4 class=\"gb-headline gb-headline-01af2324 gb-headline-text\">L\u00e5ngsamhet och instabilitet i datorn<\/h4>\n\n\n\n<p>Piratkopierade program \u00e4r ofta fulla av <strong>buggar<\/strong> och saktar ner prestandan p\u00e5 din enhet. Om du anv\u00e4nder en piratkopierad version av Labeljoy kan det orsaka <strong>systemfel <\/strong>och <strong>stabilitetsproblem.<\/strong><\/p>\n\n\n\n<h4 class=\"gb-headline gb-headline-e83e1d3c gb-headline-text\">Risk f\u00f6r f\u00f6retagets rykte<\/h4>\n\n\n\n<p>The use of <strong>cracked software<\/strong> poses a risk to<strong> corporate reputation<\/strong> for companies. Adopting unauthorized solutions can create a negative image and damage <strong>customer trust<\/strong>.\u00a0 Anv\u00e4ndningen av<strong> crackad programvara<\/strong> utg\u00f6r en risk f\u00f6r <strong>f\u00f6retagens rykte<\/strong>. Att anv\u00e4nda obeh\u00f6riga l\u00f6sningar kan skapa en negativ image och skada <strong>kund f\u00f6rtroendet.<\/strong><\/p>\n\n\n\n<figure class=\"gb-block-image gb-block-image-89cd1315\"><img decoding=\"async\" width=\"1280\" height=\"731\" class=\"gb-image gb-image-89cd1315\" src=\"https:\/\/www.labeljoy.com\/wp-content\/uploads\/2024\/11\/img-2.jpg\" alt=\"computer-software-original\" title=\"Varf\u00f6r v\u00e4lja den ursprungliga Labeljoy\" srcset=\"https:\/\/www.labeljoy.com\/wp-content\/uploads\/2024\/11\/img-2.jpg 1280w, https:\/\/www.labeljoy.com\/wp-content\/uploads\/2024\/11\/img-2-300x171.jpg 300w, https:\/\/www.labeljoy.com\/wp-content\/uploads\/2024\/11\/img-2-1024x585.jpg 1024w, https:\/\/www.labeljoy.com\/wp-content\/uploads\/2024\/11\/img-2-768x439.jpg 768w\" sizes=\"(max-width: 1280px) 100vw, 1280px\" \/><\/figure>\n\n\n\n<h2 class=\"gb-headline gb-headline-6b9c87d1 gb-headline-text\">Varf\u00f6r v\u00e4lja den ursprungliga Labeljoy<\/h2>\n\n\n\n<p>Att k\u00f6pa en originalversion av <strong>Labeljoy Barcode Software<\/strong> \u00e4r en investering i s\u00e4kerhet och effektivitet. F\u00f6rdelarna inkluderar:<\/p>\n\n\n\n<ul class=\"wp-block-list\">\n<li><strong>S\u00e4kerhet<\/strong>: originalversionen av Labeljoy \u00e4r skyddad och uppdaterad, vilket h\u00e5ller ditt system s\u00e4kert fr\u00e5n<strong> skadlig kod<\/strong>.<\/li>\n\n\n\n<li><strong>Tillf\u00f6rlitlighet<\/strong>: original programvaran k\u00f6rs stabilt, utan <strong>avmattninga<\/strong>r eller fel.<\/li>\n\n\n\n<li><strong>Kundsupport<\/strong>: n\u00e4r det beh\u00f6vs kan du lita p\u00e5 kvalificerad <strong>kundtj\u00e4nst<\/strong>.<\/li>\n\n\n\n<li><strong>Legitimitet<\/strong>: anv\u00e4nd originalprogramvara s\u00e5 att du kan f\u00f6lja lagen och arbeta med <strong>sinnesfrid<\/strong>.<\/li>\n\n\n\n<li><strong>Utvecklarst\u00f6d<\/strong>: genom att v\u00e4lja den lagliga versionen st\u00f6djer du utvecklarnas arbete och uppmuntrar till <strong>f\u00f6rb\u00e4ttringar <\/strong>och<strong> innovationer<\/strong> av programvaran.<\/li>\n<\/ul>\n\n\n\n<h2 class=\"gb-headline gb-headline-3b76b7a7 gb-headline-text\">Att investera i originalprogramvara \u00e4r det r\u00e4tta valet<\/h2>\n\n\n\n<p>Slutsatsen \u00e4r att en investering i den autentiska versionen av <strong>Labeljoy<\/strong> inte bara skyddar dig fr\u00e5n riskerna med <strong>skadlig kod<\/strong> och <strong>dataf\u00f6rlust <\/strong>utan ocks\u00e5 s\u00e4kerst\u00e4ller att du f\u00e5r hj\u00e4lp och teknisk support. F\u00f6r din <strong>sinnesfrid<\/strong> och <strong>produktivitet<\/strong> f\u00f6rtj\u00e4nar du nu den s\u00e4kerhet och tillf\u00f6rlitlighet som endast en originalversion kan erbjuda.<\/p>\n","protected":false},"excerpt":{"rendered":"<p>Att anv\u00e4nda hackade, olagligt nedladdade eller crack-aktiverade versioner av programvara som Labeljoy Barcode Software kan verka som ett enkelt s\u00e4tt att spara pengar. I sj\u00e4lva verket medf\u00f6r detta val betydande risker som man b\u00f6r vara medveten om. L\u00e4r dig varf\u00f6r det \u00e4r det s\u00e4kraste valet att undvika crackade versioner av Labeljoy. Security risks of pirated &#8230; <a title=\"Varf\u00f6r v\u00e4lja den ursprungliga Labeljoy\" class=\"read-more\" href=\"https:\/\/www.labeljoy.com\/sv\/varfor-valja-den-ursprungliga-labeljoy\/\" aria-label=\"L\u00e4s mer om Varf\u00f6r v\u00e4lja den ursprungliga Labeljoy\">Read more<\/a><\/p>\n","protected":false},"author":18,"featured_media":42531,"parent":0,"menu_order":0,"comment_status":"closed","ping_status":"closed","template":"","meta":{"inline_featured_image":false,"_monsterinsights_skip_tracking":false,"_monsterinsights_sitenote_active":false,"_monsterinsights_sitenote_note":"","_monsterinsights_sitenote_category":0,"footnotes":""},"class_list":{"0":"post-42586","1":"page","2":"type-page","3":"status-publish","4":"has-post-thumbnail","6":"infinite-scroll-item"},"aioseo_notices":[],"_links":{"self":[{"href":"https:\/\/www.labeljoy.com\/sv\/wp-json\/wp\/v2\/pages\/42586","targetHints":{"allow":["GET"]}}],"collection":[{"href":"https:\/\/www.labeljoy.com\/sv\/wp-json\/wp\/v2\/pages"}],"about":[{"href":"https:\/\/www.labeljoy.com\/sv\/wp-json\/wp\/v2\/types\/page"}],"author":[{"embeddable":true,"href":"https:\/\/www.labeljoy.com\/sv\/wp-json\/wp\/v2\/users\/18"}],"replies":[{"embeddable":true,"href":"https:\/\/www.labeljoy.com\/sv\/wp-json\/wp\/v2\/comments?post=42586"}],"version-history":[{"count":1,"href":"https:\/\/www.labeljoy.com\/sv\/wp-json\/wp\/v2\/pages\/42586\/revisions"}],"predecessor-version":[{"id":42587,"href":"https:\/\/www.labeljoy.com\/sv\/wp-json\/wp\/v2\/pages\/42586\/revisions\/42587"}],"wp:featuredmedia":[{"embeddable":true,"href":"https:\/\/www.labeljoy.com\/sv\/wp-json\/wp\/v2\/media\/42531"}],"wp:attachment":[{"href":"https:\/\/www.labeljoy.com\/sv\/wp-json\/wp\/v2\/media?parent=42586"}],"curies":[{"name":"wp","href":"https:\/\/api.w.org\/{rel}","templated":true}]}}