{"id":43363,"date":"2025-03-04T08:41:28","date_gmt":"2025-03-04T08:41:28","guid":{"rendered":"https:\/\/www.labeljoy.com\/stod\/hur-att\/incremental-counters\/"},"modified":"2025-03-04T10:07:06","modified_gmt":"2025-03-04T10:07:06","slug":"incremental-counters","status":"publish","type":"page","link":"https:\/\/www.labeljoy.com\/sv\/stod\/hur-att\/incremental-counters\/","title":{"rendered":"Incremental counters"},"content":{"rendered":"<p><span style=\"font-weight: 400;\">En av de mest anv\u00e4ndbara funktionerna i Labeljoys streckkodsgenerator \u00e4r m\u00f6jligheten att <\/span><b>skapa inkrementella r\u00e4knare<\/b><span style=\"font-weight: 400;\">: dynamiska koder som gradvis \u00f6kar enligt de parametrar du har st\u00e4llt in.<\/span><\/p>\n<h2>Skapar automatiskt hundratals streckkoder<\/h2>\n<p><span style=\"font-weight: 400;\">Med inkrementella r\u00e4knare kan du <\/span><b>skriva ut hundratals streckkoder utan att f\u00f6rbereda dem en efter en<\/b><span style=\"font-weight: 400;\">: Labeljoy genererar r\u00e4knarna \u00e5t dig enligt dina instruktioner. R\u00e4knartyp (decimal, alfanumerisk, hexadecimal), steg (det v\u00e4rde som r\u00e4knaren ska \u00f6kas med), antalet m\u00f6jliga repetitioner: det h\u00e4r \u00e4r n\u00e5gra av de funktioner som du enkelt kan anpassa.<\/span><\/p>\n<p><span style=\"font-weight: 400;\">Du kan <\/span><b>exportera streckkoder i de format du f\u00f6redrar<\/b><span style=\"font-weight: 400;\"> (t.ex. PDF, JPG, PNG eller TIFF) eller <\/span><b>skriva ut dem direkt p\u00e5 dina etiketter<\/b><span style=\"font-weight: 400;\">.<\/span><\/p>\n<h3>Hur man anv\u00e4nder inkrementella r\u00e4knare<\/h3>\n<p><span style=\"font-weight: 400;\">Den h\u00e4r handledningen f\u00f6rklarar hur du skapar streckkodsetiketter i f\u00f6ljd <\/span><b>utan att skriva koder manuellt<\/b><span style=\"font-weight: 400;\">.<\/span><\/p>\n<p><span style=\"font-weight: 400;\">1) Dubbelklicka p\u00e5 f\u00e4ltet Streckkod. <\/span><\/p>\n<p><a href=\"https:\/\/www.labeljoy.com\/wp-content\/uploads\/2025\/03\/1-Dubbelklicka-pa-faltet-Streckkod.-Imgur-1024x752.png\"><img decoding=\"async\" class=\"alignnone wp-image-43427 size-large\" src=\"https:\/\/www.labeljoy.com\/wp-content\/uploads\/2025\/03\/1-Dubbelklicka-pa-faltet-Streckkod.-Imgur-1024x752.png\" alt=\"1) Dubbelklicka p\u00e5 f\u00e4ltet Streckkod. - Imgur\" width=\"1024\" height=\"752\" srcset=\"https:\/\/www.labeljoy.com\/wp-content\/uploads\/2025\/03\/1-Dubbelklicka-pa-faltet-Streckkod.-Imgur-1024x752.png 1024w, https:\/\/www.labeljoy.com\/wp-content\/uploads\/2025\/03\/1-Dubbelklicka-pa-faltet-Streckkod.-Imgur-300x220.png 300w, https:\/\/www.labeljoy.com\/wp-content\/uploads\/2025\/03\/1-Dubbelklicka-pa-faltet-Streckkod.-Imgur-768x564.png 768w, https:\/\/www.labeljoy.com\/wp-content\/uploads\/2025\/03\/1-Dubbelklicka-pa-faltet-Streckkod.-Imgur.png 1434w\" sizes=\"(max-width: 1024px) 100vw, 1024px\" \/><\/a><\/p>\n<h4>Fasta + dynamiska delar<\/h4>\n<p><span style=\"font-weight: 400;\">2) I detta fall har en <\/span><b>fast del<\/b><span style=\"font-weight: 400;\"> (00000) och en dynamisk del infogats genom att klicka p\u00e5 <\/span><b>R\u00e4knarikonen<\/b><span style=\"font-weight: 400;\">.<\/span><\/p>\n<p><a href=\"https:\/\/www.labeljoy.com\/wp-content\/uploads\/2025\/03\/2-I-detta-fall-har-en-fast-del-00000-och-en-dynamisk-del-infogats-genom-att-klicka-pa-Raknarikonen.-Imgur.png\"><img decoding=\"async\" class=\"alignnone wp-image-43418 size-full\" src=\"https:\/\/www.labeljoy.com\/wp-content\/uploads\/2025\/03\/2-I-detta-fall-har-en-fast-del-00000-och-en-dynamisk-del-infogats-genom-att-klicka-pa-Raknarikonen.-Imgur.png\" alt=\"2) I detta fall har en fast del (00000) och en dynamisk del infogats genom att klicka p\u00e5 R\u00e4knarikonen. - Imgur\" width=\"866\" height=\"733\" srcset=\"https:\/\/www.labeljoy.com\/wp-content\/uploads\/2025\/03\/2-I-detta-fall-har-en-fast-del-00000-och-en-dynamisk-del-infogats-genom-att-klicka-pa-Raknarikonen.-Imgur.png 866w, https:\/\/www.labeljoy.com\/wp-content\/uploads\/2025\/03\/2-I-detta-fall-har-en-fast-del-00000-och-en-dynamisk-del-infogats-genom-att-klicka-pa-Raknarikonen.-Imgur-300x254.png 300w, https:\/\/www.labeljoy.com\/wp-content\/uploads\/2025\/03\/2-I-detta-fall-har-en-fast-del-00000-och-en-dynamisk-del-infogats-genom-att-klicka-pa-Raknarikonen.-Imgur-768x650.png 768w\" sizes=\"(max-width: 866px) 100vw, 866px\" \/><\/a><\/p>\n<p><span style=\"font-weight: 400;\">3) Klicka p\u00e5 <\/span><i><span style=\"font-weight: 400;\">R\u00e4knare 0-9<\/span><\/i><span style=\"font-weight: 400;\"> f\u00f6r att \u00f6ppna inst\u00e4llningsf\u00f6nstret.<\/span><\/p>\n<p><a href=\"https:\/\/www.labeljoy.com\/wp-content\/uploads\/2025\/03\/3-Klicka-pa-Raknare-0-9-for-att-oppna-installningsfonstret.-Imgur.png\"><img decoding=\"async\" class=\"alignnone wp-image-43409 size-full\" src=\"https:\/\/www.labeljoy.com\/wp-content\/uploads\/2025\/03\/3-Klicka-pa-Raknare-0-9-for-att-oppna-installningsfonstret.-Imgur.png\" alt=\"3) Klicka p\u00e5 R\u00e4knare 0-9 f\u00f6r att \u00f6ppna inst\u00e4llningsf\u00f6nstret. - Imgur\" width=\"869\" height=\"738\" srcset=\"https:\/\/www.labeljoy.com\/wp-content\/uploads\/2025\/03\/3-Klicka-pa-Raknare-0-9-for-att-oppna-installningsfonstret.-Imgur.png 869w, https:\/\/www.labeljoy.com\/wp-content\/uploads\/2025\/03\/3-Klicka-pa-Raknare-0-9-for-att-oppna-installningsfonstret.-Imgur-300x255.png 300w, https:\/\/www.labeljoy.com\/wp-content\/uploads\/2025\/03\/3-Klicka-pa-Raknare-0-9-for-att-oppna-installningsfonstret.-Imgur-768x652.png 768w\" sizes=\"(max-width: 869px) 100vw, 869px\" \/><\/a><\/p>\n<p><span style=\"font-weight: 400;\">4) Med formul\u00e4ret \u00c4ndra r\u00e4knare kan du \u00e4ndra vissa egenskaper (<\/span><a href=\"https:\/\/www.labeljoy.com\/help-lj6\/manage-counters\/\"><span style=\"font-weight: 400;\">mer information finns h\u00e4r<\/span><\/a><span style=\"font-weight: 400;\">)<\/span><\/p>\n<p><a href=\"https:\/\/www.labeljoy.com\/wp-content\/uploads\/2025\/03\/4-Med-formularet-Andra-raknare-kan-du-andra-vissa-egenskaper-mer-information-finns-har-Imgur.png\"><img decoding=\"async\" class=\"alignnone wp-image-43400 size-full\" src=\"https:\/\/www.labeljoy.com\/wp-content\/uploads\/2025\/03\/4-Med-formularet-Andra-raknare-kan-du-andra-vissa-egenskaper-mer-information-finns-har-Imgur.png\" alt=\"4) Med formul\u00e4ret \u00c4ndra r\u00e4knare kan du \u00e4ndra vissa egenskaper (mer information finns h\u00e4r) - Imgur\" width=\"866\" height=\"734\" srcset=\"https:\/\/www.labeljoy.com\/wp-content\/uploads\/2025\/03\/4-Med-formularet-Andra-raknare-kan-du-andra-vissa-egenskaper-mer-information-finns-har-Imgur.png 866w, https:\/\/www.labeljoy.com\/wp-content\/uploads\/2025\/03\/4-Med-formularet-Andra-raknare-kan-du-andra-vissa-egenskaper-mer-information-finns-har-Imgur-300x254.png 300w, https:\/\/www.labeljoy.com\/wp-content\/uploads\/2025\/03\/4-Med-formularet-Andra-raknare-kan-du-andra-vissa-egenskaper-mer-information-finns-har-Imgur-768x651.png 768w\" sizes=\"(max-width: 866px) 100vw, 866px\" \/><\/a><\/p>\n<p><span style=\"font-weight: 400;\">5) Klicka p\u00e5 OK: <\/span><b>streckkoder genereras automatiskt!<\/b><\/p>\n<p><a href=\"https:\/\/www.labeljoy.com\/wp-content\/uploads\/2025\/03\/5-Klicka-pa-OK-streckkoder-genereras-automatiskt-Imgur-1024x752.png\"><img decoding=\"async\" class=\"alignnone wp-image-43391 size-large\" src=\"https:\/\/www.labeljoy.com\/wp-content\/uploads\/2025\/03\/5-Klicka-pa-OK-streckkoder-genereras-automatiskt-Imgur-1024x752.png\" alt=\"5) Klicka p\u00e5 OK streckkoder genereras automatiskt! - Imgur\" width=\"1024\" height=\"752\" srcset=\"https:\/\/www.labeljoy.com\/wp-content\/uploads\/2025\/03\/5-Klicka-pa-OK-streckkoder-genereras-automatiskt-Imgur-1024x752.png 1024w, https:\/\/www.labeljoy.com\/wp-content\/uploads\/2025\/03\/5-Klicka-pa-OK-streckkoder-genereras-automatiskt-Imgur-300x220.png 300w, https:\/\/www.labeljoy.com\/wp-content\/uploads\/2025\/03\/5-Klicka-pa-OK-streckkoder-genereras-automatiskt-Imgur-768x564.png 768w, https:\/\/www.labeljoy.com\/wp-content\/uploads\/2025\/03\/5-Klicka-pa-OK-streckkoder-genereras-automatiskt-Imgur.png 1436w\" sizes=\"(max-width: 1024px) 100vw, 1024px\" \/><\/a><\/p>\n<hr style=\"margin: 20px 0;\" \/>\n<h4>Sammanfoga flera inkrementella r\u00e4knare<\/h4>\n<p><a href=\"https:\/\/www.labeljoy.com\/wp-content\/uploads\/2025\/03\/Sammanfoga-flera-nkrementella-raknare.png\"><img decoding=\"async\" class=\"alignnone wp-image-43527 size-full\" src=\"https:\/\/www.labeljoy.com\/wp-content\/uploads\/2025\/03\/Sammanfoga-flera-nkrementella-raknare.png\" alt=\"Sammanfoga flera nkrementella r\u00e4knare\" width=\"962\" height=\"826\" srcset=\"https:\/\/www.labeljoy.com\/wp-content\/uploads\/2025\/03\/Sammanfoga-flera-nkrementella-raknare.png 962w, https:\/\/www.labeljoy.com\/wp-content\/uploads\/2025\/03\/Sammanfoga-flera-nkrementella-raknare-300x258.png 300w, https:\/\/www.labeljoy.com\/wp-content\/uploads\/2025\/03\/Sammanfoga-flera-nkrementella-raknare-768x659.png 768w\" sizes=\"(max-width: 962px) 100vw, 962px\" \/><\/a><\/p>\n<p><span style=\"font-weight: 400;\">1) St\u00e4ll in decimalr\u00e4knare.<\/span><\/p>\n<p><a href=\"https:\/\/www.labeljoy.com\/wp-content\/uploads\/2025\/03\/1-Installning-av-decimalraknare.-Imgur.png\"><img decoding=\"async\" class=\"alignnone wp-image-43382 size-full\" src=\"https:\/\/www.labeljoy.com\/wp-content\/uploads\/2025\/03\/1-Installning-av-decimalraknare.-Imgur.png\" alt=\"1) Inst\u00e4llning av decimalr\u00e4knare. - Imgur\" width=\"869\" height=\"734\" srcset=\"https:\/\/www.labeljoy.com\/wp-content\/uploads\/2025\/03\/1-Installning-av-decimalraknare.-Imgur.png 869w, https:\/\/www.labeljoy.com\/wp-content\/uploads\/2025\/03\/1-Installning-av-decimalraknare.-Imgur-300x253.png 300w, https:\/\/www.labeljoy.com\/wp-content\/uploads\/2025\/03\/1-Installning-av-decimalraknare.-Imgur-768x649.png 768w\" sizes=\"(max-width: 869px) 100vw, 869px\" \/><\/a><\/p>\n<p><span style=\"font-weight: 400;\">2) St\u00e4ll in <\/span><b>Alfabetisk r\u00e4knare f\u00f6r versaler<\/b><span style=\"font-weight: 400;\">.<\/span><\/p>\n<p><a href=\"https:\/\/www.labeljoy.com\/wp-content\/uploads\/2025\/03\/2-Stall-in-Alfabetisk-raknare-for-versaler.-Imgur.png\"><img decoding=\"async\" class=\"alignnone wp-image-43373 size-full\" src=\"https:\/\/www.labeljoy.com\/wp-content\/uploads\/2025\/03\/2-Stall-in-Alfabetisk-raknare-for-versaler.-Imgur.png\" alt=\"2) St\u00e4ll in Alfabetisk r\u00e4knare f\u00f6r versaler. - Imgur\" width=\"870\" height=\"738\" srcset=\"https:\/\/www.labeljoy.com\/wp-content\/uploads\/2025\/03\/2-Stall-in-Alfabetisk-raknare-for-versaler.-Imgur.png 870w, https:\/\/www.labeljoy.com\/wp-content\/uploads\/2025\/03\/2-Stall-in-Alfabetisk-raknare-for-versaler.-Imgur-300x254.png 300w, https:\/\/www.labeljoy.com\/wp-content\/uploads\/2025\/03\/2-Stall-in-Alfabetisk-raknare-for-versaler.-Imgur-768x651.png 768w\" sizes=\"(max-width: 870px) 100vw, 870px\" \/><\/a><\/p>\n<p><span style=\"font-weight: 400;\">3) H\u00e4r \u00e4r dina streckkoder!<\/span><\/p>\n<p><a href=\"https:\/\/www.labeljoy.com\/wp-content\/uploads\/2025\/03\/3-Har-ar-dina-streckkoder-Imgur-1024x751.png\"><img decoding=\"async\" class=\"alignnone wp-image-43364 size-large\" src=\"https:\/\/www.labeljoy.com\/wp-content\/uploads\/2025\/03\/3-Har-ar-dina-streckkoder-Imgur-1024x751.png\" alt=\"3) H\u00e4r \u00e4r dina streckkoder! - Imgur\" width=\"1024\" height=\"751\" srcset=\"https:\/\/www.labeljoy.com\/wp-content\/uploads\/2025\/03\/3-Har-ar-dina-streckkoder-Imgur-1024x751.png 1024w, https:\/\/www.labeljoy.com\/wp-content\/uploads\/2025\/03\/3-Har-ar-dina-streckkoder-Imgur-300x220.png 300w, https:\/\/www.labeljoy.com\/wp-content\/uploads\/2025\/03\/3-Har-ar-dina-streckkoder-Imgur-768x563.png 768w, https:\/\/www.labeljoy.com\/wp-content\/uploads\/2025\/03\/3-Har-ar-dina-streckkoder-Imgur.png 1434w\" sizes=\"(max-width: 1024px) 100vw, 1024px\" \/><\/a><\/p>\n<div class=\"also-like\">\n<p><b>Du kan ocks\u00e5 vilja:<\/b><\/p>\n<ul>\n<li style=\"font-weight: 400;\" aria-level=\"1\"><a href=\"https:\/\/www.labeljoy.com\/help-lj6\/manage-counters\/\"><span style=\"font-weight: 400;\">Guide: <\/span><span style=\"font-weight: 400;\">hantera r\u00e4knare<\/span><\/a><\/li>\n<li style=\"font-weight: 400;\" aria-level=\"1\"><a href=\"https:\/\/www.labeljoy.com\/sv\/video\/hur-man-anvaender-inkrementella-raeknare\/\"><span style=\"font-weight: 400;\">Video: inkrementella r\u00e4knare<\/span><\/a><\/li>\n<\/ul>\n<\/div>\n","protected":false},"excerpt":{"rendered":"<p>En av de mest anv\u00e4ndbara funktionerna i Labeljoys streckkodsgenerator \u00e4r m\u00f6jligheten att skapa inkrementella r\u00e4knare: dynamiska koder som gradvis \u00f6kar enligt de parametrar du har st\u00e4llt in. Skapar automatiskt hundratals streckkoder Med inkrementella r\u00e4knare kan du skriva ut hundratals streckkoder utan att f\u00f6rbereda dem en efter en: Labeljoy genererar r\u00e4knarna \u00e5t dig enligt dina instruktioner. &#8230; <a title=\"Incremental counters\" class=\"read-more\" href=\"https:\/\/www.labeljoy.com\/sv\/stod\/hur-att\/incremental-counters\/\" aria-label=\"L\u00e4s mer om Incremental counters\">Read more<\/a><\/p>\n","protected":false},"author":12,"featured_media":0,"parent":5498,"menu_order":0,"comment_status":"closed","ping_status":"closed","template":"","meta":{"inline_featured_image":false,"_monsterinsights_skip_tracking":false,"_monsterinsights_sitenote_active":false,"_monsterinsights_sitenote_note":"","_monsterinsights_sitenote_category":0,"footnotes":""},"class_list":{"0":"post-43363","1":"page","2":"type-page","3":"status-publish","5":"infinite-scroll-item"},"aioseo_notices":[],"_links":{"self":[{"href":"https:\/\/www.labeljoy.com\/sv\/wp-json\/wp\/v2\/pages\/43363","targetHints":{"allow":["GET"]}}],"collection":[{"href":"https:\/\/www.labeljoy.com\/sv\/wp-json\/wp\/v2\/pages"}],"about":[{"href":"https:\/\/www.labeljoy.com\/sv\/wp-json\/wp\/v2\/types\/page"}],"author":[{"embeddable":true,"href":"https:\/\/www.labeljoy.com\/sv\/wp-json\/wp\/v2\/users\/12"}],"replies":[{"embeddable":true,"href":"https:\/\/www.labeljoy.com\/sv\/wp-json\/wp\/v2\/comments?post=43363"}],"version-history":[{"count":7,"href":"https:\/\/www.labeljoy.com\/sv\/wp-json\/wp\/v2\/pages\/43363\/revisions"}],"predecessor-version":[{"id":43536,"href":"https:\/\/www.labeljoy.com\/sv\/wp-json\/wp\/v2\/pages\/43363\/revisions\/43536"}],"up":[{"embeddable":true,"href":"https:\/\/www.labeljoy.com\/sv\/wp-json\/wp\/v2\/pages\/5498"}],"wp:attachment":[{"href":"https:\/\/www.labeljoy.com\/sv\/wp-json\/wp\/v2\/media?parent=43363"}],"curies":[{"name":"wp","href":"https:\/\/api.w.org\/{rel}","templated":true}]}}