{"id":44000,"date":"2025-09-10T13:50:50","date_gmt":"2025-09-10T13:50:50","guid":{"rendered":"https:\/\/www.labeljoy.com\/shop-sv\/labeljoy-recurring-prices\/"},"modified":"2025-09-10T14:35:17","modified_gmt":"2025-09-10T14:35:17","slug":"labeljoy-recurring-priser","status":"publish","type":"page","link":"https:\/\/www.labeljoy.com\/sv\/shop-sv\/labeljoy-recurring-priser\/","title":{"rendered":"Labeljoy Recurring \u2013 Priser"},"content":{"rendered":"<style>\r\n    .pricing-table-container { margin: 0 0 20px; line-height: normal; }\r\n    .pricing-table { width: 100%; border-collapse: collapse; margin: 15px 0 5px; }\r\n    .pricing-table th, .pricing-table td { padding: 12px 15px; text-align: center; border: 1px solid #DDD !important; }\r\n    .pricing-table th { background-color: #f8f9fa; font-weight: bold; color: #333; }\r\n    .pricing-table th::first-letter {text-transform: uppercase; }\r\n\t.pricing-table th:nth-child(2), .pricing-table th:nth-child(3) { text-align: right; }\r\n    .pricing-table tr:nth-child(even) { background-color: #f8f9fa; }\r\n    .pricing-table tr:hover { background-color: #e9ecef; }\r\n    .pricing-table td:nth-child(2), .pricing-table td:nth-child(3) { font-weight: bold; color: #379ad7; text-align: right; }\r\n    .pricing-table td:nth-child(4), .pricing-table td:nth-child(5) { color: #7db51e; font-weight: 500; }\r\n\t.pricing-table-container p.notes { font-size: .8em; line-height: normal; text-align: right; font-style: italic; color: #666; }\r\n    <\/style><div class=\"pricing-table-container\"><h4>Labeljoy Recurring - Pris per arbetsstation (\"Seat\")<\/h4><table class=\"pricing-table table table-striped\"><thead><tr><th>Platser<\/th><th>per m\u00e5nad<\/th><th>per \u00e5r<\/th><th> Minskning i % * <\/th><th> Minskning i % ** <\/th><\/tr><\/thead><tbody><tr><td>Upp till 1<\/td><td>$15.90<\/td><td>$159.00<\/td><td>-<\/td><td>16.7%<\/td><\/tr><tr><td>Upp till 2<\/td><td>$13.90<\/td><td>$139.00<\/td><td>12.6%<\/td><td>27.1%<\/td><\/tr><tr><td>Upp till 4<\/td><td>$12.60<\/td><td>$126.00<\/td><td>20.8%<\/td><td>34.0%<\/td><\/tr><tr><td>Upp till 5<\/td><td>$11.50<\/td><td>$115.00<\/td><td>27.7%<\/td><td>39.7%<\/td><\/tr><tr><td>Upp till 7<\/td><td>$10.20<\/td><td>$115.00<\/td><td>35.8%<\/td><td>39.7%<\/td><\/tr><tr><td>Upp till 9<\/td><td>$9.10<\/td><td>$115.00<\/td><td>42.8%<\/td><td>39.7%<\/td><\/tr><tr><td>Upp till 20<\/td><td>$7.90<\/td><td>$79.00<\/td><td>50.3%<\/td><td>58.6%<\/td><\/tr><\/tbody><\/table><p class=\"notes\">* j\u00e4mf\u00f6rt med 1 plats, samma faktureringsintervall<br>\r\n\t\t\t\t**J\u00e4mf\u00f6rt med 1 plats, faktureras m\u00e5nadsvis<\/p><p style=\"text-align: center\"><a title=\"Starta din prenumeration\" href=\"https:\/\/www.labeljoy.com\/sv\/shop\/recurring\/\" class=\"large blue tt-button\">Starta din prenumeration<\/a><\/p><\/div>\n","protected":false},"excerpt":{"rendered":"","protected":false},"author":2,"featured_media":0,"parent":15450,"menu_order":-1,"comment_status":"closed","ping_status":"closed","template":"","meta":{"inline_featured_image":false,"_monsterinsights_skip_tracking":false,"_monsterinsights_sitenote_active":false,"_monsterinsights_sitenote_note":"","_monsterinsights_sitenote_category":0,"footnotes":""},"class_list":{"0":"post-44000","1":"page","2":"type-page","3":"status-publish","5":"infinite-scroll-item"},"aioseo_notices":[],"_links":{"self":[{"href":"https:\/\/www.labeljoy.com\/sv\/wp-json\/wp\/v2\/pages\/44000","targetHints":{"allow":["GET"]}}],"collection":[{"href":"https:\/\/www.labeljoy.com\/sv\/wp-json\/wp\/v2\/pages"}],"about":[{"href":"https:\/\/www.labeljoy.com\/sv\/wp-json\/wp\/v2\/types\/page"}],"author":[{"embeddable":true,"href":"https:\/\/www.labeljoy.com\/sv\/wp-json\/wp\/v2\/users\/2"}],"replies":[{"embeddable":true,"href":"https:\/\/www.labeljoy.com\/sv\/wp-json\/wp\/v2\/comments?post=44000"}],"version-history":[{"count":1,"href":"https:\/\/www.labeljoy.com\/sv\/wp-json\/wp\/v2\/pages\/44000\/revisions"}],"predecessor-version":[{"id":44007,"href":"https:\/\/www.labeljoy.com\/sv\/wp-json\/wp\/v2\/pages\/44000\/revisions\/44007"}],"up":[{"embeddable":true,"href":"https:\/\/www.labeljoy.com\/sv\/wp-json\/wp\/v2\/pages\/15450"}],"wp:attachment":[{"href":"https:\/\/www.labeljoy.com\/sv\/wp-json\/wp\/v2\/media?parent=44000"}],"curies":[{"name":"wp","href":"https:\/\/api.w.org\/{rel}","templated":true}]}}