{"id":44490,"date":"2022-07-19T09:06:07","date_gmt":"2022-07-19T09:06:07","guid":{"rendered":"https:\/\/www.labeljoy.com\/tips-tricks\/"},"modified":"2026-01-30T09:14:36","modified_gmt":"2026-01-30T09:14:36","slug":"tips-tricks","status":"publish","type":"page","link":"https:\/\/www.labeljoy.com\/sv\/tips-tricks\/","title":{"rendered":"Tips &#038; Tricks"},"content":{"rendered":"<h1>Labeljoy 6 Tips &amp; Tricks<\/h1>\n<h2>N\u00e5gra Tips och Tricks f\u00f6r att f\u00e5 ut det mesta av Labeljoy<\/h2>\n<hr \/>\n<h4>S\u00e5 l\u00e4gger du till en radbrytning i QR-koder<\/h4>\n<div class=\"lyte-wrapper\" title=\"S&aring; l&auml;gger du till en radbrytning i QR-koder\" style=\"width:640px;max-width:100%;margin:5px;\"><div class=\"lyMe\" id=\"WYL_T5MzhPAe8ek\" itemprop=\"video\" itemscope itemtype=\"https:\/\/schema.org\/VideoObject\"><div><meta itemprop=\"thumbnailUrl\" content=\"https:\/\/www.labeljoy.com\/wp-content\/plugins\/wp-youtube-lyte\/lyteCache.php?origThumbUrl=https%3A%2F%2Fi.ytimg.com%2Fvi%2FT5MzhPAe8ek%2Fhqdefault.jpg\" \/><meta itemprop=\"embedURL\" content=\"https:\/\/www.youtube.com\/embed\/T5MzhPAe8ek\" \/><meta itemprop=\"duration\" content=\"PT1M12S\" \/><meta itemprop=\"uploadDate\" content=\"2026-01-30T09:12:16Z\" \/><\/div><div id=\"lyte_T5MzhPAe8ek\" data-src=\"https:\/\/www.labeljoy.com\/wp-content\/plugins\/wp-youtube-lyte\/lyteCache.php?origThumbUrl=https%3A%2F%2Fi.ytimg.com%2Fvi%2FT5MzhPAe8ek%2Fhqdefault.jpg\" class=\"pL\"><div class=\"tC\"><div class=\"tT\" itemprop=\"name\">S\u00e5 l\u00e4gger du till en radbrytning i QR-koder<\/div><\/div><div class=\"play\"><\/div><div class=\"ctrl\"><div class=\"Lctrl\"><\/div><div class=\"Rctrl\"><\/div><\/div><\/div><noscript><a href=\"https:\/\/youtu.be\/T5MzhPAe8ek\" rel=\"nofollow\"><img decoding=\"async\" src=\"https:\/\/www.labeljoy.com\/wp-content\/plugins\/wp-youtube-lyte\/lyteCache.php?origThumbUrl=https%3A%2F%2Fi.ytimg.com%2Fvi%2FT5MzhPAe8ek%2F0.jpg\" alt=\"S&aring; l&auml;gger du till en radbrytning i QR-koder\" width=\"640\" height=\"340\" \/><br \/>Watch this video on YouTube<\/a><\/noscript><meta itemprop=\"description\" content=\"S\u00e5 h\u00e4r l\u00e4gger du till kontrollkoden \u201dradmatning\u201d i QR-koder Mer information: https:\/\/www.labeljoy.com\/sv\/tips-tricks\/\"><\/div><\/div><div class=\"lL\" style=\"max-width:100%;width:640px;margin:5px;\"><\/div><\/p>\n","protected":false},"excerpt":{"rendered":"<p>Labeljoy 6 Tips &amp; Tricks N\u00e5gra Tips och Tricks f\u00f6r att f\u00e5 ut det mesta av Labeljoy S\u00e5 l\u00e4gger du till en radbrytning i QR-koder<\/p>\n","protected":false},"author":8,"featured_media":0,"parent":0,"menu_order":0,"comment_status":"closed","ping_status":"closed","template":"","meta":{"inline_featured_image":false,"_monsterinsights_skip_tracking":false,"_monsterinsights_sitenote_active":false,"_monsterinsights_sitenote_note":"","_monsterinsights_sitenote_category":0,"footnotes":""},"class_list":{"0":"post-44490","1":"page","2":"type-page","3":"status-publish","5":"infinite-scroll-item"},"aioseo_notices":[],"_links":{"self":[{"href":"https:\/\/www.labeljoy.com\/sv\/wp-json\/wp\/v2\/pages\/44490","targetHints":{"allow":["GET"]}}],"collection":[{"href":"https:\/\/www.labeljoy.com\/sv\/wp-json\/wp\/v2\/pages"}],"about":[{"href":"https:\/\/www.labeljoy.com\/sv\/wp-json\/wp\/v2\/types\/page"}],"author":[{"embeddable":true,"href":"https:\/\/www.labeljoy.com\/sv\/wp-json\/wp\/v2\/users\/8"}],"replies":[{"embeddable":true,"href":"https:\/\/www.labeljoy.com\/sv\/wp-json\/wp\/v2\/comments?post=44490"}],"version-history":[{"count":3,"href":"https:\/\/www.labeljoy.com\/sv\/wp-json\/wp\/v2\/pages\/44490\/revisions"}],"predecessor-version":[{"id":44520,"href":"https:\/\/www.labeljoy.com\/sv\/wp-json\/wp\/v2\/pages\/44490\/revisions\/44520"}],"wp:attachment":[{"href":"https:\/\/www.labeljoy.com\/sv\/wp-json\/wp\/v2\/media?parent=44490"}],"curies":[{"name":"wp","href":"https:\/\/api.w.org\/{rel}","templated":true}]}}