{"id":45204,"date":"2012-11-20T11:53:39","date_gmt":"2012-11-20T11:53:39","guid":{"rendered":"https:\/\/www.labeljoy.com\/mallar\/address-label\/"},"modified":"2026-03-16T07:53:19","modified_gmt":"2026-03-16T07:53:19","slug":"adressetikettmallar","status":"publish","type":"page","link":"https:\/\/www.labeljoy.com\/sv\/mallar\/adressetikettmallar\/","title":{"rendered":"Adressetikettmallar"},"content":{"rendered":"<h1><b>Adressetikettmallar<\/b><\/h1>\n<h2><b>Tryck adressetiketter och skapa anpassade adresslistor<\/b><\/h2>\n<p><span style=\"font-weight: 400;\">Med Labeljoy kan du skapa <\/span><b>anpassade adressetiketter<\/b><span style=\"font-weight: 400;\"> f\u00f6r varje typ av inbjudan och tillf\u00e4lle.<\/span><\/p>\n<p><i><span style=\"font-weight: 400;\">Ladda ner mallen f\u00f6r adressetiketter<\/span><\/i><span style=\"font-weight: 400;\"> och anpassa den efter dina \u00f6nskem\u00e5l. Redigera text och l\u00e4gg till bilder, clipart eller streckkoder.<\/span><\/p>\n<p><span style=\"font-weight: 400;\">Med Labeljoy \u00e4r det v\u00e4ldigt enkelt att <\/span><b>skapa etiketter med flera adresser.<\/b><span style=\"font-weight: 400;\"> Labeljoy l\u00e5ter dig <\/span><a href=\"https:\/\/www.labeljoy.com\/sv\/video\/hur-du-ansluter-externa-datakaellor\/\"><span style=\"font-weight: 400;\">importera adresser<\/span><\/a><span style=\"font-weight: 400;\"> fr\u00e5n flera databaser, s\u00e5som Outlook eller SQLite, eller till och med fr\u00e5n externa filer s\u00e5som<\/span> <a href=\"https:\/\/www.labeljoy.com\/sv\/video\/hur-du-laddar-data-fraan-excel\/\"><span style=\"font-weight: 400;\">Excel<\/span><\/a><span style=\"font-weight: 400;\"> och Text. Titta p\u00e5 <\/span><a href=\"https:\/\/www.labeljoy.com\/sv\/video\/\"><span style=\"font-weight: 400;\">instruktionsvideon<\/span><\/a><span style=\"font-weight: 400;\"> eller l\u00e4s v\u00e5rt avsnitt<\/span> <a href=\"https:\/\/www.labeljoy.com\/sv\/stod\/hur-att\/\"><span style=\"font-weight: 400;\">Hur att<\/span><\/a><span style=\"font-weight: 400;\">.<\/span><\/p>\n<h3>Anpassa din adressetikettmall p\u00e5 bara n\u00e5gra minuter!<\/h3>\n<p>&nbsp;<\/p>\n<h2>Titta p\u00e5 videohandledningen om hur du importerar adresser fr\u00e5n externa databaser.<\/h2>\n<p><span style=\"font-weight: 400;\">Denna videohandledning f\u00f6r Labeljoy visar hur du kopplar dina etikettf\u00e4lt till en extern .txt-textfil.<\/span><\/p>\n\n<div class=\"youtube-embed\" itemprop=\"video\" itemscope itemtype=\"https:\/\/schema.org\/VideoObject\">\n\t<meta itemprop=\"url\" content=\"https:\/\/www.youtube.com\/v\/D5YwAoH0_OM\" \/>\n\t<meta itemprop=\"name\" content=\"Address label\" \/>\n\t<meta itemprop=\"description\" content=\"Address label\" \/>\n\t<meta itemprop=\"uploadDate\" content=\"2012-11-20T11:53:39+00:00\" \/>\n\t<meta itemprop=\"thumbnailUrl\" content=\"https:\/\/i.ytimg.com\/vi\/D5YwAoH0_OM\/default.jpg\" \/>\n\t<meta itemprop=\"embedUrl\" content=\"https:\/\/www.youtube.com\/embed\/D5YwAoH0_OM\" \/>\n\t<meta itemprop=\"height\" content=\"385\" \/>\n\t<meta itemprop=\"width\" content=\"640\" \/>\n\t<iframe style=\"border: 0;\" class=\"youtube-player\" width=\"640\" height=\"385\" src=\"https:\/\/www.youtube.com\/embed\/D5YwAoH0_OM?modestbranding=1&fs=0&rel=0&loop=1&color=white&playlist=D5YwAoH0_OM\"><\/iframe>\n<\/div>\n\n<div class=\"one_third\"> <div class=\"img-frame full-fourth\"><div class=\"lightbox-zoom\"><a title=\"Flower address labels\" href=\"http:\/\/www.labeljoy.com\/label-templates\/address\/address1b.jpg\" data-gal=\"prettyPhoto[address label]\" class=\"hover-item\"><img decoding=\"async\" width=\"197\" height=\"133\" alt=\"Flower address labels\" src=\"https:\/\/www.labeljoy.com\/wp-content\/plugins\/sterling-shortcodes\/\/timthumb\/timthumb.php?src=\/label-templates\/address\/address1s.jpg&#038;h=133&#038;w=197\"><\/a><\/div><\/div>\n<p style=\"text-align: center;\"><a href=\"http:\/\/www.labeljoy.com\/label-templates\/address\/address1.lpa\" class=\"small white tt-button\" target=\"_self\"> Ladda ner <\/a>\n<\/div>\n<div class=\"one_third\"> <div class=\"img-frame full-fourth\"><div class=\"lightbox-zoom\"><a title=\"Circle address labels\" href=\"http:\/\/www.labeljoy.com\/label-templates\/address\/address2b.jpg\" data-gal=\"prettyPhoto[address label]\" class=\"hover-item\"><img decoding=\"async\" width=\"197\" height=\"133\" alt=\"Circle address labels\" src=\"https:\/\/www.labeljoy.com\/wp-content\/plugins\/sterling-shortcodes\/\/timthumb\/timthumb.php?src=\/label-templates\/address\/address2s.jpg&#038;h=133&#038;w=197\"><\/a><\/div><\/div>\n<p style=\"text-align: center;\"><a href=\"http:\/\/www.labeljoy.com\/label-templates\/address\/address2.lpa\" class=\"small white tt-button\" target=\"_self\"> Ladda ner <\/a>\n<\/div>\n<div class=\"one_third\"> <div class=\"img-frame full-fourth\"><div class=\"lightbox-zoom\"><a title=\"Simple address Labels\" href=\"http:\/\/www.labeljoy.com\/label-templates\/address\/address3b.jpg\" data-gal=\"prettyPhoto[address label]\" class=\"hover-item\"><img decoding=\"async\" width=\"197\" height=\"133\" alt=\"Simple address Labels\" src=\"https:\/\/www.labeljoy.com\/wp-content\/plugins\/sterling-shortcodes\/\/timthumb\/timthumb.php?src=\/label-templates\/address\/address3s.jpg&#038;h=133&#038;w=197\"><\/a><\/div><\/div>\n<p style=\"text-align: center;\"><a href=\"http:\/\/www.labeljoy.com\/label-templates\/address\/address3.lpa\" class=\"small white tt-button\" target=\"_self\"> Ladda ner <\/a>\n<\/div>\n<div class=\"hr hr-dotted\">&nbsp;<\/div>\n<div class=\"one_third\"> <div class=\"img-frame full-fourth\"><div class=\"lightbox-zoom\"><a title=\"From - to labels to write address\" href=\"http:\/\/www.labeljoy.com\/label-templates\/address\/address4b.jpg\" data-gal=\"prettyPhoto[address label]\" class=\"hover-item\"><img decoding=\"async\" width=\"197\" height=\"133\" alt=\"From - to labels to write address\" src=\"https:\/\/www.labeljoy.com\/wp-content\/plugins\/sterling-shortcodes\/\/timthumb\/timthumb.php?src=\/label-templates\/address\/address4s.jpg&#038;h=133&#038;w=197\"><\/a><\/div><\/div>\n<p style=\"text-align: center;\"><a href=\"http:\/\/www.labeljoy.com\/label-templates\/address\/address4.lpa\" class=\"small white tt-button\" target=\"_self\"> Ladda ner <\/a>\n<\/div>\n<div class=\"one_third\"> <div class=\"img-frame full-fourth\"><div class=\"lightbox-zoom\"><a title=\"Envelope address labels\" href=\"http:\/\/www.labeljoy.com\/label-templates\/address\/address5b.jpg\" data-gal=\"prettyPhoto[address label]\" class=\"hover-item\"><img decoding=\"async\" width=\"197\" height=\"133\" alt=\"Envelope address labels\" src=\"https:\/\/www.labeljoy.com\/wp-content\/plugins\/sterling-shortcodes\/\/timthumb\/timthumb.php?src=\/label-templates\/address\/address5s.jpg&#038;h=133&#038;w=197\"><\/a><\/div><\/div>\n<p style=\"text-align: center;\"><a href=\"http:\/\/www.labeljoy.com\/label-templates\/address\/address5.lpa\" class=\"small white tt-button\" target=\"_self\"> Ladda ner <\/a>\n<\/div>\n<div class=\"one_third\">\n<\/div>\n<div class=\"hr hr-dotted\">&nbsp;<\/div>\n<div class=\"one_half\">\n<p style=\"text-align: center;\"><a href=\"\/purchase\/\" class=\"large blue tt-button\" target=\"\"> K\u00f6pa programvara <\/a>\n<\/div>\n<div class=\"one_half\">\n<p style=\"text-align: center;\"><a href=\"\/download\/\" class=\"large green tt-button\" target=\"\"> Ladda ner Gratis <\/a>\n<\/div>\n","protected":false},"excerpt":{"rendered":"<p>Adressetikettmallar Tryck adressetiketter och skapa anpassade adresslistor Med Labeljoy kan du skapa anpassade adressetiketter f\u00f6r varje typ av inbjudan och tillf\u00e4lle. Ladda ner mallen f\u00f6r adressetiketter och anpassa den efter dina \u00f6nskem\u00e5l. Redigera text och l\u00e4gg till bilder, clipart eller streckkoder. Med Labeljoy \u00e4r det v\u00e4ldigt enkelt att skapa etiketter med flera adresser. Labeljoy l\u00e5ter &#8230; <a title=\"Adressetikettmallar\" class=\"read-more\" href=\"https:\/\/www.labeljoy.com\/sv\/mallar\/adressetikettmallar\/\" aria-label=\"L\u00e4s mer om Adressetikettmallar\">Read more<\/a><\/p>\n","protected":false},"author":1,"featured_media":0,"parent":5490,"menu_order":0,"comment_status":"closed","ping_status":"closed","template":"","meta":{"inline_featured_image":false,"_monsterinsights_skip_tracking":false,"_monsterinsights_sitenote_active":false,"_monsterinsights_sitenote_note":"","_monsterinsights_sitenote_category":0,"footnotes":""},"class_list":{"0":"post-45204","1":"page","2":"type-page","3":"status-publish","5":"infinite-scroll-item"},"aioseo_notices":[],"_links":{"self":[{"href":"https:\/\/www.labeljoy.com\/sv\/wp-json\/wp\/v2\/pages\/45204","targetHints":{"allow":["GET"]}}],"collection":[{"href":"https:\/\/www.labeljoy.com\/sv\/wp-json\/wp\/v2\/pages"}],"about":[{"href":"https:\/\/www.labeljoy.com\/sv\/wp-json\/wp\/v2\/types\/page"}],"author":[{"embeddable":true,"href":"https:\/\/www.labeljoy.com\/sv\/wp-json\/wp\/v2\/users\/1"}],"replies":[{"embeddable":true,"href":"https:\/\/www.labeljoy.com\/sv\/wp-json\/wp\/v2\/comments?post=45204"}],"version-history":[{"count":3,"href":"https:\/\/www.labeljoy.com\/sv\/wp-json\/wp\/v2\/pages\/45204\/revisions"}],"predecessor-version":[{"id":45207,"href":"https:\/\/www.labeljoy.com\/sv\/wp-json\/wp\/v2\/pages\/45204\/revisions\/45207"}],"up":[{"embeddable":true,"href":"https:\/\/www.labeljoy.com\/sv\/wp-json\/wp\/v2\/pages\/5490"}],"wp:attachment":[{"href":"https:\/\/www.labeljoy.com\/sv\/wp-json\/wp\/v2\/media?parent=45204"}],"curies":[{"name":"wp","href":"https:\/\/api.w.org\/{rel}","templated":true}]}}