{"id":45229,"date":"2013-05-30T08:57:51","date_gmt":"2013-05-30T08:57:51","guid":{"rendered":"https:\/\/www.labeljoy.com\/how-to-make-a-qr-code\/"},"modified":"2026-03-23T10:01:57","modified_gmt":"2026-03-23T10:01:57","slug":"hur-genererar-man-en-qr-kod","status":"publish","type":"page","link":"https:\/\/www.labeljoy.com\/sv\/hur-genererar-man-en-qr-kod\/","title":{"rendered":"Hur genererar man en QR-kod?"},"content":{"rendered":"<h1>Hur genererar man en QR-kod?<\/h1>\n<p><strong><b>Att generera en QR-kod med Labeljoy<\/b><span style=\"font-weight: 400;\"> \u00e4r mycket snabbt och enkelt. Labeljoy l\u00e5ter dig <\/span><b>generera din personliga QR-kod<\/b><span style=\"font-weight: 400;\"> p\u00e5 tv\u00e5 olika s\u00e4tt: med hj\u00e4lp av <\/span><a href=\"https:\/\/www.labeljoy.com\/sv\/qr-kod-generator\/\"><span style=\"font-weight: 400;\">QR-kodgeneratorn<\/span><\/a><span style=\"font-weight: 400;\"> (f\u00f6r att generera QR-koden online) eller med programvaran Labeljoy QR Code Generator.<\/span> <a href=\"https:\/\/www.labeljoy.com\/sv\/gratis-etikettmjukvara\/\"><span style=\"font-weight: 400;\">Ladda ner den gratis<\/span><\/a><span style=\"font-weight: 400;\"> och b\u00f6rja skapa o\u00e4ndligt m\u00e5nga QR-koder OFFLINE.<\/span><\/strong><\/p>\n<p><img decoding=\"async\" class=\"aligncenter\" style=\"margin-top: 20px;\" src=\"http:\/\/www.labeljoy.com\/images\/qr-code\/your-own-qrcode.jpg\" alt=\"Make your own qr code\" width=\"670\" height=\"200\" \/><\/p>\n<h2>Skapa en QR-kod offline<\/h2>\n<p><span style=\"font-weight: 400;\">Med Labeljoy <\/span><a href=\"https:\/\/www.labeljoy.com\/sv\/qr-code-label-software\/\"><span style=\"font-weight: 400;\">QR Code-software<\/span><\/a><span style=\"font-weight: 400;\"> kan du generera ett <\/span><b>obegr\u00e4nsat antal QR-koder<\/b><span style=\"font-weight: 400;\"> direkt p\u00e5 din dator utan att beh\u00f6va en internetanslutning. F\u00f6lj dessa steg f\u00f6r att generera en QR-kod med Labeljoy:<\/span><a class=\"hover-item\" title=\"Labeljoy make Qr code offline\" href=\"http:\/\/www.labeljoy.com\/images\/qr-code\/offline-qr-code-software.jpg\" data-gal=\"prettyPhoto [qr]\"><img decoding=\"async\" class=\"alignright\" style=\"margin-top: 20px;\" src=\"http:\/\/www.labeljoy.com\/images\/qr-code\/create-qr-code-software.jpg\" alt=\"Create Qr code offline\" width=\"200\" height=\"133\" \/><\/a><\/p>\n<ol>\n<li style=\"font-weight: 400;\" aria-level=\"1\"><span style=\"font-weight: 400;\">\u00d6ppna Labeljoy och st\u00e4ll in layouten (valfritt)<\/span><\/li>\n<li style=\"font-weight: 400;\" aria-level=\"1\"><span style=\"font-weight: 400;\">Dubbelklicka p\u00e5 den befintliga streckkoden eller skapa en ny med knappen \u201dInfoga streckkod\u201d<\/span><\/li>\n<li style=\"font-weight: 400;\" aria-level=\"1\"><span style=\"font-weight: 400;\">V\u00e4lj \u201dQR-kod\u201d fr\u00e5n listan \u00f6ver symboler<\/span><\/li>\n<li style=\"font-weight: 400;\" aria-level=\"1\"><span style=\"font-weight: 400;\">Skriv ditt meddelande\/din webbadress\/dina data<\/span><\/li>\n<li style=\"font-weight: 400;\" aria-level=\"1\"><span style=\"font-weight: 400;\">Klicka p\u00e5 OK<\/span><\/li>\n<\/ol>\n<p><span style=\"font-weight: 400;\">Nu kan du exportera din QR-kod genom att klicka p\u00e5 \u201dArkiv\u201d \u2013 \u2019Exportera\u2019 \u2013 \u201dStreckkod\u201d. Det \u00e4r enkelt att skapa QR-koder offline!<\/span><\/p>\n<p style=\"text-align: center;\"><a href=\"\/sv\/gratis-etikettmjukvara\/\" class=\"jumbo green tt-button\" target=\"_self\"> Ladda ner programvaran QR Code Generator <\/a>\n<h2>Skapa QR-koder online<\/h2>\n<p><span style=\"font-weight: 400;\">Du kan <\/span><b>skapa en QR-kod<\/b><span style=\"font-weight: 400;\"> med <\/span><a href=\"https:\/\/www.labeljoy.com\/sv\/qr-kod-generator\/\"><span style=\"font-weight: 400;\">Labeljoys onlineverktyg<\/span><\/a><span style=\"font-weight: 400;\"> i bara tre steg:<\/span><\/p>\n<ol>\n<li style=\"font-weight: 400;\" aria-level=\"1\"><span style=\"font-weight: 400;\">V\u00e4lj \u00e5tg\u00e4rd<\/span><\/li>\n<li style=\"font-weight: 400;\" aria-level=\"1\"><span style=\"font-weight: 400;\">Skriv in ditt meddelande\/din URL\/dina data.<\/span><\/li>\n<li style=\"font-weight: 400;\" aria-level=\"1\"><span style=\"font-weight: 400;\">Klicka p\u00e5 \u201dGenerera\u201d f\u00f6r att skapa din QR-kod.<\/span><\/li>\n<\/ol>\n<p><span style=\"font-weight: 400;\">Nu kan du ladda ner din anpassade QR-kod genom att h\u00f6gerklicka p\u00e5 bilderna och v\u00e4lja \u201dSpara bild som\u201d.<\/span><\/p>\n<h3>Generera QR-koder fr\u00e5n externa data<\/h3>\n<p><a class=\"hover-item\" title=\"Labeljoy make Qr code from database\" href=\"http:\/\/www.labeljoy.com\/images\/qr-code\/make-code-from-database.jpg\" data-gal=\"prettyPhoto [qr]\"><img decoding=\"async\" class=\"alignleft\" style=\"margin-right: 10px;\" src=\"http:\/\/www.labeljoy.com\/images\/qr-code\/make-code-from-database.jpg\" alt=\"make qr code from databases\" width=\"330\" height=\"175\" \/><\/a><\/p>\n<p><span style=\"font-weight: 400;\">En av Labeljoys mest anv\u00e4ndbara<\/span> <a href=\"https:\/\/www.labeljoy.com\/sv\/funktioner\/\"><span style=\"font-weight: 400;\">funktioner<\/span><\/a><span style=\"font-weight: 400;\"> \u00e4r att<\/span> <a href=\"https:\/\/www.labeljoy.com\/sv\/video\/hur-du-laddar-data-fraan-excel\/\"><span style=\"font-weight: 400;\">importera data fr\u00e5n externa databaser<\/span><\/a><span style=\"font-weight: 400;\"> som Excel, Access, MySQL, textfiler och SQLite. P\u00e5 s\u00e5 s\u00e4tt kan du skapa olika QR-koder relaterade till olika f\u00e4lt p\u00e5 samma sida. Detta kan anv\u00e4ndas f\u00f6r att skriva ut <\/span><a href=\"https:\/\/www.labeljoy.com\/sv\/mallar\/visitkort\/\"><span style=\"font-weight: 400;\">personliga visitkort<\/span><\/a><span style=\"font-weight: 400;\"> eller namnskyltar.<\/span><\/p>\n<p>Ever seen an <em>easier way to generate a QR Code<\/em>?<\/p>\n","protected":false},"excerpt":{"rendered":"<p>Hur genererar man en QR-kod? Att generera en QR-kod med Labeljoy \u00e4r mycket snabbt och enkelt. Labeljoy l\u00e5ter dig generera din personliga QR-kod p\u00e5 tv\u00e5 olika s\u00e4tt: med hj\u00e4lp av QR-kodgeneratorn (f\u00f6r att generera QR-koden online) eller med programvaran Labeljoy QR Code Generator. Ladda ner den gratis och b\u00f6rja skapa o\u00e4ndligt m\u00e5nga QR-koder OFFLINE. Skapa &#8230; <a title=\"Hur genererar man en QR-kod?\" class=\"read-more\" href=\"https:\/\/www.labeljoy.com\/sv\/hur-genererar-man-en-qr-kod\/\" aria-label=\"L\u00e4s mer om Hur genererar man en QR-kod?\">Read more<\/a><\/p>\n","protected":false},"author":1,"featured_media":0,"parent":0,"menu_order":9,"comment_status":"closed","ping_status":"closed","template":"","meta":{"inline_featured_image":false,"_monsterinsights_skip_tracking":false,"_monsterinsights_sitenote_active":false,"_monsterinsights_sitenote_note":"","_monsterinsights_sitenote_category":0,"footnotes":""},"class_list":{"0":"post-45229","1":"page","2":"type-page","3":"status-publish","5":"infinite-scroll-item"},"aioseo_notices":[],"_links":{"self":[{"href":"https:\/\/www.labeljoy.com\/sv\/wp-json\/wp\/v2\/pages\/45229","targetHints":{"allow":["GET"]}}],"collection":[{"href":"https:\/\/www.labeljoy.com\/sv\/wp-json\/wp\/v2\/pages"}],"about":[{"href":"https:\/\/www.labeljoy.com\/sv\/wp-json\/wp\/v2\/types\/page"}],"author":[{"embeddable":true,"href":"https:\/\/www.labeljoy.com\/sv\/wp-json\/wp\/v2\/users\/1"}],"replies":[{"embeddable":true,"href":"https:\/\/www.labeljoy.com\/sv\/wp-json\/wp\/v2\/comments?post=45229"}],"version-history":[{"count":2,"href":"https:\/\/www.labeljoy.com\/sv\/wp-json\/wp\/v2\/pages\/45229\/revisions"}],"predecessor-version":[{"id":45254,"href":"https:\/\/www.labeljoy.com\/sv\/wp-json\/wp\/v2\/pages\/45229\/revisions\/45254"}],"wp:attachment":[{"href":"https:\/\/www.labeljoy.com\/sv\/wp-json\/wp\/v2\/media?parent=45229"}],"curies":[{"name":"wp","href":"https:\/\/api.w.org\/{rel}","templated":true}]}}