{"id":45232,"date":"2013-05-30T08:54:17","date_gmt":"2013-05-30T08:54:17","guid":{"rendered":"https:\/\/www.labeljoy.com\/qr-code-software\/"},"modified":"2026-03-23T10:01:29","modified_gmt":"2026-03-23T10:01:29","slug":"qr-kodprogramvara","status":"publish","type":"page","link":"https:\/\/www.labeljoy.com\/sv\/qr-kodprogramvara\/","title":{"rendered":"QR-kodprogramvara"},"content":{"rendered":"<h1>QR-kodprogramvara<\/h1>\n<p><span style=\"font-weight: 400;\">Med<\/span><b> Labeljoy QR-kodprogramvara <\/b><span style=\"font-weight: 400;\">\u00e4r det m\u00f6jligt att <\/span><a href=\"https:\/\/www.labeljoy.com\/qr-code\/create-qr-code\/\"><span style=\"font-weight: 400;\">generera personliga koder<\/span><\/a><span style=\"font-weight: 400;\">,<\/span><span style=\"font-weight: 400;\"> l\u00e4nka dem till olika \u00e5tg\u00e4rder som webbsidor, QR-kodkampanjer, vCards och position i Google Maps!<\/span><\/p>\n<div class=\"tt-notification success\"><p style=\"font-size:12px;\"> <span style=\"font-weight: 400;\">Med Labeljoy kan du skapa QR-koder offline, utan internetuppkoppling.<\/span><\/p><\/div>\n<p style=\"text-align: center;\"><a class=\"hover-item\" title=\"Labeljoy Qr code software\" href=\"http:\/\/www.labeljoy.com\/images\/qr-code\/qr-code-software-generator.jpg\" data-gal=\"prettyPhoto[1]\"><img decoding=\"async\" width=\"1457\" height=\"853\" style=\"max-width: 600px;\" src=\"http:\/\/www.labeljoy.com\/images\/qr-code\/qr-code-software-generator.jpg\" alt=\"Labeljoy Qr code software\" \/><\/a><\/p>\n<p style=\"text-align: center; margin-top: 15px;\"><a href=\"\/sv\/download-sv\/\" class=\"large green tt-button\" target=\"_self\"> LADDA NER LABELJOY QR-KODPROGRAMVARA <\/a>\n<h2>F\u00f6rb\u00e4ttra din verksamhet med QR-koder<\/h2>\n<p><span style=\"font-weight: 400;\">Programvaran f\u00f6r att <\/span><a href=\"https:\/\/www.labeljoy.com\/free-barcode-generator-online\/\"><span style=\"font-weight: 400;\">generera QR-koder<\/span> <\/a><span style=\"font-weight: 400;\">blir alltmer anv\u00e4ndbar. Idag anv\u00e4nder m\u00e4nniskor 2D-streckkoder dagligen, s\u00e5 det \u00e4r viktigt att h\u00e5lla sig uppdaterad och ha den b\u00e4sta programvaran f\u00f6r QR-koder. Med Labeljoy kan du skapa QR-koder f\u00f6r flygblad, visitkort, namnskyltar och alla typer av etiketter: produktetiketter, vinetiketter, kosmetikaetiketter\u2026<\/span><\/p>\n<h3>Programvarufunktioner<\/h3>\n<p><span style=\"font-weight: 400;\">Labeljoy \u00e4r ett komplett och intuitivt program med vilket det \u00e4r m\u00f6jligt att<\/span> <a href=\"https:\/\/www.labeljoy.com\/sv\/video\/generera-streckkod-och-qr-kod\/\"><span style=\"font-weight: 400;\">skapa 1D- och 2D-streckkoder<\/span><\/a><span style=\"font-weight: 400;\">. Labeljoys m\u00e5nga funktioner g\u00f6r det enkelt att skapa och skriva ut etiketter med anpassade QR-koder p\u00e5 n\u00e4stan alla typer och storlekar av papper.<\/span><\/p>\n<p class=\"tt-icon icon-qrcode\"><strong>QR CODE GENERATION<br \/>\n<\/strong><span style=\"font-size: inherit; font-family: -apple-system, system-ui, BlinkMacSystemFont, 'Segoe UI', Helvetica, Arial, sans-serif, 'Apple Color Emoji', 'Segoe UI Emoji', 'Segoe UI Symbol';\">Med programvaran Labeljoy kan du generera och ladda ner QR-koder som anv\u00e4ndare kan skanna med sina smartphones.<br \/>\n<\/span><span style=\"font-family: -apple-system, system-ui, BlinkMacSystemFont, 'Segoe UI', Helvetica, Arial, sans-serif, 'Apple Color Emoji', 'Segoe UI Emoji', 'Segoe UI Symbol'; font-size: inherit;\">Koden kan enkelt kopplas till vCards, e-postadresser, webbsidor, telefonnummer, YouTube-videor, Facebook eller andra sociala medier.<br \/>\n<\/span><a href=\"https:\/\/www.labeljoy.com\/free-barcode-generator-online\/\"><b>Gratis QR-kodgenerator<\/b><\/a><\/p>\n<div class=\"column-clear\">\n<p><b>MPORTERA DATA FR\u00c5N DATAK\u00c4LLA<br \/>\n<\/b><span style=\"font-weight: 400;\">Det \u00e4r m\u00f6jligt att koppla texter, streckkoder och bilder till<\/span> <a style=\"font-size: inherit; font-family: -apple-system, system-ui, BlinkMacSystemFont, 'Segoe UI', Helvetica, Arial, sans-serif, 'Apple Color Emoji', 'Segoe UI Emoji', 'Segoe UI Symbol';\" href=\"https:\/\/www.labeljoy.com\/sv\/video\/hur-du-ansluter-externa-datakaellor\/\">externa data<\/a><span style=\"font-weight: 400;\"> s\u00e5som Excel, Access, Outlook, SQLite, csv, txt, wk1-2-3, Sql Server, MySQL, Oracle. Skapa snabbt anpassade QR-kodetiketter.<\/span><\/p>\n<p><b>TRYCK DINA QR-KODETIKETTER<br \/>\n<\/b><span style=\"font-size: inherit; font-family: -apple-system, system-ui, BlinkMacSystemFont, 'Segoe UI', Helvetica, Arial, sans-serif, 'Apple Color Emoji', 'Segoe UI Emoji', 'Segoe UI Symbol';\">Labeljoy \u00e4r ett program f\u00f6r att snabbt och enkelt skriva ut alla typer av etiketter. Du kan skriva ut etiketterna uppdelade i grupper med olika QR-koder. Med funktionen \u201dimportera adresser\u201d blir ditt arbete mycket enklare.<br \/>\n<\/span><span style=\"font-size: inherit; font-family: -apple-system, system-ui, BlinkMacSystemFont, 'Segoe UI', Helvetica, Arial, sans-serif, 'Apple Color Emoji', 'Segoe UI Emoji', 'Segoe UI Symbol';\">F\u00f6rb\u00e4ttra din verksamhet med v\u00e5rt program f\u00f6r QR-kodetikettering, skriv ut produktetiketter, adressetiketter, prislappar och mycket mer!<\/span><\/p>\n<p><b>EXPORTERA QR-KOD SOM BILD<\/b><b><br \/>\n<\/b><span style=\"font-weight: 400;\">N\u00e4r du har skapat QR-koderna kan du exportera ark, etiketter eller streckkoder till de vanligaste grafiska formaten, s\u00e5som jpg, png och pdf, samt till <\/span><a href=\"https:\/\/www.labeljoy.com\/sv\/labeljoy-reader\/\"><b>Labeljoy Reader<\/b><\/a><span style=\"font-weight: 400;\">. <\/span><\/p>\n<\/div>\n","protected":false},"excerpt":{"rendered":"<p>QR-kodprogramvara Med Labeljoy QR-kodprogramvara \u00e4r det m\u00f6jligt att generera personliga koder, l\u00e4nka dem till olika \u00e5tg\u00e4rder som webbsidor, QR-kodkampanjer, vCards och position i Google Maps! F\u00f6rb\u00e4ttra din verksamhet med QR-koder Programvaran f\u00f6r att generera QR-koder blir alltmer anv\u00e4ndbar. Idag anv\u00e4nder m\u00e4nniskor 2D-streckkoder dagligen, s\u00e5 det \u00e4r viktigt att h\u00e5lla sig uppdaterad och ha den b\u00e4sta &#8230; <a title=\"QR-kodprogramvara\" class=\"read-more\" href=\"https:\/\/www.labeljoy.com\/sv\/qr-kodprogramvara\/\" aria-label=\"L\u00e4s mer om QR-kodprogramvara\">Read more<\/a><\/p>\n","protected":false},"author":1,"featured_media":0,"parent":0,"menu_order":9,"comment_status":"closed","ping_status":"closed","template":"","meta":{"inline_featured_image":false,"_monsterinsights_skip_tracking":false,"_monsterinsights_sitenote_active":false,"_monsterinsights_sitenote_note":"","_monsterinsights_sitenote_category":0,"footnotes":""},"class_list":{"0":"post-45232","1":"page","2":"type-page","3":"status-publish","5":"infinite-scroll-item"},"aioseo_notices":[],"_links":{"self":[{"href":"https:\/\/www.labeljoy.com\/sv\/wp-json\/wp\/v2\/pages\/45232","targetHints":{"allow":["GET"]}}],"collection":[{"href":"https:\/\/www.labeljoy.com\/sv\/wp-json\/wp\/v2\/pages"}],"about":[{"href":"https:\/\/www.labeljoy.com\/sv\/wp-json\/wp\/v2\/types\/page"}],"author":[{"embeddable":true,"href":"https:\/\/www.labeljoy.com\/sv\/wp-json\/wp\/v2\/users\/1"}],"replies":[{"embeddable":true,"href":"https:\/\/www.labeljoy.com\/sv\/wp-json\/wp\/v2\/comments?post=45232"}],"version-history":[{"count":3,"href":"https:\/\/www.labeljoy.com\/sv\/wp-json\/wp\/v2\/pages\/45232\/revisions"}],"predecessor-version":[{"id":45253,"href":"https:\/\/www.labeljoy.com\/sv\/wp-json\/wp\/v2\/pages\/45232\/revisions\/45253"}],"wp:attachment":[{"href":"https:\/\/www.labeljoy.com\/sv\/wp-json\/wp\/v2\/media?parent=45232"}],"curies":[{"name":"wp","href":"https:\/\/api.w.org\/{rel}","templated":true}]}}