{"id":45236,"date":"2012-09-07T12:54:32","date_gmt":"2012-09-07T12:54:32","guid":{"rendered":"https:\/\/www.labeljoy.com\/qr-code-label-software\/"},"modified":"2026-03-23T09:15:28","modified_gmt":"2026-03-23T09:15:28","slug":"qr-kodetikettprogram","status":"publish","type":"page","link":"https:\/\/www.labeljoy.com\/sv\/qr-kodetikettprogram\/","title":{"rendered":"QR-kodetikettprogram"},"content":{"rendered":"<h1>Skapa QR-kodetiketter med Labeljoy<\/h1>\n<p><span style=\"font-weight: 400;\">Om du beh\u00f6ver skapa en enda QR-kod kan du prova v\u00e5r <\/span><a href=\"https:\/\/www.labeljoy.com\/sv\/qr-kod-generator\/\"><span style=\"font-weight: 400;\">online-QR-kodgenerator<\/span><\/a><span style=\"font-weight: 400;\">. Om du beh\u00f6ver skapa och skriva ut QR-kodetiketter med text och bilder och vill <\/span><a href=\"https:\/\/www.labeljoy.com\/sv\/video\/hur-du-laddar-data-fraan-excel\/\"><span style=\"font-weight: 400;\">importera data <\/span><\/a><span style=\"font-weight: 400;\">fr\u00e5n externa datak\u00e4llor \u00e4r programvaran Labeljoy den perfekta l\u00f6sningen.<\/span><\/p>\n<h2>Den b\u00e4sta programvaran f\u00f6r QR-kodetiketter<\/h2>\n<p><i><span style=\"font-weight: 400;\">Importera QR-koddata fr\u00e5n databaser till etiketter.<\/span><\/i><img decoding=\"async\" class=\"alignright\" src=\"http:\/\/www.labeljoy.com\/images\/qr-code\/qr-code-labels.jpg\" alt=\"QR Code Labels\" width=\"280\" height=\"222\" \/><\/p>\n<ul>\n<li style=\"font-weight: 400;\" aria-level=\"1\"><span style=\"font-weight: 400;\">Med Labeljoy kan du snabbt och enkelt <\/span><b>l\u00e4nka QR-kodetiketter<\/b><span style=\"font-weight: 400;\"> till olika typer av databaser.<\/span><\/li>\n<li style=\"font-weight: 400;\" aria-level=\"1\"><span style=\"font-weight: 400;\">Labeljoy tillhandah\u00e5ller en guide f\u00f6r att <\/span><b>skapa QR-koder<\/b><span style=\"font-weight: 400;\"> som <\/span><a href=\"https:\/\/www.labeljoy.com\/sv\/video\/hur-du-laddar-data-fraan-excel\/\"><span style=\"font-weight: 400;\">importerar data<\/span><\/a><span style=\"font-weight: 400;\"> fr\u00e5n databaser som Excel, textfiler, CSV-filer och Access.<\/span><\/li>\n<li style=\"font-weight: 400;\" aria-level=\"1\"><span style=\"font-weight: 400;\">Importera kontakter fr\u00e5n Windows Mail, Outlook och SQLite.<\/span><\/li>\n<li style=\"font-weight: 400;\" aria-level=\"1\"><span style=\"font-weight: 400;\">Importera data fr\u00e5n professionella databaser som MySQL och Oracle.<\/span><\/li>\n<\/ul>\n<div class=\"column-clear\"><\/div>\n<p style=\"text-align: center;\"><a href=\"\/sv\/download-sv\/\" class=\"jumbo green tt-button\" target=\"_self\"> GRATIS nedladdning av QR-kodetikettprogramvara <\/a>\n<p>&nbsp;<\/p>\n<h2>Hur man skapar QR-kodetiketter med Labeljoy<\/h2>\n<p><span style=\"font-weight: 400;\">Med Labeljoy kan du enkelt skapa QR-kodetiketter. <\/span><a href=\"https:\/\/www.labeljoy.com\/sv\/download-sv\/\"><span style=\"font-weight: 400;\">Ladda ner<\/span><\/a><span style=\"font-weight: 400;\"> och installera Labeljoy p\u00e5 din dator, \u00f6ppna Labeljoy:<\/span><\/p>\n<p><a href=\"https:\/\/www.labeljoy.com\/sv\/mallar\/vin-etiketter\/\"><img decoding=\"async\" class=\" alignright\" src=\"http:\/\/www.labeljoy.com\/images\/qr-code\/wine-qrcode.jpg\" alt=\"Wine Label Qr code\" width=\"211\" height=\"364\" \/><\/a><\/p>\n<ol>\n<li style=\"font-weight: 400;\" aria-level=\"1\"><span style=\"font-weight: 400;\">Klicka p\u00e5 \u201dInfoga streckkod\u201d i verktygsf\u00e4ltet till v\u00e4nster.<\/span><\/li>\n<li style=\"font-weight: 400;\" aria-level=\"1\"><span style=\"font-weight: 400;\">Ange var p\u00e5 etiketten du vill<\/span><b> infoga QR-koden.<\/b><\/li>\n<li style=\"font-weight: 400;\" aria-level=\"1\"><span style=\"font-weight: 400;\">V\u00e4lj \u201dQR-kod\u201d i rullgardinsmenyn f\u00f6r streckkodstyp. Tre ytterligare rullgardinsmenyer visas d\u00e4r du kan ange ytterligare parametrar: kodning, storlek och felkorrigeringsniv\u00e5.<\/span><\/li>\n<li style=\"font-weight: 400;\" aria-level=\"1\"><span style=\"font-weight: 400;\">Skriv in texten i f\u00e4ltet nedan, l\u00e4gg till r\u00e4knare eller data fr\u00e5n externa databaser.<\/span><\/li>\n<li style=\"font-weight: 400;\" aria-level=\"1\"><span style=\"font-weight: 400;\">Klicka slutligen p\u00e5 OK f\u00f6r att automatiskt generera QR-koden.<\/span><\/li>\n<li style=\"font-weight: 400;\" aria-level=\"1\"><span style=\"font-weight: 400;\">\u00c4ndra kodens storlek direkt p\u00e5 etiketten.<\/span><\/li>\n<\/ol>\n<a href=\"\/sv\/mallar\/vin-etiketter\/\" class=\"large orange tt-button\" target=\"_self\"> Mallar f\u00f6r vinetiketter<b> <\/b><\/a>\n","protected":false},"excerpt":{"rendered":"<p>Skapa QR-kodetiketter med Labeljoy Om du beh\u00f6ver skapa en enda QR-kod kan du prova v\u00e5r online-QR-kodgenerator. Om du beh\u00f6ver skapa och skriva ut QR-kodetiketter med text och bilder och vill importera data fr\u00e5n externa datak\u00e4llor \u00e4r programvaran Labeljoy den perfekta l\u00f6sningen. Den b\u00e4sta programvaran f\u00f6r QR-kodetiketter Importera QR-koddata fr\u00e5n databaser till etiketter. Med Labeljoy kan &#8230; <a title=\"QR-kodetikettprogram\" class=\"read-more\" href=\"https:\/\/www.labeljoy.com\/sv\/qr-kodetikettprogram\/\" aria-label=\"L\u00e4s mer om QR-kodetikettprogram\">Read more<\/a><\/p>\n","protected":false},"author":1,"featured_media":0,"parent":0,"menu_order":24,"comment_status":"closed","ping_status":"closed","template":"","meta":{"inline_featured_image":false,"_monsterinsights_skip_tracking":false,"_monsterinsights_sitenote_active":false,"_monsterinsights_sitenote_note":"","_monsterinsights_sitenote_category":0,"footnotes":""},"class_list":{"0":"post-45236","1":"page","2":"type-page","3":"status-publish","5":"infinite-scroll-item"},"aioseo_notices":[],"_links":{"self":[{"href":"https:\/\/www.labeljoy.com\/sv\/wp-json\/wp\/v2\/pages\/45236","targetHints":{"allow":["GET"]}}],"collection":[{"href":"https:\/\/www.labeljoy.com\/sv\/wp-json\/wp\/v2\/pages"}],"about":[{"href":"https:\/\/www.labeljoy.com\/sv\/wp-json\/wp\/v2\/types\/page"}],"author":[{"embeddable":true,"href":"https:\/\/www.labeljoy.com\/sv\/wp-json\/wp\/v2\/users\/1"}],"replies":[{"embeddable":true,"href":"https:\/\/www.labeljoy.com\/sv\/wp-json\/wp\/v2\/comments?post=45236"}],"version-history":[{"count":8,"href":"https:\/\/www.labeljoy.com\/sv\/wp-json\/wp\/v2\/pages\/45236\/revisions"}],"predecessor-version":[{"id":45244,"href":"https:\/\/www.labeljoy.com\/sv\/wp-json\/wp\/v2\/pages\/45236\/revisions\/45244"}],"wp:attachment":[{"href":"https:\/\/www.labeljoy.com\/sv\/wp-json\/wp\/v2\/media?parent=45236"}],"curies":[{"name":"wp","href":"https:\/\/api.w.org\/{rel}","templated":true}]}}