{"id":45314,"date":"2012-08-22T09:57:38","date_gmt":"2012-08-22T09:57:38","guid":{"rendered":"https:\/\/www.labeljoy.com\/stod\/about-us-edisplay\/"},"modified":"2026-03-25T16:01:14","modified_gmt":"2026-03-25T16:01:14","slug":"about-us-edisplay","status":"publish","type":"page","link":"https:\/\/www.labeljoy.com\/sv\/stod\/about-us-edisplay\/","title":{"rendered":"eDisplay \u2013 Om oss"},"content":{"rendered":"<h1>eDisplay Software House<\/h1>\n<p><img decoding=\"async\" width=\"177\" height=\"63\" class=\"alignleft wp-image-2003\" title=\"Labeljoy edisplay\" src=\"http:\/\/www.labeljoy.com\/images\/edisplay.jpg\" alt=\"eDisplay\" \/><\/p>\n<p><a title=\"edisplay software house label\" href=\"https:\/\/edisplay.it\/en\/\" target=\"_blank\" rel=\"noopener\">eDisplay srl<\/a> <span style=\"font-weight: 400;\">\u00e4r ett mjukvaruf\u00f6retag verksamt inom omr\u00e5det streckkoder och etikettering. V\u00e5r f\u00f6retagsfilosofi har alltid varit att erbjuda den b\u00e4sta produkten till <\/span><b>b\u00e4sta m\u00f6jliga pris<\/b><span style=\"font-weight: 400;\">.<\/span><\/p>\n<p><span style=\"font-weight: 400;\">Vi investerar kontinuerligt i forskning och utveckling. St\u00e4ndig innovation, uppr\u00e4tth\u00e5llande av positiva relationer mellan kollegor och medarbetare samt respekt f\u00f6r milj\u00f6n \u00e4r n\u00e5gra av v\u00e5ra ledande principer. \u00c5r 2006 lanserades Labeljoy, en innovativ produkt som kombinerar <strong>kraftfulla funktioner<\/strong> med <\/span><b>anv\u00e4ndarv\u00e4nlighet<\/b><span style=\"font-weight: 400;\">. Hittills har vi s\u00e5lt 35 000 exemplar av v\u00e5r programvara p\u00e5 18 olika spr\u00e5k och garanterar f\u00f6rstklassig support f\u00f6r v\u00e5ra kunder, oavsett storlek.<\/span><\/p>\n<p><span style=\"font-weight: 400;\">V\u00e5rt f\u00f6retag engagerar sig aktivt i sociala och v\u00e4lg\u00f6renhets\u00e4ndam\u00e5l genom ett flertal initiativ till st\u00f6d f\u00f6r <strong>R\u00f6da Korset, icke-statliga organisationer och frivilligorganisationer v\u00e4rlden \u00f6ver<\/strong>. Utan ert f\u00f6rtroende skulle v\u00e5rt arbete vara meningsl\u00f6st: Tack f\u00f6r att ni har valt oss.<\/span><\/p>\n<h3>Our Offices<\/h3>\n<div class=\"hr hr-solid\">&nbsp;<\/div>\n<div class=\"one_third\">\n<p><strong>REGISTRERAD ADRESS<br \/>\n<\/strong>Fonni<br \/>\nViale del Lavoro, 53<br \/>\n08023 Fonni (NU)<br \/>\nItaly<\/div>\n<div class=\"one_third\">\n<p><strong>VERKSAMHETSADRESS<br \/>\n<\/strong>Milano<br \/>\nVia Palmanova, 24<br \/>\n20132 Milano (Mi)<br \/>\nItaly <\/div>\n<div class=\"one_third\">\n<p><strong>AFF\u00c4RSPARTNER<br \/>\n<\/strong>San Diego<br \/>\nDelivery Tech Corp 4411\u00a0Morena Blvd #230<br \/>\nSan Diego, CA\u00a092117<br \/>\nU.S.A. <\/div>\n","protected":false},"excerpt":{"rendered":"<p>eDisplay Software House eDisplay srl \u00e4r ett mjukvaruf\u00f6retag verksamt inom omr\u00e5det streckkoder och etikettering. V\u00e5r f\u00f6retagsfilosofi har alltid varit att erbjuda den b\u00e4sta produkten till b\u00e4sta m\u00f6jliga pris. Vi investerar kontinuerligt i forskning och utveckling. St\u00e4ndig innovation, uppr\u00e4tth\u00e5llande av positiva relationer mellan kollegor och medarbetare samt respekt f\u00f6r milj\u00f6n \u00e4r n\u00e5gra av v\u00e5ra ledande principer. &#8230; <a title=\"eDisplay \u2013 Om oss\" class=\"read-more\" href=\"https:\/\/www.labeljoy.com\/sv\/stod\/about-us-edisplay\/\" aria-label=\"L\u00e4s mer om eDisplay \u2013 Om oss\">Read more<\/a><\/p>\n","protected":false},"author":1,"featured_media":0,"parent":5497,"menu_order":0,"comment_status":"closed","ping_status":"closed","template":"","meta":{"inline_featured_image":false,"_monsterinsights_skip_tracking":false,"_monsterinsights_sitenote_active":false,"_monsterinsights_sitenote_note":"","_monsterinsights_sitenote_category":0,"footnotes":""},"class_list":{"0":"post-45314","1":"page","2":"type-page","3":"status-publish","5":"infinite-scroll-item"},"aioseo_notices":[],"_links":{"self":[{"href":"https:\/\/www.labeljoy.com\/sv\/wp-json\/wp\/v2\/pages\/45314","targetHints":{"allow":["GET"]}}],"collection":[{"href":"https:\/\/www.labeljoy.com\/sv\/wp-json\/wp\/v2\/pages"}],"about":[{"href":"https:\/\/www.labeljoy.com\/sv\/wp-json\/wp\/v2\/types\/page"}],"author":[{"embeddable":true,"href":"https:\/\/www.labeljoy.com\/sv\/wp-json\/wp\/v2\/users\/1"}],"replies":[{"embeddable":true,"href":"https:\/\/www.labeljoy.com\/sv\/wp-json\/wp\/v2\/comments?post=45314"}],"version-history":[{"count":1,"href":"https:\/\/www.labeljoy.com\/sv\/wp-json\/wp\/v2\/pages\/45314\/revisions"}],"predecessor-version":[{"id":45315,"href":"https:\/\/www.labeljoy.com\/sv\/wp-json\/wp\/v2\/pages\/45314\/revisions\/45315"}],"up":[{"embeddable":true,"href":"https:\/\/www.labeljoy.com\/sv\/wp-json\/wp\/v2\/pages\/5497"}],"wp:attachment":[{"href":"https:\/\/www.labeljoy.com\/sv\/wp-json\/wp\/v2\/media?parent=45314"}],"curies":[{"name":"wp","href":"https:\/\/api.w.org\/{rel}","templated":true}]}}