{"id":45375,"date":"2012-10-02T08:58:49","date_gmt":"2012-10-02T08:58:49","guid":{"rendered":"https:\/\/www.labeljoy.com\/stod\/hur-att\/generate-gs1-128-barcodes\/"},"modified":"2026-04-20T15:55:29","modified_gmt":"2026-04-20T15:55:29","slug":"generate-gs1-128-barcodes","status":"publish","type":"page","link":"https:\/\/www.labeljoy.com\/sv\/stod\/hur-att\/generate-gs1-128-barcodes\/","title":{"rendered":"Skapa GS1-128-streckkoder"},"content":{"rendered":"<h1>Skapa GS1-128-streckkoder<\/h1>\n<p>GS1-128 har utformats f\u00f6r att fungera som en global standard f\u00f6r informationsutbyte genom hela leveranskedjan. Standarden best\u00e5r av en eller flera streckkodssymboler som kodar data och inneh\u00e5ller information om de levererade varorna, till exempel globala unika identifierare, antal, vikt, utg\u00e5ngsdatum och mycket mer.<br \/>\n<a title=\"GS1 128\" href=\"https:\/\/www.labeljoy.com\/support\/barcode-types\/gs1-128\/\">GS1-128<\/a> \u00e4r inte en streckkodssymbolik, utan snarare en samling av <em>applikationsidentifierare (AI)<\/em> som definierar specifika uppgifter och sammanhang.<\/p>\n<p style=\"text-align: center;\"><a class=\"large blue tt-button\" title=\"Application Identifier\" href=\"https:\/\/www.labeljoy.com\/support\/how-to\/application-identifiers-gs1-128\/\">Fullst\u00e4ndig lista \u00f6ver applikationsidentifierare<\/a><\/p>\n<p>N\u00e4r informationen har definierats kodas den med hj\u00e4lp av streckkodssymboliken Code 128. Ett specialtecken (FNC1) anv\u00e4nds h\u00f6gst upp i varje GS1-128-streckkodssymbol och som avslutningstecken f\u00f6r AI:er med variabel l\u00e4ngd.<\/p>\n<p style=\"text-align: center;\"><a class=\"large orange tt-button\" title=\"Barcode Generator Software\" href=\"https:\/\/www.labeljoy.com\/sv\/programvara-for-streckkodstryck\/\">More info about Barcode Generator Software<\/a><\/p>\n<h2>1 \u2013 GS1-128 och Labeljoy<\/h2>\n<p>Labeljoy kan <strong>generera GS1-128-streckkoder<\/strong> (b\u00e5de i fullversionen och i testversionen) och l\u00f6ser i bakgrunden de flesta av de komplikationer som \u00e4r f\u00f6rknippade med att generera fullt kompatibla GS1-128-streckkodssymboler.<br \/>\nDetta inkluderar:<\/p>\n<ul>\n<li><strong>F\u00f6renklad datainmatning<\/strong><br \/>\nAnge bara AI-sekvensen i l\u00e4sbart format s\u00e5 validerar Labeljoy den via den interna GS1-128-motorn och genererar antingen motsvarande symbol eller visar ett felmeddelande som f\u00f6rklarar problemet.<\/li>\n<li><strong>Generering av kontrollsiffra enligt Modulo 10<\/strong><br \/>\nOm AI kr\u00e4ver en kontrollsiffra, ange bara valfritt nummer. Labeljoy ers\u00e4tter det med motsvarande Modulo-10-kontrollsiffra.<\/li>\n<li><strong>AI-sekvensvaliderare<\/strong><br \/>\nAI-sammans\u00e4ttning m\u00e5ste f\u00f6lja vissa regler. N\u00e4r du till exempel anv\u00e4nder AI 02 (antal containrar) ska symbolen ocks\u00e5 koda AI 00 (serienummer f\u00f6r fraktcontainer) eller AI 37 (antal enheter i containern). Labeljoy kontrollerar valfritt om den inmatade AI-sekvensen \u00e4r helt kompatibel.<\/li>\n<li><strong>FNC1-hantering<\/strong><br \/>\nSpecialtecknet FNC1 l\u00e4ggs till automatiskt d\u00e4r det beh\u00f6vs.<\/li>\n<\/ul>\n<p>I princip beh\u00f6ver du bara ange din AI-sekvens och dina data. N\u00e4r du till exempel anger texten (00)123456789012345678 skapar Labeljoy en GS1-128-streckkodssymbol som uppfyller kraven f\u00f6r applikationsidentifieraren (00) och serienummer f\u00f6r transportbeh\u00e5llare (SSCC-18).<\/p>\n<p><a class=\"hover-item\" href=\"http:\/\/www.labeljoy.com\/images\/how-to\/gs1-128\/image001.png\" target=\"_blank\" rel=\"noopener noreferrer\"><img decoding=\"async\" src=\"http:\/\/www.labeljoy.com\/images\/how-to\/gs1-128\/image001.png\" alt=\"GS1-128 example\" width=\"313\" height=\"106\" \/><\/a><\/p>\n<p><span style=\"font-size: small;\">GS1-128-symbol genererad av Labeljoy genom kodning av texten (00)123456789012345678, vilket motsvarar AI 00 (SSCC-18).<br \/>\nObservera att den sista siffran i symbolen \u00e4r 5 (inte 8) eftersom det \u00e4r den korrekta kontrollsiffran enligt modulo 10.<\/span><\/p>\n<h2>2 \u2013 Skapa en SSCC-18-streckkod<\/h2>\n<p>G\u00e5 till den <a href=\"https:\/\/www.labeljoy.com\/support\/how-to\/how-to-generate-sscc-18-barcodes\/\">s\u00e4rskilda sidan<\/a> f\u00f6r <strong>SSCC-18<\/strong>.<\/p>\n<h2>3 \u2013 Global Trade Item Number (GTIN)<\/h2>\n<p>GTIN \u00e4r ett nummer som unikt identifierar en produkt \u00f6ver hela v\u00e4rlden. I GS1-systemet motsvarar det AI 01.<br \/>\nDet best\u00e5r av 14 siffror, varav den sista \u00e4r kontrollsiffran.<\/p>\n<p>I grund och botten \u00e4r det GS1-versionen av den globala produktidentifieraren, oavsett om det \u00e4r EAN-13, UPC-A, UPC-E, EAN-8 eller ITF-14. GTIN-numret utf\u00e4rdas ocks\u00e5 av lokala handelsmyndigheter, vilket varierar fr\u00e5n land till land.<\/p>\n<p>Om du till exempel befinner dig i Nordamerika kommer din produkt troligen att identifieras globalt med ett 12-siffrigt UPC-A-nummer. F\u00f6r att konvertera denna information till GS1-versionen l\u00e4gger du bara till tv\u00e5 nollor framf\u00f6r numret. Om du befinner dig i Europa kommer din produkt att identifieras med ett unikt EAN-13-nummer. I detta fall m\u00e5ste du l\u00e4gga till en enda nolla framf\u00f6r numret f\u00f6r att konvertera det till ett GTIN-kompatibelt nummer.<br \/>\nObservera att nollprefixet p\u00e5 ditt befintliga ID inte p\u00e5verkar kontrollsiffran modulo-10. Labeljoy kommer att kontrollera detta \u00e4nd\u00e5, men troligtvis kommer ingenting att f\u00f6r\u00e4ndras.<\/p>\n<p>I detta exempel antar vi att vi \u00e4r ett europeiskt f\u00f6retag vars produkt har f\u00f6ljande globala EAN-13-identifikationsnummer: 2003659821451.<br \/>\nVi konverterar detta till ett GTIN-nummer genom att l\u00e4gga till motsvarande AI-nummer och \u00e4ven l\u00e4gga till en nolla i b\u00f6rjan f\u00f6r att f\u00e5 r\u00e4tt antal siffror: (01) 02003659821451.<\/p>\n<p>Om du nu anger detta nummer i Labeljoy medan alternativet Kontrollera AI-sekvens \u00e4r markerat, f\u00e5r du f\u00f6ljande:<\/p>\n<p><a class=\"hover-item\" href=\"http:\/\/www.labeljoy.com\/images\/how-to\/gs1-128\/image004.png\"><img decoding=\"async\" width=\"820\" height=\"632\" style=\"max-width: 600px;\" src=\"http:\/\/www.labeljoy.com\/images\/how-to\/gs1-128\/image004.png\" alt=\"Labeljoy error for GTIN barcode\" \/><\/a><\/p>\n<p>Labeljoy uppt\u00e4ckte att just detta AI-nummer inte kan existera p\u00e5 egen hand, eftersom det inte skulle ha n\u00e5gon betydelse i GS1-v\u00e4rlden. AI 01 \u00e4r avsett att kombineras med minst ett annat AI-nummer som inneh\u00e5ller ytterligare information om just denna artikel.<br \/>\nVi skulle till exempel kunna l\u00e4gga till information om vikt, m\u00e5tt eller antalet levererade artiklar.<\/p>\n<p>S\u00e5 vi l\u00e4gger till AI 30 (antal artiklar), vilket anger antalet artiklar som ing\u00e5r i leveransenheten.<br \/>\nVi antar att vi levererar 1200 enheter av v\u00e5r produkt.<\/p>\n<p>Eftersom AI 30 har variabel l\u00e4ngd beh\u00f6ver vi inte l\u00e4gga till nollor. Texten vi matar in ser ut s\u00e5 h\u00e4r:<br \/>\n(01)02003659821451(30)1200.<br \/>\nI GS1-termer inneh\u00e5ller denna leveransenhet 1200 stycken av EAN-13-artikeln 2003659821451.<\/p>\n<p><a class=\"hover-item\" href=\"http:\/\/www.labeljoy.com\/images\/how-to\/gs1-128\/image005.png\"><img decoding=\"async\" src=\"http:\/\/www.labeljoy.com\/images\/how-to\/gs1-128\/image005.png\" alt=\"GS1 128 barcode configuration\" width=\"636\" height=\"483\" \/><\/a><\/p>\n<p>Labeljoy validerar denna inmatning, uppt\u00e4cker inga problem och genererar f\u00f6ljande streckkodssymbol:<\/p>\n<p><a class=\"hover-item\" href=\"http:\/\/www.labeljoy.com\/images\/how-to\/gs1-128\/image006.png\"><img decoding=\"async\" class=\"aligncenter\" src=\"http:\/\/www.labeljoy.com\/images\/how-to\/gs1-128\/image006.png\" alt=\"GTIN GS1 barcode\" width=\"285\" height=\"97\" \/><\/a><\/p>\n<p style=\"text-align: center;\"><a href=\"http:\/\/www.labeljoy.com\/images\/how-to\/gs1-128\/GS1-128b.lpa\" class=\"large green tt-button\" target=\"_self\"> Ladda ner denna Labeljoy-fil <\/a>\n<h2>4 \u2013 Ett konkret exempel<\/h2>\n<p>Nu skapar vi en riktig logistiketikett enligt GS1-riktlinjerna.<\/p>\n<p>Vi b\u00f6rjar med att st\u00e4lla in Labeljoy s\u00e5 att det skapar en etikett p\u00e5 105 \u00d7 148 mm (enligt beskrivningen p\u00e5 sidan 24 i GS1-dokumentet):<\/p>\n<p><a class=\"hover-item\" href=\"http:\/\/www.labeljoy.com\/images\/how-to\/gs1-128\/image007.png\"><img decoding=\"async\" src=\"http:\/\/www.labeljoy.com\/images\/how-to\/gs1-128\/image007.png\" alt=\"Custom label configuration\" width=\"636\" height=\"483\" \/><\/a><\/p>\n<p>Observera att sidstorleken \u00e4r n\u00e5got st\u00f6rre f\u00f6r att l\u00e4mna utrymme f\u00f6r marginaler. Layouten m\u00e5ste utformas med h\u00e4nsyn till din skrivare och papperskraven.<\/p>\n<p>Nu l\u00e4gger vi till alla element i logistiketiketten, som finns p\u00e5 sidan 14 i GS1-dokumentet:<\/p>\n<p><a class=\"hover-item\" href=\"http:\/\/www.labeljoy.com\/images\/how-to\/gs1-128\/image008.png\"><img decoding=\"async\" src=\"http:\/\/www.labeljoy.com\/images\/how-to\/gs1-128\/image008.png\" alt=\"Real world example GS1-128\" width=\"556\" height=\"511\" \/><\/a><\/p>\n<p>&nbsp;<\/p>\n<p style=\"text-align: center;\"><a href=\"http:\/\/www.labeljoy.com\/images\/how-to\/gs1-128\/GS1-128c.lpa\" class=\"large green tt-button\" target=\"_self\"> Ladda ner denna Labeljoy-fil <\/a>\n<p>Detta \u00e4r en typisk GS1-128-logistiketikett som inneh\u00e5ller tre grupper av information: leverant\u00f6r, kund och transport\u00f6r.<br \/>\nDen \u00f6vre delen inneh\u00e5ller leveransinformation, den mellersta delen visuellt l\u00e4sbara data och den nedre delen streckkodssymboler.<\/p>\n<h2>5 \u2013 Ansluta data<\/h2>\n<p>Om de data som visas p\u00e5 din GS1-etikett finns i en datak\u00e4lla (Excel- eller Access-fil, SQL Server, MySQL etc.) m\u00e5ste du koppla din Labeljoy-fil till datak\u00e4llan och koppla varje element till motsvarande datam\u00e4ngd. F\u00f6r mer information, se denna <a href=\"https:\/\/www.labeljoy.com\/sv\/video\/hur-du-laddar-data-fraan-excel\/\">instruktionsvideo<\/a>.<\/p>\n<p>I v\u00e5rt exempel anv\u00e4nds en Excel-fil:<\/p>\n<p><a class=\"hover-item\" href=\"http:\/\/www.labeljoy.com\/images\/how-to\/gs1-128\/image009.png\"><img decoding=\"async\" src=\"http:\/\/www.labeljoy.com\/images\/how-to\/gs1-128\/image009.png\" alt=\"Excel file to Connect\" width=\"728\" height=\"259\" \/><\/a><\/p>\n<p>Inte all information som vi beh\u00f6ver p\u00e5 v\u00e5r etikett \u00e4r redo att infogas. En del av data m\u00e5ste ber\u00e4knas genom att sammanfoga befintliga element. Vi ska se hur man g\u00f6r det med Labeljoy.<\/p>\n<p>Men f\u00f6rst m\u00e5ste vi l\u00e4nka etiketten till datak\u00e4llan. Vi skulle ocks\u00e5 kunna anv\u00e4nda <em>Dataguiden<\/em> f\u00f6r detta, men f\u00f6r tillf\u00e4llet ska vi manuellt st\u00e4lla in anslutningen med hj\u00e4lp av formul\u00e4ret Gruppinst\u00e4llningar:<\/p>\n<p><a class=\"hover-item\" href=\"http:\/\/www.labeljoy.com\/images\/how-to\/gs1-128\/image010.png\"><img decoding=\"async\" src=\"http:\/\/www.labeljoy.com\/images\/how-to\/gs1-128\/image010.png\" alt=\"Excel file import configuration\" width=\"636\" height=\"483\" \/><\/a><\/p>\n<p>N\u00e4r data har laddats b\u00f6r fliken <em>Filter och sortering<\/em> visa ett rutn\u00e4t med f\u00e4lten och data fr\u00e5n Excel-filen:<\/p>\n<p><a class=\"hover-item\" href=\"http:\/\/www.labeljoy.com\/images\/how-to\/gs1-128\/image011.png\"><img decoding=\"async\" src=\"http:\/\/www.labeljoy.com\/images\/how-to\/gs1-128\/image011.png\" alt=\"Filter and sorting of Excel file\" width=\"636\" height=\"483\" \/><\/a><\/p>\n<p>N\u00e4r vi bekr\u00e4ftar de \u00e4ndringar av datal\u00e4nken som just gjorts aktiveras sidknapparna i det \u00f6vre verktygsf\u00e4ltet. Vi har en etikett per sida och eftersom v\u00e5r datak\u00e4lla inneh\u00e5ller 7 rader till\u00e5ter Labeljoy att bl\u00e4ddra genom 7 sidor, 1 rad per sida.<\/p>\n<p>Nu m\u00e5ste varje variabelt element p\u00e5 etiketten l\u00e4nkas till r\u00e4tt f\u00e4lt i datak\u00e4llan.<br \/>\nVi b\u00f6rjar med det stora f\u00e4ltet f\u00f6r postnummer l\u00e4ngst upp till h\u00f6ger:<\/p>\n<p><a class=\"hover-item\" href=\"http:\/\/www.labeljoy.com\/images\/how-to\/gs1-128\/image012.png\"><img decoding=\"async\" src=\"http:\/\/www.labeljoy.com\/images\/how-to\/gs1-128\/image012.png\" alt=\"Gs1 128 barcode from Excel file\" width=\"653\" height=\"501\" \/><\/a><\/p>\n<p>Som du ser visas en meny med listan \u00f6ver tillg\u00e4ngliga f\u00e4lt n\u00e4r du klickar p\u00e5 knappen <em>F\u00e4lt<\/em>. I det h\u00e4r fallet m\u00e5ste vi l\u00e4nka f\u00e4lten <em>Prefix<\/em> och <em>Postnummer<\/em> genom att markera dem b\u00e5da, det ena efter det andra:<\/p>\n<p><a class=\"hover-item\" href=\"http:\/\/www.labeljoy.com\/images\/how-to\/gs1-128\/image013.png\"><img decoding=\"async\" src=\"http:\/\/www.labeljoy.com\/images\/how-to\/gs1-128\/image013.png\" alt=\"Filed in Barcode label\" width=\"636\" height=\"483\" \/><\/a><\/p>\n<p>D\u00e4refter arbetar vi med mottagaradressen. Avs\u00e4ndaradressen p\u00e5verkas inte, eftersom det alltid \u00e4r samma f\u00f6retag som skickar ut varorna, s\u00e5 vi kan l\u00e4mna f\u00e4ltet <em>Fr\u00e5n<\/em> i sin statiska form.<br \/>\nF\u00e4ltet Till m\u00e5ste l\u00e4nkas enligt f\u00f6ljande:<\/p>\n<p><a class=\"hover-item\" href=\"http:\/\/www.labeljoy.com\/images\/how-to\/gs1-128\/image014.png\"><img decoding=\"async\" src=\"http:\/\/www.labeljoy.com\/images\/how-to\/gs1-128\/image014.png\" alt=\"Connecting data\" width=\"636\" height=\"483\" \/><\/a><\/p>\n<p>L\u00e4gg m\u00e4rke till bindestrecket mellan f\u00e4lten <em>Prefix<\/em> och <em>Postnummer<\/em> samt mellanslaget mellan <em>Postnummer<\/em> och <em>Ort<\/em>.<\/p>\n<p>F\u00e4lten <em>Transport\u00f6r, Ordernummer <\/em>och<em> Bruttovikt<\/em> kan l\u00e4nkas direkt till motsvarande f\u00e4lt i datak\u00e4llan, ingen ytterligare l\u00e4nkning kr\u00e4vs.<\/p>\n<p>F\u00e4ltet <em>Leveransdatum<\/em> kr\u00e4ver s\u00e4rskild uppm\u00e4rksamhet: datumformatet m\u00e5ste definieras. Som anges p\u00e5 logistiketiketten m\u00e5ste detta datum vara i formatet <em>\u00c5\u00c5\u00c5\u00c5-MM-DD<\/em>. Med Labeljoy kan s\u00e4rskild formatering definieras f\u00f6r varje f\u00e4lt som l\u00e4ggs till i elementet.<br \/>\nDubbelklicka p\u00e5 elementet <em>Leveransdatum<\/em>, l\u00e4nka det till f\u00e4ltet <em>Leveransdatum<\/em> och klicka p\u00e5 l\u00e4nken i textrutan f\u00f6r att \u00f6ppna f\u00f6nstret <em>F\u00e4ltredigering<\/em>:<br \/>\nV\u00e4lj f\u00e4ltet <em>Antal<\/em> fr\u00e5n rullgardinsmenyn:<\/p>\n<p><a class=\"hover-item\" href=\"http:\/\/www.labeljoy.com\/images\/how-to\/gs1-128\/image015.png\"><img decoding=\"async\" src=\"http:\/\/www.labeljoy.com\/images\/how-to\/gs1-128\/image015.png\" alt=\"Delivery date field configuration\" width=\"637\" height=\"482\" \/><\/a><\/p>\n<p><span style=\"font-size: inherit; font-family: -apple-system, system-ui, BlinkMacSystemFont, 'Segoe UI', Helvetica, Arial, sans-serif, 'Apple Color Emoji', 'Segoe UI Emoji', 'Segoe UI Symbol';\">\u00ecSom du ser har vi angett r\u00e4tt datumformat i <\/span><em style=\"font-size: inherit; font-family: -apple-system, system-ui, BlinkMacSystemFont, 'Segoe UI', Helvetica, Arial, sans-serif, 'Apple Color Emoji', 'Segoe UI Emoji', 'Segoe UI Symbol';\">textrutan Format<\/em><span style=\"font-size: inherit; font-family: -apple-system, system-ui, BlinkMacSystemFont, 'Segoe UI', Helvetica, Arial, sans-serif, 'Apple Color Emoji', 'Segoe UI Emoji', 'Segoe UI Symbol';\">. Detta g\u00f6r att Labeljoy visar datumet i just det formatet.<\/span><\/p>\n<p>Vidare \u00e4r f\u00e4ltet \u201d<em>Ship to post<\/em>\u201d en sammanfogning av f\u00e4lten I<em>SO 3366<\/em> och <em>Postnummer<\/em>.<br \/>\nSamma sammanfogning m\u00e5ste anges i motsvarande streckkodselement, men vi m\u00e5ste l\u00e4gga till den statiska texten <em>(421)<\/em> som prefix f\u00f6r att instruera Labeljoy att behandla det som AI 421:<\/p>\n<p><a class=\"hover-item\" href=\"http:\/\/www.labeljoy.com\/images\/how-to\/gs1-128\/image016.png\"><img decoding=\"async\" src=\"http:\/\/www.labeljoy.com\/images\/how-to\/gs1-128\/image016.png\" alt=\"GS1 128 ship to post\" width=\"636\" height=\"483\" \/><\/a><\/p>\n<p>SSCC-textelementet m\u00e5ste sammanfoga den statiska texten <em>0 (prefix)<\/em> <em>3453128<\/em> (en 7-siffrig p\u00e5hittad f\u00f6retagsidentifierare), v\u00e4rdet som l\u00e4ses fr\u00e5n f\u00e4ltet SSCC och hantera kontrollsiffran.<br \/>\nEftersom <em>prefix + f\u00f6retagsidentifierare + kontrollsiffra<\/em> sammanlagt blir 9 siffror m\u00e5ste vi se till att SSCC-v\u00e4rdet som l\u00e4ses in fr\u00e5n datak\u00e4llan fylls ut med nollor p\u00e5 r\u00e4tt s\u00e4tt s\u00e5 att det totala antalet siffror alltid \u00e4r 18.<br \/>\nDubbelklicka p\u00e5 SSCC-textelementet och ange den statiska texten <em>03453128<\/em>. Klicka nu p\u00e5 knappen F\u00e4lt och v\u00e4lj f\u00e4ltet SSCC. Klicka slutligen p\u00e5 knappen <em>Referens<\/em> och v\u00e4lj referensen <em>Modulo-10 Checksum<\/em>.<br \/>\nKlicka nu p\u00e5 det gr\u00e5 SSCC-f\u00e4ltet f\u00f6r att visa egenskapsformul\u00e4ret. I f\u00e4ltet <em>Format<\/em> anger du <em>000000000<\/em> (9 nollor). P\u00e5 detta s\u00e4tt kommer Labeljoy att nollfylla varje v\u00e4rde tills totalt 9 siffror uppn\u00e5s. Detta hanterar ocks\u00e5 korrekt den sista raden i datak\u00e4llan, som r\u00e5kar best\u00e5 av 5 siffror ist\u00e4llet f\u00f6r 4 som alla andra rader.<\/p>\n<p><a class=\"hover-item\" href=\"http:\/\/www.labeljoy.com\/images\/how-to\/gs1-128\/image017.png\"><img decoding=\"async\" src=\"http:\/\/www.labeljoy.com\/images\/how-to\/gs1-128\/image017.png\" alt=\"Modulo 10 configuration\" width=\"635\" height=\"481\" \/><\/a><\/p>\n<p><em>Referensen<\/em> <em>Modulo-10 Checksum<\/em> l\u00e4gger till en Modulo-10-kontrollsiffra till nummersekvensen omedelbart f\u00f6re dess infogningspunkt.<\/p>\n<p>Detsamma g\u00e4ller f\u00f6r SSCC-streckkodselementet. Det beh\u00f6ver bara f\u00f6reg\u00e5s av texten <em>(00)<\/em> f\u00f6r att instruera Labeljoy att det ska behandlas som AI 00.<br \/>\nF\u00f6r demonstrations\u00e4ndam\u00e5l v\u00e4ljer vi en annan metod. Eftersom Labeljoy vet att detta \u00e4r ett GS1-128 SSCC-streckkodselement beh\u00f6ver vi inte l\u00e4gga till <em>Modulo-10 Checksum<\/em>-referensen i slutet av sekvensen. Vi anger bara en statisk 0, som konverteras till r\u00e4tt modulo-10-kontrollsiffra.<\/p>\n<p><a class=\"hover-item\" href=\"http:\/\/www.labeljoy.com\/images\/how-to\/gs1-128\/image018.png\"><img decoding=\"async\" src=\"http:\/\/www.labeljoy.com\/images\/how-to\/gs1-128\/image018.png\" alt=\"SSCC configuration\" width=\"636\" height=\"482\" \/><\/a><\/p>\n<p>Slutresultatet \u00e4r sju utskriftsklara sidor:<\/p>\n<p style=\"text-align: center;\"><a href=\"http:\/\/www.labeljoy.com\/images\/how-to\/gs1-128\/GS1-128d.zip\" class=\"large green tt-button\" target=\"_self\"> Ladda ner denna Labeljoy-fil <\/a>\n<p>&nbsp;<\/p>\n<table border=\"0\" width=\"100%\" cellspacing=\"20\" cellpadding=\"20\">\n<tbody>\n<tr>\n<td>\u00a0<a class=\"hover-item\" href=\"http:\/\/www.labeljoy.com\/images\/how-to\/gs1-128\/image019.png\"><img decoding=\"async\" src=\"http:\/\/www.labeljoy.com\/images\/how-to\/gs1-128\/image019.png\" alt=\"Final result 1\" width=\"234\" height=\"329\" \/><\/a><\/td>\n<td>\u00a0<a class=\"hover-item\" href=\"http:\/\/www.labeljoy.com\/images\/how-to\/gs1-128\/image020.png\"><img decoding=\"async\" src=\"http:\/\/www.labeljoy.com\/images\/how-to\/gs1-128\/image020.png\" alt=\"final result 2\" width=\"234\" height=\"329\" \/><\/a><\/td>\n<\/tr>\n<tr>\n<td>\u00a0<a class=\"hover-item\" href=\"http:\/\/www.labeljoy.com\/images\/how-to\/gs1-128\/image021.png\"><img decoding=\"async\" src=\"http:\/\/www.labeljoy.com\/images\/how-to\/gs1-128\/image021.png\" alt=\"final result 3\" width=\"234\" height=\"329\" \/><\/a><\/td>\n<td>\u00a0<a class=\"hover-item\" href=\"http:\/\/www.labeljoy.com\/images\/how-to\/gs1-128\/image022.png\"><img decoding=\"async\" src=\"http:\/\/www.labeljoy.com\/images\/how-to\/gs1-128\/image022.png\" alt=\"final result 4\" width=\"234\" height=\"329\" \/><\/a><\/td>\n<\/tr>\n<tr>\n<td>\u00a0<a class=\"hover-item\" href=\"http:\/\/www.labeljoy.com\/images\/how-to\/gs1-128\/image023.png\"><img decoding=\"async\" src=\"http:\/\/www.labeljoy.com\/images\/how-to\/gs1-128\/image023.png\" alt=\"final result 5\" width=\"234\" height=\"329\" \/><\/a><\/td>\n<td>\u00a0<a class=\"hover-item\" href=\"http:\/\/www.labeljoy.com\/images\/how-to\/gs1-128\/image024.png\"><img decoding=\"async\" src=\"http:\/\/www.labeljoy.com\/images\/how-to\/gs1-128\/image024.png\" alt=\"final result 6\" width=\"234\" height=\"329\" \/><\/a><\/td>\n<\/tr>\n<tr>\n<td>\u00a0<a class=\"hover-item\" href=\"http:\/\/www.labeljoy.com\/images\/how-to\/gs1-128\/image025.png\"><img decoding=\"async\" src=\"http:\/\/www.labeljoy.com\/images\/how-to\/gs1-128\/image025.png\" alt=\"final result 7\" width=\"234\" height=\"329\" \/><\/a><\/td>\n<td><\/td>\n<\/tr>\n<\/tbody>\n<\/table>\n<p>&nbsp;<\/p>\n<div class=\"also-like\">\n<p><strong>Du kanske ocks\u00e5 gillar:<\/strong><\/p>\n<ul>\n<li><a title=\"Generate Barcode and QR Code\" href=\"https:\/\/www.labeljoy.com\/sv\/video\/generera-streckkod-och-qr-kod\/\">Video om hur man skapar streckkoder och QR-koder<\/a><\/li>\n<li><a title=\"QR Code label software\" href=\"https:\/\/www.labeljoy.com\/sv\/qr-kodetikettprogram\/\">Programvara f\u00f6r QR-kodsetiketter<\/a><\/li>\n<\/ul>\n<\/div>\n","protected":false},"excerpt":{"rendered":"<p>Skapa GS1-128-streckkoder GS1-128 har utformats f\u00f6r att fungera som en global standard f\u00f6r informationsutbyte genom hela leveranskedjan. Standarden best\u00e5r av en eller flera streckkodssymboler som kodar data och inneh\u00e5ller information om de levererade varorna, till exempel globala unika identifierare, antal, vikt, utg\u00e5ngsdatum och mycket mer. GS1-128 \u00e4r inte en streckkodssymbolik, utan snarare en samling av &#8230; <a title=\"Skapa GS1-128-streckkoder\" class=\"read-more\" href=\"https:\/\/www.labeljoy.com\/sv\/stod\/hur-att\/generate-gs1-128-barcodes\/\" aria-label=\"L\u00e4s mer om Skapa GS1-128-streckkoder\">Read more<\/a><\/p>\n","protected":false},"author":1,"featured_media":0,"parent":5498,"menu_order":16,"comment_status":"closed","ping_status":"closed","template":"","meta":{"inline_featured_image":false,"_monsterinsights_skip_tracking":false,"_monsterinsights_sitenote_active":false,"_monsterinsights_sitenote_note":"","_monsterinsights_sitenote_category":0,"footnotes":""},"class_list":{"0":"post-45375","1":"page","2":"type-page","3":"status-publish","5":"infinite-scroll-item"},"aioseo_notices":[],"_links":{"self":[{"href":"https:\/\/www.labeljoy.com\/sv\/wp-json\/wp\/v2\/pages\/45375","targetHints":{"allow":["GET"]}}],"collection":[{"href":"https:\/\/www.labeljoy.com\/sv\/wp-json\/wp\/v2\/pages"}],"about":[{"href":"https:\/\/www.labeljoy.com\/sv\/wp-json\/wp\/v2\/types\/page"}],"author":[{"embeddable":true,"href":"https:\/\/www.labeljoy.com\/sv\/wp-json\/wp\/v2\/users\/1"}],"replies":[{"embeddable":true,"href":"https:\/\/www.labeljoy.com\/sv\/wp-json\/wp\/v2\/comments?post=45375"}],"version-history":[{"count":2,"href":"https:\/\/www.labeljoy.com\/sv\/wp-json\/wp\/v2\/pages\/45375\/revisions"}],"predecessor-version":[{"id":45378,"href":"https:\/\/www.labeljoy.com\/sv\/wp-json\/wp\/v2\/pages\/45375\/revisions\/45378"}],"up":[{"embeddable":true,"href":"https:\/\/www.labeljoy.com\/sv\/wp-json\/wp\/v2\/pages\/5498"}],"wp:attachment":[{"href":"https:\/\/www.labeljoy.com\/sv\/wp-json\/wp\/v2\/media?parent=45375"}],"curies":[{"name":"wp","href":"https:\/\/api.w.org\/{rel}","templated":true}]}}