{"id":45401,"date":"2013-05-22T13:49:41","date_gmt":"2013-05-22T13:49:41","guid":{"rendered":"https:\/\/www.labeljoy.com\/stod\/streckkod\/gs1-128\/"},"modified":"2026-05-01T08:16:00","modified_gmt":"2026-05-01T08:16:00","slug":"gs1-128","status":"publish","type":"page","link":"https:\/\/www.labeljoy.com\/sv\/stod\/streckkod\/gs1-128\/","title":{"rendered":"GS1 128"},"content":{"rendered":"<h1>GS1-128-streckkodsgenerator<\/h1>\n<p>Med Labeljoy <strong>kan du enkelt skapa GS1-128-streckkoder<\/strong>. GS1-128 \u00e4r en applikationsstandard inom GS1-implementeringen som bygger p\u00e5 <a href=\"https:\/\/www.labeljoy.com\/sv\/stod\/streckkod\/code-128\/\">specifikationen f\u00f6r Code 128-streckkoder.<\/a><\/p>\n<p>GS1-128 anv\u00e4nder applikationsidentifierare f\u00f6r att inkludera ytterligare data s\u00e5som utg\u00e5ngsdatum, batchnummer, antal, vikt och m\u00e5nga andra typer av information.<\/p>\n<h3>GS1-128-streckkoder<\/h3>\n<p>Streckkoden GS1-128 utvecklades f\u00f6r att etablera en global standard f\u00f6r datautbyte mellan olika f\u00f6retag. GS1-128 kodar inte bara data, utan erbjuder ocks\u00e5 ett s\u00e4tt att specificera datans betydelse genom uppr\u00e4ttandet av en lista med \u201dapplikationsidentifierare\u201d (AI:er).<\/p>\n<p>Denna GS1-standard definierar b\u00e5de datatypen och dataformatet. GS1-128 (tidigare k\u00e4nd som UCC\/EAN-128) \u00e4r i grunden ett spr\u00e5k som h\u00e4rstammar fr\u00e5n Code 128 och som anv\u00e4nder ett flaggtecken (Function Code 1 (FNC1)) samt applikationsidentifierare.<\/p>\n<h3>Exempel p\u00e5 en GS1-128-streckkod<\/h3>\n<p>De l\u00e4sbara applikationsidentifierarna visas inom parentes (01) och (10) enligt illustrationen nedan. Det \u00e4r ocks\u00e5 m\u00f6jligt att sammanfoga flera applikationsidentifierare i streckkodsdata, vilket g\u00f6r det m\u00f6jligt att koda in tillh\u00f6rande partinummer eller utg\u00e5ngsdatum ut\u00f6ver det unika GTIN-artikelnumret.<br \/>\n<img decoding=\"async\" width=\"310\" height=\"153\" src=\"https:\/\/www.labeljoy.com\/wp-content\/uploads\/2022\/05\/gs1-128-barcode-example.jpg\" alt=\"Example of a GS1-128 Barcode\" \/><\/p>\n<h3>GS1-128-symbolstruktur<\/h3>\n<ul>\n<li>Starttecken (START-A, START-B eller START-C)<\/li>\n<li>FNC1-tecken<\/li>\n<li>Applikationsidentifierare (AI)<\/li>\n<li>Kodade data<\/li>\n<li>Symbolkontrolltecken<\/li>\n<li>Stopp-tecken<\/li>\n<\/ul>\n<p><a title=\"Structure of the GS1-128 barcode\" href=\"https:\/\/www.labeljoy.com\/wp-content\/uploads\/2022\/05\/gs1-128-barcode-structure.jpg\"><img decoding=\"async\" width=\"588\" height=\"263\" src=\"https:\/\/www.labeljoy.com\/wp-content\/uploads\/2022\/05\/gs1-128-barcode-structure.jpg\" alt=\"Structure of the GS1-128 barcode\" \/><\/a><\/p>\n<h3>GS1-128 streckkodsfraktetikett<\/h3>\n<p>GS1-128 streckkodsfraktetiketter anv\u00e4nds f\u00f6r kartongidentifiering genom hela leveranskedjan och anv\u00e4nds av de flesta st\u00f6rre detaljhandlare.<\/p>\n<p>I allm\u00e4nhet anv\u00e4nds flera GS1-128 streckkoder p\u00e5 en enda etikett. F\u00f6r mer information om GS1-128-fraktetiketten, se <a href=\"https:\/\/www.labeljoy.com\/sv\/stod\/hur-att\/generate-gs1-128-barcodes\/\">Skapa GS1-128-streckkoder<\/a>.<\/p>\n<p>Fraktetiketter med GS1-128-streckkoder \u00e4r en viktig del av logistiken i detaljhandelns leveranskedja. Den prim\u00e4ra streckkoden p\u00e5 fraktetiketten kallas Serialized Shipping Container Code (SSCC-18) och \u00e4r integrerad med EDI-datatransaktioner. Genom att anv\u00e4nda dessa etiketter kan detaljhandlare identifiera inneh\u00e5llet i varje kartong med precision.<br \/>\n<div class=\"tt-notification warning\"><p style=\"font-size:12px;\"> <strong>Obs<\/strong>: Det ligger utanf\u00f6r ramen f\u00f6r denna hj\u00e4lpfil att g\u00e5 in p\u00e5 alla detaljer i specifikationen f\u00f6r GS1-128-symboliken. F\u00f6r mer information, se GS1-myndighetens officiella webbplats: <a title=\"gs1 page\" href=\"http:\/\/www.gs1.org\" target=\"_blank\" rel=\"noopener\">www.gs1.org<\/a> <\/p><\/div>\n<p><img decoding=\"async\" class=\"alignleft\" src=\"http:\/\/www.labeljoy.com\/images\/about-barcode\/gs1-128.jpg\" alt=\"GS1 Barcode\" width=\"120\" height=\"68\" \/><\/p>\n<h3>Hur man genererar GS1-128-streckkoder<\/h3>\n<p>F\u00f6r att <strong>generera en GS1-128-kompatibel<\/strong> streckkodssymbol med Labeljoy m\u00e5ste du ange texten i ett visuellt l\u00e4sbart format. Labeljoy validerar texten genom sin interna <strong>GS1-128-valideringsmotor<\/strong> och genererar motsvarande ikon eller visar ett felmeddelande som beskriver problemet.<\/p>\n<p>Om du till exempel anger texten (<strong>00)123456789012345678<\/strong> kommer Labeljoy att skapa en GS1-128-streckkodssymbol som uppfyller kraven f\u00f6r <strong>Application Identifier (00) Serial Shipping Container Code (SSCC-18)<\/strong>.<\/p>\n<p>F\u00f6r mer information, se guiden \u201d<a href=\"https:\/\/www.labeljoy.com\/sv\/stod\/hur-att\/generate-gs1-128-barcodes\/\">Generera GS1-128-streckkoder<\/a>\u201d eller prova v\u00e5r <a href=\"https:\/\/www.labeljoy.com\/sv\/programvara-for-streckkodstryck\/\">online-streckkodsgenerator<\/a>.<\/p>\n<p>UCC\/EAN-128 har utvecklats f\u00f6r att tillhandah\u00e5lla ett standardformat f\u00f6r datautbyte mellan olika f\u00f6retag. Medan andra standarder endast kodar data utan att ange vad de f\u00f6rest\u00e4ller, kodar UCC\/EAN-128 b\u00e5de data och vad de representerar; dock \u00e4r UCC\/EAN-128 inte en typ av kod eller symbolik, utan snarare ett kodformateringssystem som anv\u00e4nder Code 128 f\u00f6r utskrift. Alla l\u00e4sare som kan l\u00e4sa Code 128 kan ocks\u00e5 l\u00e4sa UCC\/EAN-128; det \u00e4r den UCC\/EAN-128-kompatibla applikationen som m\u00e5ste tolka kodens formatering.<\/p>\n<p>Det \u00e4r till exempel m\u00f6jligt att koda vikten <strong>10,97<\/strong> kg med vilken standard som helst, till exempel en 2 av 5-streckkod, genom att helt enkelt koda <strong>1097<\/strong>, men under avl\u00e4sningsfasen g\u00e5r det inte att avg\u00f6ra om det \u00e4r en vikt, en tid, ett pris eller n\u00e5got annat; med andra ord kan applikationen inte identifiera vad den l\u00e4ser.<\/p>\n<p>Med UCC\/EAN-128-formateringssystemet infogas AI-identifierare (Application Identifier) f\u00f6r att tala om f\u00f6r applikationen vad den l\u00e4ser, eftersom fler problem uppst\u00e5r vid avl\u00e4sning av streckkoden \u00e4n vid utskrift. Om vi \u00e5terg\u00e5r till v\u00e5rt exempel \u00e4r det med hj\u00e4lp av AI 310y m\u00f6jligt att ange att f\u00f6ljande data \u00e4r en nettovikt i kg; siffran som f\u00f6ljer anger antalet decimaler, medan vikten m\u00e5ste best\u00e5 av 6 siffror. I v\u00e5rt exempel kommer nettovikten p\u00e5 <strong>10,97<\/strong> kg att kodas som <span style=\"font-size: inherit; font-family: -apple-system, system-ui, BlinkMacSystemFont, 'Segoe UI', Helvetica, Arial, sans-serif, 'Apple Color Emoji', 'Segoe UI Emoji', 'Segoe UI Symbol';\">3102<\/span><strong style=\"font-size: inherit; font-family: -apple-system, system-ui, BlinkMacSystemFont, 'Segoe UI', Helvetica, Arial, sans-serif, 'Apple Color Emoji', 'Segoe UI Emoji', 'Segoe UI Symbol';\">001097<\/strong><span style=\"font-size: inherit; font-family: -apple-system, system-ui, BlinkMacSystemFont, 'Segoe UI', Helvetica, Arial, sans-serif, 'Apple Color Emoji', 'Segoe UI Emoji', 'Segoe UI Symbol';\">.<\/span><\/p>\n<div class=\"tt-contentbox\"><div class=\"tt-contentbox-title tt-cb-title-grey\"><span>Kontrollsiffror modulo 10:<\/span><\/div><div class=\"tt-contentbox-content tt-content-style-grey\">\n<ul>\n<li>Vissa AI:er (applikationsidentifierare) kr\u00e4ver en kontrollsiffra modulo 10. N\u00e4r detta kr\u00e4vs ber\u00e4knar Labeljoy kontrollsiffran oavsett vad som matades in.<\/li>\n<li>Till exempel beh\u00f6ver SSCC-18-koden ovan en kontrollsiffra i sista positionen, som i sj\u00e4lva verket \u00e4r 5 och inte 8. I ett s\u00e5dant scenario visas inget felmeddelande, utan Labeljoy ers\u00e4tter helt enkelt kontrollsiffran med den korrekta.<\/li>\n<li>S\u00e5 om du inte vet hur man ber\u00e4knar kontrollsiffran, ange bara valfritt nummer.<\/li>\n<\/ul>\n<\/div><\/div>\n<div class=\"tt-contentbox\"><div class=\"tt-contentbox-title tt-cb-title-grey\"><span>FNC1-separatorer:<\/span><\/div><div class=\"tt-contentbox-content tt-content-style-grey\">\n<ul>\n<li>N\u00e4r tv\u00e5 eller flera AI-koder (Application Identifiers) beh\u00f6ver kodas i en enda symbol kan GS1-128-specifikationen kr\u00e4va ett eller flera FNC1-separatortecken. Labeljoys GS1-128-streckkodsgenerator uppt\u00e4cker automatiskt var FNC1-separatortecken beh\u00f6vs och l\u00e4gger till dem d\u00e4refter.<\/li>\n<li>Ingen extra inmatning kr\u00e4vs i Labeljoy f\u00f6r att hantera FNC1-separatorer korrekt.<\/li>\n<li>VIKTIGT: FNC1-separatorer har ingen motsvarande visuellt l\u00e4sbar text, de kodas endast som en streckkodssymbol. Tolkningen av FNC1-tecknet kan variera beroende p\u00e5 inst\u00e4llningarna f\u00f6r streckkodsl\u00e4saren, \u00e4ven om det ofta matas ut som ASCII-tecken 29.<\/li>\n<li>Om du beh\u00f6ver skapa en anpassad symbol med hj\u00e4lp av FNC1-separatortecknet, v\u00e4nligen se EAN-128-symboliken.<\/li>\n<\/ul>\n<\/div><\/div>\n<h3>GS1-streckkodssymboler<\/h3>\n<div class=\"tt-notification tip\"><p style=\"font-size:12px;\"> Textkonkatenering:<br \/>\nN\u00e4r ett <strong>GS1-128-streckkodselement<\/strong> genereras genom att f\u00e4lt eller r\u00e4knare konkateneras g\u00e4ller f\u00f6ljande regler:<\/p>\n<ul class=\"barcode-ul\">\n<li>Textl\u00e4ngden f\u00e5r inte \u00f6verstiga 255 tecken.<\/li>\n<li>Texten m\u00e5ste f\u00f6lja GS1-128-specifikationen.<\/li>\n<\/ul>\n<p>Om ett v\u00e4rde uppt\u00e4cks som inte f\u00f6ljer ovanst\u00e5ende regler kommer streckkoden inte att visas.<br \/>\n<\/p><\/div>\n<figure style=\"width: 216px\" class=\"wp-caption aligncenter\"><img decoding=\"async\" src=\"http:\/\/www.labeljoy.com\/images\/barcodes\/gs1-128_barcode.png\" alt=\"GS1-128 Barcode\" width=\"226\" height=\"103\" \/><figcaption class=\"wp-caption-text\">GS1-128-symbol som kodar texten (00)123456789012345678, vilket motsvarar AI 00 (SSCC-18). Observera att den sista siffran \u00e4r 5 i symbolen eftersom det \u00e4r den korrekta Modulo 10-kontrollsiffran.<\/figcaption><\/figure>\n<figure style=\"width: 216px\" class=\"wp-caption aligncenter\"><img decoding=\"async\" src=\"http:\/\/www.labeljoy.com\/images\/barcodes\/gs1-128_symbol.png\" alt=\"GS1-128 symbol - two Application Identifiers\" width=\"226\" height=\"103\" \/><figcaption class=\"wp-caption-text\">GS1-128-symbol som kodar en sammanfogning av tv\u00e5 applikationsidentifierare: AI 30 (Quantity Each) och AI 21 (Serial Number). Observera att i detta fall l\u00e4ggs ett FNC1-separatortecken till precis f\u00f6re b\u00f6rjan av AI 21 (syns inte i den l\u00e4sbara texten).<\/figcaption><\/figure>\n<figure style=\"width: 343px\" class=\"wp-caption aligncenter\"><img decoding=\"async\" src=\"http:\/\/www.labeljoy.com\/images\/barcodes\/gs1-128_symbol2.png\" alt=\"GS1-128 symbol - 3 Application Identifiers\" width=\"353\" height=\"103\" \/><figcaption class=\"wp-caption-text\">GS1-128-symbol som kodar en sammanfogning av tre applikationsidentifierare: AI 01 (fraktbeh\u00e5llarkod) och ytterligare tv\u00e5 som i f\u00f6reg\u00e5ende bild. Observera att i detta fall beh\u00f6vs ingen FNC1-separator f\u00f6re b\u00f6rjan av AI 30.<\/figcaption><\/figure>\n<ul>\n<li><strong>Labeljoy kr\u00e4ver<\/strong> inmatning av upp till 255 tecken alfanumerisk text f\u00f6r att <a href=\"https:\/\/www.labeljoy.com\/sv\/video\/generera-streckkod-och-qr-kod\/\">skapa streckkoden<\/a>. Ange texten i textrutan.<\/li>\n<li>Den visuellt l\u00e4sbara texten kan visas eller d\u00f6ljas under eller \u00f6ver ikonen , beroende p\u00e5 inst\u00e4llningarna som anges i kombinationsrutan Text.<\/li>\n<li>Kryssrutan Kontrollera AI-sekvens till\u00e4mpar en ytterligare GS1-128-regel som reglerar sammanfogningen av vissa AI:er.<\/li>\n<li>N\u00e4r du till exempel anv\u00e4nder AI 02 (Antal containrar) ska symbolen \u00e4ven koda AI 00 (Serienummer f\u00f6r fraktcontainer) och AI 37 (Antal enheter i containern).<\/li>\n<li>Dessutom ska AI 02 aldrig kodas i samma symbol som AI 01 (Fraktcontainerkod) och 8006 (Komponent i en artikel), eftersom dessa refererar till data som anses meningsl\u00f6sa n\u00e4r de blandas.<\/li>\n<li>H\u00e5ll denna kryssruta aktiverad f\u00f6r att skapa GS1-128-symboler som helt \u00f6verensst\u00e4mmer med den ursprungliga standarden.<\/li>\n<\/ul>\n<div class=\"hr hr-dotted\">&nbsp;<\/div>\n<div class=\"one_half\">\n<p style=\"text-align: center;\"><a href=\"\/purchase\/\" class=\"large blue tt-button\" target=\"_self\">\u00f6p GS1-128-programvara f\u00f6r streckkoder<\/a>\n<\/div>\n<div class=\"one_half\">\n<p style=\"text-align: center;\"><a href=\"\/download\/\" class=\"large green tt-button\" target=\"_self\"> Ladda ner gratisversion <\/a>\n<\/div>\n","protected":false},"excerpt":{"rendered":"<p>GS1-128-streckkodsgenerator Med Labeljoy kan du enkelt skapa GS1-128-streckkoder. GS1-128 \u00e4r en applikationsstandard inom GS1-implementeringen som bygger p\u00e5 specifikationen f\u00f6r Code 128-streckkoder. GS1-128 anv\u00e4nder applikationsidentifierare f\u00f6r att inkludera ytterligare data s\u00e5som utg\u00e5ngsdatum, batchnummer, antal, vikt och m\u00e5nga andra typer av information. GS1-128-streckkoder Streckkoden GS1-128 utvecklades f\u00f6r att etablera en global standard f\u00f6r datautbyte mellan olika f\u00f6retag. &#8230; <a title=\"GS1 128\" class=\"read-more\" href=\"https:\/\/www.labeljoy.com\/sv\/stod\/streckkod\/gs1-128\/\" aria-label=\"L\u00e4s mer om GS1 128\">Read more<\/a><\/p>\n","protected":false},"author":1,"featured_media":0,"parent":5503,"menu_order":0,"comment_status":"closed","ping_status":"closed","template":"","meta":{"inline_featured_image":false,"_monsterinsights_skip_tracking":false,"_monsterinsights_sitenote_active":false,"_monsterinsights_sitenote_note":"","_monsterinsights_sitenote_category":0,"footnotes":""},"class_list":{"0":"post-45401","1":"page","2":"type-page","3":"status-publish","5":"infinite-scroll-item"},"aioseo_notices":[],"_links":{"self":[{"href":"https:\/\/www.labeljoy.com\/sv\/wp-json\/wp\/v2\/pages\/45401","targetHints":{"allow":["GET"]}}],"collection":[{"href":"https:\/\/www.labeljoy.com\/sv\/wp-json\/wp\/v2\/pages"}],"about":[{"href":"https:\/\/www.labeljoy.com\/sv\/wp-json\/wp\/v2\/types\/page"}],"author":[{"embeddable":true,"href":"https:\/\/www.labeljoy.com\/sv\/wp-json\/wp\/v2\/users\/1"}],"replies":[{"embeddable":true,"href":"https:\/\/www.labeljoy.com\/sv\/wp-json\/wp\/v2\/comments?post=45401"}],"version-history":[{"count":1,"href":"https:\/\/www.labeljoy.com\/sv\/wp-json\/wp\/v2\/pages\/45401\/revisions"}],"predecessor-version":[{"id":45415,"href":"https:\/\/www.labeljoy.com\/sv\/wp-json\/wp\/v2\/pages\/45401\/revisions\/45415"}],"up":[{"embeddable":true,"href":"https:\/\/www.labeljoy.com\/sv\/wp-json\/wp\/v2\/pages\/5503"}],"wp:attachment":[{"href":"https:\/\/www.labeljoy.com\/sv\/wp-json\/wp\/v2\/media?parent=45401"}],"curies":[{"name":"wp","href":"https:\/\/api.w.org\/{rel}","templated":true}]}}