{"id":45403,"date":"2013-05-22T13:43:43","date_gmt":"2013-05-22T13:43:43","guid":{"rendered":"https:\/\/www.labeljoy.com\/stod\/streckkod\/code-128\/"},"modified":"2026-05-01T08:04:10","modified_gmt":"2026-05-01T08:04:10","slug":"code-128","status":"publish","type":"page","link":"https:\/\/www.labeljoy.com\/sv\/stod\/streckkod\/code-128\/","title":{"rendered":"Code 128"},"content":{"rendered":"<h1>Generator f\u00f6r Code 128-streckkoder<\/h1>\n<blockquote><p><strong>Code 128<\/strong>\u00a0\u00e4r en linj\u00e4r streckkod som anv\u00e4nds f\u00f6r att koda alfanumerisk information. Det \u00e4r <strong>en av de mest popul\u00e4ra streckkoderna<\/strong> och anv\u00e4nds inom en rad olika till\u00e4mpningar, s\u00e5som lagerhantering, frakt, produktsp\u00e5rning, tillverkning och dokumenthantering.<\/p><\/blockquote>\n<p>Code 128 har f\u00e5tt sitt namn eftersom den anv\u00e4nder 128 ASCII-tecken (American Standard Code for Information Interchange) f\u00f6r att koda data. Dessa tecken representeras av sju bitar, vilket inneb\u00e4r att det finns 128 m\u00f6jliga bitkombinationer, fr\u00e5n 0000000 till 1111111. Koden anv\u00e4nder ett streckkodskodningssystem f\u00f6r att visuellt representera dessa data.<\/p>\n<p>Kod 128-streckkodskodningssystemet anv\u00e4nder tre olika strecktecken (ett brett, ett smalt och ett mellanliggande) f\u00f6r att representera varje ASCII-tecken. Det finns ocks\u00e5 start- och stopptecken som anger b\u00f6rjan och slutet p\u00e5 <strong>streckkoden<\/strong>. Sammantaget kan <strong>Kod 128<\/strong>-streckkodskodningssystemet representera alla 128 ASCII-tecken, samt special- och kontrolltecken.<\/p>\n<p>Ett av de utm\u00e4rkande dragen hos <strong>Code 128<\/strong> \u00e4r att den kan anv\u00e4ndas f\u00f6r att koda b\u00e5de numeriska och alfanumeriska data, inklusive kontrolltecken s\u00e5som kontrollsummor. Dessutom st\u00f6der Code 128 datakomprimering, vilket inneb\u00e4r att streckkoden kan vara kortare \u00e4n andra liknande streckkoder.<\/p>\n<p><strong>Code 128<\/strong> introducerades p\u00e5 1980-talet och blev snabbt en standard inom m\u00e5nga branscher tack vare sin flexibilitet och f\u00f6rm\u00e5ga att koda ett brett spektrum av information. Idag anv\u00e4nds den i stor utstr\u00e4ckning \u00f6ver hela v\u00e4rlden och st\u00f6ds av de flesta streckkodsl\u00e4sare och m\u00e5nga programvaror f\u00f6r lagerhantering.<\/p>\n<p><strong>Code 128 anv\u00e4nds som bassymbolik<\/strong> f\u00f6r att generera EAN-128- och <a href=\"https:\/\/www.labeljoy.com\/sv\/stod\/hur-att\/generate-gs1-128-barcodes\/\">GS1-128-streckkodssymboler<\/a>.<\/p>\n<p><img decoding=\"async\" class=\"aligncenter\" src=\"http:\/\/www.labeljoy.com\/images\/barcodes\/code128_example.gif\" alt=\"Code128 example\" width=\"416\" height=\"330\" \/><\/p>\n<h2>Code 128-Symbol<\/h2>\n<p>Labeljoy kr\u00e4ver att du anger en alfanumerisk text p\u00e5 upp till 48 tecken f\u00f6r att generera streckkoden. Ange texten i textrutan.<br \/>\nDen visuellt l\u00e4sbara texten kan visas under, \u00f6ver eller d\u00f6ljas enligt inst\u00e4llningen som anges i kombinationsrutan Text.<\/p>\n<div class=\"tt-notification tip\"><p style=\"font-size:12px;\"> Textkonkatenering:<br \/>\nN\u00e4r ett Code-128-streckkodselement genereras genom att l\u00e4nka f\u00e4lt eller r\u00e4knare g\u00e4ller f\u00f6ljande regel:<\/p>\n<ul class=\"barcode-ul\">\n<li>Textl\u00e4ngden f\u00e5r inte \u00f6verstiga 48 tecken.<\/li>\n<\/ul>\n<p>Om ett v\u00e4rde hittas som inte f\u00f6ljer ovanst\u00e5ende regler kommer streckkoden inte att visas.<br \/>\n<\/p><\/div>\n<figure style=\"width: 343px\" class=\"wp-caption aligncenter\"><img decoding=\"async\" src=\"http:\/\/www.labeljoy.com\/images\/barcodes\/code128_text_below.png\" alt=\"Code 128 with text below the symbol\" width=\"353\" height=\"101\" \/><figcaption class=\"wp-caption-text\">Code 128-text under symbolen<\/figcaption><\/figure>\n<figure style=\"width: 343px\" class=\"wp-caption aligncenter\"><img decoding=\"async\" src=\"http:\/\/www.labeljoy.com\/images\/barcodes\/code128_text_above.png\" alt=\"Code 128 text above the symbol\" width=\"353\" height=\"101\" \/><figcaption class=\"wp-caption-text\">Code 128 med text ovanf\u00f6r symbolen<\/figcaption><\/figure>\n<figure style=\"width: 343px\" class=\"wp-caption aligncenter\"><img decoding=\"async\" src=\"http:\/\/www.labeljoy.com\/images\/barcodes\/code128_hidden_text.png\" alt=\"Code 128 hidden text\" width=\"353\" height=\"105\" \/><figcaption class=\"wp-caption-text\">Code 128 med dold text<\/figcaption><\/figure>\n<p style=\"text-align: center;\"><a class=\"large white tt-button\" title=\"Online Code 128 Barcode Generator\" href=\"https:\/\/www.labeljoy.com\/sv\/programvara-for-streckkodstryck\/\" target=\"_blank\" rel=\"noopener\">Online-generator f\u00f6r Code 128-streckkoder<br \/>\n<\/a><\/p>\n<div class=\"hr hr-dotted\">&nbsp;<\/div>\n<div class=\"one_half\">\n<p style=\"text-align: center;\"><a href=\"\/purchase\/\" class=\"large blue tt-button\" target=\"\">K\u00f6p programvara f\u00f6r Code 128-generator<\/a>\n<\/div>\n<div class=\"one_half\">\n<p style=\"text-align: center;\"><a href=\"\/download\/\" class=\"large green tt-button\" target=\"_self\"> Ladda ner gratisversion <\/a>\n<\/div>\n","protected":false},"excerpt":{"rendered":"<p>Generator f\u00f6r Code 128-streckkoder Code 128\u00a0\u00e4r en linj\u00e4r streckkod som anv\u00e4nds f\u00f6r att koda alfanumerisk information. Det \u00e4r en av de mest popul\u00e4ra streckkoderna och anv\u00e4nds inom en rad olika till\u00e4mpningar, s\u00e5som lagerhantering, frakt, produktsp\u00e5rning, tillverkning och dokumenthantering. Code 128 har f\u00e5tt sitt namn eftersom den anv\u00e4nder 128 ASCII-tecken (American Standard Code for Information Interchange) &#8230; <a title=\"Code 128\" class=\"read-more\" href=\"https:\/\/www.labeljoy.com\/sv\/stod\/streckkod\/code-128\/\" aria-label=\"L\u00e4s mer om Code 128\">Read more<\/a><\/p>\n","protected":false},"author":1,"featured_media":0,"parent":5503,"menu_order":0,"comment_status":"closed","ping_status":"closed","template":"","meta":{"inline_featured_image":false,"_monsterinsights_skip_tracking":false,"_monsterinsights_sitenote_active":false,"_monsterinsights_sitenote_note":"","_monsterinsights_sitenote_category":0,"footnotes":""},"class_list":{"0":"post-45403","1":"page","2":"type-page","3":"status-publish","5":"infinite-scroll-item"},"aioseo_notices":[],"_links":{"self":[{"href":"https:\/\/www.labeljoy.com\/sv\/wp-json\/wp\/v2\/pages\/45403","targetHints":{"allow":["GET"]}}],"collection":[{"href":"https:\/\/www.labeljoy.com\/sv\/wp-json\/wp\/v2\/pages"}],"about":[{"href":"https:\/\/www.labeljoy.com\/sv\/wp-json\/wp\/v2\/types\/page"}],"author":[{"embeddable":true,"href":"https:\/\/www.labeljoy.com\/sv\/wp-json\/wp\/v2\/users\/1"}],"replies":[{"embeddable":true,"href":"https:\/\/www.labeljoy.com\/sv\/wp-json\/wp\/v2\/comments?post=45403"}],"version-history":[{"count":1,"href":"https:\/\/www.labeljoy.com\/sv\/wp-json\/wp\/v2\/pages\/45403\/revisions"}],"predecessor-version":[{"id":45414,"href":"https:\/\/www.labeljoy.com\/sv\/wp-json\/wp\/v2\/pages\/45403\/revisions\/45414"}],"up":[{"embeddable":true,"href":"https:\/\/www.labeljoy.com\/sv\/wp-json\/wp\/v2\/pages\/5503"}],"wp:attachment":[{"href":"https:\/\/www.labeljoy.com\/sv\/wp-json\/wp\/v2\/media?parent=45403"}],"curies":[{"name":"wp","href":"https:\/\/api.w.org\/{rel}","templated":true}]}}