{"id":45405,"date":"2013-05-22T13:45:23","date_gmt":"2013-05-22T13:45:23","guid":{"rendered":"https:\/\/www.labeljoy.com\/stod\/streckkod\/ean-128\/"},"modified":"2026-05-01T07:57:50","modified_gmt":"2026-05-01T07:57:50","slug":"ean-128","status":"publish","type":"page","link":"https:\/\/www.labeljoy.com\/sv\/stod\/streckkod\/ean-128\/","title":{"rendered":"EAN 128"},"content":{"rendered":"<h1>EAN-128-streckkodsgenerator<\/h1>\n<blockquote><p><strong>EAN-128<\/strong>, \u00e4ven k\u00e4nt som <strong>GS1-128<\/strong>, \u00e4r en streckkodsstandard som anv\u00e4nds f\u00f6r att <strong>identifiera och sp\u00e5ra produkter och varor<\/strong>. Det \u00e4r en typ av linj\u00e4r streckkod som anv\u00e4nder en kombination av siffror och ASCII-tecken f\u00f6r att \u00e5terge produktinformation, s\u00e5som partinummer, utg\u00e5ngsdatum, vikt och annan relevant information.<\/p><\/blockquote>\n<p>EAN-128 baseras p\u00e5 <strong><a title=\"EAN-13 barcode\" href=\"https:\/\/www.labeljoy.com\/sv\/stod\/streckkod\/ean-13\/\">EAN-13 barcode<\/a><\/strong> men kan inneh\u00e5lla mycket mer information. Denna streckkod anv\u00e4nds fr\u00e4mst inom transport- och logistikbranschen f\u00f6r att hantera leveranser, men den anv\u00e4nds \u00e4ven inom andra branscher s\u00e5som tillverkning, detaljhandel och h\u00e4lso- och sjukv\u00e5rd.<\/p>\n<p><strong>EAN-128 \u00e4r en flexibel streckkod<\/strong> som kan anpassas f\u00f6r att uppfylla de specifika behoven hos ett f\u00f6retag eller en applikation. Den utvecklades av GS1, en internationell organisation som hanterar standarder f\u00f6r streckkodning och andra automatiska identifieringssystem.<\/p>\n<p><img decoding=\"async\" class=\"alignleft\" src=\"http:\/\/www.labeljoy.com\/images\/about-barcode\/ean-128.jpg\" alt=\"EAN 128 Barcode\" width=\"120\" height=\"68\" \/><strong>EAN-128-symboler<\/strong> skiljer sig fr\u00e5n <strong>Code 128-symboler<\/strong> p\u00e5 grund av implementeringen av FNC1-tecknet som anv\u00e4nds som datastart och separator.<\/p>\n<div class=\"column-clear\"><\/div>\n<ul>\n<li><strong>FNC1-tecknet l\u00e4ggs<\/strong> till implicit i b\u00f6rjan av symbolen, enligt EAN 128-specifikationen. Fr\u00e5n och med version 4.5 st\u00f6der EAN 128-streckkodssymboler som genereras av Labeljoy FNC1-separatorn.<\/li>\n<li>Anv\u00e4nd tecknet | (pipe) f\u00f6r att ange var FNC1-separatorn ska visas.<\/li>\n<\/ul>\n<p>Till exempel kommer texten 123456|ABCDE att tolkas av Labeljoy som 123456[FNC1]ABCDE <em>och streckkodssymbolen genereras d\u00e4refter<\/em>.<\/p>\n<h2>S\u00e5 h\u00e4r skapar du en EAN 128-kod med Labeljoy<\/h2>\n<p>Med Labeljoy kan du anv\u00e4nda <strong>EAN 128-symboliken f\u00f6r att skapa streckkoder<\/strong> som liknar <a title=\"GS1 128 barcode generator\" href=\"https:\/\/www.labeljoy.com\/sv\/stod\/streckkod\/gs1-128\/\">GS1-128<\/a> men som \u00e4r helt anpassningsbara och inte omfattas av begr\u00e4nsningarna i GS1-128-specifikationerna.<\/p>\n<ul>\n<li>Labeljoy kr\u00e4ver att du anger en alfanumerisk text p\u00e5 upp till 48 tecken f\u00f6r att generera streckkoden. Ange texten i textrutan.<\/li>\n<li>Den visuellt l\u00e4sbara texten kan visas under eller \u00f6ver ikonen, eller d\u00f6ljas, beroende p\u00e5 inst\u00e4llningen som anges i kombinationsrutan Text.<\/li>\n<\/ul>\n<div class=\"column-clear\"><\/div>\n<div class=\"tt-notification tip\"><p style=\"font-size:12px;\"> Textkonkatenering:<br \/>\nN\u00e4r ett <strong>EAN-128-streckkodselement genereras<\/strong> genom att f\u00e4lt eller r\u00e4knare konkateneras g\u00e4ller f\u00f6ljande regel:<\/p>\n<ul class=\"barcode-ul\">\n<li>Textl\u00e4ngden f\u00e5r inte \u00f6verstiga 48 tecken.<\/li>\n<\/ul>\n<p>Om ett v\u00e4rde hittas som inte uppfyller ovanst\u00e5ende regler kommer streckkoden inte att visas.<br \/>\nDen visuellt l\u00e4sbara texten kan ocks\u00e5 visas ovanf\u00f6r symbolen eller d\u00f6ljas, beroende p\u00e5 inst\u00e4llningen som anges i kombinationsrutan Text.<br \/>\n<span style=\"font-size: inherit; font-family: -apple-system, system-ui, BlinkMacSystemFont, 'Segoe UI', Helvetica, Arial, sans-serif, 'Apple Color Emoji', 'Segoe UI Emoji', 'Segoe UI Symbol';\"><\/p><\/div><\/span><\/p>\n<figure style=\"width: 279px\" class=\"wp-caption aligncenter\"><img decoding=\"async\" src=\"http:\/\/www.labeljoy.com\/images\/barcodes\/ean128_code.png\" alt=\"EAN-128 code\" width=\"289\" height=\"101\" \/><figcaption class=\"wp-caption-text\">EAN-128-kodning av texten 20abcd40ABCD60 (inga FNC1-separatorer)<\/figcaption><\/figure>\n<figure style=\"width: 295px\" class=\"wp-caption aligncenter\"><img decoding=\"async\" src=\"http:\/\/www.labeljoy.com\/images\/barcodes\/ean128_fnc1.png\" alt=\"EAN-128 one FNC1 separator\" width=\"305\" height=\"101\" \/><figcaption class=\"wp-caption-text\">EAN-128-kodning av texten 20abcd40|ABCD60 som representeras som 20abcd40[FNC1]ABCD60 (en FNC1-separator)<\/figcaption><\/figure><figure style=\"width: 359px\" class=\"wp-caption aligncenter\"><img decoding=\"async\" src=\"http:\/\/www.labeljoy.com\/images\/barcodes\/ean128_fnc1_barcode.png\" alt=\"EAN-128 (four FNC1 separators)\" width=\"369\" height=\"101\" \/><figcaption class=\"wp-caption-text\">EAN-128-kodning av texten 20|abcd|40|ABCD|60, som representeras som 20[FNC1]abcd[FNC1]40[FNC1]ABCD[FNC1]60 (fyra FNC1-separatorer)<\/figcaption><\/figure><div class=\"hr hr-dotted\">&nbsp;<\/div>\n<div class=\"one_half\">\n<p style=\"text-align: center;\"><a href=\"\/purchase\/\" class=\"large blue tt-button\" target=\"\">K\u00f6p programvara f\u00f6r EAN 128-streckkoder<\/a>\n<\/div>\n<div class=\"one_half\">\n<p style=\"text-align: center;\"><a href=\"\/download\/\" class=\"large green tt-button\" target=\"_self\"> Ladda ner gratisversion <\/a>\n<\/div>\n","protected":false},"excerpt":{"rendered":"<p>EAN-128-streckkodsgenerator EAN-128, \u00e4ven k\u00e4nt som GS1-128, \u00e4r en streckkodsstandard som anv\u00e4nds f\u00f6r att identifiera och sp\u00e5ra produkter och varor. Det \u00e4r en typ av linj\u00e4r streckkod som anv\u00e4nder en kombination av siffror och ASCII-tecken f\u00f6r att \u00e5terge produktinformation, s\u00e5som partinummer, utg\u00e5ngsdatum, vikt och annan relevant information. EAN-128 baseras p\u00e5 EAN-13 barcode men kan inneh\u00e5lla mycket &#8230; <a title=\"EAN 128\" class=\"read-more\" href=\"https:\/\/www.labeljoy.com\/sv\/stod\/streckkod\/ean-128\/\" aria-label=\"L\u00e4s mer om EAN 128\">Read more<\/a><\/p>\n","protected":false},"author":1,"featured_media":0,"parent":5503,"menu_order":0,"comment_status":"closed","ping_status":"closed","template":"","meta":{"inline_featured_image":false,"_monsterinsights_skip_tracking":false,"_monsterinsights_sitenote_active":false,"_monsterinsights_sitenote_note":"","_monsterinsights_sitenote_category":0,"footnotes":""},"class_list":{"0":"post-45405","1":"page","2":"type-page","3":"status-publish","5":"infinite-scroll-item"},"aioseo_notices":[],"_links":{"self":[{"href":"https:\/\/www.labeljoy.com\/sv\/wp-json\/wp\/v2\/pages\/45405","targetHints":{"allow":["GET"]}}],"collection":[{"href":"https:\/\/www.labeljoy.com\/sv\/wp-json\/wp\/v2\/pages"}],"about":[{"href":"https:\/\/www.labeljoy.com\/sv\/wp-json\/wp\/v2\/types\/page"}],"author":[{"embeddable":true,"href":"https:\/\/www.labeljoy.com\/sv\/wp-json\/wp\/v2\/users\/1"}],"replies":[{"embeddable":true,"href":"https:\/\/www.labeljoy.com\/sv\/wp-json\/wp\/v2\/comments?post=45405"}],"version-history":[{"count":1,"href":"https:\/\/www.labeljoy.com\/sv\/wp-json\/wp\/v2\/pages\/45405\/revisions"}],"predecessor-version":[{"id":45413,"href":"https:\/\/www.labeljoy.com\/sv\/wp-json\/wp\/v2\/pages\/45405\/revisions\/45413"}],"up":[{"embeddable":true,"href":"https:\/\/www.labeljoy.com\/sv\/wp-json\/wp\/v2\/pages\/5503"}],"wp:attachment":[{"href":"https:\/\/www.labeljoy.com\/sv\/wp-json\/wp\/v2\/media?parent=45405"}],"curies":[{"name":"wp","href":"https:\/\/api.w.org\/{rel}","templated":true}]}}