{"id":45407,"date":"2013-05-22T13:44:57","date_gmt":"2013-05-22T13:44:57","guid":{"rendered":"https:\/\/www.labeljoy.com\/stod\/streckkod\/ean-13\/"},"modified":"2026-05-01T07:52:51","modified_gmt":"2026-05-01T07:52:51","slug":"ean-13","status":"publish","type":"page","link":"https:\/\/www.labeljoy.com\/sv\/stod\/streckkod\/ean-13\/","title":{"rendered":"EAN 13"},"content":{"rendered":"<h1>Generator f\u00f6r EAN 13-streckkoder<\/h1>\n<blockquote><p><strong>EAN 13-koden (GTIN-13)<\/strong> anv\u00e4nds fr\u00e4mst inom grossisthandeln, d\u00e4r ett internationellt standardiseringsf\u00f6rfarande \u00e4r n\u00f6dv\u00e4ndigt f\u00f6r identifiering och registrering av produkter, inte minst p\u00e5 grund av det stora antalet artiklar som s\u00e4ljs.<\/p><\/blockquote>\n<p>F\u00f6rpackningen eller produkten \u00e4r f\u00f6rsedd med ett europeiskt artikelnummer (EAN) eller GTIN (Global Trade Item Number), som omvandlas till en <strong>streckkod<\/strong> genom en kodningsprocess.<\/p>\n<p>EAN 13-streckkoden best\u00e5r av 13 siffror. F\u00f6r mindre produkter finns en mer kompakt version med 8 siffror, kallad <a title=\"EAN 8 Barcode\" href=\"https:\/\/www.labeljoy.com\/sv\/stod\/streckkod\/ean-8\/\"><strong>EAN 8<\/strong><\/a>.<\/p>\n<p>Struktur:<\/p>\n<ul>\n<li>De tre f\u00f6rsta siffrorna i <strong>GTIN-13-koden (EAN-13)<\/strong> anger produktens ursprungs- eller tillverkningsland (landskod). Denna kod tilldelas av den internationella organisationen GS1, som ansvarar f\u00f6r utvecklingen och implementeringen av denna tj\u00e4nst. Till exempel st\u00e5r siffrorna 00\u201313 f\u00f6r USA och Kanada, 500\u2013509 f\u00f6r Storbritannien.<\/li>\n<li>De f\u00f6ljande sex siffrorna anger f\u00f6retagskoden; denna kod tilldelas av den globala datastandardiseringsorganisationen GS1.<\/li>\n<li>De f\u00f6ljande tre siffrorna \u00e4r tillg\u00e4ngliga f\u00f6r artikelidentifiering och klassificerar en av f\u00f6retagets produkter. Detta nummer tilldelas direkt och fritt av tillverkaren. Formateringen str\u00e4cker sig fr\u00e5n 000-001&#8230; till 999.<br \/>\nDen sista siffran \u00e4r kontrollsiffran, som ber\u00e4knas av <strong>Labeljoy<\/strong> utifr\u00e5n en matematisk algoritm.<\/li>\n<\/ul>\n<h2 style=\"margin-top: 1.5em;\">S\u00e5 h\u00e4r genererar du en EAN-13-kod<\/h2>\n<figure style=\"width: 185px\" class=\"wp-caption alignleft\"><img decoding=\"async\" src=\"http:\/\/www.labeljoy.com\/images\/barcodes\/ean13_barcode.png\" alt=\"EAN-13 barcode\" width=\"195\" height=\"148\" \/><figcaption class=\"wp-caption-text\">EAN-13 symbol<\/figcaption><\/figure>\n<p>Labeljoy kr\u00e4ver att du<strong> anger 12 siffror f\u00f6r att generera streckkoden<\/strong>.<br \/>\nAnge de 12 siffrorna i textrutan och klicka p\u00e5 OK.<br \/>\nDen 13:e siffran (eller kontrollsiffran) <strong>ber\u00e4knas automatiskt<\/strong>.<br \/>\n<a href=\"https:\/\/www.labeljoy.com\/sv\/programvara-for-streckkodstryck\/\">Prova EAN 13-streckkodsgeneratorn<\/a><\/p>\n<div class=\"column-clear\"><\/div>\n<h3>EAN 13-specifikation<\/h3>\n<p>EAN-13-streckkoder som skapas med Labeljoy kan ocks\u00e5 koda 2 eller 5 ytterligare siffror. Ange de ytterligare siffrorna i textrutan till h\u00f6ger.<\/p>\n<div class=\"one_half\">\n<figure style=\"width: 244px\" class=\"wp-caption aligncenter\"><img decoding=\"async\" src=\"http:\/\/www.labeljoy.com\/images\/barcodes\/ean13_2-digit.png\" alt=\"EAN-13 with a 2-digit\" width=\"254\" height=\"148\" \/><figcaption class=\"wp-caption-text\">EAN-13 med ett 2-siffrigt till\u00e4gg<\/figcaption><\/figure>\n<\/div>\n<div class=\"one_half\">\n<figure style=\"width: 296px\" class=\"wp-caption aligncenter\"><img decoding=\"async\" src=\"http:\/\/www.labeljoy.com\/images\/barcodes\/ean-13_5-digit.png\" alt=\"EAN-13 with a 5-digit\" width=\"306\" height=\"148\" \/><figcaption class=\"wp-caption-text\">EAN-13 med ett 5-siffrigt till\u00e4gg<\/figcaption><\/figure>\n<\/div>\n<div class=\"column-clear\"><\/div>\n<div class=\"tt-notification tip\"><p style=\"font-size:12px;\"> Textkonkatenering:<br \/>\nOm ett <strong>EAN 13-streckkodselement genereras<\/strong> genom att l\u00e4nka f\u00e4lt eller r\u00e4knare g\u00e4ller f\u00f6ljande regler:<\/p>\n<ul class=\"barcode-ul\">\n<li>F\u00f6r huvudstreckkoden beaktas endast de f\u00f6rsta 12 siffrorna som hittas.<\/li>\n<li>F\u00f6r till\u00e4gget kr\u00e4vs ett bindestreck (-) som avgr\u00e4nsare f\u00f6ljt av 2 eller 5 siffror.<\/li>\n<\/ul>\n<p>Om ett v\u00e4rde hittas som inte f\u00f6ljer ovanst\u00e5ende regler kommer streckkoden inte att visas.<br \/>\n<\/p><\/div>\n<p>Den visuellt l\u00e4sbara texten kan ocks\u00e5 visas ovanf\u00f6r symbolen eller d\u00f6ljas, beroende p\u00e5 inst\u00e4llningen som anges i kombinationsrutan Text.<\/p>\n<div class=\"one_half\">\n<figure style=\"width: 185px\" class=\"wp-caption aligncenter\"><img decoding=\"async\" src=\"http:\/\/www.labeljoy.com\/images\/barcodes\/ean-13_code.png\" alt=\"EAN-13 code with text above\" width=\"195\" height=\"148\" \/><figcaption class=\"wp-caption-text\">EAN-13 med text ovanf\u00f6r symbolen<\/figcaption><\/figure>\n<\/div>\n<div class=\"one_half\">\n<figure style=\"width: 172px\" class=\"wp-caption aligncenter\"><img decoding=\"async\" src=\"http:\/\/www.labeljoy.com\/images\/barcodes\/ean13_hidden-text.png\" alt=\"EAN-13 with hidden text\" width=\"182\" height=\"151\" \/><figcaption class=\"wp-caption-text\">EAN-13 med dold text<\/figcaption><\/figure>\n<\/div>\n<p><strong>ISBN-13<\/strong>-streckkoder genereras med hj\u00e4lp av EAN-13-symboliken och visas vanligtvis med en extra text \u00f6verst, som visar ISBN-prefixet (978 eller 979) och den kod som tilldelats av den lokala myndigheten.<\/p>\n<table border=\"0\" width=\"100%\" cellspacing=\"2\" cellpadding=\"2\">\n<tbody>\n<tr>\n<td class=\"images\" width=\"20%\"><img decoding=\"async\" width=\"220\" height=\"174\" src=\"\/user-guide-lj6-files\/en\/bcd_ean13_6.png\" alt=\"\" \/><\/td>\n<td width=\"80%\">\n<p class=\"body\">Se <a href=\"https:\/\/www.labeljoy.com\/support\/how-to\/generate-isbn-barcodes\/\">Generera ISBN-streckkoder<\/a> f\u00f6r mer information.<\/p>\n<\/td>\n<\/tr>\n<tr class=\"images\">\n<td class=\"images\" align=\"left\" valign=\"middle\">ISBN-13 symbol<\/td>\n<\/tr>\n<\/tbody>\n<\/table>\n<div class=\"hr hr-dotted\">&nbsp;<\/div>\n<div class=\"one_half\">\n<p style=\"text-align: center;\"><a href=\"\/purchase\/\" class=\"large blue tt-button\" target=\"_self\">K\u00f6p programvara f\u00f6r EAN 13-streckkoder<\/a>\n<\/div>\n<div class=\"one_half\">\n<p style=\"text-align: center;\"><a href=\"\/download\/\" class=\"large green tt-button\" target=\"_self\"> Ladda ner gratisversion <\/a>\n<\/div>\n","protected":false},"excerpt":{"rendered":"<p>Generator f\u00f6r EAN 13-streckkoder EAN 13-koden (GTIN-13) anv\u00e4nds fr\u00e4mst inom grossisthandeln, d\u00e4r ett internationellt standardiseringsf\u00f6rfarande \u00e4r n\u00f6dv\u00e4ndigt f\u00f6r identifiering och registrering av produkter, inte minst p\u00e5 grund av det stora antalet artiklar som s\u00e4ljs. F\u00f6rpackningen eller produkten \u00e4r f\u00f6rsedd med ett europeiskt artikelnummer (EAN) eller GTIN (Global Trade Item Number), som omvandlas till en streckkod &#8230; <a title=\"EAN 13\" class=\"read-more\" href=\"https:\/\/www.labeljoy.com\/sv\/stod\/streckkod\/ean-13\/\" aria-label=\"L\u00e4s mer om EAN 13\">Read more<\/a><\/p>\n","protected":false},"author":1,"featured_media":0,"parent":5503,"menu_order":0,"comment_status":"closed","ping_status":"closed","template":"","meta":{"inline_featured_image":false,"_monsterinsights_skip_tracking":false,"_monsterinsights_sitenote_active":false,"_monsterinsights_sitenote_note":"","_monsterinsights_sitenote_category":0,"footnotes":""},"class_list":{"0":"post-45407","1":"page","2":"type-page","3":"status-publish","5":"infinite-scroll-item"},"aioseo_notices":[],"_links":{"self":[{"href":"https:\/\/www.labeljoy.com\/sv\/wp-json\/wp\/v2\/pages\/45407","targetHints":{"allow":["GET"]}}],"collection":[{"href":"https:\/\/www.labeljoy.com\/sv\/wp-json\/wp\/v2\/pages"}],"about":[{"href":"https:\/\/www.labeljoy.com\/sv\/wp-json\/wp\/v2\/types\/page"}],"author":[{"embeddable":true,"href":"https:\/\/www.labeljoy.com\/sv\/wp-json\/wp\/v2\/users\/1"}],"replies":[{"embeddable":true,"href":"https:\/\/www.labeljoy.com\/sv\/wp-json\/wp\/v2\/comments?post=45407"}],"version-history":[{"count":2,"href":"https:\/\/www.labeljoy.com\/sv\/wp-json\/wp\/v2\/pages\/45407\/revisions"}],"predecessor-version":[{"id":45412,"href":"https:\/\/www.labeljoy.com\/sv\/wp-json\/wp\/v2\/pages\/45407\/revisions\/45412"}],"up":[{"embeddable":true,"href":"https:\/\/www.labeljoy.com\/sv\/wp-json\/wp\/v2\/pages\/5503"}],"wp:attachment":[{"href":"https:\/\/www.labeljoy.com\/sv\/wp-json\/wp\/v2\/media?parent=45407"}],"curies":[{"name":"wp","href":"https:\/\/api.w.org\/{rel}","templated":true}]}}