{"id":45410,"date":"2013-05-22T13:45:51","date_gmt":"2013-05-22T13:45:51","guid":{"rendered":"https:\/\/www.labeljoy.com\/stod\/streckkod\/ean-8\/"},"modified":"2026-05-01T07:52:28","modified_gmt":"2026-05-01T07:52:28","slug":"ean-8","status":"publish","type":"page","link":"https:\/\/www.labeljoy.com\/sv\/stod\/streckkod\/ean-8\/","title":{"rendered":"EAN 8"},"content":{"rendered":"<h1>EAN 8-streckkodsgenerator<\/h1>\n<p>En EAN 8 \u00e4r en streckkod som h\u00e4rstammar fr\u00e5n den l\u00e4ngre europeiska artikelnummerkoden (<a title=\"EAN 13\" href=\"https:\/\/www.labeljoy.com\/sv\/stod\/streckkod\/ean-13\/\">EAN-13<\/a>).<br \/>\nDen inf\u00f6rdes f\u00f6r anv\u00e4ndning p\u00e5 sm\u00e5 f\u00f6rpackningar d\u00e4r en EAN-13-streckkod skulle bli f\u00f6r l\u00e5ng, till exempel p\u00e5 cigarettpaket, pennor eller tuggummif\u00f6rpackningar.<\/p>\n<p>En EAN 8-streckkod best\u00e5r av:<\/p>\n<ul>\n<li>2- eller 3-siffrigt GS1-prefix (tilldelat varje nationell GS1-myndighet).<\/li>\n<li>4- eller 5-siffrigt referenselement beroende p\u00e5 l\u00e4ngden p\u00e5 GS1-prefixet.<\/li>\n<li>kontrollsiffra.<\/li>\n<\/ul>\n<p>Siffrorna formateras som: 0xxx xxxx eller 2xxx xxxx.<\/p>\n<figure style=\"width: 119px\" class=\"wp-caption alignleft\"><img decoding=\"async\" src=\"http:\/\/www.labeljoy.com\/images\/barcodes\/ean8_symbol.png\" alt=\"EAN-8 symbol\" width=\"129\" height=\"148\" \/><figcaption class=\"wp-caption-text\">EAN-8 symbol<\/figcaption><\/figure>\n<h2>Skapande av en EAN-8-streckkod<\/h2>\n<p>Labeljoys EAN-8-streckkodsgenerator kr\u00e4ver att du anger 7 siffror f\u00f6r att generera EAN-8-streckkoden.<br \/>\nAnge de 7 siffrorna i textrutan och klicka p\u00e5 F\u00f6rhandsgranska: Labeljoy visar dig om kodningen f\u00f6r EAN-8-koden \u00e4r korrekt.<br \/>\nDen \u00e5ttonde siffran (eller kontrollsiffran) ber\u00e4knas automatiskt.<\/p>\n<div class=\"column-clear\"><\/div>\n<h3>CODE 8-symbolik i Labeljoy<\/h3>\n<p><strong>EAN-8-streckkoder kan ocks\u00e5 koda 2 eller 5 ytterligare siffror<\/strong>. Ange de ytterligare siffrorna i den h\u00f6gra textrutan.<br \/>\n<div class=\"one_half\">\n<figure style=\"width: 177px\" class=\"wp-caption aligncenter\"><img decoding=\"async\" src=\"http:\/\/www.labeljoy.com\/images\/barcodes\/ean8_2_digit.png\" alt=\"EAN-8 2-digit \" width=\"187\" height=\"148\" \/><figcaption class=\"wp-caption-text\">EAN-8 med ett 2-siffrigt till\u00e4gg<\/figcaption><\/figure>\n<\/div>\n<div class=\"one_half\">\n<p><img decoding=\"async\" width=\"240\" height=\"148\" src=\"http:\/\/www.labeljoy.com\/images\/barcodes\/ean8_5_digit.png\" alt=\"EAN-8 5-digit\" \/><\/p>\n<\/div>\n<div class=\"tt-notification tip\"><p style=\"font-size:12px;\"> Textkonkatenering:<br \/>\nOm en EAN-8-streckkod genereras genom att l\u00e4nka f\u00e4lt eller r\u00e4knare g\u00e4ller f\u00f6ljande regler:<\/p>\n<ul class=\"barcode-ul\">\n<li>F\u00f6r huvudstreckkoden beaktas endast de f\u00f6rsta 7 siffrorna som hittas.<\/li>\n<li>F\u00f6r till\u00e4gget kr\u00e4vs ett bindestreck (-) som separator f\u00f6ljt av 2 eller 5 siffror<\/li>\n<\/ul>\n<p>Om ett v\u00e4rde hittas som inte f\u00f6ljer ovanst\u00e5ende regler kommer streckkoden inte att visas.<br \/>\n<\/p><\/div>\nDen visuellt l\u00e4sbara texten kan ocks\u00e5 visas ovanf\u00f6r symbolen eller d\u00f6ljas, beroende p\u00e5 inst\u00e4llningen som anges i kombinationsrutan Text.<br \/>\n<div class=\"one_half\">\n<figure style=\"width: 119px\" class=\"wp-caption aligncenter\"><img decoding=\"async\" src=\"http:\/\/www.labeljoy.com\/images\/barcodes\/ean8_text_above.png\" alt=\"EAN-8 text above the symbol\" width=\"129\" height=\"148\" \/><figcaption class=\"wp-caption-text\">EAN-8 med text ovanf\u00f6r symbolen<\/figcaption><\/figure>\n<\/div>\n<div class=\"one_half\">\n<figure style=\"width: 119px\" class=\"wp-caption aligncenter\"><img decoding=\"async\" src=\"http:\/\/www.labeljoy.com\/images\/barcodes\/ean8_hidden-text.png\" alt=\"EAN-8 hidden text\" width=\"129\" height=\"151\" \/><figcaption class=\"wp-caption-text\">EAN-8 med dold text<\/figcaption><\/figure>\n<\/div>\n<div class=\"column-clear\"><\/div>\n<p>Ange 7 siffror i Labeljoy f\u00f6r att generera streckkoden. Den \u00e5ttonde siffran (eller kontrollsiffran) ber\u00e4knas automatiskt.<\/p>\n<div class=\"hr hr-dotted\">&nbsp;<\/div>\n<div class=\"one_half\">\n<p style=\"text-align: center;\"><a href=\"\/purchase\/\" class=\"large blue tt-button\" target=\"_self\">K\u00f6p programvara f\u00f6r EAN 8-streckkoder<\/a>\n<\/div>\n<div class=\"one_half\">\n<p style=\"text-align: center;\"><a href=\"\/download\/\" class=\"large green tt-button\" target=\"_self\"> Ladda ner gratisversion <\/a>\n<\/div>\n","protected":false},"excerpt":{"rendered":"<p>EAN 8-streckkodsgenerator En EAN 8 \u00e4r en streckkod som h\u00e4rstammar fr\u00e5n den l\u00e4ngre europeiska artikelnummerkoden (EAN-13). Den inf\u00f6rdes f\u00f6r anv\u00e4ndning p\u00e5 sm\u00e5 f\u00f6rpackningar d\u00e4r en EAN-13-streckkod skulle bli f\u00f6r l\u00e5ng, till exempel p\u00e5 cigarettpaket, pennor eller tuggummif\u00f6rpackningar. En EAN 8-streckkod best\u00e5r av: 2- eller 3-siffrigt GS1-prefix (tilldelat varje nationell GS1-myndighet). 4- eller 5-siffrigt referenselement beroende &#8230; <a title=\"EAN 8\" class=\"read-more\" href=\"https:\/\/www.labeljoy.com\/sv\/stod\/streckkod\/ean-8\/\" aria-label=\"L\u00e4s mer om EAN 8\">Read more<\/a><\/p>\n","protected":false},"author":1,"featured_media":0,"parent":5503,"menu_order":0,"comment_status":"closed","ping_status":"closed","template":"","meta":{"inline_featured_image":false,"_monsterinsights_skip_tracking":false,"_monsterinsights_sitenote_active":false,"_monsterinsights_sitenote_note":"","_monsterinsights_sitenote_category":0,"footnotes":""},"class_list":{"0":"post-45410","1":"page","2":"type-page","3":"status-publish","5":"infinite-scroll-item"},"aioseo_notices":[],"_links":{"self":[{"href":"https:\/\/www.labeljoy.com\/sv\/wp-json\/wp\/v2\/pages\/45410","targetHints":{"allow":["GET"]}}],"collection":[{"href":"https:\/\/www.labeljoy.com\/sv\/wp-json\/wp\/v2\/pages"}],"about":[{"href":"https:\/\/www.labeljoy.com\/sv\/wp-json\/wp\/v2\/types\/page"}],"author":[{"embeddable":true,"href":"https:\/\/www.labeljoy.com\/sv\/wp-json\/wp\/v2\/users\/1"}],"replies":[{"embeddable":true,"href":"https:\/\/www.labeljoy.com\/sv\/wp-json\/wp\/v2\/comments?post=45410"}],"version-history":[{"count":1,"href":"https:\/\/www.labeljoy.com\/sv\/wp-json\/wp\/v2\/pages\/45410\/revisions"}],"predecessor-version":[{"id":45411,"href":"https:\/\/www.labeljoy.com\/sv\/wp-json\/wp\/v2\/pages\/45410\/revisions\/45411"}],"up":[{"embeddable":true,"href":"https:\/\/www.labeljoy.com\/sv\/wp-json\/wp\/v2\/pages\/5503"}],"wp:attachment":[{"href":"https:\/\/www.labeljoy.com\/sv\/wp-json\/wp\/v2\/media?parent=45410"}],"curies":[{"name":"wp","href":"https:\/\/api.w.org\/{rel}","templated":true}]}}