{"id":45417,"date":"2020-09-14T08:54:42","date_gmt":"2020-09-14T08:54:42","guid":{"rendered":"https:\/\/www.labeljoy.com\/stod\/hur-att\/how-to-generate-sscc-18-barcodes\/"},"modified":"2026-05-01T08:22:10","modified_gmt":"2026-05-01T08:22:10","slug":"how-to-generate-sscc-18-barcodes","status":"publish","type":"page","link":"https:\/\/www.labeljoy.com\/sv\/stod\/hur-att\/how-to-generate-sscc-18-barcodes\/","title":{"rendered":"S\u00e5 h\u00e4r skapar du SSCC-18-streckkoder"},"content":{"rendered":"<h2>Skapa en SSCC-18-streckkod<\/h2>\n<div class=\"lyte-wrapper\" title=\"Learning GS1 Barcodes with Labeljoy\" style=\"width:640px;max-width:100%;margin:5px;\"><div class=\"lyMe\" id=\"WYL_rf4KI70yz-E\" itemprop=\"video\" itemscope itemtype=\"https:\/\/schema.org\/VideoObject\"><div><meta itemprop=\"thumbnailUrl\" content=\"https:\/\/www.labeljoy.com\/wp-content\/plugins\/wp-youtube-lyte\/lyteCache.php?origThumbUrl=https%3A%2F%2Fi.ytimg.com%2Fvi%2Frf4KI70yz-E%2Fhqdefault.jpg\" \/><meta itemprop=\"embedURL\" content=\"https:\/\/www.youtube.com\/embed\/rf4KI70yz-E\" \/><meta itemprop=\"duration\" content=\"PT1M16S\" \/><meta itemprop=\"uploadDate\" content=\"2020-10-06T22:03:35Z\" \/><\/div><div id=\"lyte_rf4KI70yz-E\" data-src=\"https:\/\/www.labeljoy.com\/wp-content\/plugins\/wp-youtube-lyte\/lyteCache.php?origThumbUrl=https%3A%2F%2Fi.ytimg.com%2Fvi%2Frf4KI70yz-E%2Fhqdefault.jpg\" class=\"pL\"><div class=\"tC\"><div class=\"tT\" itemprop=\"name\">Learning GS1 Barcodes with Labeljoy<\/div><\/div><div class=\"play\"><\/div><div class=\"ctrl\"><div class=\"Lctrl\"><\/div><div class=\"Rctrl\"><\/div><\/div><\/div><noscript><a href=\"https:\/\/youtu.be\/rf4KI70yz-E\" rel=\"nofollow\"><img decoding=\"async\" src=\"https:\/\/www.labeljoy.com\/wp-content\/plugins\/wp-youtube-lyte\/lyteCache.php?origThumbUrl=https%3A%2F%2Fi.ytimg.com%2Fvi%2Frf4KI70yz-E%2F0.jpg\" alt=\"Learning GS1 Barcodes with Labeljoy\" width=\"640\" height=\"340\" \/><br \/>Watch this video on YouTube<\/a><\/noscript><meta itemprop=\"description\" content=\"In this video, John shows us how to use GS1 codes for our shipments, prints your GS1 labels with Labeljoy, and applies them to your products, packaging, and pallets. Learn more about GS1 Barcodes: https:\/\/www.labeljoy.com\/support\/how-to\/generate-gs1-128-barcodes\/ Credits Vector Pictures : Vecteezy.com - freevector.com\"><\/div><\/div><div class=\"lL\" style=\"max-width:100%;width:640px;margin:5px;\"><\/div>\n<div class=\"lj-video-button hide\">\n  <a href=\"https:\/\/www.youtube.com\/embed\/rf4KI70yz-E?rel=0&autoplay=1\" data-featherlight=\"iframe\" data-featherlight-iframe-width=\"800\" data-featherlight-iframe-height=\"610\" data-featherlight-iframe-frameborder=\"0\" data-featherlight-iframe-allow=\"autoplay; encrypted-media\" data-featherlight-iframe-allowfullscreen=\"true\" title=\"Spela upp handledning om SSCC-18-streckkoder\">Spela upp handledning om SSCC-18-streckkoder <i class=\"fa fa-play-circle fa-2x\"><\/i><\/a>\n<\/div>\n<p>B\u00f6rja med att skapa en ny etikett som inneh\u00e5ller en SSCC-18-streckkod (Serial Shipping Container Code) som uppfyller GS1 AI 00. F\u00f6r att skapa denna streckkod beh\u00f6vs f\u00f6ljande information:<\/p>\n<ul>\n<li><strong>GS1-f\u00f6retagsprefixet<\/strong>. Denna information utf\u00e4rdas av den lokala GS1-myndigheten. L\u00e4ngden kan variera mellan 7 och 10 siffror.<\/li>\n<li><strong>Serienumret<\/strong>. Denna information kan vara valfritt nummer mellan 6 och 9 siffror.<\/li>\n<\/ul>\n<p>Som namnet antyder inneh\u00e5ller SSCC-18-symbolen 18 siffror organiserade enligt f\u00f6ljande:<\/p>\n<ul>\n<li><strong>Prefix<\/strong>: 1 siffra, fri anv\u00e4ndning. Kan anv\u00e4ndas f\u00f6r att ut\u00f6ka serienumret.<\/li>\n<li><strong>GS1-f\u00f6retagsprefixet<\/strong>: 7 till 10 siffror.<\/li>\n<li><strong>Serienumret<\/strong>: 6 till 9 siffror, beroende p\u00e5 l\u00e4ngden p\u00e5 GS1-f\u00f6retagsprefixet.<\/li>\n<li><strong>Kontrollsiffra<\/strong>: Modulo-10-kontrollsiffra, 1 siffra.<\/li>\n<\/ul>\n<p>I detta exempel antar vi att GS1-f\u00f6retagsprefixet \u00e4r f\u00f6ljande 8-siffriga nummer: 12345678. Leveransserienumret \u00e4r 4567.<br \/>\nF\u00f6r att omvandla denna information till en giltig SSCC-18-streckkod m\u00e5ste f\u00f6ljande information anges i Labeljoy:<\/p>\n<ul>\n<li><strong>(00)<\/strong>: SSCC-18-applikationsidentifieraren.<\/li>\n<li><strong>0<\/strong>: Prefix (serienumret beh\u00f6ver inte f\u00f6rl\u00e4ngas).<\/li>\n<li><strong>12345678<\/strong>: GS1-f\u00f6retagsprefix<\/li>\n<li><strong>00004567<\/strong>: serienummer. Detta nummer m\u00e5ste fyllas ut med nollor, eftersom SSCC-18-koden m\u00e5ste ha 18 siffror.<\/li>\n<li><strong>0<\/strong>: kontrollsiffra. Ange bara noll s\u00e5 ber\u00e4knar Labeljoy kontrollsiffran \u00e5t oss.<\/li>\n<\/ul>\n<p>Infoga den resulterande texten i Labeljoy: (00)012345678000045670:<\/p>\n<div><a class=\"hover-item\" href=\"http:\/\/www.labeljoy.com\/images\/how-to\/gs1-128\/image002.png\"><img decoding=\"async\" src=\"http:\/\/www.labeljoy.com\/images\/how-to\/gs1-128\/image002.png\" alt=\"Lablejoy GS1-128 creator\" width=\"636\" height=\"483\" \/><\/a><\/div>\n<p>Och detta \u00e4r den motsvarande streckkodssymbolen som genereras:<\/p>\n<p><a class=\"hover-item\" href=\"http:\/\/www.labeljoy.com\/images\/how-to\/gs1-128\/image003.png\"><img decoding=\"async\" class=\"aligncenter\" src=\"http:\/\/www.labeljoy.com\/images\/how-to\/gs1-128\/image003.png\" alt=\"SSCC-18 barcode\" width=\"285\" height=\"97\" \/><\/a><\/p>\n<p style=\"text-align: center;\"><a href=\"http:\/\/www.labeljoy.com\/images\/how-to\/gs1-128\/GS1-128a.lpa\" class=\"large green tt-button\" target=\"_self\"> Ladda ner denna Labeljoy-fil <\/a>\n<p>Som du kan se \u00e4r den sista siffran nu 8, eftersom det \u00e4r den korrekta kontrollsiffran enligt modulo-10.<br \/>\nObservera ocks\u00e5 att alternativet Kontrollera AI-sekvens \u00e4r inaktiverat, eftersom denna specifika AI \u00e4r oberoende av andra. Om vi hade aktiverat alternativet skulle ingenting ha f\u00f6r\u00e4ndrats \u00e4nd\u00e5.<\/p>\n<p><em>Krediter Vektorbilder i denna video: Vecteezy.com &#8211; freevector.com<\/em><\/p>\n<p style=\"text-align: center;\">Letar du efter en online-generator f\u00f6r SSCC-18-streckkoder?<\/p>\n<p style=\"text-align: center;\"><a class=\"large white tt-button\" title=\"Online SSCC-18 Barcode Generator\" href=\"https:\/\/www.labeljoy.com\/sv\/programvara-for-streckkodstryck\/\" target=\"_blank\" rel=\"noopener\">Prova den kostnadsfria SSCC-18-streckkodsgeneratorn <\/a><\/p>\n","protected":false},"excerpt":{"rendered":"<p>Skapa en SSCC-18-streckkod B\u00f6rja med att skapa en ny etikett som inneh\u00e5ller en SSCC-18-streckkod (Serial Shipping Container Code) som uppfyller GS1 AI 00. F\u00f6r att skapa denna streckkod beh\u00f6vs f\u00f6ljande information: GS1-f\u00f6retagsprefixet. Denna information utf\u00e4rdas av den lokala GS1-myndigheten. L\u00e4ngden kan variera mellan 7 och 10 siffror. Serienumret. Denna information kan vara valfritt nummer mellan &#8230; <a title=\"S\u00e5 h\u00e4r skapar du SSCC-18-streckkoder\" class=\"read-more\" href=\"https:\/\/www.labeljoy.com\/sv\/stod\/hur-att\/how-to-generate-sscc-18-barcodes\/\" aria-label=\"L\u00e4s mer om S\u00e5 h\u00e4r skapar du SSCC-18-streckkoder\">Read more<\/a><\/p>\n","protected":false},"author":2,"featured_media":0,"parent":5498,"menu_order":17,"comment_status":"closed","ping_status":"closed","template":"","meta":{"inline_featured_image":false,"_monsterinsights_skip_tracking":false,"_monsterinsights_sitenote_active":false,"_monsterinsights_sitenote_note":"","_monsterinsights_sitenote_category":0,"footnotes":""},"class_list":{"0":"post-45417","1":"page","2":"type-page","3":"status-publish","5":"infinite-scroll-item"},"aioseo_notices":[],"_links":{"self":[{"href":"https:\/\/www.labeljoy.com\/sv\/wp-json\/wp\/v2\/pages\/45417","targetHints":{"allow":["GET"]}}],"collection":[{"href":"https:\/\/www.labeljoy.com\/sv\/wp-json\/wp\/v2\/pages"}],"about":[{"href":"https:\/\/www.labeljoy.com\/sv\/wp-json\/wp\/v2\/types\/page"}],"author":[{"embeddable":true,"href":"https:\/\/www.labeljoy.com\/sv\/wp-json\/wp\/v2\/users\/2"}],"replies":[{"embeddable":true,"href":"https:\/\/www.labeljoy.com\/sv\/wp-json\/wp\/v2\/comments?post=45417"}],"version-history":[{"count":1,"href":"https:\/\/www.labeljoy.com\/sv\/wp-json\/wp\/v2\/pages\/45417\/revisions"}],"predecessor-version":[{"id":45418,"href":"https:\/\/www.labeljoy.com\/sv\/wp-json\/wp\/v2\/pages\/45417\/revisions\/45418"}],"up":[{"embeddable":true,"href":"https:\/\/www.labeljoy.com\/sv\/wp-json\/wp\/v2\/pages\/5498"}],"wp:attachment":[{"href":"https:\/\/www.labeljoy.com\/sv\/wp-json\/wp\/v2\/media?parent=45417"}],"curies":[{"name":"wp","href":"https:\/\/api.w.org\/{rel}","templated":true}]}}