{"id":5497,"date":"2012-07-04T12:26:10","date_gmt":"2012-07-04T12:26:10","guid":{"rendered":"http:\/\/www.labeljoy.com\/support-2\/"},"modified":"2022-01-14T14:41:48","modified_gmt":"2022-01-14T14:41:48","slug":"stod","status":"publish","type":"page","link":"https:\/\/www.labeljoy.com\/sv\/stod\/","title":{"rendered":"Support"},"content":{"rendered":"<h2>Support<\/h2>\n<p><strong>Fullst\u00e4ndig kundn\u00f6jdhet \u00e4r Labeljoy&#8217;s huvudm\u00e5l. Labeljoy Support kommer att g\u00f6ra sitt b\u00e4sta att hj\u00e4lpa dig med alla dina etikettbehov inklusive \u00f6verl\u00e4gsen teknisk support.<\/strong><\/p>\n<p>Labeljoy Support kommer att g\u00f6ra sitt b\u00e4sta att hj\u00e4lpa dig med alla dina etikettbehov. Vi arbetar h\u00e5rt f\u00e5r att skapa den mest p\u00e5litliga etikett mjukvaran:<\/p>\n<p><em>Effektiva utskriftsl\u00f6sningar kr\u00e4ver effektivt support<\/em>.<\/p>\n<div class=\"hr hr-dotted\" style=\"height: 30px\"><\/div>\n<h2>Tickets<\/h2>\n<div class=\"one_half\"><a class=\"tt-icon icon-new-ticket\" style=\"padding-left: 72px\" title=\"\u00d6ppna en ny biljett\" href=\"http:\/\/www.labeljoy.com\/tickets\/open.php?lang=sv\" target=\"_blank\" rel=\"noopener\"><strong>\u00d6PPNA EN NY BILJETT<\/strong><br \/>\natt skicka n\u00e5gon f\u00f6rfr\u00e5gan och informationer.<\/a><\/div>\n<div class=\"one_half\"><a class=\"tt-icon icon-check-ticket\" style=\"padding-left: 72px\" title=\"Kontrollera status\" href=\"http:\/\/www.labeljoy.com\/tickets\/view.php?lang=sv\" target=\"_blank\" rel=\"noopener\"><strong>KONTROLLERA STATUS <\/strong><br \/>\ndina tidigare ans\u00f6kningar.<\/a><\/div>\n<div class=\"hr hr-dotted\"><\/div>\n<p>F\u00f6r varje behov \u00e4r v\u00e5r personal tillg\u00e4nglig och beredd att s\u00e4kerst\u00e4lla att din upplevelse med v\u00e5r mjukvara \u00e4r s\u00e5 enkel och trevlig som m\u00f6jligt. We erbjuder \u00e4ven olika typer av information.<\/p>\n<p>Vi rekommenderar alltid till v\u00e5ra anv\u00e4ndare att titta igenom v\u00e5r <a title=\"FAQ\" href=\"http:\/\/www.labeljoy.com\/sv\/stod\/faq-sv\/\">FAQ<\/a> f\u00f6r att l\u00f6sa vanliga bekymmer, din fr\u00e5ga kan redan ha svarats p\u00e5.<\/p>\n<p>Om du fortfarande har fr\u00e5gor, kommentarer eller buggar att rapportera, v\u00e4nligen <a title=\"kontakt\" href=\"http:\/\/www.labeljoy.com\/sv\/stod\/kontakt-sv\/\">Kontakta oss<\/a> och skicka oss ett meddelande med f\u00f6ljande info:<\/p>\n<ul>\n<li>Produktversion (se \u201cOm\u201d dialogboxen)<\/li>\n<li>Operativsystem version<\/li>\n<li>Problembeskrivning (s\u00e5 m\u00e5nga detaljer som m\u00f6jligt s\u00e5 vi kan duplicera problemet)<\/li>\n<\/ul>\n<p>&nbsp;<\/p>\n<p>Om du har <strong>kommentarer eller f\u00f6rslag<\/strong> f\u00f6r framtida sl\u00e4pp, tveka inte att h\u00f6ra av dig till oss <a title=\"kontakt\" href=\"\/suggestions\/\">via e-post<\/a>.<\/p>\n<p>&nbsp;<\/p>\n<p>&nbsp;<\/p>\n","protected":false},"excerpt":{"rendered":"<p>Support Fullst\u00e4ndig kundn\u00f6jdhet \u00e4r Labeljoy&#8217;s huvudm\u00e5l. Labeljoy Support kommer att g\u00f6ra sitt b\u00e4sta att hj\u00e4lpa dig med alla dina etikettbehov inklusive \u00f6verl\u00e4gsen teknisk support. Labeljoy Support kommer att g\u00f6ra sitt b\u00e4sta att hj\u00e4lpa dig med alla dina etikettbehov. Vi arbetar h\u00e5rt f\u00e5r att skapa den mest p\u00e5litliga etikett mjukvaran: Effektiva utskriftsl\u00f6sningar kr\u00e4ver effektivt support. Tickets &#8230; <a title=\"Support\" class=\"read-more\" href=\"https:\/\/www.labeljoy.com\/sv\/stod\/\" aria-label=\"L\u00e4s mer om Support\">Read more<\/a><\/p>\n","protected":false},"author":1,"featured_media":0,"parent":0,"menu_order":28,"comment_status":"open","ping_status":"closed","template":"","meta":{"inline_featured_image":false,"_monsterinsights_skip_tracking":false,"_monsterinsights_sitenote_active":false,"_monsterinsights_sitenote_note":"","_monsterinsights_sitenote_category":0,"footnotes":""},"class_list":{"0":"post-5497","1":"page","2":"type-page","3":"status-publish","5":"infinite-scroll-item"},"aioseo_notices":[],"_links":{"self":[{"href":"https:\/\/www.labeljoy.com\/sv\/wp-json\/wp\/v2\/pages\/5497","targetHints":{"allow":["GET"]}}],"collection":[{"href":"https:\/\/www.labeljoy.com\/sv\/wp-json\/wp\/v2\/pages"}],"about":[{"href":"https:\/\/www.labeljoy.com\/sv\/wp-json\/wp\/v2\/types\/page"}],"author":[{"embeddable":true,"href":"https:\/\/www.labeljoy.com\/sv\/wp-json\/wp\/v2\/users\/1"}],"replies":[{"embeddable":true,"href":"https:\/\/www.labeljoy.com\/sv\/wp-json\/wp\/v2\/comments?post=5497"}],"version-history":[{"count":12,"href":"https:\/\/www.labeljoy.com\/sv\/wp-json\/wp\/v2\/pages\/5497\/revisions"}],"predecessor-version":[{"id":32295,"href":"https:\/\/www.labeljoy.com\/sv\/wp-json\/wp\/v2\/pages\/5497\/revisions\/32295"}],"wp:attachment":[{"href":"https:\/\/www.labeljoy.com\/sv\/wp-json\/wp\/v2\/media?parent=5497"}],"curies":[{"name":"wp","href":"https:\/\/api.w.org\/{rel}","templated":true}]}}