{"id":5498,"date":"2012-07-26T12:21:48","date_gmt":"2012-07-26T12:21:48","guid":{"rendered":"http:\/\/www.labeljoy.com\/support\/how-to\/"},"modified":"2026-03-12T17:56:52","modified_gmt":"2026-03-12T17:56:52","slug":"hur-att","status":"publish","type":"page","link":"https:\/\/www.labeljoy.com\/sv\/stod\/hur-att\/","title":{"rendered":"Hur Att"},"content":{"rendered":"<h1>Labeljoy Hur Att.. Serie<\/h1>\n<p>I denna samling kan du l\u00e4tt hitta intuitiva <strong>instruktioner om hur att skapa<\/strong> olika typer av etiketter.<\/p>\n<p>We hj\u00e4lper dig att fullt ut f\u00f6rst\u00e5 de <a title=\"funktioner\" href=\"http:\/\/www.labeljoy.com\/sv\/funktioner\/\">professionella funktioner<\/a> i denna mjukvara och ger dig en <strong>praktisk guide<\/strong> med text och bilder.<\/p>\n<p>Vidare, s\u00e5 har vi video guider tillg\u00e4ngliga i <a title=\"Video guide\" href=\"http:\/\/www.labeljoy.com\/sv\/video-guide\/\">video sektionen<\/a>, som stegvis f\u00f6rklarar hur man nyttjar <strong>Labeljoy mjukvarans alla funktioner.<\/strong><\/p>\n<p>Du kan v\u00e4lja \u201chur att\u201d sektionen fr\u00e5n listan till v\u00e4nster. Vi \u00e4r s\u00e4kra p\u00e5 att du med hj\u00e4lp av dessa verktyg kan skapa alla typer av anpassade etiketter. Med Labeljoy kan du skapa <a title=\"mallar product label\" href=\"http:\/\/www.labeljoy.com\/sv\/mallar\/produktetiketten\/\">produkt etiketter<\/a>, <a title=\"mallar streckkod- ris tagg\" href=\"http:\/\/www.labeljoy.com\/sv\/mallar\/streckkod-pris-tagg\/\">prisskyltar<\/a>, <a title=\"visitkort mallar\" href=\"http:\/\/www.labeljoy.com\/sv\/mallar\/visitkort\/\">visitkort<\/a> och <a title=\"retursedlar mallar\" href=\"http:\/\/www.labeljoy.com\/sv\/mallar\/retursedlar\/\">retursedlar<\/a>.<\/p>\n<p>Du har m\u00f6jlighet att <a title=\"video generera streckkod qr kod\" href=\"http:\/\/www.labeljoy.com\/sv\/video-guide\/generera-streckkod-qr-kod\/\">l\u00e4gga till Qrkod och streckkod<\/a> i dina etiketter p\u00e5 bara ett par musklick. Do kan \u00e4ven koppla upp etikettf\u00e4lt med <a title=\"video koppla upp externa datakallor\" href=\"http:\/\/www.labeljoy.com\/sv\/video-guide\/koppla-upp-externa-datakallor\/\">externa databaser<\/a> som Excel, Outlook SQL.<\/p>\n<p><em><em>Med Labeljoy kan du skapa fantastiska anpassade professionella och amat\u00f6retiketter<\/em><\/em><em>!<\/em><\/p>\n","protected":false},"excerpt":{"rendered":"<p>Labeljoy Hur Att.. Serie I denna samling kan du l\u00e4tt hitta intuitiva instruktioner om hur att skapa olika typer av etiketter. We hj\u00e4lper dig att fullt ut f\u00f6rst\u00e5 de professionella funktioner i denna mjukvara och ger dig en praktisk guide med text och bilder. Vidare, s\u00e5 har vi video guider tillg\u00e4ngliga i video sektionen, som &#8230; <a title=\"Hur Att\" class=\"read-more\" href=\"https:\/\/www.labeljoy.com\/sv\/stod\/hur-att\/\" aria-label=\"L\u00e4s mer om Hur Att\">Read more<\/a><\/p>\n","protected":false},"author":1,"featured_media":0,"parent":5497,"menu_order":0,"comment_status":"closed","ping_status":"closed","template":"","meta":{"inline_featured_image":false,"_monsterinsights_skip_tracking":false,"_monsterinsights_sitenote_active":false,"_monsterinsights_sitenote_note":"","_monsterinsights_sitenote_category":0,"footnotes":""},"class_list":{"0":"post-5498","1":"page","2":"type-page","3":"status-publish","5":"infinite-scroll-item"},"aioseo_notices":[],"_links":{"self":[{"href":"https:\/\/www.labeljoy.com\/sv\/wp-json\/wp\/v2\/pages\/5498","targetHints":{"allow":["GET"]}}],"collection":[{"href":"https:\/\/www.labeljoy.com\/sv\/wp-json\/wp\/v2\/pages"}],"about":[{"href":"https:\/\/www.labeljoy.com\/sv\/wp-json\/wp\/v2\/types\/page"}],"author":[{"embeddable":true,"href":"https:\/\/www.labeljoy.com\/sv\/wp-json\/wp\/v2\/users\/1"}],"replies":[{"embeddable":true,"href":"https:\/\/www.labeljoy.com\/sv\/wp-json\/wp\/v2\/comments?post=5498"}],"version-history":[{"count":6,"href":"https:\/\/www.labeljoy.com\/sv\/wp-json\/wp\/v2\/pages\/5498\/revisions"}],"predecessor-version":[{"id":45186,"href":"https:\/\/www.labeljoy.com\/sv\/wp-json\/wp\/v2\/pages\/5498\/revisions\/45186"}],"up":[{"embeddable":true,"href":"https:\/\/www.labeljoy.com\/sv\/wp-json\/wp\/v2\/pages\/5497"}],"wp:attachment":[{"href":"https:\/\/www.labeljoy.com\/sv\/wp-json\/wp\/v2\/media?parent=5498"}],"curies":[{"name":"wp","href":"https:\/\/api.w.org\/{rel}","templated":true}]}}