{"id":5500,"date":"2012-07-26T12:22:23","date_gmt":"2012-07-26T12:22:23","guid":{"rendered":"http:\/\/www.labeljoy.com\/support\/how-to\/how-to-create-your-own-business-cards\/"},"modified":"2022-12-15T11:11:58","modified_gmt":"2022-12-15T11:11:58","slug":"skapa-visitkort","status":"publish","type":"page","link":"https:\/\/www.labeljoy.com\/sv\/stod\/hur-att\/skapa-visitkort\/","title":{"rendered":"Skapa egna Visitkort"},"content":{"rendered":"<h1>Hur att skapa egna Visitkort<\/h1>\n<p>Om du beh\u00f6ver designa och skriva ut dina egna visitkort, \u00e4r Labeljoy det r\u00e4tta verktyget att anv\u00e4nda. Det \u00e4r bara att f\u00f6lja de kommande tipsen och du kommer inom kort kunna skriva ut hur m\u00e5nga visitkort du beh\u00f6ver n\u00e4r du beh\u00f6ver dom.<\/p>\n<p><a class=\"hover-item\" data-gal=\"prettyPhoto [visitkort]\" href=\"http:\/\/www.labeljoy.com\/images\/how-to\/business-card\/sv\/image002.jpg\"><img decoding=\"async\" width=\"1500\" height=\"798\" src=\"http:\/\/www.labeljoy.com\/images\/how-to\/business-card\/sv\/image002.jpg\" alt=\"\u041f\u0440\u0438\u043c\u0435\u0440 \u0432\u0438\u0437\u0438\u0442\u043d\u043e\u0439 \u043a\u0430\u0440\u0442\u043e\u0447\u043a\u0438\" style=\"max-width: 550px;\"><\/a><\/p>\n<p>&nbsp;<\/p>\n<h2>1 \u2013 V\u00e4lja r\u00e4tt storlek<\/h2>\n<p>F\u00f6rst beh\u00f6ver vi definiera storleken f\u00f6r v\u00e5ra visitkort. En storlek av 9.6 med 6.1 cm (ungef\u00e4r 3 \u00be med 2 \u215c tum) anses vara standard, men valet beror I verkligheten mest p\u00e5 vilket typ av papper du kommer att skriva ut p\u00e5. Om du v\u00e4ljer en f\u00f6r-klippt visitkort papper kommer du \u00e4ven beh\u00f6va v\u00e4lja r\u00e4tt layout fr\u00e5n Labeljoys layout bibliotek. Annars kan, du ocks\u00e5 skriva ut p\u00e5 standard visitkort papper som du sj\u00e4lv kommer att klippa ut efter utskrivningen.<\/p>\n<p>Oavsett, s\u00e5 \u00e4r det f\u00f6rsta vi ska g\u00f6ra att \u00f6ppna Layout f\u00f6nstret:<\/p>\n<p><a class=\"hover-item\" data-gal=\"prettyPhoto [visitkort]\" href=\"http:\/\/www.labeljoy.com\/images\/how-to\/business-card\/sv\/image004.jpg\"><img decoding=\"async\" width=\"700\" height=\"456\" src=\"http:\/\/www.labeljoy.com\/images\/how-to\/business-card\/sv\/image004.jpg\" alt=\"\u0412\u044b\u0431\u0435\u0440\u0438\u0442\u0435 \u043c\u0430\u043a\u0435\u0442\"><\/a><\/p>\n<p>Om du arbetar med ett specifikt f\u00f6r-klippt visitkort papper, anger du namnet (eller en del av det) I text boxen och klicka p\u00e5 S\u00f6k. En lista visas sedan med samtliga tillg\u00e4ngliga papperslayouter som matchar texten du angav. V\u00e4lj r\u00e4tt layout och klicka p\u00e5 OK.<\/p>\n<p>Om du arbetar med vanlig, oklippt papper och du vill fritt ange visitkort storleken beh\u00f6ver du klippa p\u00e5 <em>Anpassa<\/em> fliken:<\/p>\n<p><a class=\"hover-item\" data-gal=\"prettyPhoto [visitkort]\" href=\"http:\/\/www.labeljoy.com\/images\/how-to\/business-card\/sv\/image006.jpg\"><img decoding=\"async\" width=\"700\" height=\"456\" src=\"http:\/\/www.labeljoy.com\/images\/how-to\/business-card\/sv\/image006.jpg\" alt=\"\u0423\u0441\u0442\u0430\u043d\u043e\u0432\u043a\u0430 \u043f\u043e\u043b\u044c\u0437\u043e\u0432\u0430\u0442\u0435\u043b\u044c\u0441\u043a\u0438\u0445 \u043c\u0430\u043a\u0435\u0442\u0430\"><\/a><\/p>\n<p>Denna sk\u00e4rm l\u00e5ter dig ange pappersstorlek, marginaler, v\u00e5gr\u00e4tt och lodr\u00e4tt avst\u00e5nd, antal kolumner och rader som definierar omr\u00e5det d\u00e4r varje visitkort kommer att skrivas ut p\u00e5. H\u00f6ger ruta visar dig en f\u00f6rhandsgranskning och slutliga visitkort storleken visas I den nedre sektionen d\u00e4r du \u00e4ven hittar <em>Etikett storlek<\/em> texten. Ange dina parametrar h\u00e4r.<\/p>\n<p>En sak att vara extra noga med \u00e4r <em>gr\u00e4nslinje tolerans<\/em> parametern. Denna v\u00e4rde definierar vilken m\u00e4ngd <em>bl\u00f6dning<\/em> som \u00e4r till\u00e5tet till varje position. Om du planerar att ha en bakgrundsf\u00e4rg eller placera element n\u00e4ra kanten, kan du ange tolerans som en korrektionsmekanism som kompenserar f\u00f6r ov\u00e4ntade pappersfluktueringar under utskriftsprocessen.<\/p>\n<p>Slutligen, om du skriver ut p\u00e5 oklippt papper kan det vara klokt att skriva ut sk\u00e4r m\u00e4rken som hj\u00e4lper dit klippa noggrant. \u00d6ppna A<em>lternativ<\/em> f\u00f6nstret och klicka p\u00e5 <em>Skriv ut<\/em> fliken:<\/p>\n<p><a class=\"hover-item\" data-gal=\"prettyPhoto [visitkort]\" href=\"http:\/\/www.labeljoy.com\/images\/how-to\/business-card\/sv\/image008.jpg\"><img decoding=\"async\" width=\"700\" height=\"456\" src=\"http:\/\/www.labeljoy.com\/images\/how-to\/business-card\/sv\/image008.jpg\" alt=\"\u0426\u0432\u0435\u0442 \u043d\u0430\u0431\u043e\u0440 \u0432\u0438\u0437\u0438\u0442\u043d\u0430\u044f \u043a\u0430\u0440\u0442\u043e\u0447\u043a\u0430\"><\/a><\/p>\n<p>Ange vilken typ av sk\u00e4r m\u00e4rken du beh\u00f6ver samt f\u00e4rgen. Klicka p\u00e5 OK f\u00f6r att till\u00e4mpa inst\u00e4llningar.<\/p>\n<p>Du \u00e4r nu redo att b\u00f6rja designa dina egna visitkort.<\/p>\n<p>&nbsp;<\/p>\n<h2>2 \u2013 Infoga text element<\/h2>\n<p>Nu n\u00e4r du har angett din sidolayout beh\u00f6ver du b\u00f6rja l\u00e4gga till andra element till dina visitkort.<\/p>\n<p>H\u00e4r f\u00f6ljer n\u00e5gra v\u00e4gvisare som kan hj\u00e4lpa dig att v\u00e4lja r\u00e4tt stil:<\/p>\n<ul>\n<li>H\u00e5ll avst\u00e5nd fr\u00e5n kanterna till ungef\u00e4r 0.5cm (\u00bc tum)<\/li>\n<li>Undvik att anv\u00e4nda text mindre \u00e4n 6px storlek om du vill att dina kontakter ska hitta din information l\u00e4tt.<\/li>\n<li>Namn och\/eller f\u00f6retag skall vara minst 12px I storlek.<\/li>\n<li>Skala upp text storleken om du har en m\u00f6rk bakgrund.<\/li>\n<li>H\u00e5ll det enkelt.<\/li>\n<\/ul>\n<p>F\u00f6rst, s\u00e4kerst\u00e4ll att du raderar befintliga element som kanske lades till automatisk av Labeljoy, f\u00f6r att f\u00e5 en blank yta:<\/p>\n<p><a class=\"hover-item\" data-gal=\"prettyPhoto [visitkort]\" href=\"http:\/\/www.labeljoy.com\/images\/how-to\/business-card\/sv\/image010.jpg\"><img decoding=\"async\" width=\"1289\" height=\"795\" src=\"http:\/\/www.labeljoy.com\/images\/how-to\/business-card\/sv\/image010.jpg\" alt=\"\u0414\u043e\u0431\u0430\u0432\u043b\u0435\u043d\u0438\u0435 \u0442\u0435\u043a\u0441\u0442\u043e\u0432\u044b\u0445 \u044d\u043b\u0435\u043c\u0435\u043d\u0442\u043e\u0432\"><\/a><\/p>\n<p>Nu l\u00e4gger vi till ett namn till visitkortet: klicka p\u00e5 <em>Text<\/em> verktyget I v\u00e4nstra toolboxen och rita en rektangel omr\u00e5de p\u00e5 ett av visitkorten. Sl\u00e4pp v\u00e4nster musknapp och en ny text kommer att infogas p\u00e5 alla visitkort:<\/p>\n<p><a class=\"hover-item\" data-gal=\"prettyPhoto [visitkort]\" href=\"http:\/\/www.labeljoy.com\/images\/how-to\/business-card\/sv\/image012.jpg\"><img decoding=\"async\" width=\"512\" height=\"427\" src=\"http:\/\/www.labeljoy.com\/images\/how-to\/business-card\/sv\/image012.jpg\" alt=\"\u0414\u043e\u0431\u0430\u0432\u0438\u0442\u044c \u0442\u0435\u043a\u0441\u0442 \u0432 \u0431\u0438\u0437\u043d\u0435\u0441-\u043c\u0430\u0448\u0438\u043d\u0435\"><\/a><\/p>\n<p>Nu beh\u00f6ver vi ange r\u00e4tt information och redigera text utseende. Dubbelklicka p\u00e5 ditt nya text element f\u00f6r att f\u00e5 upp dess egenskapsf\u00f6nster.<\/p>\n<p>OBS: Beroende p\u00e5 inst\u00e4llningar som du hittar under <em>Alternativ<\/em> \u2013 <em>Huvud <\/em>flik \u2013 <em>Visa redigerare efter objekt infogning<\/em>, kan egenskapsf\u00f6nster automatiskt dyka upp varje g\u00e5ng du l\u00e4gger till en ny objekt. Om det inte g\u00f6r det s\u00e5 dubbelklickar du p\u00e5 elementet f\u00f6r att redigera dess utseende.<\/p>\n<p>V\u00e4lj <em>Text<\/em> fliken och ers\u00e4tt befintlig text med ditt namn.<\/p>\n<p><a class=\"hover-item\" data-gal=\"prettyPhoto [visitkort]\" href=\"http:\/\/www.labeljoy.com\/images\/how-to\/business-card\/sv\/image014.jpg\"><img decoding=\"async\" width=\"700\" height=\"456\" src=\"http:\/\/www.labeljoy.com\/images\/how-to\/business-card\/sv\/image014.jpg\" alt=\"\u041d\u0430\u043f\u0438\u0441\u0430\u0442\u044c \u0442\u0435\u043a\u0441\u0442\"><\/a><\/p>\n<p>V\u00e4lj <em>Typsnitt<\/em> fliken och ange typsnitt egenskaper s\u00e5som typsnittsnamn, storlek, fetstilad och text inriktning.<\/p>\n<p><a class=\"hover-item\" data-gal=\"prettyPhoto [visitkort]\" href=\"http:\/\/www.labeljoy.com\/images\/how-to\/business-card\/sv\/image016.jpg\"><img decoding=\"async\" width=\"700\" height=\"456\" src=\"http:\/\/www.labeljoy.com\/images\/how-to\/business-card\/sv\/image016.jpg\" alt=\"\u0423\u0441\u0442\u0430\u043d\u043e\u0432\u043a\u0430 \u0442\u0435\u043a\u0441\u0442\u0430 \u043f\u0435\u0440\u0441\u043e\u043d\u0430\u043b\u0438\u0437\u0438\u0440\u043e\u0432\u0430\u0442\u044c \u0412\u0438\u0437\u0438\u0442\u043d\u0430\u044f \u043a\u0430\u0440\u0442\u043e\u0447\u043a\u0430\"><\/a><\/p>\n<p>V\u00e4lj F<em>yllningsf\u00e4rg<\/em> fliken och definiera en textf\u00e4rg:<\/p>\n<p><a class=\"hover-item\" data-gal=\"prettyPhoto [visitkort]\" href=\"http:\/\/www.labeljoy.com\/images\/how-to\/business-card\/sv\/image018.jpg\"><img decoding=\"async\" width=\"700\" height=\"456\" src=\"http:\/\/www.labeljoy.com\/images\/how-to\/business-card\/sv\/image018.jpg\" alt=\"\u0426\u0432\u0435\u0442 \u044d\u043b\u0435\u043c\u0435\u043d\u0442\u043e\u0432 \u0442\u0435\u043a\u0441\u0442\u0430\"><\/a><\/p>\n<p>Slutligen klickar du p\u00e5 OK f\u00f6r att till\u00e4mpa de nya inst\u00e4llningar:<\/p>\n<p><a class=\"hover-item\" data-gal=\"prettyPhoto [visitkort]\" href=\"http:\/\/www.labeljoy.com\/images\/how-to\/business-card\/sv\/image020.jpg\"><img decoding=\"async\" width=\"512\" height=\"427\" src=\"http:\/\/www.labeljoy.com\/images\/how-to\/business-card\/sv\/image020.jpg\" alt=\"\u0414\u043e\u0431\u0430\u0432\u043b\u0435\u043d\u0438\u0435 \u0442\u0435\u043a\u0441\u0442\u043e\u0432\u044b\u0445 \u044d\u043b\u0435\u043c\u0435\u043d\u0442\u043e\u0432\"><\/a><\/p>\n<p>Nu skapar vi en kopia p\u00e5 texten som vi la till genom att selektera det och anv\u00e4nda kopiera\/klistra in knappar som du hittar I toolboxen till h\u00f6ger (3e grupp fr\u00e5n ovan):<\/p>\n<p><a class=\"hover-item\" data-gal=\"prettyPhoto [visitkort]\" href=\"http:\/\/www.labeljoy.com\/images\/how-to\/business-card\/sv\/image022.jpg\"><img decoding=\"async\" width=\"542\" height=\"436\" src=\"http:\/\/www.labeljoy.com\/images\/how-to\/business-card\/sv\/image022.jpg\" alt=\"\u041f\u043e\u0432\u0442\u043e\u0440\u044f\u044e\u0449\u0438\u0435\u0441\u044f \u0442\u0435\u043a\u0441\u0442\u043e\u0432\u044b\u0445 \u044d\u043b\u0435\u043c\u0435\u043d\u0442\u043e\u0432\"><\/a><\/p>\n<p>Genom att anv\u00e4nda en kopia p\u00e5 f\u00f6rsta texten kan vi l\u00e4gga till adressinformation medan vi beh\u00e5ller utseendet fr\u00e5n v\u00e5r f\u00f6rra format. Dubbelklicka p\u00e5 kopiera och \u00e4ndra texten genom att ange din adressinfo.<\/p>\n<p>G\u00e5 sedan till <em>Typsnitt<\/em> fliken och v\u00e4lj en mindre storlek samt ta bort <em>Fetstil<\/em>:<\/p>\n<p><a class=\"hover-item\" data-gal=\"prettyPhoto [visitkort]\" href=\"http:\/\/www.labeljoy.com\/images\/how-to\/business-card\/sv\/image024.jpg\"><img decoding=\"async\" width=\"511\" height=\"427\" src=\"http:\/\/www.labeljoy.com\/images\/how-to\/business-card\/sv\/image024.jpg\" alt=\"\u0410\u0434\u0440\u0435\u0441, \u043d\u0430 \u0432\u0438\u0437\u0438\u0442\u043d\u043e\u0439 \u043a\u0430\u0440\u0442\u043e\u0447\u043a\u0435\"><\/a><\/p>\n<p>Flytta de 2 text element till \u00f6nskad plats och anv\u00e4nd r\u00e4tning och storlek kommandon som du hittar I toolboxens nedre sektion f\u00f6r att s\u00e4kerst\u00e4lla noggrann positionering.<\/p>\n<p>Anv\u00e4nd samma kopiera\/klistra in handlingar nu n\u00e4r du ska l\u00e4gga till kontaktinformationen:<\/p>\n<p><a class=\"hover-item\" data-gal=\"prettyPhoto [visitkort]\" href=\"http:\/\/www.labeljoy.com\/images\/how-to\/business-card\/sv\/image026.jpg\"><img decoding=\"async\" width=\"513\" height=\"425\" src=\"http:\/\/www.labeljoy.com\/images\/how-to\/business-card\/sv\/image026.jpg\" alt=\"\u0414\u0430\u043d\u043d\u044b\u0435 \u043f\u043e \u043a\u0430\u0440\u0442\u0435\"><\/a><\/p>\n<p>&nbsp;<\/p>\n<h2>3 \u2013 Infoga logotyp<\/h2>\n<p>Klicka p\u00e5 <em>Infoga grafik <\/em>knappen I toolboxen och rita en rektangel I h\u00f6gre-\u00f6ver omr\u00e5det. Standard bilden infogas:<\/p>\n<p><a class=\"hover-item\" data-gal=\"prettyPhoto [visitkort]\" href=\"http:\/\/www.labeljoy.com\/images\/how-to\/business-card\/sv\/image028.jpg\"><img decoding=\"async\" width=\"512\" height=\"427\" src=\"http:\/\/www.labeljoy.com\/images\/how-to\/business-card\/sv\/image028.jpg\" alt=\"\u0414\u043e\u0431\u0430\u0432\u043b\u0435\u043d\u0438\u0435 \u043b\u043e\u0433\u043e\u0442\u0438\u043f\u0430\"><\/a><\/p>\n<p>I detta fall klickar vi <em>Fil<\/em> knappen I <em>Bild<\/em> fliken f\u00f6r att bl\u00e4ddra I datorfiler och hitta v\u00e5r f\u00f6retagslogga:<\/p>\n<p><a class=\"hover-item\" data-gal=\"prettyPhoto [visitkort]\" href=\"http:\/\/www.labeljoy.com\/images\/how-to\/business-card\/sv\/image030.jpg\"><img decoding=\"async\" width=\"700\" height=\"456\" src=\"http:\/\/www.labeljoy.com\/images\/how-to\/business-card\/sv\/image030.jpg\" alt=\"\u0412\u044b\u0431\u0435\u0440\u0438\u0442\u0435 \u043b\u043e\u0433\u043e\u0442\u0438\u043f \u0441 \u043a\u043e\u043c\u043f\u044c\u044e\u0442\u0435\u0440\u0430\"><\/a><\/p>\n<p>Flytta och \u00e4ndra storlek p\u00e5 logotypen f\u00f6r att det ska passa visitkortet p\u00e5 b\u00e4sta s\u00e4tt:<\/p>\n<p><a class=\"hover-item\" data-gal=\"prettyPhoto [visitkort]\" href=\"http:\/\/www.labeljoy.com\/images\/how-to\/business-card\/sv\/image032.jpg\"><img decoding=\"async\" width=\"513\" height=\"428\" src=\"http:\/\/www.labeljoy.com\/images\/how-to\/business-card\/sv\/image032.jpg\" alt=\"\u0412\u0438\u0437\u0438\u0442\u043d\u0430\u044f \u043a\u0430\u0440\u0442\u043e\u0447\u043a\u0430 \u0441 \u043b\u043e\u0433\u043e\u0442\u0438\u043f\u043e\u043c\"><\/a><\/p>\n<p>&nbsp;<\/p>\n<h2>4 \u2013 Grafiska f\u00f6rb\u00e4ttringar<\/h2>\n<p>All information finns nu p\u00e5 visitkortet. Hittills har allting gjorts enkelt och effektivt. Det \u00e4r dags att leka lite och g\u00f6ra kortet visuellt tilltalande.<\/p>\n<p>F\u00f6rst, l\u00e4gger vi till en separationslinje mellan \u00f6vre namnet och logo omr\u00e5det och nedre informationsomr\u00e5det. Vi g\u00f6r detta genom att l\u00e4gga till en ny <em>Grafisk<\/em> element, tar bort standardbilden och genom att arbeta med de parametrar man hittar under Linje fliken. F\u00e4rgen som linjen kommer att ha anger I <em>Fr\u00e4mre f\u00e4rg<\/em> fliken:<\/p>\n<p><a class=\"hover-item\" data-gal=\"prettyPhoto [visitkort]\" href=\"http:\/\/www.labeljoy.com\/images\/how-to\/business-card\/sv\/image034.jpg\"><img decoding=\"async\" width=\"700\" height=\"456\" src=\"http:\/\/www.labeljoy.com\/images\/how-to\/business-card\/sv\/image034.jpg\" alt=\"\u041b\u0438\u043d\u0438\u044f \u043d\u0430\u0431\u043e\u0440 \u043a\u0430\u0440\u0442\u044b\"><\/a><\/p>\n<p>I detta fall \u00e4r f\u00e4rgen som \u00e4r angett under <em>Fr\u00e4mre f\u00e4rg <\/em><em>\u201cJ\u201d <\/em>fr\u00e5n loggan. Klicka p\u00e5 OK f\u00f6r att till\u00e4mpa inst\u00e4llningarna och flytta p\u00e5 linjen s\u00e5 det skapar tv\u00e5 olika omr\u00e5den:<\/p>\n<p><a class=\"hover-item\" data-gal=\"prettyPhoto [visitkort]\" href=\"http:\/\/www.labeljoy.com\/images\/how-to\/business-card\/sv\/image036.jpg\"><img decoding=\"async\" width=\"514\" height=\"429\" src=\"http:\/\/www.labeljoy.com\/images\/how-to\/business-card\/sv\/image036.jpg\" alt=\"\u0413\u0440\u0430\u0444\u0438\u0447\u0435\u0441\u043a\u0438\u0435 \u0443\u0441\u043e\u0432\u0435\u0440\u0448\u0435\u043d\u0441\u0442\u0432\u043e\u0432\u0430\u043d\u0438\u044f\"><\/a><\/p>\n<p>Slutligen, anger vi en global bakgrundsf\u00e4rg f\u00f6r hela visitkortet med en subtil blekningseffekt.<\/p>\n<p>Dubbelklicka \u00f6vre-h\u00f6gre h\u00f6rnet I visitkortet (eller n\u00e5got annat tomt omr\u00e5de) f\u00f6r att f\u00e5 upp f\u00f6nstret f\u00f6r <em>Grupp<\/em> egenskaper. Selektera Bakgrundsf\u00e4rg fliken och aktivera <em>S\u00e4tt p\u00e5 bakf\u00e4rgen<\/em> check boxen. Klicka sedan p\u00e5 <em>Blekning<\/em> knappen f\u00f6r att aktivera visningen av kontroller du beh\u00f6ver f\u00f6r att s\u00e4tta en blekningsf\u00e4rg:<\/p>\n<p><a class=\"hover-item\" data-gal=\"prettyPhoto [visitkort]\" href=\"http:\/\/www.labeljoy.com\/images\/how-to\/business-card\/sv\/image038.jpg\"><img decoding=\"async\" width=\"700\" height=\"456\" src=\"http:\/\/www.labeljoy.com\/images\/how-to\/business-card\/sv\/image038.jpg\" alt=\"\u0426\u0432\u0435\u0442 \u0432\u0438\u0437\u0438\u0442\u043d\u043e\u0439 \u043a\u0430\u0440\u0442\u043e\u0447\u043a\u0438 \u0444\u043e\u043d\u043e\u0432\u044b\u0439\"><\/a><\/p>\n<p>Vi v\u00e4ljer en mycket l\u00e4tt bakgrund som skiljer sig fr\u00e5n den vita (v\u00e4nster sektion) till en mycket l\u00e4tt brun ton med en 45\u00b0 vinkel. Detta l\u00e4gger till en subtil ljuseffekt som kommer fr\u00e5n \u00f6vre h\u00f6gra h\u00f6rnet p\u00e5 visitkortet:<\/p>\n<p><a class=\"hover-item\" data-gal=\"prettyPhoto [visitkort]\" href=\"http:\/\/www.labeljoy.com\/images\/how-to\/business-card\/sv\/image040.jpg\"><img decoding=\"async\" width=\"513\" height=\"431\" src=\"http:\/\/www.labeljoy.com\/images\/how-to\/business-card\/sv\/image040.jpg\" alt=\"\u0413\u0440\u0430\u0444\u0438\u0447\u0435\u0441\u043a\u0438\u0435 \u0443\u0441\u043e\u0432\u0435\u0440\u0448\u0435\u043d\u0441\u0442\u0432\u043e\u0432\u0430\u043d\u0438\u044f\"><\/a><\/p>\n<p style=\"text-align: center\"><a href=\"http:\/\/www.labeljoy.com\/images\/how-to\/business-card\/businesscard1.lpa\" class=\"large green tt-button\" target=\"_self\"> Ladda ner denna Labeljoy fil <\/a>\n<p>&nbsp;<\/p>\n<h2>5 \u2013 QR Kod<\/h2>\n<p>Genom l\u00e4gga till en 2D streckkod till ditt visitkort ger du dina kunder m\u00f6jligheten att digitalisera din kontantinformation genom anv\u00e4ndning av en 2D streckkod skannar eller deras Smartphone. F\u00f6r att kunna g\u00f6ra det m\u00e5ste vi l\u00e4gga till en streckkod element till visitkortet samt koda r\u00e4tt typ av information.<\/p>\n<p>F\u00f6rst, flyttar vi runt saker f\u00f6r att skapa utrymme f\u00f6r v\u00e5r nya QR Kod symbol:<\/p>\n<p><a class=\"hover-item\" data-gal=\"prettyPhoto [visitkort]\" href=\"http:\/\/www.labeljoy.com\/images\/how-to\/business-card\/sv\/image042.jpg\"><img decoding=\"async\" width=\"512\" height=\"429\" src=\"http:\/\/www.labeljoy.com\/images\/how-to\/business-card\/sv\/image042.jpg\" alt=\"QR-\u043a\u043e\u0434 \u043f\u0440\u043e\u0441\u0442\u0440\u0430\u043d\u0441\u0442\u0432\u043e\"><\/a><\/p>\n<p>Sedan, genom anv\u00e4ndning av <em>Streckkod<\/em> knappen, l\u00e4gger vi till en streckkod element I det \u00f6vre-v\u00e4nstra omr\u00e5det:<\/p>\n<p><a class=\"hover-item\" data-gal=\"prettyPhoto [visitkort]\" href=\"http:\/\/www.labeljoy.com\/images\/how-to\/business-card\/sv\/image044.jpg\"><img decoding=\"async\" width=\"511\" height=\"423\" src=\"http:\/\/www.labeljoy.com\/images\/how-to\/business-card\/sv\/image044.jpg\" alt=\"\u0414\u043e\u0431\u0430\u0432\u0438\u0442\u044c QR-\u043a\u043e\u0434, \u0447\u0442\u043e\u0431\u044b \u0432\u0430\u0448\u0430 \u0432\u0438\u0437\u0438\u0442\u043d\u0430\u044f \u043a\u0430\u0440\u0442\u043e\u0447\u043a\u0430\"><\/a><\/p>\n<p>Dubbelklicka streckkod elementet f\u00f6r att ange dess attribut:<\/p>\n<p><a class=\"hover-item\" data-gal=\"prettyPhoto [visitkort]\" href=\"http:\/\/www.labeljoy.com\/images\/how-to\/business-card\/sv\/image046.jpg\"><img decoding=\"async\" width=\"700\" height=\"456\" src=\"http:\/\/www.labeljoy.com\/images\/how-to\/business-card\/sv\/image046.jpg\" alt=\"QR Code \u0414\u0430\u043d\u043d\u044b\u0435\"><\/a><\/p>\n<p>Som du kan see beh\u00f6ver vi f\u00f6rst selektera <em>QR Kod<\/em> fr\u00e5n symbollogi listan. Sedan, beh\u00f6ver vi l\u00e4gga till text inneh\u00e5llande v\u00e5r kontaktinformation, formaterad enligt VCARD standarden. Mer information kan hittas p\u00e5 <a href=\"http:\/\/en.wikipedia.org\/wiki\/VCard\">wikipedia<\/a>.<\/p>\n<p>Eftersom texten inneh\u00e5ller en del sm\u00e5 bokst\u00e4ver, kommer vi framtvinga <em>Byte<\/em> <em>(str\u00e4ng) <\/em>kodning som skapar en mindre symbol.<\/p>\n<p>Slutligen, eftersom bakgrunden p\u00e5 vilken streckkoden skall visas \u00e4r n\u00e4stan vit, kan vi lugnt avaktivera streckkodens standard vita bakgrund vilket g\u00f6r att symbolen b\u00e4ttre integreras med den befintliga blekningseffekten medan l\u00e4sbarheten inte p\u00e5verkas. G\u00e5 till <em>Bakgrundsf\u00e4rg<\/em> fliken och avaktivera <em>Aktivera bakgrundsf\u00e4rg<\/em> checkboxen.<\/p>\n<p>Klicka p\u00e5 OK f\u00f6r att spara \u00e4ndringarna.<\/p>\n<p>Flytta runt och byt storlek p\u00e5 symbolen f\u00f6r att det ska passa din befintliga design. Kom ih\u00e5g att s\u00e4kerst\u00e4lla l\u00e4sbarheten genom att inte g\u00f6ra symbolen f\u00f6r liten.<\/p>\n<p><a class=\"hover-item\" data-gal=\"prettyPhoto [visitkort]\" href=\"http:\/\/www.labeljoy.com\/images\/how-to\/business-card\/sv\/image048.jpg\"><img decoding=\"async\" width=\"513\" height=\"425\" src=\"http:\/\/www.labeljoy.com\/images\/how-to\/business-card\/sv\/image048.jpg\" alt=\"\u0412\u0438\u0437\u0438\u0442\u043d\u0430\u044f \u043a\u0430\u0440\u0442\u043e\u0447\u043a\u0430 \u0441 QR-\u043a\u043e\u0434\"><\/a><\/p>\n<p style=\"text-align: center\"><a href=\"http:\/\/www.labeljoy.com\/images\/how-to\/business-card\/businesscard2.lpa\" class=\"large green tt-button\" target=\"_self\"> Ladda ner denna Labeljoy fil <\/a>\n","protected":false},"excerpt":{"rendered":"<p>Hur att skapa egna Visitkort Om du beh\u00f6ver designa och skriva ut dina egna visitkort, \u00e4r Labeljoy det r\u00e4tta verktyget att anv\u00e4nda. Det \u00e4r bara att f\u00f6lja de kommande tipsen och du kommer inom kort kunna skriva ut hur m\u00e5nga visitkort du beh\u00f6ver n\u00e4r du beh\u00f6ver dom. &nbsp; 1 \u2013 V\u00e4lja r\u00e4tt storlek F\u00f6rst beh\u00f6ver &#8230; <a title=\"Skapa egna Visitkort\" class=\"read-more\" href=\"https:\/\/www.labeljoy.com\/sv\/stod\/hur-att\/skapa-visitkort\/\" aria-label=\"L\u00e4s mer om Skapa egna Visitkort\">Read more<\/a><\/p>\n","protected":false},"author":1,"featured_media":0,"parent":5498,"menu_order":0,"comment_status":"open","ping_status":"closed","template":"","meta":{"inline_featured_image":false,"_monsterinsights_skip_tracking":false,"_monsterinsights_sitenote_active":false,"_monsterinsights_sitenote_note":"","_monsterinsights_sitenote_category":0,"footnotes":""},"class_list":{"0":"post-5500","1":"page","2":"type-page","3":"status-publish","5":"infinite-scroll-item"},"aioseo_notices":[],"_links":{"self":[{"href":"https:\/\/www.labeljoy.com\/sv\/wp-json\/wp\/v2\/pages\/5500","targetHints":{"allow":["GET"]}}],"collection":[{"href":"https:\/\/www.labeljoy.com\/sv\/wp-json\/wp\/v2\/pages"}],"about":[{"href":"https:\/\/www.labeljoy.com\/sv\/wp-json\/wp\/v2\/types\/page"}],"author":[{"embeddable":true,"href":"https:\/\/www.labeljoy.com\/sv\/wp-json\/wp\/v2\/users\/1"}],"replies":[{"embeddable":true,"href":"https:\/\/www.labeljoy.com\/sv\/wp-json\/wp\/v2\/comments?post=5500"}],"version-history":[{"count":12,"href":"https:\/\/www.labeljoy.com\/sv\/wp-json\/wp\/v2\/pages\/5500\/revisions"}],"predecessor-version":[{"id":39561,"href":"https:\/\/www.labeljoy.com\/sv\/wp-json\/wp\/v2\/pages\/5500\/revisions\/39561"}],"up":[{"embeddable":true,"href":"https:\/\/www.labeljoy.com\/sv\/wp-json\/wp\/v2\/pages\/5498"}],"wp:attachment":[{"href":"https:\/\/www.labeljoy.com\/sv\/wp-json\/wp\/v2\/media?parent=5500"}],"curies":[{"name":"wp","href":"https:\/\/api.w.org\/{rel}","templated":true}]}}