{"id":5502,"date":"2012-07-04T08:25:22","date_gmt":"2012-07-04T08:25:22","guid":{"rendered":"http:\/\/www.labeljoy.com\/support\/about-qr-code\/"},"modified":"2019-04-01T07:48:29","modified_gmt":"2019-04-01T07:48:29","slug":"qr-kod","status":"publish","type":"page","link":"https:\/\/www.labeljoy.com\/sv\/stod\/qr-kod\/","title":{"rendered":"QR Kod"},"content":{"rendered":"<h1>QR Kod<\/h1>\n<h2>Vad \u00e4r QR Kod?<\/h2>\n<p>QR Kod (f\u00f6rkortning f\u00f6r Quick Reponse) \u00e4r en specifik matrix streckkod-symbol (eller tv\u00e5-dimensionell <strong>2D kod<\/strong>), som kan avl\u00e4sas med dedikerade streckkod l\u00e4sare och kamera-telefoner. Symbolen best\u00e5r av svarta moduler arrangerade I en fyrkantig m\u00f6nster p\u00e5 en vit bakgrund. Informationen som kodas kan vara text, URL eller annan information. Vanligt I Japan, d\u00e4r dess kapades genom Toyotas dotterbolag Denso-Wave I 1994, QR Kod \u00e4r en av de mest popul\u00e4ra typer av tv\u00e5 dimensionella streckkoder.<\/p>\n<p>Vad \u00e4r Labeljoy? Det \u00e4r en <strong>QR kod etikett mjukvara <\/strong>som l\u00e5ter dig <strong>generera QR koder<\/strong> och streckkoder. DU kan skapa etiketter och anpassade klisterm\u00e4rken med personliga streckkoder f\u00f6r dina produktetiketter, visitkort, m\u00e4rken.<\/p>\n<div class=\"tt-notification success\">\n<p style=\"text-align: center\">Generera QR kod och streckkod \u2013 Exportera till Jpg och Pdf \u2013 Skriv ut anpassade etiketter<br \/><a class=\"small orange tt-button\" title=\"Ladda Labeljoy\" href=\"http:\/\/www.labeljoy.com\/sv\/download-sv\/\">LADDA NER LABELJOY<\/a><\/p>\n<\/div>\n<p>See also: <div class=\"one_third\">\n<ul>\n<li><a title=\"datamatrix\" href=\"#datamatrix\">Datamatrix<\/a><\/li>\n<li><a title=\"postlanet code\" href=\"#postnet\">Postnet code<\/a><\/li>\n<\/ul>\n<\/div><div class=\"one_third\">\n<ul>\n<li><a title=\"planet code\" href=\"#planet\">Planet code<\/a><\/li>\n<li><a title=\"streckkod\" href=\"http:\/\/www.labeljoy.com\/sv\/stod\/streckkod\/\">Alla streckkoder<\/a>\u00a0<\/div><\/li>\n<\/ul>\n<div class=\"hr hr-solid\">&nbsp;<\/div>\n<h2>QR kod: Mikro och Standard<\/h2>\n<p>Symboler kan vara av tv\u00e5 typer: Mikro QR eller Standard QR Kod.<\/p>\n<p>Mikro QR kod \u00e4r en mindre version till symbollogin och kan, beroende p\u00e5 inneh\u00e5ll och felkorrigeringsniv\u00e5n, representera upp till 35 siffror eller 21 alfanumeriska tecken. Det finns 4 versionen av Mikro QR kod: Mikro QR 1 till Mikro QR 4. Dessa har en \u00f6kande data kodningskapacitet och fysisk storlek.<\/p>\n<p>Standard QR kod kan representera upp till 7,089 siffror eller 4,296 alfanumeriska tecken. Det finns 40 version av Standard Koden: Version 1 till Version 40.<\/p>\n<table width=\"100%\" border=\"0\" cellspacing=\"2\" cellpadding=\"2\">\n<tbody>\n<tr>\n<td align=\"middle\" valign=\"center\"><img decoding=\"async\" class=\"aligncenter size-full wp-image-783\" title=\"micro-qr-code\" src=\"\/images\/about-qr-code\/micro-qr-code.jpg\" alt=\"micro qrcode\" width=\"81\" height=\"82\" \/><\/td>\n<td align=\"middle\" valign=\"center\"><img decoding=\"async\" class=\"aligncenter size-full wp-image-783\" title=\"standard-qr-code\" src=\"\/images\/about-qr-code\/standard-qr-code.jpg\" alt=\"standard qrcode\" width=\"81\" height=\"82\" \/><\/td>\n<\/tr>\n<tr>\n<td align=\"middle\" valign=\"center\"><span style=\"font-size: small\">Micro QR kod<\/span><\/td>\n<td align=\"middle\" valign=\"center\"><span style=\"font-size: small\">Standard QR Kod<\/span><\/td>\n<\/tr>\n<\/tbody>\n<\/table>\n<div class=\"hr hr-solid\">&nbsp;<\/div>\n<h3>QR Kodning<\/h3>\n<p>Labeljoy m\u00f6jligg\u00f6r dig att ange kodningsalgoritmen som ska anv\u00e4ndas f\u00f6r att f\u00e5 b\u00e4st m\u00f6jliga datakompressionen, som i sin tur g\u00f6r att man beh\u00f6ver mindre utrymme att visa symbolen. Tillg\u00e4ngliga alternativ \u00e4r:<\/p>\n<ul>\n<li>(Mixat): standard inst\u00e4llning. L\u00e5ter en koda information genom att kombinera alla av de f\u00f6ljande kodningsl\u00e4gen baserade p\u00e5 typen av data som hittas. Vanligtvis producerar denna inst\u00e4llningar b\u00e4sta resultat.<\/li>\n<li>Numerisk: m\u00f6jligg\u00f6r kodning av siffror enbart fr\u00e5n 0 till 9.<\/li>\n<li>Alfanumerisk: l\u00e5ter dig koda siffror, endast stora bokst\u00e4ver och n\u00e5gra speciella tecken. B\u00e4st l\u00e4mpad f\u00f6r alfanumeriska koder\u00a0inneh\u00e5llande stora bokst\u00e4ver.<\/li>\n<li>Hex(Str\u00e4ng): Till\u00e5ter kodning av alla tecken i ASCII. B\u00e4st l\u00e4mpad f\u00f6r alfanumeriska tecken med sm\u00e5 bokst\u00e4ver.<\/li>\n<li>Hex(Byte): Specifik kodning f\u00f6r byte data i omf\u00e5ng mellan 0 och 255. Genom att anv\u00e4nda denna kodningsalgoritm har du m\u00f6jligheten att koda alla v\u00e4rden mellan 0x00 och 0xFF (decimal 0~255). F\u00f6r att anv\u00e4nda denna kodning beh\u00f6ver du ange en str\u00e4ng inneh\u00e5llande 2-siffriga hexadecimala v\u00e4rden \u00e5tskilda av en mellanslag: t.ex.\u00a0 32 FA 56 E8 12 \u2026 etc.<\/li>\n<li>Kanji: l\u00e5ter dig koda tecken I Shirt JIS systemet som anv\u00e4nds f\u00f6r att visa japanska tecken.<\/li>\n<\/ul>\n<table width=\"100%\" cellspacing=\"0\" cellpadding=\"0\">\n<tbody>\n<tr>\n<td colspan=\"2\" align=\"middle\" valign=\"center\" style=\"max-width: 0; overflow: hidden; text-overflow: ellipsis; white-space: nowrap;\"><span style=\"font-size: small\">QR Kodning:<br \/>\n012345678901234567890123456789012345678901234567890123456789012345678901234567890123456789<\/span><\/td>\n<\/tr>\n<tr>\n<td align=\"middle\" valign=\"center\"><img decoding=\"async\" class=\"aligncenter\" title=\"numeric encoding\" src=\"\/images\/about-qr-code\/numeric-encoding-qr-code.jpg\" alt=\"numeric encoding\" width=\"134\" height=\"134\" \/><\/td>\n<td align=\"middle\" valign=\"center\"><img decoding=\"async\" class=\"aligncenter size-full wp-image-786\" title=\"byte-encoding-qr-code\" src=\"\/images\/about-qr-code\/byte-encoding-qr-code.jpg\" alt=\"byte encoding\" width=\"134\" height=\"134\" \/><\/td>\n<\/tr>\n<tr>\n<td align=\"middle\" valign=\"center\"><span style=\"font-size: small\">Numerisk kodning<\/span><\/td>\n<td align=\"middle\" valign=\"center\">Byte (Str\u00e4ng) Kodning<\/td>\n<\/tr>\n<\/tbody>\n<\/table>\n<div class=\"basic-divider\"><span style=\"color: #ff9900\"><span style=\"color: #ff9900\"><a id=\"scroll_to_top\" class=\"link-top\" href=\"#\">Till toppen<\/a><\/span><\/span><\/div>\n<h3>QR kod: Symbol Storlek<\/h3>\n<p>Labeljoy l\u00e5ter dig ange den minimala symbol dimensionen. QR kod arkitekturen visar data I en kvadrat. Storleken p\u00e5 kvadraten beror p\u00e5 m\u00e4ngd kodat data.<\/p>\n<p>Vanligtvis skapas symbolen med minst m\u00f6jliga storleken som beh\u00f6vs f\u00f6r att representera kodat data. I vissa fall kan det anses l\u00e4mpligt att \u00f6ka minsta storleken f\u00f6r att s\u00e4kerst\u00e4lla att alla utskrivna symbol har samma storlek oavsett m\u00e4ngden p\u00e5 kodat data. Om du exempelvis kopplar en QR streckkod till adressf\u00e4ltet I en datak\u00e4lla. Kan det vara n\u00f6dv\u00e4ndigt f\u00f6r alla symbol att ha samma storlek oavsett hur l\u00e5ng adressen \u00e4r. I en liknande scenario kommer du ha m\u00f6jligheten att ange minimum storleken f\u00f6r symbolen f\u00f6r samtliga genererade streckkoder.<\/p>\n<table width=\"100%\" border=\"0\" cellspacing=\"2\" cellpadding=\"2\">\n<tbody>\n<tr>\n<td colspan=\"2\" align=\"middle\" valign=\"center\"><span style=\"font-size: small\">QR koding:<br \/>\nhttp:\/\/www.labeljoy.com\/free-label-software\/<\/span><\/td>\n<\/tr>\n<tr>\n<td align=\"middle\" valign=\"center\"><img decoding=\"async\" class=\"aligncenter size-thumbnail wp-image-792\" title=\"auto-size\" src=\"\/images\/about-qr-code\/auto-size.jpg\" alt=\"auto size qrcode\" width=\"150\" height=\"150\" \/><\/td>\n<td align=\"middle\" valign=\"center\"><img decoding=\"async\" class=\"aligncenter size-thumbnail wp-image-791\" title=\"10-size\" src=\"\/images\/about-qr-code\/10-size.jpg\" alt=\"10 size\" width=\"150\" height=\"150\" \/><\/td>\n<\/tr>\n<tr>\n<td align=\"middle\" valign=\"center\"><span style=\"font-size: small\">With (Auto) symbol size<\/span><\/td>\n<td align=\"middle\" valign=\"center\"><span style=\"font-size: small\">With Version 10 minimum symbol size<\/span><\/td>\n<\/tr>\n<\/tbody>\n<\/table>\n<div class=\"hr hr-solid\">&nbsp;<\/div>\n<h3>QR Kod: \u00c5tg\u00e4rda Fel<\/h3>\n<p>QR kod standarden l\u00e5ter dig v\u00e4lja mellan 4 olika niv\u00e5er av \u00e5terst\u00e4llning fr\u00e5n f\u00f6ljande skadetyper:<\/p>\n<ul>\n<li>L: 7% \u00e5terst\u00e4llningskapacitet<\/li>\n<li>M (standard): 15% \u00e5terst\u00e4llningskapacitet<\/li>\n<li>Q: 25% \u00e5terst\u00e4llningskapacitet<\/li>\n<li>H: 30% \u00e5terst\u00e4llningskapacitet<\/li>\n<\/ul>\n<p>QR Kod implementerar fel korrektion f\u00f6r att s\u00e4kerst\u00e4lla l\u00e4sbarheten p\u00e5 delvis skadade symbol. Desto h\u00f6gre fel korrektionsniv\u00e5, desto st\u00f6rre symbolen kommer att beh\u00f6va vara f\u00f6r att koda samma m\u00e4ngd information.<\/p>\n<table width=\"100%\" border=\"0\" cellspacing=\"2\" cellpadding=\"2\">\n<tbody>\n<tr>\n<td colspan=\"2\" align=\"middle\" valign=\"center\"><span style=\"font-size: small\">QR Kodning:<br \/>\nhttp:\/\/www.labeljoy.com\/free-label-software\/<\/span><\/td>\n<\/tr>\n<tr>\n<td align=\"middle\" valign=\"center\"><img decoding=\"async\" class=\"aligncenter size-thumbnail wp-image-794\" title=\"l-error\" src=\"\/images\/about-qr-code\/l-error.jpg\" alt=\"l-error\" width=\"150\" height=\"150\" \/><\/td>\n<td align=\"middle\" valign=\"center\"><img decoding=\"async\" class=\"aligncenter size-thumbnail wp-image-788\" title=\"q-error\" src=\"\/images\/about-qr-code\/q-error.jpg\" alt=\"q-error code\" width=\"150\" height=\"150\" \/><\/td>\n<\/tr>\n<tr>\n<td align=\"middle\" valign=\"center\">Med L fel korrektionsniv\u00e5<\/td>\n<td align=\"middle\" valign=\"center\">Med Q fel korrektionsniv\u00e5<\/td>\n<\/tr>\n<\/tbody>\n<\/table>\n<div class=\"basic-divider\"><span style=\"color: #ff9900\"><a id=\"scroll_to_top\" class=\"link-top\" href=\"#\"><span style=\"color: #ff9900\">Till toppen<\/span><\/a><\/span><\/div>\n<div class=\"one_half\">\n<img decoding=\"async\" src=\"http:\/\/www.labeljoy.com\/images\/pixel.png\" alt=\"\" width=\"30\" height=\"50\" \/><\/p>\n<p style=\"text-align: center\"><a href=\"http:\/\/www.labeljoy.com\/sv\/mallar\/\" class=\"large orange tt-button\" target=\"_self\"> Ladda ner QR Kod Mallar\u00a0<\/a>\n<\/div>\n<div class=\"one_half\">\n<p style=\"text-align: center\"><a title=\"mallar gratis\" href=\"http:\/\/www.labeljoy.com\/sv\/mallar\/\"><img decoding=\"async\" class=\"alignnone\" title=\"Download Qrcode Templates\" src=\"http:\/\/www.labeljoy.com\/images\/download\/download-free-templates.jpg\" alt=\"Free Templates Download\" width=\"210\" height=\"116\" \/><\/a><\/p>\n<\/div>\n<div id=\"datamatrix\"><\/div>\n<div class=\"hr hr-solid\">&nbsp;<\/div>\n<p><img decoding=\"async\" width=\"533\" height=\"301\" class=\"alignleft size-thumbnail wp-image-793\" title=\"datamatrix\" src=\"\/images\/about-qr-code\/datamatrix.jpg\" alt=\"datamatrix code\" width=\"150\" \/><\/p>\n<h3>DATA MATRIX<\/h3>\n<p><strong>Data matrix<\/strong> symbollogi \u00e4r en <strong>2D<\/strong> tv\u00e5-dimensionell matrix streckkod best\u00e5ende av svarta och vita \u201cceller\u201d eller moduler arrangerade I antingen en kvadrat eller rektangul\u00e4rt m\u00f6nster. Informationen som kodas kan vara text eller r\u00e5 data.<\/p>\n<p>L\u00e4ngden p\u00e5 kodat data beror p\u00e5 symboldimensionen som anv\u00e4nds. Felkorrigering koder adderas f\u00f6r att \u00f6ka symbolstyrkan: \u00e4ven om de \u00e4rndelvis skadade, kan de still avl\u00e4sas. En Data Matrix symbol kan lagra upp till 2,335 alfanumeriska tecken.<\/p>\n<p>Data Matrix symboler kan koda text p\u00e5 ett antal olika s\u00e4tt. Med Labeljoy kan du ange den mest passande kodningsalgoritmen f\u00f6r text du vill koda.<\/p>\n<div id=\"postnet\"><\/div>\n<div class=\"hr hr-solid\">&nbsp;<\/div>\n<p><img decoding=\"async\" width=\"533\" height=\"301\" class=\"size-thumbnail wp-image-787 alignleft\" title=\"postnet\" src=\"\/images\/about-qr-code\/postnet.jpg\" alt=\"postnet code 2d\" width=\"150\" \/><\/p>\n<h3>POSTNET CODE<\/h3>\n<p><strong>Postnet <\/strong>(Postal Numeric Encoding Technique) \u00e4r en streckkod symbollogi som anv\u00e4nds av USAs postal service f\u00f6r att assistera I styrningen av post. Postnummer eller Post+4 kod \u00e4r kodat I halva och hela h\u00f6jdblock. Oftast l\u00e4ggs \u00e4ven till leveransst\u00e4llet, som utg\u00f6rs av de sista tv\u00e5 siffror I en adress eller boxnumret.<\/p>\n<p><strong>\u00a0<\/strong>Postnet symbol kodar endast 5, 9 eller 11 siffror<strong>.<\/strong><\/p>\n<div id=\"planet\"><\/div>\n<div class=\"hr hr-solid\">&nbsp;<\/div>\n<p><img decoding=\"async\" width=\"533\" height=\"301\" class=\"size-thumbnail wp-image-796 alignleft\" title=\"planet\" src=\"\/images\/about-qr-code\/planet.jpg\" alt=\"planet code 2d\" width=\"150\" \/><\/p>\n<h3>PLANET CODE<\/h3>\n<p><strong>Planet<\/strong> (Postal Alpha Numeric Encoding Technique) \u00e4r en streckkod symbollogi som anv\u00e4nds av USAS post f\u00f6r att identifiera och sp\u00e5ra post under leverans. &#8211; Postens \u201cBEKR\u00c4FTA\u201d tj\u00e4nster.<\/p>\n<p>Planet symboler kodar endast 12 eller 14 siffror, d\u00e4r sista siffran \u00e4r en check siffra som automatiskt r\u00e4knas fram av Labeljoy. D\u00e4rf\u00f6r kan man endast ange 11 eller 13 siffror.<\/p>\n<div class=\"basic-divider\"><span style=\"color: #ff9900\"><a id=\"scroll_to_top\" class=\"link-top\" href=\"#\"><span style=\"color: #ff9900\">Till toppen<\/span><\/a><\/span><\/div>\n<p>OM STRECKKOD<\/p>\n<p>L\u00e4s mer <a title=\"streckkod guide\" href=\"http:\/\/www.labeljoy.com\/sv\/stod\/streckkod\/\">om streckkod<\/a> f\u00f6r Kod 39, kod 128, ean 13.<\/p>\n<p>&nbsp;<\/p>\n","protected":false},"excerpt":{"rendered":"<p>QR Kod Vad \u00e4r QR Kod? QR Kod (f\u00f6rkortning f\u00f6r Quick Reponse) \u00e4r en specifik matrix streckkod-symbol (eller tv\u00e5-dimensionell 2D kod), som kan avl\u00e4sas med dedikerade streckkod l\u00e4sare och kamera-telefoner. Symbolen best\u00e5r av svarta moduler arrangerade I en fyrkantig m\u00f6nster p\u00e5 en vit bakgrund. Informationen som kodas kan vara text, URL eller annan information. Vanligt &#8230; <a title=\"QR Kod\" class=\"read-more\" href=\"https:\/\/www.labeljoy.com\/sv\/stod\/qr-kod\/\" aria-label=\"L\u00e4s mer om QR Kod\">Read more<\/a><\/p>\n","protected":false},"author":1,"featured_media":0,"parent":5497,"menu_order":4,"comment_status":"open","ping_status":"closed","template":"page-template-left-sidebar.php","meta":{"inline_featured_image":false,"_monsterinsights_skip_tracking":false,"_monsterinsights_sitenote_active":false,"_monsterinsights_sitenote_note":"","_monsterinsights_sitenote_category":0,"footnotes":""},"class_list":{"0":"post-5502","1":"page","2":"type-page","3":"status-publish","5":"infinite-scroll-item"},"aioseo_notices":[],"_links":{"self":[{"href":"https:\/\/www.labeljoy.com\/sv\/wp-json\/wp\/v2\/pages\/5502","targetHints":{"allow":["GET"]}}],"collection":[{"href":"https:\/\/www.labeljoy.com\/sv\/wp-json\/wp\/v2\/pages"}],"about":[{"href":"https:\/\/www.labeljoy.com\/sv\/wp-json\/wp\/v2\/types\/page"}],"author":[{"embeddable":true,"href":"https:\/\/www.labeljoy.com\/sv\/wp-json\/wp\/v2\/users\/1"}],"replies":[{"embeddable":true,"href":"https:\/\/www.labeljoy.com\/sv\/wp-json\/wp\/v2\/comments?post=5502"}],"version-history":[{"count":18,"href":"https:\/\/www.labeljoy.com\/sv\/wp-json\/wp\/v2\/pages\/5502\/revisions"}],"predecessor-version":[{"id":31135,"href":"https:\/\/www.labeljoy.com\/sv\/wp-json\/wp\/v2\/pages\/5502\/revisions\/31135"}],"up":[{"embeddable":true,"href":"https:\/\/www.labeljoy.com\/sv\/wp-json\/wp\/v2\/pages\/5497"}],"wp:attachment":[{"href":"https:\/\/www.labeljoy.com\/sv\/wp-json\/wp\/v2\/media?parent=5502"}],"curies":[{"name":"wp","href":"https:\/\/api.w.org\/{rel}","templated":true}]}}