{"id":5503,"date":"2012-07-04T08:25:05","date_gmt":"2012-07-04T08:25:05","guid":{"rendered":"http:\/\/www.labeljoy.com\/support\/about-barcode\/"},"modified":"2024-08-20T14:49:12","modified_gmt":"2024-08-20T14:49:12","slug":"streckkod","status":"publish","type":"page","link":"https:\/\/www.labeljoy.com\/sv\/stod\/streckkod\/","title":{"rendered":"Streckkod"},"content":{"rendered":"<h1>Streckkod<\/h1>\n<h2>Vad \u00e4r en streckkod??<\/h2>\n<p>Grunderna om streckkod. En streckkod symbol \u00e4r en set grafiska element med h\u00f6g kontrast arrangerade f\u00f6r att bli avl\u00e4sa av en skannar sensor och avkodat f\u00f6r att \u00e5terge inneh\u00e5llande information.<\/p>\n<p>F\u00f6ljande \u00e4r en guide I <strong>Code 39,<\/strong> <strong>Code 128<\/strong>, <strong>EAN 13<\/strong>, <strong>Code 11<\/strong> I vilken vi f\u00f6rklarar egenskaper av streckkoder och varf\u00f6r streckkoder \u00e4r det mest p\u00e5litliga systemet.<\/p>\n<p>Labeljoy \u00e4r en streckkod mjukvara som l\u00e5ter dig generera 26 olika streckkod symbollogier, skriva ut streckkoder eller exportera det I pdf eller jpg format, kostnadsfritt. M\u00f6jligheten att skapa och skriva ut streckkoder g\u00f6r Labeljoy till det perfekta valet f\u00f6r en rad aff\u00e4rsapplikationer s\u00e5som prisetikettering, produkt etikettering eller frakt etiketter.<\/p>\n<p><a title=\"gratis etikettmjukvara\" href=\"http:\/\/www.labeljoy.com\/sv\/gratis-etikettmjukvara\/\">Ladda ner Labeljoy<\/a> och testa det gratis.<\/p>\n<p>Labeljoy kan generera f\u00f6ljande typer av linj\u00e4ra streckkoders:<\/p>\n<div class=\"one_third\">\n<ul>\n<li><a title=\"code 39\" href=\"#code39\">Code 39<\/a><\/li>\n<li><a title=\"code93\" href=\"#code93\">Code 93<\/a><\/li>\n<li><a title=\"code128\" href=\"#code128\">Code 128<\/a><\/li>\n<li><a title=\"ean13\" href=\"#ean13\">EAN 13<\/a><\/li>\n<li><a title=\"ean128\" href=\"#ean128\">EAN 128<\/a><\/li>\n<\/ul>\n<\/div> <div class=\"one_third\">\n<ul>\n<li><a title=\"ean8\" href=\"#ean8\">EAN 8<\/a><\/li>\n<li><a title=\"gs1 128\" href=\"#gs1-128\">GS1 128<\/a><\/li>\n<li><a title=\"SSCC-18\" href=\"https:\/\/www.labeljoy.com\/support\/how-to\/how-to-generate-sscc-18-barcodes\/\">SSCC-18<\/a><\/li>\n<li><a title=\"itf14\" href=\"#itf14\">ITF 14<\/a><\/li>\n<li><a title=\"upc-a\" href=\"#upc-a\">UPC A<\/a><\/li>\n<\/ul>\n<\/div> <div class=\"one_third\">\n<ul>\n<li><a title=\"code11\" href=\"#code11\">Code 11<\/a><\/li>\n<li><a title=\"interleaved2of5\" href=\"#interleaved\">Interleaved 2 of 5<\/a><\/li>\n<li><a title=\"industrial2of5\" href=\"#industrial\">Industrial 2 of 5<\/a><\/li>\n<li><a title=\"codabar\" href=\"#codabar\">Codabar<\/a><\/li>\n<\/ul>\n<\/div>\n<div class=\"column-clear\"><\/div>\n<p>Labeljoy kan ocks\u00e5 generera f\u00f6ljande 2D streckkoder:<\/p>\n<div class=\"one_third\">\n<ul>\n<li><a title=\"qr-kod guide\" href=\"http:\/\/www.labeljoy.com\/sv\/stod\/qr-kod\/\">Qr kod<\/a><\/li>\n<li><a title=\"data matrix guide\" href=\"http:\/\/www.labeljoy.com\/sv\/stod\/qr-kod\/\">DataMatrix<\/a><\/li>\n<\/ul>\n<\/div>\n<div class=\"one_third\"><\/div>\n<ul>\n<li><a title=\"2d kod guide\" href=\"http:\/\/www.labeljoy.com\/qr-code\/\">Postnet code<\/a><\/li>\n<li><a title=\"guide planet kod\" href=\"http:\/\/www.labeljoy.com\/sv\/stod\/qr-kod\/\">Planet code<\/a><\/li>\n<\/ul>\n<div class=\"one_third\"><\/div>\n<p>Beroende p\u00e5 vald typ av streckkod kommer du beh\u00f6va ange n\u00e5gra obligatoriska parametrar f\u00f6r varje typ av streckkod som st\u00e5r f\u00f6rklarat I streckkod inst\u00e4llningar.<\/p>\n<div class=\"notification success\">\n<p style=\"font-size: 12px\">Importera koder fr\u00e5n databasen och skriva ut dem! &nbsp; &nbsp; &nbsp; &nbsp; &nbsp; &nbsp; &nbsp; &nbsp; &nbsp; &nbsp;<a title=\"ladda sterkkod generator\" href=\"http:\/\/www.labeljoy.com\/sv\/download-sv\/\">LADDA NER STRECKKOD GENERATOR<\/a><\/p>\n<\/div>\n<h2>Streckkod Guide<\/h2>\n<p>Varje streckkod b\u00f6rjar med ett speciellt start-tecken och avslutas med ett speciellt stop-tecken. Dessa koder hj\u00e4lper l\u00e4saren hitta streckkoden och t\u00e4nka ut om koden skannas framifr\u00e5n eller bakifr\u00e5n.<\/p>\n<p>Det finns olika typer av streckkod symbollogier, varje med sin egen s\u00e4rskild m\u00f6nster. Det \u00e4r viktigt att klassificera dem f\u00f6r att identifiera r\u00e4tt streckkod man beh\u00f6ver.<\/p>\n<p>Vissa streckkoder inneh\u00e5ller en checksum tecken precis innan stop tecknet. En checksum kalkyleras n\u00e4r streckkoden skrivs ut med hj\u00e4lp av tecken I streckkoden.<\/p>\n<p>Fr\u00e5n b\u00f6rjan har vi talat om de olika kodningstekniker, genom \u00e5ren har vissa av dessa symbollogier n\u00e4stan f\u00f6rsvunnit fr\u00e5n praktisk anv\u00e4ndning medan de andra utvecklade. Mest anv\u00e4nda \u00e4r <em>code 39<\/em>, <em>ean 13,<\/em> <em>upc<\/em> och <em>code 128 <\/em>vilket \u00e4r en&nbsp;<a title=\"gs1 global language\" href=\"http:\/\/www.gs1.org\/\" target=\"_blank\" rel=\"noopener noreferrer\">GS-1<\/a>&nbsp;typ streckkod.<\/p>\n<div id=\"code39\"><\/div>\n<div class=\"hr hr-solid\">&nbsp;<\/div><img decoding=\"async\" class=\"imgbarcode \" title=\"code 39 barcode\" src=\"http:\/\/www.labeljoy.com\/images\/about-barcode\/code-39.jpg\" alt=\"code 39 guide\" width=\"320\" height=\"181\"><\/p>\n<h3>CODE 39<\/h3>\n<ul>\n<li><strong>Code 39, <\/strong>(\u00e4ven k\u00e4nt som Code 3\/9, USS Code 39, Code 3 of 9, USD-3, Alpha39 och Type 39) \u00e4r en diskret streckkod symbollogi av varierande l\u00e4nd. <strong>Code 39 streckkod<\/strong> specifikation definierar 34 tecken best\u00e5ende av stora bokst\u00e4ver (A till Z), siffror (0 till 9) och en handfull&nbsp;speciella tecken (-, ., $, \/, +, %, och mellanslag).<\/li>\n<li>I Labeljoy \u00e4r det m\u00f6jligt att ange upp till 255 tecken f\u00f6r att generera en Code 39 streckkod.<\/li>\n<li>Code 39 streckkoder kan inneha en valfri check siffta som automatiskt kalkyleras fram av Labeljoy.<\/li>\n<li>Kod 39 kan f\u00f6rl\u00e4ngas f\u00f6r att koda alla ASCII tecken under 128, inklusive sm\u00e5 bokst\u00e4ver.<\/li>\n<\/ul>\n<div id=\"code93\"><\/div>\n<div class=\"basic-divider\"><span style=\"color: #ff9900\"><a id=\"scroll_to_top\" class=\"link-top\" href=\"#\"><span style=\"color: #ff9900\">Till toppen<\/span><\/a><\/span><\/div>\n<p><img decoding=\"async\" width=\"533\" height=\"301\" class=\"imgbarcode\" title=\"code-93 barcode\" src=\"http:\/\/www.labeljoy.com\/images\/about-barcode\/code-93.jpg\" alt=\"code 93 img\"><\/p>\n<h3>CODE 93<\/h3>\n<ul>\n<li><strong>Code 93<\/strong> \u00e4r en streckkod symbollogi designad f\u00f6r att ge en h\u00f6gre densitet och datas\u00e4kerhets-f\u00f6rb\u00e4ttring till <a title=\"code39\" href=\"#code39\">Code 39<\/a>. Det \u00e4r en alfanumerisk symbollogi med varierande l\u00e4ngd. Kod 93 anv\u00e4nds mest av Kanada Posten f\u00f6r att koda till\u00e4ggsinformation om leveransen. Varje symbol inkluderar tv\u00e5 check tecken.<\/li>\n<li>Labeljoy kr\u00e4ver att du anger upp till 255 tecken f\u00f6r att generera streckkoden.<\/li>\n<li>Kod 93 kan f\u00f6rl\u00e4ngas f\u00f6r att koda alla ASCII tecken under 128, inklusive sm\u00e5 bokst\u00e4ver.<\/li>\n<\/ul>\n<div id=\"code128\"><\/div>\n<div class=\"hr hr-solid\">&nbsp;<\/div><img decoding=\"async\" width=\"533\" height=\"301\" class=\"imgbarcode\" title=\"code-128 barcode\" src=\"http:\/\/www.labeljoy.com\/images\/about-barcode\/code-128.jpg\" alt=\"code 128 img\"><\/p>\n<h3>CODE 128<\/h3>\n<ul>\n<li><strong>Code 128<\/strong>&nbsp;\u00e4r en streckkod symbollogi med mycket h\u00f6g densitet. Det anv\u00e4nds f\u00f6r alfanumeriska eller bara numeriska streckkoder. Det kan koda alla 128 ASCII tecken.<\/li>\n<li>Code 128 anv\u00e4nds som bas-symbollogi f\u00f6r att generera <a title=\"ean128\" href=\"#ean128\">EAN-128<\/a> och <a title=\"gs1-128\" href=\"#gs1-128\">GS1-128<\/a> streckkod symboler.<\/li>\n<li>V\u00e5r streckkods mjukvara kr\u00e4ver att du anger alfanumerisk text upp till 48 tecken l\u00e5ng f\u00f6r att skapa streckkoden.<\/li>\n<\/ul>\n<div id=\"ean13\"><\/div>\n<div class=\"hr hr-solid\">&nbsp;<\/div><img decoding=\"async\" width=\"533\" height=\"301\" class=\"imgbarcode\" title=\"ean-13 barcode\" src=\"http:\/\/www.labeljoy.com\/images\/about-barcode\/ean-13.jpg\" alt=\"ean 13 img\"><\/p>\n<h3>EAN 13<\/h3>\n<ul>\n<li><strong>EAN-13<\/strong> Streckkod \u00e4r en 13-siffrig (12 + check siffra) streckkod standard.<\/li>\n<li>EAN-13 streckkoder anv\u00e4nds globalt f\u00f6r att m\u00e4rka produkter som s\u00e4ljs I detaljhandel. Siffror som kodas I EAN-13 streckkoder \u00e4r produktidentifierings nummer (som kallas f\u00f6r Japansk Artikel Nummer JAN I Japan). Alla kodade siffror \u00e4r k\u00e4nda som&nbsp;<a title=\"Global Trade Item Numbers\" href=\"http:\/\/www.gtin.info\/\" target=\"_blank\" rel=\"noopener noreferrer\">Global Trade Item Numbers<\/a> (GTIN).<\/li>\n<li>EAN-13 koder kan \u00e4ven anv\u00e4ndas f\u00f6r att koda RCN-13s (13-digit Restricted Circulation Numbers) som anv\u00e4nds f\u00f6r att identifiera produkter av eget m\u00e4rke som enbart s\u00e4ljs I egna butiker. Dessa formatteras som: 20xxxxxxxxxxx to 29xxxxxxxxxxx.<\/li>\n<li>I Labeljoy anger man 12 siffror, den 13e siffra (kontrollsiffran) r\u00e4knas fram automatiskt.<\/li>\n<li>EAN-13 streckkoder kan ocks\u00e5 koda 2 eller 5 till\u00e4ggsnummer.<\/li>\n<\/ul>\n<div id=\"ean128\"><\/div>\n<div class=\"basic-divider\"><span style=\"color: #ff9900\"><a id=\"scroll_to_top\" class=\"link-top\" href=\"#\"><span style=\"color: #ff9900\">Till toppen<\/span><\/a><\/span><\/div>\n<p><img decoding=\"async\" width=\"533\" height=\"301\" class=\"imgbarcode\" title=\"ean-128 barcode\" src=\"http:\/\/www.labeljoy.com\/images\/about-barcode\/ean-128.jpg\" alt=\"ean 128 img\"><\/p>\n<h3>EAN 128<\/h3>\n<ul>\n<li><strong>EAN-128<\/strong> \u00e4r en symbollogi skapad fr\u00e5n det \u00e4ldre Code 128. Det anv\u00e4nds f\u00f6r alfanumeriska och endast numeriska streckkoder. Det kan koda alla 128 ASCII tecken.<\/li>\n<li>EAN-128 symboler \u00e4r olikt <a title=\"code128\" href=\"#code128\">Code 128<\/a> p\u00e5 grund av anv\u00e4ndningen av FNC1 tecknet som anv\u00e4nds som data start och separator.<\/li>\n<li>FNC1 tecknet \u00e4r implicit tillagd vid symbol starten enligt EAN-128 specifikationskravet och EAN-128 streckkoder genererade genom Labeljoy st\u00f6djer FNC1 separatorn. Anv\u00e4nd <strong>| <\/strong>(pipe) tecknet I din text d\u00e4r du skall ha placerad en FNC1 separator.<\/li>\n<li>Med v\u00e5r streckkod generator mjukvara kan du anv\u00e4nda EAN-128 symbollogin f\u00f6r att generera streckkoder som liknar de som skapas av&nbsp; <a title=\"gs1-128\" href=\"#gs1-128\">GS1-128<\/a> men fullt anpassningsbara och utan restriktioner framtvingade av&nbsp; <a title=\"gs1-128\" href=\"#gs1-128\">GS1-128<\/a> specifikationen.<\/li>\n<li>I Labeljoy \u00e4r det m\u00f6jligt att ange en alfanumerisk text upp till 48 tecken l\u00e5ng f\u00f6r att <strong>generera streckkoden<\/strong>.<\/li>\n<\/ul>\n<div id=\"ean8\"><\/div>\n<div class=\"hr hr-solid\">&nbsp;<\/div>\n<img decoding=\"async\" width=\"533\" height=\"301\" class=\"imgbarcode\" title=\"ean-8 barcode\" src=\"http:\/\/www.labeljoy.com\/images\/about-barcode\/ean-8.jpg\" alt=\"ean 8 img\"><\/p>\n<h3>EAN 8<\/h3>\n<ul>\n<li>En <strong>EAN-8<\/strong> streckkod skapades fr\u00e5n det l\u00e4ngre European Article Number&nbsp;(<a title=\"ean-13\" href=\"#ean13\">EAN-13<\/a>) koden.<\/li>\n<li>Det introducerades f\u00f6r anv\u00e4ndning p\u00e5 sm\u00e5 paket d\u00e4r en EAN-13 streckkod skulle bli f\u00f6r stor; exempelvis p\u00e5 cigaretter, pennor och tuggummi paket.<\/li>\n<li>EAN.8 streckkoder kan anv\u00e4ndas f\u00f6r att koda GTIN-8 vilka \u00e4r ett annat set produktidentifierare fr\u00e5n GS1 systemet.<\/li>\n<li>Det b\u00f6rjar med en 2- eller 3- siffrig GS1 prefix (som tilldelas varje nationell GS1 myndighet) 5- eller 4-siffrig objekt referens element beroende p\u00e5 l\u00e4ngden av GS1 prefixen och en checksum siffra.<\/li>\n<li>Ange 7 siffror I Labeljoy f\u00f6r att <strong>generera streckkoden<\/strong>. Den 8e siffra (kontrollsiffran) kalkyleras automatiskt.<\/li>\n<\/ul>\n<div id=\"gs1-128\"><\/div>\n<div class=\"hr hr-solid\">&nbsp;<\/div>\n<img decoding=\"async\" width=\"533\" height=\"301\" class=\"imgbarcode\" title=\"gs1-128 barcode\" src=\"http:\/\/www.labeljoy.com\/images\/about-barcode\/gs1-128.jpg\" alt=\"gs1 128 img\"><\/p>\n<h3>GS1 128<\/h3>\n<ul>\n<li><strong>GS1-128<\/strong> \u00e4r en applikation standard av GS1 implementationen som anv\u00e4nder&nbsp;<a title=\"code128\" href=\"#code128\">Code 128<\/a>&nbsp;streckkod specifikation. GS1-128 anv\u00e4nder en serie Applikation Identifierare f\u00f6r att inkludera till\u00e4ggsdata s\u00e5som b\u00e4st f\u00f6re datum, batch nummer, kvantitet, vikt och m\u00e5nga andra attribut som anv\u00e4ndaren beh\u00f6ver.<\/li>\n<li>F\u00f6r att <strong>generera GS1-128 streckkod<\/strong> symboler I Labeljoy beh\u00f6ver du ange text I en format l\u00e4sbar f\u00f6r m\u00e4nniskan.<\/li>\n<li><strong>Labeljoy<\/strong> kr\u00e4ver att du anger en alfanumerisk text upp till 255 tecken l\u00e5ng f\u00f6r att <strong>generera streckkoden<\/strong>.<\/li>\n<\/ul>\n<div id=\"itf14\"><\/div>\n<div class=\"basic-divider\"><span style=\"color: #ff9900\"><a id=\"scroll_to_top\" class=\"link-top\" href=\"#\"><span style=\"color: #ff9900\">Till toppen<\/span><\/a><\/span><\/div>\n<p><img decoding=\"async\" width=\"533\" height=\"301\" class=\"imgbarcode\" title=\"itf-14 barcode\" src=\"http:\/\/www.labeljoy.com\/images\/about-barcode\/itf-14.jpg\" alt=\"itf 14 img\"><\/p>\n<h3>ITF 14<\/h3>\n<ul>\n<li><strong>ITF-14<\/strong> \u00e4r GS1 implementation av en&nbsp;<a title=\"interleaved\" href=\"#interleaved\">Interleaved 2 of 5<\/a>&nbsp;streckkod f\u00f6r att generera en GTIN.<\/li>\n<li>ITF-14 symboler anv\u00e4nds ofta f\u00f6r att m\u00e4rka paketeringsniv\u00e5er p\u00e5 en produkt. ITF-14 kodar alltid 14 siffror.<\/li>\n<li>13 eller 14 siffror skall medges f\u00f6r att generera streckkoden.<\/li>\n<\/ul>\n<div id=\"upc-a\"><\/div>\n<div class=\"hr hr-solid\">&nbsp;<\/div>\n<img decoding=\"async\" width=\"533\" height=\"301\" class=\"imgbarcode\" title=\"upc-a barcode\" src=\"http:\/\/www.labeljoy.com\/images\/about-barcode\/upc-a.jpg\" alt=\"upc a img\"><\/p>\n<h3>UPC-A<\/h3>\n<ul>\n<li>Universel Product Code (<strong>UPC<\/strong>) \u00e4r en streckkod symbollogi som anv\u00e4nds mycket I Nord Amerika och I l\u00e4nder som inkluderar UK, Australien och Nya Zeeland f\u00f6r att sp\u00e5ra handelsvaror I butiker.<\/li>\n<li>F\u00f6r att <strong>generera denna streckkod<\/strong> kr\u00e4ver Labeljoy att du anger 11 siffror, checksumman kalkyleras automatisk av Labeljoy.<\/li>\n<li>UPC-A och UPC-E kan \u00e4ven koda ytterligare 2 eller 5 siffror.<\/li>\n<\/ul>\n<div id=\"code11\"><\/div>\n<div class=\"hr hr-solid\">&nbsp;<\/div>\n<p><img decoding=\"async\" width=\"533\" height=\"301\" class=\"imgbarcode\" title=\"code-11 barcode\" src=\"http:\/\/www.labeljoy.com\/images\/about-barcode\/code-11.jpg\" alt=\"code 11 img\"><\/p>\n<h3>CODE 11<\/h3>\n<ul>\n<li><strong>Code 11<\/strong> \u00e4r en streckkod som anv\u00e4nds som mest inom telekommunikationen.<\/li>\n<li>Symbolen kan koda str\u00e4ngar med obegr\u00e4nsad storlek (\u00e4ven om Labeljoy begr\u00e4nsar storleken till 255 tecken) som best\u00e5r av siffror 0-9 och bindestreck (-). En eller tv\u00e5 checksiffror kan inkluderas.<\/li>\n<li>I Labeljoy kan du ange upp till 255 tecken.<\/li>\n<li>Code 11 kr\u00e4ver 1 eller 2 kontrollsiffror som automatiskt kalkyleras av Labeljoy.<\/li>\n<\/ul>\n<div id=\"interleaved\"><\/div>\n<div class=\"basic-divider\"><span style=\"color: #ff9900\"><a id=\"scroll_to_top\" class=\"link-top\" href=\"#\"><span style=\"color: #ff9900\">Till toppen<\/span><\/a><\/span><\/div>\n<p><img decoding=\"async\" width=\"533\" height=\"301\" class=\"imgbarcode\" title=\"interleaved 2 of 5 barcode\" src=\"http:\/\/www.labeljoy.com\/images\/about-barcode\/interleaved.jpg\" alt=\"interleaved img\"><\/p>\n<h3>INTERLEAVED 2 OF 5<\/h3>\n<ul>\n<li><strong>Interleaved 2 of 5<\/strong> \u00e4r en oavbruten tv\u00e5-bredd streckkod symbollogi som enbart kodar siffror. Det anv\u00e4nds kommersiellt p\u00e5 135 film och kartonger vid vissa produkter.<\/li>\n<li>F\u00f6r att generera streckkoder kr\u00e4ver Labeljoy att du anger upp till 255 tecken.<\/li>\n<li>Interleaved 2 of 5 streckkoder kan inneh\u00e5lla en frivillig kontrollsiffra som automatiskt kalkyleras av Labeljoy.<\/li>\n<\/ul>\n<div id=\"industrial\"><\/div>\n<div class=\"hr hr-solid\">&nbsp;<\/div><img decoding=\"async\" width=\"533\" height=\"301\" class=\"imgbarcode\" title=\"insdustrial 2 of 5 barcode\" src=\"http:\/\/www.labeljoy.com\/images\/about-barcode\/industrial.jpg\" alt=\"industrial img\"><\/p>\n<h3>INDUSTRIAL 2 OF 5<\/h3>\n<ul>\n<li><strong>Industrial 2 of 5<\/strong> \u00e4r en oavbruten streckkod symbollogi som kodar siffror. Det anv\u00e4nds I foto efterhandlings- och varuhus-industrier samt f\u00f6r att sekventiellt numrera flygplansbiljetter.<\/li>\n<li>Det \u00e4r m\u00f6jligt att ange upp till 255 tecken f\u00f6r att skapa streckkoden.<\/li>\n<li>Industrial 2 of 5 streckkoder kan inneh\u00e5lla en frivillig kontrollsiffra som automatiskt kalkyleras av Labeljoy.<\/li>\n<\/ul>\n<div id=\"codabar\"><\/div>\n<div class=\"hr hr-solid\">&nbsp;<\/div>\n<img decoding=\"async\" width=\"533\" height=\"301\" class=\"imgbarcode\" title=\"codabar barcode\" src=\"http:\/\/www.labeljoy.com\/images\/about-barcode\/codabar.jpg\" alt=\"codabar img\"><\/p>\n<h3>CODABAR<\/h3>\n<ul>\n<li><strong>Codabar<\/strong> \u00e4r en linj\u00e4r streckkod symbollogi som utvecklades I 1972 av Pitney Bowes Corp. Det kallas \u00e4ven f\u00f6r&nbsp; Codeabar, Ames Code, NW-7, Monarch, Code 2 of 7, Rationalized Codabar, ANSI\/AIM BC3-1995 eller USD-4. Biblioteksbok streckkod.<\/li>\n<li>Det utvecklades f\u00f6r att kunna avl\u00e4sas \u00e4ven efter utskrift p\u00e5 en dot-matrix skrivare f\u00f6r fler-deliga blanketter s\u00e5som FedEx flyg fakturor och blodgivarblanketter.<\/li>\n<li>Codabar kan koda siffror och f\u00f6ljande speciella tecken: <strong>&#8211;<\/strong> . $ : \/ <strong>+<\/strong>.<\/li>\n<li>Kodad text m\u00e5ste avlimiteras genom en b\u00f6rjan och ett slut och skall anges med stora bokst\u00e4ver A B C eller D.<\/li>\n<\/ul>\n<div id=\"2dbarcode\"><\/div>\n<div class=\"basic-divider\"><span style=\"color: #ff9900\"><a id=\"scroll_to_top\" class=\"link-top\" href=\"#\"><span style=\"color: #ff9900\">Till toppen<\/span><\/a><\/span><\/div>\n<h4>OM QR KOD<\/h4>\n<p>Uppt\u00e4ck alla funktioner av&nbsp;<a title=\"qr-kod guide - 2d strekkoden\" href=\"http:\/\/www.labeljoy.com\/sv\/stod\/qr-kod\/\">2D barcode<\/a><\/p>\n","protected":false},"excerpt":{"rendered":"<p>Streckkod Vad \u00e4r en streckkod?? Grunderna om streckkod. En streckkod symbol \u00e4r en set grafiska element med h\u00f6g kontrast arrangerade f\u00f6r att bli avl\u00e4sa av en skannar sensor och avkodat f\u00f6r att \u00e5terge inneh\u00e5llande information. F\u00f6ljande \u00e4r en guide I Code 39, Code 128, EAN 13, Code 11 I vilken vi f\u00f6rklarar egenskaper av streckkoder &#8230; <a title=\"Streckkod\" class=\"read-more\" href=\"https:\/\/www.labeljoy.com\/sv\/stod\/streckkod\/\" aria-label=\"L\u00e4s mer om Streckkod\">Read more<\/a><\/p>\n","protected":false},"author":1,"featured_media":0,"parent":5497,"menu_order":23,"comment_status":"closed","ping_status":"closed","template":"","meta":{"inline_featured_image":false,"_monsterinsights_skip_tracking":false,"_monsterinsights_sitenote_active":false,"_monsterinsights_sitenote_note":"","_monsterinsights_sitenote_category":0,"footnotes":""},"class_list":{"0":"post-5503","1":"page","2":"type-page","3":"status-publish","5":"infinite-scroll-item"},"aioseo_notices":[],"_links":{"self":[{"href":"https:\/\/www.labeljoy.com\/sv\/wp-json\/wp\/v2\/pages\/5503","targetHints":{"allow":["GET"]}}],"collection":[{"href":"https:\/\/www.labeljoy.com\/sv\/wp-json\/wp\/v2\/pages"}],"about":[{"href":"https:\/\/www.labeljoy.com\/sv\/wp-json\/wp\/v2\/types\/page"}],"author":[{"embeddable":true,"href":"https:\/\/www.labeljoy.com\/sv\/wp-json\/wp\/v2\/users\/1"}],"replies":[{"embeddable":true,"href":"https:\/\/www.labeljoy.com\/sv\/wp-json\/wp\/v2\/comments?post=5503"}],"version-history":[{"count":14,"href":"https:\/\/www.labeljoy.com\/sv\/wp-json\/wp\/v2\/pages\/5503\/revisions"}],"predecessor-version":[{"id":41365,"href":"https:\/\/www.labeljoy.com\/sv\/wp-json\/wp\/v2\/pages\/5503\/revisions\/41365"}],"up":[{"embeddable":true,"href":"https:\/\/www.labeljoy.com\/sv\/wp-json\/wp\/v2\/pages\/5497"}],"wp:attachment":[{"href":"https:\/\/www.labeljoy.com\/sv\/wp-json\/wp\/v2\/media?parent=5503"}],"curies":[{"name":"wp","href":"https:\/\/api.w.org\/{rel}","templated":true}]}}