{"id":5521,"date":"2012-07-18T09:48:06","date_gmt":"2012-07-18T09:48:06","guid":{"rendered":"http:\/\/www.labeljoy.com\/templates\/bottle-label\/"},"modified":"2014-01-31T15:48:33","modified_gmt":"2014-01-31T15:48:33","slug":"flask-etikett","status":"publish","type":"page","link":"https:\/\/www.labeljoy.com\/sv\/mallar\/flask-etikett\/","title":{"rendered":"Flasketikett"},"content":{"rendered":"<h1>Anpassade Flasketikett Mallar<\/h1>\n<h2>Personligg\u00f6r dina flaskor med etiketter!<\/h2>\n<p>Med Labeljoy kan du skapa <strong>dina egna anpassade etiketter f\u00f6r vattenflaskor<\/strong>, <a title=\"vinflaskor maller\" href=\"http:\/\/www.labeljoy.com\/sv\/mallar\/vin-etiketter\/\">vinflaskor<\/a> och anpassade etiketter f\u00f6r \u00f6lflaskor.<\/p>\n<p>Letar du efter <em>personliga och professionella flasketiketter?<\/em> S<em>kapa dina egna flasketiketter<\/em> p\u00e5 n\u00e5gra f\u00e5 musklick.<\/p>\n<h3>Du kan skapa anpassade flasketiketter f\u00f6r alla tillf\u00e4llen!<\/h3>\n<p>L\u00e4mna ett gott intryck p\u00e5 din n\u00e4sta stora h\u00e4ndelse. Du kan skapa etiketter f\u00f6r f\u00f6delsedagar, helgdagar, \u00e5rsdagar. Labeljoy ger dig m\u00f6jligheten att <strong>skapa en fullst\u00e4ndig anpassad flasketikett,<\/strong> genom att <a title=\"video mjukvarupresentation\" href=\"http:\/\/www.labeljoy.com\/sv\/video-guide\/etiketterings-mjukvarupresentation\/\">l\u00e4gga till text, olika typsnitt<\/a> och storlekar, infoga bilder fr\u00e5n din dator, anv\u00e4nd transparens effekter och infoga ramar. Vidare, f\u00f6r aff\u00e4rs\u00e4ndam\u00e5l, kan du \u00e4ven infoga streckkoder och l\u00e4nka textf\u00e4lt med <a title=\"video externa databaser\" href=\"http:\/\/www.labeljoy.com\/sv\/video-guide\/koppla-upp-externa-datakallor\/\">externa databaser.<\/a><\/p>\n<p>Sedan kan du skriva ut dina anpassade etiketter p\u00e5 typen av papper du f\u00f6redrar genom standard eller roll skrivare.<\/p>\n<div class=\"one_third\"> <div class=\"img-frame full-fourth\"><div class=\"lightbox-zoom\"><a title=\"Vattenflaskaetikett\" href=\"http:\/\/www.labeljoy.com\/label-templates\/bottle\/bottle1b.jpg\" data-gal=\"prettyPhoto[Flasketikett]\" class=\"hover-item\"><img decoding=\"async\" width=\"197\" height=\"133\" alt=\"Vattenflaskaetikett\" src=\"https:\/\/www.labeljoy.com\/wp-content\/plugins\/sterling-shortcodes\/\/timthumb\/timthumb.php?src=http:\/\/www.labeljoy.com\/label-templates\/bottle\/bottle1s.jpg&#038;h=133&#038;w=197\"><\/a><\/div><\/div>\n<p style=\"text-align: center\"><a href=\"http:\/\/www.labeljoy.com\/label-templates\/bottle\/bottle1.lpa\" class=\"small white tt-button\" target=\"_self\"> Ladda ner <\/a>\n<\/div>\n<div class=\"one_third\"> <div class=\"img-frame full-fourth\"><div class=\"lightbox-zoom\"><a title=\"Limoncello flaskans etikett\" href=\"http:\/\/www.labeljoy.com\/label-templates\/bottle\/bottle2b.jpg\" data-gal=\"prettyPhoto[Flasketikett]\" class=\"hover-item\"><img decoding=\"async\" width=\"197\" height=\"133\" alt=\"Limoncello flaskans etikett\" src=\"https:\/\/www.labeljoy.com\/wp-content\/plugins\/sterling-shortcodes\/\/timthumb\/timthumb.php?src=http:\/\/www.labeljoy.com\/label-templates\/bottle\/bottle2s.jpg&#038;h=133&#038;w=197\"><\/a><\/div><\/div>\n<p style=\"text-align: center\"><a href=\"http:\/\/www.labeljoy.com\/label-templates\/bottle\/bottle2.lpa\" class=\"small white tt-button\" target=\"_self\"> Ladda ner <\/a>\n<\/div>\n<div class=\"one_third\"> <div class=\"img-frame full-fourth\"><div class=\"lightbox-zoom\"><a title=\"Olja flaskans etikett\" href=\"http:\/\/www.labeljoy.com\/label-templates\/bottle\/bottle3b.jpg\" data-gal=\"prettyPhoto[Flasketikett]\" class=\"hover-item\"><img decoding=\"async\" width=\"197\" height=\"133\" alt=\"Olja flaskans etikett\" src=\"https:\/\/www.labeljoy.com\/wp-content\/plugins\/sterling-shortcodes\/\/timthumb\/timthumb.php?src=http:\/\/www.labeljoy.com\/label-templates\/bottle\/bottle3s.jpg&#038;h=133&#038;w=197\"><\/a><\/div><\/div>\n<p style=\"text-align: center\"><a href=\"http:\/\/www.labeljoy.com\/label-templates\/bottle\/bottle3.lpa\" class=\"small white tt-button\" target=\"_self\"> Ladda ner <\/a>\n<\/div>\n<div class=\"hr hr-dotted\">&nbsp;<\/div>\n<div class=\"one_half\">\n<p style=\"text-align: center\"><a href=\"\/sv\/kop\/\" class=\"large blue tt-button\" target=\"\"> K\u00f6p Programvara <\/a>\n<\/div>\n<div class=\"one_half\">\n<p style=\"text-align: center\"><a href=\"\/sv\/download-sv\/\" class=\"large green tt-button\" target=\"\"> Ladda ner gratis <\/a>\n<\/div>\n","protected":false},"excerpt":{"rendered":"<p>Anpassade Flasketikett Mallar Personligg\u00f6r dina flaskor med etiketter! Med Labeljoy kan du skapa dina egna anpassade etiketter f\u00f6r vattenflaskor, vinflaskor och anpassade etiketter f\u00f6r \u00f6lflaskor. Letar du efter personliga och professionella flasketiketter? Skapa dina egna flasketiketter p\u00e5 n\u00e5gra f\u00e5 musklick. Du kan skapa anpassade flasketiketter f\u00f6r alla tillf\u00e4llen! L\u00e4mna ett gott intryck p\u00e5 din n\u00e4sta &#8230; <a title=\"Flasketikett\" class=\"read-more\" href=\"https:\/\/www.labeljoy.com\/sv\/mallar\/flask-etikett\/\" aria-label=\"L\u00e4s mer om Flasketikett\">Read more<\/a><\/p>\n","protected":false},"author":1,"featured_media":0,"parent":5490,"menu_order":0,"comment_status":"open","ping_status":"closed","template":"page-template-left-sidebar.php","meta":{"inline_featured_image":false,"_monsterinsights_skip_tracking":false,"_monsterinsights_sitenote_active":false,"_monsterinsights_sitenote_note":"","_monsterinsights_sitenote_category":0,"footnotes":""},"class_list":{"0":"post-5521","1":"page","2":"type-page","3":"status-publish","5":"infinite-scroll-item"},"aioseo_notices":[],"_links":{"self":[{"href":"https:\/\/www.labeljoy.com\/sv\/wp-json\/wp\/v2\/pages\/5521","targetHints":{"allow":["GET"]}}],"collection":[{"href":"https:\/\/www.labeljoy.com\/sv\/wp-json\/wp\/v2\/pages"}],"about":[{"href":"https:\/\/www.labeljoy.com\/sv\/wp-json\/wp\/v2\/types\/page"}],"author":[{"embeddable":true,"href":"https:\/\/www.labeljoy.com\/sv\/wp-json\/wp\/v2\/users\/1"}],"replies":[{"embeddable":true,"href":"https:\/\/www.labeljoy.com\/sv\/wp-json\/wp\/v2\/comments?post=5521"}],"version-history":[{"count":11,"href":"https:\/\/www.labeljoy.com\/sv\/wp-json\/wp\/v2\/pages\/5521\/revisions"}],"predecessor-version":[{"id":17387,"href":"https:\/\/www.labeljoy.com\/sv\/wp-json\/wp\/v2\/pages\/5521\/revisions\/17387"}],"up":[{"embeddable":true,"href":"https:\/\/www.labeljoy.com\/sv\/wp-json\/wp\/v2\/pages\/5490"}],"wp:attachment":[{"href":"https:\/\/www.labeljoy.com\/sv\/wp-json\/wp\/v2\/media?parent=5521"}],"curies":[{"name":"wp","href":"https:\/\/api.w.org\/{rel}","templated":true}]}}