{"id":5523,"date":"2012-07-18T09:47:02","date_gmt":"2012-07-18T09:47:02","guid":{"rendered":"http:\/\/www.labeljoy.com\/templates\/wine-label\/"},"modified":"2014-01-31T18:21:00","modified_gmt":"2014-01-31T18:21:00","slug":"vin-etiketter","status":"publish","type":"page","link":"https:\/\/www.labeljoy.com\/sv\/mallar\/vin-etiketter\/","title":{"rendered":"Vin Etikett"},"content":{"rendered":"<h1>Vin Etikett Mall<\/h1>\n<h2>Skapa dina Personliga Vin Etiketter<\/h2>\n<p>Skapa vin etiketter f\u00f6r dina vinflaskor med utskrift-f\u00e4rdiga mallar p\u00e5 laser, inkjet eller roll skrivare.<\/p>\n<p><strong>Personliga Vin Etiketter \u2013 <\/strong>Anpassade vin etiketter I f\u00e4rg \u00e4r enkla att g\u00f6ra och <strong>perfekta f\u00f6r alla vin tillverkare<\/strong> och vin \u00e4lskare. G\u00f6r dina egna personliga vinetiketter med Labeljoy etikett mjukvara.<\/p>\n<p>Ladda ner en vin etikett mall och anpassa det: <a title=\"video etiketterings-mjukvarupresentation\" href=\"http:\/\/www.labeljoy.com\/sv\/video-guide\/etiketterings-mjukvarupresentation\/\">personifiera designen<\/a>, l\u00e4gg till f\u00f6retagslogga, en favoritbild, ange din text och v\u00e4lj dina favoritf\u00e4rger f\u00f6r ett anpassat utseende.<\/p>\n<h3>Spara och skriv ut dina personliga vinetiketter gratis!<\/h3>\n<p>Labeljoy erbjuder gratis utskrift-f\u00e4rdiga etiketter. Dessa \u00e4r skapade I olika teman av v\u00e4l-k\u00e4nda designers.<\/p>\n<p><strong>Nu har skapandet av vinetiketter blivit l\u00e4tt!<\/strong><\/p>\n<div class=\"one_third\"> <div class=\"img-frame full-fourth\"><div class=\"lightbox-zoom\"><a title=\"vinetiketten\" href=\"http:\/\/www.labeljoy.com\/label-templates\/wine\/wine1b.jpg\" data-gal=\"prettyPhoto[Vin Etiketter]\" class=\"hover-item\"><img decoding=\"async\" width=\"197\" height=\"133\" alt=\"vinetiketten\" src=\"https:\/\/www.labeljoy.com\/wp-content\/plugins\/sterling-shortcodes\/\/timthumb\/timthumb.php?src=http:\/\/www.labeljoy.com\/label-templates\/wine\/wine1s.jpg&#038;h=133&#038;w=197\"><\/a><\/div><\/div>\n<p style=\"text-align: center\"><a href=\"http:\/\/www.labeljoy.com\/label-templates\/wine\/wine1.lpa\" class=\"small white tt-button\" target=\"_self\"> Ladda ner <\/a>\n<\/div>\n<div class=\"one_third\"> <div class=\"img-frame full-fourth\"><div class=\"lightbox-zoom\"><a title=\"Anpassad vinetiketter\" href=\"http:\/\/www.labeljoy.com\/label-templates\/wine\/wine2b.jpg\" data-gal=\"prettyPhoto[Vin Etiketter]\" class=\"hover-item\"><img decoding=\"async\" width=\"197\" height=\"133\" alt=\"Anpassad vinetiketter\" src=\"https:\/\/www.labeljoy.com\/wp-content\/plugins\/sterling-shortcodes\/\/timthumb\/timthumb.php?src=http:\/\/www.labeljoy.com\/label-templates\/wine\/wine2s.jpg&#038;h=133&#038;w=197\"><\/a><\/div><\/div>\n<p style=\"text-align: center\"><a href=\"http:\/\/www.labeljoy.com\/label-templates\/wine\/wine2.lpa\" class=\"small white tt-button\" target=\"_self\"> Ladda ner <\/a>\n<\/div>\n<div class=\"one_third\"> <div class=\"img-frame full-fourth\"><div class=\"lightbox-zoom\"><a title=\"Etiketter f\u00f6r flaska vin\" href=\"http:\/\/www.labeljoy.com\/label-templates\/wine\/wine3b.jpg\" data-gal=\"prettyPhoto[Vin Etiketter]\" class=\"hover-item\"><img decoding=\"async\" width=\"197\" height=\"133\" alt=\"Etiketter f\u00f6r flaska vin\" src=\"https:\/\/www.labeljoy.com\/wp-content\/plugins\/sterling-shortcodes\/\/timthumb\/timthumb.php?src=http:\/\/www.labeljoy.com\/label-templates\/wine\/wine3s.jpg&#038;h=133&#038;w=197\"><\/a><\/div><\/div>\n<p style=\"text-align: center\"><a href=\"http:\/\/www.labeljoy.com\/label-templates\/wine\/wine3.lpa\" class=\"small white tt-button\" target=\"_self\"> Ladda ner <\/a>\n<\/div>\n<div class=\"hr hr-dotted\">&nbsp;<\/div>\n<div class=\"one_third\"> <div class=\"img-frame full-fourth\"><div class=\"lightbox-zoom\"><a title=\"Anpassad vinflaska etikett\" href=\"http:\/\/www.labeljoy.com\/label-templates\/wine\/wine4b.jpg\" data-gal=\"prettyPhoto[Vin Etiketter]\" class=\"hover-item\"><img decoding=\"async\" width=\"197\" height=\"133\" alt=\"Anpassad vinflaska etikett\" src=\"https:\/\/www.labeljoy.com\/wp-content\/plugins\/sterling-shortcodes\/\/timthumb\/timthumb.php?src=http:\/\/www.labeljoy.com\/label-templates\/wine\/wine4s.jpg&#038;h=133&#038;w=197\"><\/a><\/div><\/div>\n<p style=\"text-align: center\"><a href=\"http:\/\/www.labeljoy.com\/label-templates\/wine\/wine4.lpa\" class=\"small white tt-button\" target=\"_self\"> Ladda ner <\/a>\n<\/div>\n<div class=\"one_third\"> <div class=\"img-frame full-fourth\"><div class=\"lightbox-zoom\"><a title=\"Vitt vin etikettmall\" href=\"http:\/\/www.labeljoy.com\/label-templates\/wine\/wine5b.jpg\" data-gal=\"prettyPhoto[Vin Etiketter]\" class=\"hover-item\"><img decoding=\"async\" width=\"197\" height=\"133\" alt=\"Vitt vin etikettmall\" src=\"https:\/\/www.labeljoy.com\/wp-content\/plugins\/sterling-shortcodes\/\/timthumb\/timthumb.php?src=http:\/\/www.labeljoy.com\/label-templates\/wine\/wine5s.jpg&#038;h=133&#038;w=197\"><\/a><\/div><\/div>\n<p style=\"text-align: center\"><a href=\"http:\/\/www.labeljoy.com\/label-templates\/wine\/wine5.lpa\" class=\"small white tt-button\" target=\"_self\"> Ladda ner <\/a>\n<\/div>\n<div class=\"hr hr-dotted\">&nbsp;<\/div>\n<div class=\"one_half\">\n<p style=\"text-align: center\"><a href=\"\/sv\/kop\/\" class=\"large blue tt-button\" target=\"\"> K\u00f6p Programvara <\/a>\n<\/div>\n<div class=\"one_half\">\n<p style=\"text-align: center\"><a href=\"\/sv\/download-sv\/\" class=\"large green tt-button\" target=\"\"> Ladda ner gratis <\/a>\n<\/div>\n","protected":false},"excerpt":{"rendered":"<p>Vin Etikett Mall Skapa dina Personliga Vin Etiketter Skapa vin etiketter f\u00f6r dina vinflaskor med utskrift-f\u00e4rdiga mallar p\u00e5 laser, inkjet eller roll skrivare. Personliga Vin Etiketter \u2013 Anpassade vin etiketter I f\u00e4rg \u00e4r enkla att g\u00f6ra och perfekta f\u00f6r alla vin tillverkare och vin \u00e4lskare. G\u00f6r dina egna personliga vinetiketter med Labeljoy etikett mjukvara. Ladda &#8230; <a title=\"Vin Etikett\" class=\"read-more\" href=\"https:\/\/www.labeljoy.com\/sv\/mallar\/vin-etiketter\/\" aria-label=\"L\u00e4s mer om Vin Etikett\">Read more<\/a><\/p>\n","protected":false},"author":1,"featured_media":0,"parent":5490,"menu_order":0,"comment_status":"open","ping_status":"closed","template":"page-template-left-sidebar.php","meta":{"inline_featured_image":false,"_monsterinsights_skip_tracking":false,"_monsterinsights_sitenote_active":false,"_monsterinsights_sitenote_note":"","_monsterinsights_sitenote_category":0,"footnotes":""},"class_list":{"0":"post-5523","1":"page","2":"type-page","3":"status-publish","5":"infinite-scroll-item"},"aioseo_notices":[],"_links":{"self":[{"href":"https:\/\/www.labeljoy.com\/sv\/wp-json\/wp\/v2\/pages\/5523","targetHints":{"allow":["GET"]}}],"collection":[{"href":"https:\/\/www.labeljoy.com\/sv\/wp-json\/wp\/v2\/pages"}],"about":[{"href":"https:\/\/www.labeljoy.com\/sv\/wp-json\/wp\/v2\/types\/page"}],"author":[{"embeddable":true,"href":"https:\/\/www.labeljoy.com\/sv\/wp-json\/wp\/v2\/users\/1"}],"replies":[{"embeddable":true,"href":"https:\/\/www.labeljoy.com\/sv\/wp-json\/wp\/v2\/comments?post=5523"}],"version-history":[{"count":10,"href":"https:\/\/www.labeljoy.com\/sv\/wp-json\/wp\/v2\/pages\/5523\/revisions"}],"predecessor-version":[{"id":17393,"href":"https:\/\/www.labeljoy.com\/sv\/wp-json\/wp\/v2\/pages\/5523\/revisions\/17393"}],"up":[{"embeddable":true,"href":"https:\/\/www.labeljoy.com\/sv\/wp-json\/wp\/v2\/pages\/5490"}],"wp:attachment":[{"href":"https:\/\/www.labeljoy.com\/sv\/wp-json\/wp\/v2\/media?parent=5523"}],"curies":[{"name":"wp","href":"https:\/\/api.w.org\/{rel}","templated":true}]}}