{"id":5524,"date":"2012-07-18T09:46:07","date_gmt":"2012-07-18T09:46:07","guid":{"rendered":"http:\/\/www.labeljoy.com\/templates\/clothing-tags\/"},"modified":"2014-02-01T07:22:02","modified_gmt":"2014-02-01T07:22:02","slug":"klader-taggar","status":"publish","type":"page","link":"https:\/\/www.labeljoy.com\/sv\/mallar\/klader-taggar\/","title":{"rendered":"Kl\u00e4der Tagg"},"content":{"rendered":"<h1>Kl\u00e4der Tagg Mallar<\/h1>\n<h2>Skapa Dina Personliga Kl\u00e4der Tagg Etiketter<\/h2>\n<p>Att ha personliga kl\u00e4der taggar kan ge en f\u00f6rdel <strong>till din kl\u00e4daff\u00e4r. <\/strong><\/p>\n<p><strong><\/strong>Att l\u00e4gga till din egen etikett \u00e4r en signum och nu kan du g\u00f6ra detta med din standard skrivare eller roll skrivare hemma eller p\u00e5 kontoret. Med Labeljoy kan du <strong>skapa anpassade etiketter<\/strong> f\u00f6r <strong>kl\u00e4der<\/strong>, l\u00e4gga till ditt f\u00f6retags logga, designa grafiker och infoga streckkod automatisk genererad av mjukvaran.<\/p>\n<p>Eller helt enkelt l<strong>adda ner v\u00e5r mall f\u00f6r kl\u00e4dtaggar<\/strong> och anpassa det som du vill: byt dimensioner, l\u00e4gg till text eller bilder, l\u00e4gg till bakgrunder och cliparts.<\/p>\n<h3>Att skapa kl\u00e4dtaggar \u00e4r nu mycket enkelt!<\/h3>\n<div class=\"one_third\"> <div class=\"img-frame full-fourth\"><div class=\"lightbox-zoom\"><a title=\"Anpassade kl\u00e4der taggar\" href=\"http:\/\/www.labeljoy.com\/label-templates\/clothing\/clothing1b.jpg\" data-gal=\"prettyPhoto[Klader Taggar]\" class=\"hover-item\"><img decoding=\"async\" width=\"197\" height=\"133\" alt=\"Anpassade kl\u00e4der taggar\" src=\"https:\/\/www.labeljoy.com\/wp-content\/plugins\/sterling-shortcodes\/\/timthumb\/timthumb.php?src=http:\/\/www.labeljoy.com\/label-templates\/clothing\/clothing1s.jpg&#038;h=133&#038;w=197\"><\/a><\/div><\/div>\n<p style=\"text-align: center\"><a href=\"http:\/\/www.labeljoy.com\/label-templates\/clothing\/clothing1.lpa\" class=\"small white tt-button\" target=\"_self\"> Ladda ner <\/a>\n<\/div>\n<div class=\"one_third\"> <div class=\"img-frame full-fourth\"><div class=\"lightbox-zoom\"><a title=\"Kl\u00e4der etikett\" href=\"http:\/\/www.labeljoy.com\/label-templates\/clothing\/clothing2b.jpg\" data-gal=\"prettyPhoto[Klader Taggar]\" class=\"hover-item\"><img decoding=\"async\" width=\"197\" height=\"133\" alt=\"Kl\u00e4der etikett\" src=\"https:\/\/www.labeljoy.com\/wp-content\/plugins\/sterling-shortcodes\/\/timthumb\/timthumb.php?src=http:\/\/www.labeljoy.com\/label-templates\/clothing\/clothing2s.jpg&#038;h=133&#038;w=197\"><\/a><\/div><\/div>\n<p style=\"text-align: center\"><a href=\"http:\/\/www.labeljoy.com\/label-templates\/clothing\/clothing2.lpa\" class=\"small white tt-button\" target=\"_self\"> Ladda ner <\/a>\n<\/div>\n<div class=\"one_third\"> <div class=\"img-frame full-fourth\"><div class=\"lightbox-zoom\"><a title=\"Kl\u00e4d taggen\" href=\"http:\/\/www.labeljoy.com\/label-templates\/clothing\/clothing3b.jpg\" data-gal=\"prettyPhoto[Klader Taggar]\" class=\"hover-item\"><img decoding=\"async\" width=\"197\" height=\"133\" alt=\"Kl\u00e4d taggen\" src=\"https:\/\/www.labeljoy.com\/wp-content\/plugins\/sterling-shortcodes\/\/timthumb\/timthumb.php?src=http:\/\/www.labeljoy.com\/label-templates\/clothing\/clothing3s.jpg&#038;h=133&#038;w=197\"><\/a><\/div><\/div>\n<p style=\"text-align: center\"><a href=\"http:\/\/www.labeljoy.com\/label-templates\/clothing\/clothing3.lpa\" class=\"small white tt-button\" target=\"_self\"> Ladda ner <\/a>\n<\/div>\n<div class=\"hr hr-dotted\">&nbsp;<\/div>\n<div class=\"one_third\"> <div class=\"img-frame full-fourth\"><div class=\"lightbox-zoom\"><a title=\"Anpassad kl\u00e4der tag\" href=\"http:\/\/www.labeljoy.com\/label-templates\/clothing\/clothing4b.jpg\" data-gal=\"prettyPhoto[Klader Taggar]\" class=\"hover-item\"><img decoding=\"async\" width=\"197\" height=\"133\" alt=\"Anpassad kl\u00e4der tag\" src=\"https:\/\/www.labeljoy.com\/wp-content\/plugins\/sterling-shortcodes\/\/timthumb\/timthumb.php?src=http:\/\/www.labeljoy.com\/label-templates\/clothing\/clothing4s.jpg&#038;h=133&#038;w=197\"><\/a><\/div><\/div>\n<p style=\"text-align: center\"><a href=\"http:\/\/www.labeljoy.com\/label-templates\/clothing\/clothing4.lpa\" class=\"small white tt-button\" target=\"_self\"> Ladda ner <\/a>\n<\/div>\n<div class=\"one_third\"> <div class=\"img-frame full-fourth\"><div class=\"lightbox-zoom\"><a title=\"Dress taggen\" href=\"http:\/\/www.labeljoy.com\/label-templates\/clothing\/clothing5b.jpg\" data-gal=\"prettyPhoto[Klader Taggar]\" class=\"hover-item\"><img decoding=\"async\" width=\"197\" height=\"133\" alt=\"Dress taggen\" src=\"https:\/\/www.labeljoy.com\/wp-content\/plugins\/sterling-shortcodes\/\/timthumb\/timthumb.php?src=http:\/\/www.labeljoy.com\/label-templates\/clothing\/clothing5s.jpg&#038;h=133&#038;w=197\"><\/a><\/div><\/div>\n<p style=\"text-align: center\"><a href=\"http:\/\/www.labeljoy.com\/label-templates\/clothing\/clothing5.lpa\" class=\"small white tt-button\" target=\"_self\"> Ladda ner <\/a>\n<\/div>\n<div class=\"one_third\"> <div class=\"img-frame full-fourth\"><div class=\"lightbox-zoom\"><a title=\"Kl\u00e4dbutik taggar\" href=\"http:\/\/www.labeljoy.com\/label-templates\/clothing\/clothing6b.jpg\" data-gal=\"prettyPhoto[Klader Taggar]\" class=\"hover-item\"><img decoding=\"async\" width=\"197\" height=\"133\" alt=\"Kl\u00e4dbutik taggar\" src=\"https:\/\/www.labeljoy.com\/wp-content\/plugins\/sterling-shortcodes\/\/timthumb\/timthumb.php?src=http:\/\/www.labeljoy.com\/label-templates\/clothing\/clothing6s.jpg&#038;h=133&#038;w=197\"><\/a><\/div><\/div>\n<p style=\"text-align: center\"><a href=\"http:\/\/www.labeljoy.com\/label-templates\/clothing\/clothing6.lpa\" class=\"small white tt-button\" target=\"_self\"> Ladda ner <\/a>\n<\/div>\n<div class=\"hr hr-dotted\">&nbsp;<\/div>\n<div class=\"one_half\">\n<p style=\"text-align: center\"><a href=\"\/sv\/kop\/\" class=\"large blue tt-button\" target=\"\"> K\u00f6p Programvara <\/a>\n<\/div>\n<div class=\"one_half\">\n<p style=\"text-align: center\"><a href=\"\/sv\/download-sv\/\" class=\"large green tt-button\" target=\"\"> Ladda ner gratis <\/a>\n<\/div>\n","protected":false},"excerpt":{"rendered":"<p>Kl\u00e4der Tagg Mallar Skapa Dina Personliga Kl\u00e4der Tagg Etiketter Att ha personliga kl\u00e4der taggar kan ge en f\u00f6rdel till din kl\u00e4daff\u00e4r. Att l\u00e4gga till din egen etikett \u00e4r en signum och nu kan du g\u00f6ra detta med din standard skrivare eller roll skrivare hemma eller p\u00e5 kontoret. Med Labeljoy kan du skapa anpassade etiketter f\u00f6r &#8230; <a title=\"Kl\u00e4der Tagg\" class=\"read-more\" href=\"https:\/\/www.labeljoy.com\/sv\/mallar\/klader-taggar\/\" aria-label=\"L\u00e4s mer om Kl\u00e4der Tagg\">Read more<\/a><\/p>\n","protected":false},"author":1,"featured_media":0,"parent":5490,"menu_order":0,"comment_status":"open","ping_status":"closed","template":"page-template-left-sidebar.php","meta":{"inline_featured_image":false,"_monsterinsights_skip_tracking":false,"_monsterinsights_sitenote_active":false,"_monsterinsights_sitenote_note":"","_monsterinsights_sitenote_category":0,"footnotes":""},"class_list":{"0":"post-5524","1":"page","2":"type-page","3":"status-publish","5":"infinite-scroll-item"},"aioseo_notices":[],"_links":{"self":[{"href":"https:\/\/www.labeljoy.com\/sv\/wp-json\/wp\/v2\/pages\/5524","targetHints":{"allow":["GET"]}}],"collection":[{"href":"https:\/\/www.labeljoy.com\/sv\/wp-json\/wp\/v2\/pages"}],"about":[{"href":"https:\/\/www.labeljoy.com\/sv\/wp-json\/wp\/v2\/types\/page"}],"author":[{"embeddable":true,"href":"https:\/\/www.labeljoy.com\/sv\/wp-json\/wp\/v2\/users\/1"}],"replies":[{"embeddable":true,"href":"https:\/\/www.labeljoy.com\/sv\/wp-json\/wp\/v2\/comments?post=5524"}],"version-history":[{"count":10,"href":"https:\/\/www.labeljoy.com\/sv\/wp-json\/wp\/v2\/pages\/5524\/revisions"}],"predecessor-version":[{"id":17388,"href":"https:\/\/www.labeljoy.com\/sv\/wp-json\/wp\/v2\/pages\/5524\/revisions\/17388"}],"up":[{"embeddable":true,"href":"https:\/\/www.labeljoy.com\/sv\/wp-json\/wp\/v2\/pages\/5490"}],"wp:attachment":[{"href":"https:\/\/www.labeljoy.com\/sv\/wp-json\/wp\/v2\/media?parent=5524"}],"curies":[{"name":"wp","href":"https:\/\/api.w.org\/{rel}","templated":true}]}}