{"id":5525,"date":"2012-07-18T09:45:20","date_gmt":"2012-07-18T09:45:20","guid":{"rendered":"http:\/\/www.labeljoy.com\/templates\/nutritional-label\/"},"modified":"2024-04-10T12:33:31","modified_gmt":"2024-04-10T12:33:31","slug":"mat-etiketter","status":"publish","type":"page","link":"https:\/\/www.labeljoy.com\/sv\/mallar\/mat-etiketter\/","title":{"rendered":"N\u00e4ringsetikett"},"content":{"rendered":"<h1>N\u00e4ringsetikett Mall<\/h1>\n<h2>Ladda ner N\u00e4ringsetikett Mallar<\/h2>\n<p>Du kan <strong>skapa n\u00e4ringsetiketter<\/strong> f\u00f6r ditt f\u00f6retag eller s\u00e4lja dina hemmagjorda matprodukter. I vilket fall som helst m\u00e5ste du uppfylla de villkor som din lokala myndighet s\u00e4ger g\u00e4llande etikettering. Labeljoy \u00e4r en <em>N\u00e4ringsetikettering mjukvara<\/em> som l\u00e5ter dig skapa <em>anpassade matetiketter.<\/em><\/p>\n<p>Lagf\u00f6rda informationen inneh\u00e5ller:<\/p>\n<ul>\n<li>N\u00e4ringsv\u00e4rde Tabell<\/li>\n<li>Ingrediens lista<\/li>\n<li>Frivilliga n\u00e4ringsp\u00e5st\u00e5enden<\/li>\n<\/ul>\n<p>N\u00e4ringsfakta Tabell ger dig information om:<\/p>\n<ul>\n<li>Kalorier<\/li>\n<li>13 k\u00e4rn n\u00e4rings\u00e4mnen<\/li>\n<li>% Daglig Intag (%RDI) av n\u00e4rings\u00e4mnen<\/li>\n<\/ul>\n<section>\u00a0<\/section>\n<p>Genom att ladda ner dessa <strong>n\u00e4ringsetikett mallar<\/strong> kan du anpassa varje parameter och l\u00e4gga till nya f\u00e4lt, Du kan \u00e4ven f\u00f6rrika din n\u00e4ringsetikett med anpassade streckkoder.<\/p>\n<p>Du kan \u00e4ven <a title=\"byta layouten video\" href=\"http:\/\/www.labeljoy.com\/sv\/video-guide\/hantera-layouts\/\">byta layouten<\/a> p\u00e5 pappret f\u00f6r att passa dina \u00f6nskem\u00e5l beroende p\u00e5 f\u00f6rpackningens storlek.<\/p>\n<p>Sedan kan du <em>skriva ut anpassade n\u00e4ringsetiketter<\/em> p\u00e5 klisterblad med standard skrivare eller roll skrivare.<\/p>\n<p>Se ocks\u00e5 v\u00e5r:\u00a0<a href=\"http:\/\/www.fda.gov\/Food\/default.htm\">Hur att F\u00f6rst\u00e5 och Anv\u00e4nda N\u00e4ringsfakta Etiketten<\/a><\/p>\n<div class=\"one_third\"> <div class=\"img-frame full-fourth\"><div class=\"lightbox-zoom\"><a title=\"N\u00e4ringsetikett\" href=\"http:\/\/www.labeljoy.com\/label-templates\/food\/nutrition2b.jpg\" data-gal=\"prettyPhoto[food nutrition]\" class=\"hover-item\"><img decoding=\"async\" width=\"197\" height=\"133\" alt=\"N\u00e4ringsetikett\" src=\"https:\/\/www.labeljoy.com\/wp-content\/plugins\/sterling-shortcodes\/\/timthumb\/timthumb.php?src=http:\/\/www.labeljoy.com\/label-templates\/food\/nutrition2s.jpg&#038;h=133&#038;w=197\"><\/a><\/div><\/div>\n<p style=\"text-align: center\"><a href=\"http:\/\/www.labeljoy.com\/label-templates\/food\/nutrition2.lpa\" class=\"small white tt-button\" target=\"_self\"> Ladda ner <\/a>\n<\/div>\n<div class=\"one_third\"> <div class=\"img-frame full-fourth\"><div class=\"lightbox-zoom\"><a title=\"N\u00e4ringsetikett\" href=\"http:\/\/www.labeljoy.com\/label-templates\/food\/nutrition3b.jpg\" data-gal=\"prettyPhoto[food nutrition]\" class=\"hover-item\"><img decoding=\"async\" width=\"197\" height=\"133\" alt=\"N\u00e4ringsetikett\" src=\"https:\/\/www.labeljoy.com\/wp-content\/plugins\/sterling-shortcodes\/\/timthumb\/timthumb.php?src=http:\/\/www.labeljoy.com\/label-templates\/food\/nutrition3s.jpg&#038;h=133&#038;w=197\"><\/a><\/div><\/div>\n<p style=\"text-align: center\"><a href=\"http:\/\/www.labeljoy.com\/label-templates\/food\/nutrition3.lpa\" class=\"small white tt-button\" target=\"_self\"> Ladda ner <\/a>\n<\/div>\n<div class=\"one_third\"> <div class=\"img-frame full-fourth\"><div class=\"lightbox-zoom\"><a title=\"N\u00e4ringsetikett\" href=\"http:\/\/www.labeljoy.com\/label-templates\/food\/nutrition4b.jpg\" data-gal=\"prettyPhoto[food nutrition]\" class=\"hover-item\"><img decoding=\"async\" width=\"197\" height=\"133\" alt=\"N\u00e4ringsetikett\" src=\"https:\/\/www.labeljoy.com\/wp-content\/plugins\/sterling-shortcodes\/\/timthumb\/timthumb.php?src=http:\/\/www.labeljoy.com\/label-templates\/food\/nutrition4s.jpg&#038;h=133&#038;w=197\"><\/a><\/div><\/div>\n<p style=\"text-align: center\"><a href=\"http:\/\/www.labeljoy.com\/label-templates\/food\/nutrition4.lpa\" class=\"small white tt-button\" target=\"_self\"> Ladda ner <\/a>\n<\/div>\n<div class=\"hr hr-dotted\">&nbsp;<\/div>\n<div class=\"one_half\">\n<p style=\"text-align: center\"><a href=\"\/sv\/kop\/\" class=\"large blue tt-button\" target=\"\"> K\u00f6p Programvara <\/a>\n<\/div>\n<div class=\"one_half\">\n<p style=\"text-align: center\"><a href=\"\/sv\/download-sv\/\" class=\"large green tt-button\" target=\"\"> Ladda ner gratis <\/a>\n<\/div>\n","protected":false},"excerpt":{"rendered":"<p>N\u00e4ringsetikett Mall Ladda ner N\u00e4ringsetikett Mallar Du kan skapa n\u00e4ringsetiketter f\u00f6r ditt f\u00f6retag eller s\u00e4lja dina hemmagjorda matprodukter. I vilket fall som helst m\u00e5ste du uppfylla de villkor som din lokala myndighet s\u00e4ger g\u00e4llande etikettering. Labeljoy \u00e4r en N\u00e4ringsetikettering mjukvara som l\u00e5ter dig skapa anpassade matetiketter. Lagf\u00f6rda informationen inneh\u00e5ller: N\u00e4ringsv\u00e4rde Tabell Ingrediens lista Frivilliga n\u00e4ringsp\u00e5st\u00e5enden &#8230; <a title=\"N\u00e4ringsetikett\" class=\"read-more\" href=\"https:\/\/www.labeljoy.com\/sv\/mallar\/mat-etiketter\/\" aria-label=\"L\u00e4s mer om N\u00e4ringsetikett\">Read more<\/a><\/p>\n","protected":false},"author":1,"featured_media":0,"parent":5490,"menu_order":0,"comment_status":"closed","ping_status":"closed","template":"","meta":{"inline_featured_image":false,"_monsterinsights_skip_tracking":false,"_monsterinsights_sitenote_active":false,"_monsterinsights_sitenote_note":"","_monsterinsights_sitenote_category":0,"footnotes":""},"class_list":{"0":"post-5525","1":"page","2":"type-page","3":"status-publish","5":"infinite-scroll-item"},"aioseo_notices":[],"_links":{"self":[{"href":"https:\/\/www.labeljoy.com\/sv\/wp-json\/wp\/v2\/pages\/5525","targetHints":{"allow":["GET"]}}],"collection":[{"href":"https:\/\/www.labeljoy.com\/sv\/wp-json\/wp\/v2\/pages"}],"about":[{"href":"https:\/\/www.labeljoy.com\/sv\/wp-json\/wp\/v2\/types\/page"}],"author":[{"embeddable":true,"href":"https:\/\/www.labeljoy.com\/sv\/wp-json\/wp\/v2\/users\/1"}],"replies":[{"embeddable":true,"href":"https:\/\/www.labeljoy.com\/sv\/wp-json\/wp\/v2\/comments?post=5525"}],"version-history":[{"count":12,"href":"https:\/\/www.labeljoy.com\/sv\/wp-json\/wp\/v2\/pages\/5525\/revisions"}],"predecessor-version":[{"id":41021,"href":"https:\/\/www.labeljoy.com\/sv\/wp-json\/wp\/v2\/pages\/5525\/revisions\/41021"}],"up":[{"embeddable":true,"href":"https:\/\/www.labeljoy.com\/sv\/wp-json\/wp\/v2\/pages\/5490"}],"wp:attachment":[{"href":"https:\/\/www.labeljoy.com\/sv\/wp-json\/wp\/v2\/media?parent=5525"}],"curies":[{"name":"wp","href":"https:\/\/api.w.org\/{rel}","templated":true}]}}