{"id":5526,"date":"2012-07-18T09:43:03","date_gmt":"2012-07-18T09:43:03","guid":{"rendered":"http:\/\/www.labeljoy.com\/templates\/product-label\/"},"modified":"2014-01-31T18:56:12","modified_gmt":"2014-01-31T18:56:12","slug":"produktetiketten","status":"publish","type":"page","link":"https:\/\/www.labeljoy.com\/sv\/mallar\/produktetiketten\/","title":{"rendered":"Produkt etiketter"},"content":{"rendered":"<h1>Designa dina egna produkt etiketter<\/h1>\n<h2>Produkt Etikettering: Designa och skriv ut anpassade och professionella etiketter<\/h2>\n<p>Skapa och anv\u00e4nd dina egna anpassade etiketter. H\u00f6g kvalitet anpassade och etiketter \u2013 bara med Labeljoy etikett mjukvara. K\u00f6r ig\u00e5ng med v\u00e5r konstverk eller <a title=\"video mjukvarupresentation\" href=\"http:\/\/www.labeljoy.com\/sv\/video-guide\/etiketterings-mjukvarupresentation\/\">ladda upp din egen logo<\/a>, bild, text, <a title=\"databaser video\" href=\"http:\/\/www.labeljoy.com\/sv\/video-guide\/koppla-upp-externa-datakallor\/\">databaser<\/a>. Det \u00e4r mycket enkelt tack vare WYSWIG gr\u00e4nssnittet.<\/p>\n<p>Med Labeljoy kan du skriva ut stora och sm\u00e5 m\u00e4ng etiketter f\u00f6r a<em>ff\u00e4rs och hemanv\u00e4ndning<\/em>. Vi erbjuder m\u00e5nga anpassade mallar designade f\u00f6r m\u00e5nga olika \u00e4ndam\u00e5l. Med v\u00e5ra designverktyg \u00e4r det l\u00e4tt att <strong>skapa och skriva ut dina egna etiketter:<\/strong> du kan v\u00e4lja fr\u00e5n en m\u00e4ngd mallar eller skapa din egen. Vi f\u00f6resl\u00e5r ett stort antal mallar som du kan redigera eller s\u00e5 kan du skapa din egen.<\/p>\n<h3>Anpassade Labels Redo f\u00f6r Utskrift<\/h3>\n<p>Labeljoy l\u00e5ter dig skriva ut dina egna produktetiketter och l\u00e4gga till allt du beh\u00f6ver:<\/p>\n<div class=\"one_third\">\n<ul>\n<li>Bilder<\/li>\n<li>text<\/li>\n<li><a title=\"streckkoder genrerara video\" href=\"http:\/\/www.labeljoy.com\/sv\/video-guide\/generera-streckkod-qr-kod\/\">streckkoder<\/a><\/li>\n<\/ul>\n<\/div>\n<div class=\"one_third\">\n<ul>\n<li><a title=\"QR koder genererar video\" href=\"http:\/\/www.labeljoy.com\/sv\/video-guide\/generera-streckkod-qr-kod\/\">QR koder<\/a><\/li>\n<li><a title=\"data fr\u00e5n externa databaser video\" href=\"http:\/\/www.labeljoy.com\/sv\/video-guide\/koppla-upp-externa-datakallor\/\">data fr\u00e5n externa databaser<\/a><\/li>\n<li>grafiska effekt<\/li>\n<\/ul>\n<\/div>\n<div class=\"one_third\">\n<\/div>\n<div class=\"column-clear\"><\/div>\n<p>F\u00e4rg etiketter utskrivna p\u00e5 standard papper eller en <a title=\"roll skrivare video\" href=\"http:\/\/www.labeljoy.com\/sv\/video-guide\/utskrifter-genom-roll-skrivare\/\">roll skrivare<\/a>, st\u00f6rre m\u00e4ngd etiketter, inga problem!<\/p>\n<p>Skapa en elegant bild med glansiga folie etiketter. <strong>Designa dina egna anpassade etiketter!<\/strong><\/p>\n<div class=\"one_third\"> <div class=\"img-frame full-fourth\"><div class=\"lightbox-zoom\"><a title=\"Produktetikettmall\" href=\"http:\/\/www.labeljoy.com\/label-templates\/product\/product1b.jpg\" data-gal=\"prettyPhoto[Produkt Etikett]\" class=\"hover-item\"><img decoding=\"async\" width=\"197\" height=\"133\" alt=\"Produktetikettmall\" src=\"https:\/\/www.labeljoy.com\/wp-content\/plugins\/sterling-shortcodes\/\/timthumb\/timthumb.php?src=http:\/\/www.labeljoy.com\/label-templates\/product\/product1s.jpg&#038;h=133&#038;w=197\"><\/a><\/div><\/div>\n<p style=\"text-align: center\"><a href=\"http:\/\/www.labeljoy.com\/label-templates\/product\/product1.lpa\" class=\"small white tt-button\" target=\"_self\"> Ladda ner <\/a>\n<\/div>\n<div class=\"one_third\"> <div class=\"img-frame full-fourth\"><div class=\"lightbox-zoom\"><a title=\"Honung etikett\" href=\"http:\/\/www.labeljoy.com\/label-templates\/product\/product2b.jpg\" data-gal=\"prettyPhoto[Produkt Etikett]\" class=\"hover-item\"><img decoding=\"async\" width=\"197\" height=\"133\" alt=\"Honung etikett\" src=\"https:\/\/www.labeljoy.com\/wp-content\/plugins\/sterling-shortcodes\/\/timthumb\/timthumb.php?src=http:\/\/www.labeljoy.com\/label-templates\/product\/product2s.jpg&#038;h=133&#038;w=197\"><\/a><\/div><\/div>\n<p style=\"text-align: center\"><a href=\"http:\/\/www.labeljoy.com\/label-templates\/product\/product2.lpa\" class=\"small white tt-button\" target=\"_self\"> Ladda ner <\/a>\n<\/div>\n<div class=\"one_third\"> <div class=\"img-frame full-fourth\"><div class=\"lightbox-zoom\"><a title=\"iPhone etiketter\" href=\"http:\/\/www.labeljoy.com\/label-templates\/product\/product3b.jpg\" data-gal=\"prettyPhoto[Produkt Etikett]\" class=\"hover-item\"><img decoding=\"async\" width=\"197\" height=\"133\" alt=\"iPhone etiketter\" src=\"https:\/\/www.labeljoy.com\/wp-content\/plugins\/sterling-shortcodes\/\/timthumb\/timthumb.php?src=http:\/\/www.labeljoy.com\/label-templates\/product\/product3s.jpg&#038;h=133&#038;w=197\"><\/a><\/div><\/div>\n<p style=\"text-align: center\"><a href=\"http:\/\/www.labeljoy.com\/label-templates\/product\/product3.lpa\" class=\"small white tt-button\" target=\"_self\"> Ladda ner <\/a>\n<\/div>\n<div class=\"hr hr-dotted\">&nbsp;<\/div>\n<div class=\"one_third\"> <div class=\"img-frame full-fourth\"><div class=\"lightbox-zoom\"><a title=\"Etiketter f\u00f6r produkter\" href=\"http:\/\/www.labeljoy.com\/label-templates\/product\/product4b.jpg\" data-gal=\"prettyPhoto[Produkt Etikett]\" class=\"hover-item\"><img decoding=\"async\" width=\"197\" height=\"133\" alt=\"Etiketter f\u00f6r produkter\" src=\"https:\/\/www.labeljoy.com\/wp-content\/plugins\/sterling-shortcodes\/\/timthumb\/timthumb.php?src=http:\/\/www.labeljoy.com\/label-templates\/product\/product4s.jpg&#038;h=133&#038;w=197\"><\/a><\/div><\/div>\n<p style=\"text-align: center\"><a href=\"http:\/\/www.labeljoy.com\/label-templates\/product\/product4.lpa\" class=\"small white tt-button\" target=\"_self\"> Ladda ner <\/a>\n<\/div>\n<div class=\"one_third\"> <div class=\"img-frame full-fourth\"><div class=\"lightbox-zoom\"><a title=\"Produkt etikett med streckkod\" href=\"http:\/\/www.labeljoy.com\/label-templates\/product\/product5b.jpg\" data-gal=\"prettyPhoto[Produkt Etikett]\" class=\"hover-item\"><img decoding=\"async\" width=\"197\" height=\"133\" alt=\"Produkt etikett med streckkod\" src=\"https:\/\/www.labeljoy.com\/wp-content\/plugins\/sterling-shortcodes\/\/timthumb\/timthumb.php?src=http:\/\/www.labeljoy.com\/label-templates\/product\/product5s.jpg&#038;h=133&#038;w=197\"><\/a><\/div><\/div>\n<p style=\"text-align: center\"><a href=\"http:\/\/www.labeljoy.com\/label-templates\/product\/product5.lpa\" class=\"small white tt-button\" target=\"_self\"> Ladda ner <\/a>\n<\/div>\n<div class=\"one_third\"> <div class=\"img-frame full-fourth\"><div class=\"lightbox-zoom\"><a title=\"Rabatt etikett\" href=\"http:\/\/www.labeljoy.com\/label-templates\/product\/product6b.jpg\" data-gal=\"prettyPhoto[Produkt Etikett]\" class=\"hover-item\"><img decoding=\"async\" width=\"197\" height=\"133\" alt=\"Rabatt etikett\" src=\"https:\/\/www.labeljoy.com\/wp-content\/plugins\/sterling-shortcodes\/\/timthumb\/timthumb.php?src=http:\/\/www.labeljoy.com\/label-templates\/product\/product6s.jpg&#038;h=133&#038;w=197\"><\/a><\/div><\/div>\n<p style=\"text-align: center\"><a href=\"http:\/\/www.labeljoy.com\/label-templates\/product\/product6.lpa\" class=\"small white tt-button\" target=\"_self\"> Ladda ner <\/a>\n<\/div>\n<div class=\"hr hr-dotted\">&nbsp;<\/div>\n<div class=\"one_third\"> <div class=\"img-frame full-fourth\"><div class=\"lightbox-zoom\"><a title=\"Palette produktm\u00e4rkning\" href=\"http:\/\/www.labeljoy.com\/label-templates\/product\/product7b.jpg\" data-gal=\"prettyPhoto[Produkt Etikett]\" class=\"hover-item\"><img decoding=\"async\" width=\"197\" height=\"133\" alt=\"Palette produktm\u00e4rkning\" src=\"https:\/\/www.labeljoy.com\/wp-content\/plugins\/sterling-shortcodes\/\/timthumb\/timthumb.php?src=http:\/\/www.labeljoy.com\/label-templates\/product\/product7s.jpg&#038;h=133&#038;w=197\"><\/a><\/div><\/div>\n<p style=\"text-align: center\"><a href=\"http:\/\/www.labeljoy.com\/label-templates\/product\/product7.lpa\" class=\"small white tt-button\" target=\"_self\"> Ladda ner <\/a>\n<\/div>\n<div class=\"hr hr-dotted\">&nbsp;<\/div>\n<div class=\"one_half\">\n<p style=\"text-align: center\"><a href=\"\/sv\/kop\/\" class=\"large blue tt-button\" target=\"\"> K\u00f6p Programvara <\/a>\n<\/div>\n<div class=\"one_half\">\n<p style=\"text-align: center\"><a href=\"\/sv\/download-sv\/\" class=\"large green tt-button\" target=\"\"> Ladda ner gratis <\/a>\n<\/div>\n","protected":false},"excerpt":{"rendered":"<p>Designa dina egna produkt etiketter Produkt Etikettering: Designa och skriv ut anpassade och professionella etiketter Skapa och anv\u00e4nd dina egna anpassade etiketter. H\u00f6g kvalitet anpassade och etiketter \u2013 bara med Labeljoy etikett mjukvara. K\u00f6r ig\u00e5ng med v\u00e5r konstverk eller ladda upp din egen logo, bild, text, databaser. Det \u00e4r mycket enkelt tack vare WYSWIG gr\u00e4nssnittet. &#8230; <a title=\"Produkt etiketter\" class=\"read-more\" href=\"https:\/\/www.labeljoy.com\/sv\/mallar\/produktetiketten\/\" aria-label=\"L\u00e4s mer om Produkt etiketter\">Read more<\/a><\/p>\n","protected":false},"author":1,"featured_media":0,"parent":5490,"menu_order":0,"comment_status":"open","ping_status":"closed","template":"page-template-left-sidebar.php","meta":{"inline_featured_image":false,"_monsterinsights_skip_tracking":false,"_monsterinsights_sitenote_active":false,"_monsterinsights_sitenote_note":"","_monsterinsights_sitenote_category":0,"footnotes":""},"class_list":{"0":"post-5526","1":"page","2":"type-page","3":"status-publish","5":"infinite-scroll-item"},"aioseo_notices":[],"_links":{"self":[{"href":"https:\/\/www.labeljoy.com\/sv\/wp-json\/wp\/v2\/pages\/5526","targetHints":{"allow":["GET"]}}],"collection":[{"href":"https:\/\/www.labeljoy.com\/sv\/wp-json\/wp\/v2\/pages"}],"about":[{"href":"https:\/\/www.labeljoy.com\/sv\/wp-json\/wp\/v2\/types\/page"}],"author":[{"embeddable":true,"href":"https:\/\/www.labeljoy.com\/sv\/wp-json\/wp\/v2\/users\/1"}],"replies":[{"embeddable":true,"href":"https:\/\/www.labeljoy.com\/sv\/wp-json\/wp\/v2\/comments?post=5526"}],"version-history":[{"count":14,"href":"https:\/\/www.labeljoy.com\/sv\/wp-json\/wp\/v2\/pages\/5526\/revisions"}],"predecessor-version":[{"id":17391,"href":"https:\/\/www.labeljoy.com\/sv\/wp-json\/wp\/v2\/pages\/5526\/revisions\/17391"}],"up":[{"embeddable":true,"href":"https:\/\/www.labeljoy.com\/sv\/wp-json\/wp\/v2\/pages\/5490"}],"wp:attachment":[{"href":"https:\/\/www.labeljoy.com\/sv\/wp-json\/wp\/v2\/media?parent=5526"}],"curies":[{"name":"wp","href":"https:\/\/api.w.org\/{rel}","templated":true}]}}