{"id":5527,"date":"2012-07-18T09:40:41","date_gmt":"2012-07-18T09:40:41","guid":{"rendered":"http:\/\/www.labeljoy.com\/templates\/medical-label\/"},"modified":"2014-01-31T16:21:26","modified_gmt":"2014-01-31T16:21:26","slug":"medicinska-etiketter","status":"publish","type":"page","link":"https:\/\/www.labeljoy.com\/sv\/mallar\/medicinska-etiketter\/","title":{"rendered":"Medicinska Etikett"},"content":{"rendered":"<h1>H\u00e4lsov\u00e5rd och Medicinska Etikett mallar<\/h1>\n<h2>Skapa anpassade och professionella medicinska etiketter \u2013 H\u00e4lsov\u00e5rd l\u00f6sning<\/h2>\n<p>Dessa mallar har l\u00e4mnats f\u00f6r att du enkelt ska kunna skapa <strong>professionella medicinska etiketter. <\/strong>Du kan ladda ner och anpassa din egna medicinska etikett enligt dina \u00f6nskem\u00e5l f\u00f6r att g\u00f6ra ditt jobb s\u00e4krare och mer organiserad.<\/p>\n<h3>H\u00e4lsov\u00e5rd l\u00f6sning \u2013 Organisera Din Verksamhet med Medicinska Etiketter<\/h3>\n<p>Medicinska etiketter \u00e4r bland de mest anv\u00e4ndbara verktyg I organisationen av din h\u00e4lsov\u00e5rd verksamhet. Det \u00e4r essentiellt I markeringen av alla viktiga f\u00f6rem\u00e5l som ska etiketteras f\u00f6r att kunna identifiera objektet.<\/p>\n<p>Dessa medicinska etiketter b\u00f6r vara mycket l\u00e4sbara och skall s\u00e5ledes skrivas med tydlig typsnitt. Du kan \u00e4ven f\u00e4rg-koda dem f\u00f6r att g\u00f6ra identifieringen av r\u00e4tta mediciner och n\u00e4r de b\u00f6r administreras enligt l\u00e4karens diagnos.<\/p>\n<p><strong>Skriv ut dina anpassade medicinska etiketter<\/strong> med hj\u00e4lp av standard <a title=\"skrivare layouts video\" href=\"http:\/\/www.labeljoy.com\/sv\/video-guide\/hantera-layouts\/\">skrivare<\/a> eller <a title=\"roll skrivare video\" href=\"http:\/\/www.labeljoy.com\/sv\/video-guide\/utskrifter-genom-roll-skrivare\/\">roll skrivare<\/a>. L\u00e4gg till en <a title=\"streckkod eller QR kod video\" href=\"http:\/\/www.labeljoy.com\/sv\/video-guide\/generera-streckkod-qr-kod\/\">streckkod eller QR kod<\/a>\u00a0f\u00f6r att underl\u00e4tta produktidentifieringen. Streckkoder genererade av Labeljoy kan l\u00e4sas av alla skannare.<\/p>\n<div class=\"one_third\"> <div class=\"img-frame full-fourth\"><div class=\"lightbox-zoom\"><a title=\"Kemi etikettmall\" href=\"http:\/\/www.labeljoy.com\/label-templates\/medical\/healthcare1b.jpg\" data-gal=\"prettyPhoto[Medicinska]\" class=\"hover-item\"><img decoding=\"async\" width=\"197\" height=\"133\" alt=\"Kemi etikettmall\" src=\"https:\/\/www.labeljoy.com\/wp-content\/plugins\/sterling-shortcodes\/\/timthumb\/timthumb.php?src=http:\/\/www.labeljoy.com\/label-templates\/medical\/healthcare1s.jpg&#038;h=133&#038;w=197\"><\/a><\/div><\/div>\n<p style=\"text-align: center\">\u00a0<a href=\"http:\/\/www.labeljoy.com\/label-templates\/medical\/healthcare1.lpa\" class=\"small white tt-button\" target=\"_self\"> Ladda ner <\/a>\n<\/div>\n<div class=\"one_third\"> <div class=\"img-frame full-fourth\"><div class=\"lightbox-zoom\"><a title=\"Medicinsk allergi etikett\" href=\"http:\/\/www.labeljoy.com\/label-templates\/medical\/healthcare2b.jpg\" data-gal=\"prettyPhoto[Medicinska]\" class=\"hover-item\"><img decoding=\"async\" width=\"197\" height=\"133\" alt=\"Medicinsk allergi etikett\" src=\"https:\/\/www.labeljoy.com\/wp-content\/plugins\/sterling-shortcodes\/\/timthumb\/timthumb.php?src=http:\/\/www.labeljoy.com\/label-templates\/medical\/healthcare2s.jpg&#038;h=133&#038;w=197\"><\/a><\/div><\/div>\n<p style=\"text-align: center\">\u00a0<a href=\"http:\/\/www.labeljoy.com\/label-templates\/medical\/healthcare2.lpa\" class=\"small white tt-button\" target=\"_self\"> Ladda ner <\/a>\n<\/div>\n<div class=\"one_third\"> <div class=\"img-frame full-fourth\"><div class=\"lightbox-zoom\"><a title=\"Health etikett\" href=\"http:\/\/www.labeljoy.com\/label-templates\/medical\/healthcare3b.jpg\" data-gal=\"prettyPhoto[Medicinska]\" class=\"hover-item\"><img decoding=\"async\" width=\"197\" height=\"133\" alt=\"Health etikett\" src=\"https:\/\/www.labeljoy.com\/wp-content\/plugins\/sterling-shortcodes\/\/timthumb\/timthumb.php?src=http:\/\/www.labeljoy.com\/label-templates\/medical\/healthcare3s.jpg&#038;h=133&#038;w=197\"><\/a><\/div><\/div>\n<p style=\"text-align: center\">\u00a0<a href=\"http:\/\/www.labeljoy.com\/label-templates\/medical\/healthcare3.lpa\" class=\"small white tt-button\" target=\"_self\"> Ladda ner <\/a>\n<\/div>\n<div class=\"hr hr-dotted\">&nbsp;<\/div>\n<div class=\"one_third\"> <div class=\"img-frame full-fourth\"><div class=\"lightbox-zoom\"><a title=\"Health etikett\" href=\"http:\/\/www.labeljoy.com\/label-templates\/medical\/healthcare4b.jpg\" data-gal=\"prettyPhoto[Medicinska]\" class=\"hover-item\"><img decoding=\"async\" width=\"197\" height=\"133\" alt=\"Health etikett\" src=\"https:\/\/www.labeljoy.com\/wp-content\/plugins\/sterling-shortcodes\/\/timthumb\/timthumb.php?src=http:\/\/www.labeljoy.com\/label-templates\/medical\/healthcare4s.jpg&#038;h=133&#038;w=197\"><\/a><\/div><\/div>\n<p style=\"text-align: center\">\u00a0<a href=\"http:\/\/www.labeljoy.com\/label-templates\/medical\/healthcare4.lpa\" class=\"small white tt-button\" target=\"_self\"> Ladda ner <\/a>\n<\/div>\n<div class=\"one_third\"> <div class=\"img-frame full-fourth\"><div class=\"lightbox-zoom\"><a title=\"Blodgivning Label\" href=\"http:\/\/www.labeljoy.com\/label-templates\/medical\/healthcare5b.jpg\" data-gal=\"prettyPhoto[Medicinska]\" class=\"hover-item\"><img decoding=\"async\" width=\"197\" height=\"133\" alt=\"Blodgivning Label\" src=\"https:\/\/www.labeljoy.com\/wp-content\/plugins\/sterling-shortcodes\/\/timthumb\/timthumb.php?src=http:\/\/www.labeljoy.com\/label-templates\/medical\/healthcare5s.jpg&#038;h=133&#038;w=197\"><\/a><\/div><\/div>\n<p style=\"text-align: center\">\u00a0<a href=\"http:\/\/www.labeljoy.com\/label-templates\/medical\/healthcare5.lpa\" class=\"small white tt-button\" target=\"_self\"> Ladda ner <\/a>\n<\/div>\n<div class=\"one_third\">\n<\/div>\n<div class=\"hr hr-dotted\">&nbsp;<\/div>\n<div class=\"one_half\">\n<p style=\"text-align: center\"><a href=\"\/sv\/kop\/\" class=\"large blue tt-button\" target=\"\"> K\u00f6p Programvara <\/a>\n<\/div>\n<div class=\"one_half\">\n<p style=\"text-align: center\"><a href=\"\/sv\/download-sv\/\" class=\"large green tt-button\" target=\"\"> Ladda ner gratis <\/a>\n<\/div>\n","protected":false},"excerpt":{"rendered":"<p>H\u00e4lsov\u00e5rd och Medicinska Etikett mallar Skapa anpassade och professionella medicinska etiketter \u2013 H\u00e4lsov\u00e5rd l\u00f6sning Dessa mallar har l\u00e4mnats f\u00f6r att du enkelt ska kunna skapa professionella medicinska etiketter. Du kan ladda ner och anpassa din egna medicinska etikett enligt dina \u00f6nskem\u00e5l f\u00f6r att g\u00f6ra ditt jobb s\u00e4krare och mer organiserad. H\u00e4lsov\u00e5rd l\u00f6sning \u2013 Organisera Din &#8230; <a title=\"Medicinska Etikett\" class=\"read-more\" href=\"https:\/\/www.labeljoy.com\/sv\/mallar\/medicinska-etiketter\/\" aria-label=\"L\u00e4s mer om Medicinska Etikett\">Read more<\/a><\/p>\n","protected":false},"author":1,"featured_media":0,"parent":5490,"menu_order":0,"comment_status":"open","ping_status":"closed","template":"page-template-left-sidebar.php","meta":{"inline_featured_image":false,"_monsterinsights_skip_tracking":false,"_monsterinsights_sitenote_active":false,"_monsterinsights_sitenote_note":"","_monsterinsights_sitenote_category":0,"footnotes":""},"class_list":{"0":"post-5527","1":"page","2":"type-page","3":"status-publish","5":"infinite-scroll-item"},"aioseo_notices":[],"_links":{"self":[{"href":"https:\/\/www.labeljoy.com\/sv\/wp-json\/wp\/v2\/pages\/5527","targetHints":{"allow":["GET"]}}],"collection":[{"href":"https:\/\/www.labeljoy.com\/sv\/wp-json\/wp\/v2\/pages"}],"about":[{"href":"https:\/\/www.labeljoy.com\/sv\/wp-json\/wp\/v2\/types\/page"}],"author":[{"embeddable":true,"href":"https:\/\/www.labeljoy.com\/sv\/wp-json\/wp\/v2\/users\/1"}],"replies":[{"embeddable":true,"href":"https:\/\/www.labeljoy.com\/sv\/wp-json\/wp\/v2\/comments?post=5527"}],"version-history":[{"count":11,"href":"https:\/\/www.labeljoy.com\/sv\/wp-json\/wp\/v2\/pages\/5527\/revisions"}],"predecessor-version":[{"id":17399,"href":"https:\/\/www.labeljoy.com\/sv\/wp-json\/wp\/v2\/pages\/5527\/revisions\/17399"}],"up":[{"embeddable":true,"href":"https:\/\/www.labeljoy.com\/sv\/wp-json\/wp\/v2\/pages\/5490"}],"wp:attachment":[{"href":"https:\/\/www.labeljoy.com\/sv\/wp-json\/wp\/v2\/media?parent=5527"}],"curies":[{"name":"wp","href":"https:\/\/api.w.org\/{rel}","templated":true}]}}