{"id":5528,"date":"2012-07-18T09:38:39","date_gmt":"2012-07-18T09:38:39","guid":{"rendered":"http:\/\/www.labeljoy.com\/templates\/automotive-label\/"},"modified":"2014-01-31T19:58:27","modified_gmt":"2014-01-31T19:58:27","slug":"fordonsindustri-etikett","status":"publish","type":"page","link":"https:\/\/www.labeljoy.com\/sv\/mallar\/fordonsindustri-etikett\/","title":{"rendered":"Fordonsindustri Etikett"},"content":{"rendered":"<h1>Fordonsindustri Etikett<\/h1>\n<h2>Skapa anpassade och professionella Fordonsindustri Etiketter<\/h2>\n<p>Med Labeljoy \u00e4r det m\u00f6jligt att skapa personliga <strong>fordonsindustri etiketter<\/strong>, l\u00e4gga till texter, bilder och streckkoder.<\/p>\n<p>Labeljoy m\u00f6jligg\u00f6r det f\u00f6r digon att skapa <a title=\"20 olika streckkoder\" href=\"http:\/\/www.labeljoy.com\/sv\/stod\/streckkod\/\">20 olika streckkoder<\/a>, att<strong> skriva ut anpassade och professionella fordonsindustri etiketter. <\/strong><\/p>\n<p>Streckkoder bidrar med exakthet, snabbhet och p\u00e5litlighet vid varje identifieringsbehov inom leveranskedjan. Du kan skriva ut v\u00e5ra etiketter p\u00e5 resistenta eller feta blad. Labeljoy&#8217;s fordonsindustri och anpassade etikett utskrifter hj\u00e4lper dig I ditt arbete och\u00a0materialhantering inom leveranskedjan, och kan ge permanent identifiering f\u00f6r delar och komponenter genom anv\u00e4ndning av streckkoder.<\/p>\n<div class=\"one_third\"> <div class=\"img-frame full-fourth\"><div class=\"lightbox-zoom\"><a title=\"Automotive etikett\" href=\"http:\/\/www.labeljoy.com\/label-templates\/automotive\/automotive1b.jpg\" data-gal=\"prettyPhoto[Fordonsindustri]\" class=\"hover-item\"><img decoding=\"async\" width=\"197\" height=\"133\" alt=\"Automotive etikett\" src=\"https:\/\/www.labeljoy.com\/wp-content\/plugins\/sterling-shortcodes\/\/timthumb\/timthumb.php?src=http:\/\/www.labeljoy.com\/label-templates\/automotive\/automotive1s.jpg&#038;h=133&#038;w=197\"><\/a><\/div><\/div>\n<p style=\"text-align: center\"><a href=\"http:\/\/www.labeljoy.com\/label-templates\/automotive\/automotive1.lpa\" class=\"small white tt-button\" target=\"_self\"> Ladda ner <\/a>\n<\/div>\n<div class=\"one_third\"> <div class=\"img-frame full-fourth\"><div class=\"lightbox-zoom\"><a title=\"Fara etikettmall\" href=\"http:\/\/www.labeljoy.com\/label-templates\/automotive\/automotive2b.jpg\" data-gal=\"prettyPhoto[Fordonsindustri]\" class=\"hover-item\"><img decoding=\"async\" width=\"197\" height=\"133\" alt=\"Fara etikettmall\" src=\"https:\/\/www.labeljoy.com\/wp-content\/plugins\/sterling-shortcodes\/\/timthumb\/timthumb.php?src=http:\/\/www.labeljoy.com\/label-templates\/automotive\/automotive2s.jpg&#038;h=133&#038;w=197\"><\/a><\/div><\/div>\n<p style=\"text-align: center\"><a href=\"http:\/\/www.labeljoy.com\/label-templates\/automotive\/automotive2.lpa\" class=\"small white tt-button\" target=\"_self\"> Ladda ner <\/a>\n<\/div>\n<div class=\"one_third\">\n<\/div>\n<div class=\"hr hr-dotted\">&nbsp;<\/div>\n<div class=\"one_half\">\n<p style=\"text-align: center\"><a href=\"\/sv\/kop\/\" class=\"large blue tt-button\" target=\"\"> K\u00f6p Programvara <\/a>\n<\/div>\n<div class=\"one_half\">\n<p style=\"text-align: center\"><a href=\"\/sv\/download-sv\/\" class=\"large green tt-button\" target=\"\"> Ladda ner gratis <\/a>\n<\/div>\n","protected":false},"excerpt":{"rendered":"<p>Fordonsindustri Etikett Skapa anpassade och professionella Fordonsindustri Etiketter Med Labeljoy \u00e4r det m\u00f6jligt att skapa personliga fordonsindustri etiketter, l\u00e4gga till texter, bilder och streckkoder. Labeljoy m\u00f6jligg\u00f6r det f\u00f6r digon att skapa 20 olika streckkoder, att skriva ut anpassade och professionella fordonsindustri etiketter. Streckkoder bidrar med exakthet, snabbhet och p\u00e5litlighet vid varje identifieringsbehov inom leveranskedjan. Du &#8230; <a title=\"Fordonsindustri Etikett\" class=\"read-more\" href=\"https:\/\/www.labeljoy.com\/sv\/mallar\/fordonsindustri-etikett\/\" aria-label=\"L\u00e4s mer om Fordonsindustri Etikett\">Read more<\/a><\/p>\n","protected":false},"author":1,"featured_media":0,"parent":5490,"menu_order":0,"comment_status":"open","ping_status":"closed","template":"page-template-left-sidebar.php","meta":{"inline_featured_image":false,"_monsterinsights_skip_tracking":false,"_monsterinsights_sitenote_active":false,"_monsterinsights_sitenote_note":"","_monsterinsights_sitenote_category":0,"footnotes":""},"class_list":{"0":"post-5528","1":"page","2":"type-page","3":"status-publish","5":"infinite-scroll-item"},"aioseo_notices":[],"_links":{"self":[{"href":"https:\/\/www.labeljoy.com\/sv\/wp-json\/wp\/v2\/pages\/5528","targetHints":{"allow":["GET"]}}],"collection":[{"href":"https:\/\/www.labeljoy.com\/sv\/wp-json\/wp\/v2\/pages"}],"about":[{"href":"https:\/\/www.labeljoy.com\/sv\/wp-json\/wp\/v2\/types\/page"}],"author":[{"embeddable":true,"href":"https:\/\/www.labeljoy.com\/sv\/wp-json\/wp\/v2\/users\/1"}],"replies":[{"embeddable":true,"href":"https:\/\/www.labeljoy.com\/sv\/wp-json\/wp\/v2\/comments?post=5528"}],"version-history":[{"count":10,"href":"https:\/\/www.labeljoy.com\/sv\/wp-json\/wp\/v2\/pages\/5528\/revisions"}],"predecessor-version":[{"id":17400,"href":"https:\/\/www.labeljoy.com\/sv\/wp-json\/wp\/v2\/pages\/5528\/revisions\/17400"}],"up":[{"embeddable":true,"href":"https:\/\/www.labeljoy.com\/sv\/wp-json\/wp\/v2\/pages\/5490"}],"wp:attachment":[{"href":"https:\/\/www.labeljoy.com\/sv\/wp-json\/wp\/v2\/media?parent=5528"}],"curies":[{"name":"wp","href":"https:\/\/api.w.org\/{rel}","templated":true}]}}