{"id":5530,"date":"2012-07-18T09:08:09","date_gmt":"2012-07-18T09:08:09","guid":{"rendered":"http:\/\/www.labeljoy.com\/templates\/name-tag-badges\/"},"modified":"2014-01-31T16:04:57","modified_gmt":"2014-01-31T16:04:57","slug":"namntagg-brickor","status":"publish","type":"page","link":"https:\/\/www.labeljoy.com\/sv\/mallar\/namntagg-brickor\/","title":{"rendered":"Namn Tag Brickor"},"content":{"rendered":"<h1>Namn Tag Brickor<\/h1>\n<h2>Ladda ner Namn brickor mall och Anpassade namntaggar<\/h2>\n<p>G\u00f6r ett grymt f\u00f6rsta intryck med v\u00e5ra <strong>Namntagg Mallar<\/strong><\/p>\n<p>Du kan ladda ner, anpassade och p<strong>ersonliga namntaggar<\/strong> f\u00f6r ett m\u00f6te, konferens, \u00e5terf\u00f6rening eller fest. En l\u00e4rare kan t.ex. <em>L\u00e4tt skriva ut namntaggar<\/em> f\u00f6r att identifiera barnen vid \u00e5rets b\u00f6rjan.<\/p>\n<p>Varje f\u00f6retag kan skapa <strong>anpassade namntagg brickor f\u00f6r anst\u00e4llda<\/strong> d\u00e4r de laddar in namn fr\u00e5n <a title=\"externa databaser video\" href=\"http:\/\/www.labeljoy.com\/sv\/video-guide\/koppla-upp-externa-datakallor\/\">externa databaser<\/a>p\u00e5 ett enkelt s\u00e4tt (se videot) Det \u00e4r m\u00f6jligt att l\u00e4gga till funktion eller \u00e4ven f\u00f6retagslogga.<\/p>\n<p>Fr\u00e5n din inkjet laser eller roll skrivare kommer brickor som ser ut som att de kommer fr\u00e5n ett professionellt tryckeri.<\/p>\n<div class=\"one_third\"> <div class=\"img-frame full-fourth\"><div class=\"lightbox-zoom\"><a title=\"Enkel namnbricka\" href=\"http:\/\/www.labeljoy.com\/label-templates\/name-tag\/nametag1b.jpg\" data-gal=\"prettyPhoto[Namntagg]\" class=\"hover-item\"><img decoding=\"async\" width=\"197\" height=\"133\" alt=\"Enkel namnbricka\" src=\"https:\/\/www.labeljoy.com\/wp-content\/plugins\/sterling-shortcodes\/\/timthumb\/timthumb.php?src=http:\/\/www.labeljoy.com\/label-templates\/name-tag\/nametag1s.jpg&#038;h=133&#038;w=197\"><\/a><\/div><\/div>\n<p style=\"text-align: center\"><a href=\"http:\/\/www.labeljoy.com\/label-templates\/name-tag\/nametag1.lpa\" class=\"small white tt-button\" target=\"_self\"> Ladda ner <\/a>\n<\/div>\n<div class=\"one_third\"> <div class=\"img-frame full-fourth\"><div class=\"lightbox-zoom\"><a title=\"Namn kort med foto\" href=\"http:\/\/www.labeljoy.com\/label-templates\/name-tag\/nametag2b.jpg\" data-gal=\"prettyPhoto[Namntagg]\" class=\"hover-item\"><img decoding=\"async\" width=\"197\" height=\"133\" alt=\"Namn kort med foto\" src=\"https:\/\/www.labeljoy.com\/wp-content\/plugins\/sterling-shortcodes\/\/timthumb\/timthumb.php?src=http:\/\/www.labeljoy.com\/label-templates\/name-tag\/nametag2s.jpg&#038;h=133&#038;w=197\"><\/a><\/div><\/div>\n<p style=\"text-align: center\"><a href=\"http:\/\/www.labeljoy.com\/label-templates\/name-tag\/nametag2.lpa\" class=\"small white tt-button\" target=\"_self\"> Ladda ner <\/a>\n<\/div>\n<div class=\"one_third\"> <div class=\"img-frame full-fourth\"><div class=\"lightbox-zoom\"><a title=\"Konferens namnbricka mall\" href=\"http:\/\/www.labeljoy.com\/label-templates\/name-tag\/nametag3b.jpg\" data-gal=\"prettyPhoto[Namntagg]\" class=\"hover-item\"><img decoding=\"async\" width=\"197\" height=\"133\" alt=\"Konferens namnbricka mall\" src=\"https:\/\/www.labeljoy.com\/wp-content\/plugins\/sterling-shortcodes\/\/timthumb\/timthumb.php?src=http:\/\/www.labeljoy.com\/label-templates\/name-tag\/nametag3s.jpg&#038;h=133&#038;w=197\"><\/a><\/div><\/div>\n<p style=\"text-align: center\"><a href=\"http:\/\/www.labeljoy.com\/label-templates\/name-tag\/nametag3.lpa\" class=\"small white tt-button\" target=\"_self\"> Ladda ner <\/a>\n<\/div>\n<div class=\"hr hr-dotted\">&nbsp;<\/div>\n<div class=\"one_third\"> <div class=\"img-frame full-fourth\"><div class=\"lightbox-zoom\"><a title=\"Anpassad namnskyltar\" href=\"http:\/\/www.labeljoy.com\/label-templates\/name-tag\/nametag4b.jpg\" data-gal=\"prettyPhoto[Namntagg]\" class=\"hover-item\"><img decoding=\"async\" width=\"197\" height=\"133\" alt=\"Anpassad namnskyltar\" src=\"https:\/\/www.labeljoy.com\/wp-content\/plugins\/sterling-shortcodes\/\/timthumb\/timthumb.php?src=http:\/\/www.labeljoy.com\/label-templates\/name-tag\/nametag4s.jpg&#038;h=133&#038;w=197\"><\/a><\/div><\/div>\n<p style=\"text-align: center\"><a href=\"http:\/\/www.labeljoy.com\/label-templates\/name-tag\/nametag4.lpa\" class=\"small white tt-button\" target=\"_self\"> Ladda ner <\/a>\n<\/div>\n<div class=\"one_third\"> <div class=\"img-frame full-fourth\"><div class=\"lightbox-zoom\"><a title=\"Skolnamnlapparf\u00f6r barn\" href=\"http:\/\/www.labeljoy.com\/label-templates\/name-tag\/nametag5b.jpg\" data-gal=\"prettyPhoto[Namntagg]\" class=\"hover-item\"><img decoding=\"async\" width=\"197\" height=\"133\" alt=\"Skolnamnlapparf\u00f6r barn\" src=\"https:\/\/www.labeljoy.com\/wp-content\/plugins\/sterling-shortcodes\/\/timthumb\/timthumb.php?src=http:\/\/www.labeljoy.com\/label-templates\/name-tag\/nametag5s.jpg&#038;h=133&#038;w=197\"><\/a><\/div><\/div>\n<p style=\"text-align: center\"><a href=\"http:\/\/www.labeljoy.com\/label-templates\/name-tag\/nametag5.lpa\" class=\"small white tt-button\" target=\"_self\"> Ladda ner <\/a>\n<\/div>\n<div class=\"one_third\"> <div class=\"img-frame full-fourth\"><div class=\"lightbox-zoom\"><a title=\"Professionell namnbricka med Qr -kod\" href=\"http:\/\/www.labeljoy.com\/label-templates\/name-tag\/nametag6b.jpg\" data-gal=\"prettyPhoto[Namntagg]\" class=\"hover-item\"><img decoding=\"async\" width=\"197\" height=\"133\" alt=\"Professionell namnbricka med Qr -kod\" src=\"https:\/\/www.labeljoy.com\/wp-content\/plugins\/sterling-shortcodes\/\/timthumb\/timthumb.php?src=http:\/\/www.labeljoy.com\/label-templates\/name-tag\/nametag6s.jpg&#038;h=133&#038;w=197\"><\/a><\/div><\/div>\n<p style=\"text-align: center\"><a href=\"http:\/\/www.labeljoy.com\/label-templates\/name-tag\/nametag6.lpa\" class=\"small white tt-button\" target=\"_self\"> Ladda ner <\/a>\n<\/div>\n<div class=\"hr hr-dotted\">&nbsp;<\/div>\n<div class=\"one_half\">\n<p style=\"text-align: center\"><a href=\"\/sv\/kop\/\" class=\"large blue tt-button\" target=\"\"> K\u00f6p Programvara <\/a>\n<\/div>\n<div class=\"one_half\">\n<p style=\"text-align: center\"><a href=\"\/sv\/download-sv\/\" class=\"large green tt-button\" target=\"\"> Ladda ner gratis <\/a>\n<\/div>\n","protected":false},"excerpt":{"rendered":"<p>Namn Tag Brickor Ladda ner Namn brickor mall och Anpassade namntaggar G\u00f6r ett grymt f\u00f6rsta intryck med v\u00e5ra Namntagg Mallar Du kan ladda ner, anpassade och personliga namntaggar f\u00f6r ett m\u00f6te, konferens, \u00e5terf\u00f6rening eller fest. En l\u00e4rare kan t.ex. L\u00e4tt skriva ut namntaggar f\u00f6r att identifiera barnen vid \u00e5rets b\u00f6rjan. Varje f\u00f6retag kan skapa anpassade &#8230; <a title=\"Namn Tag Brickor\" class=\"read-more\" href=\"https:\/\/www.labeljoy.com\/sv\/mallar\/namntagg-brickor\/\" aria-label=\"L\u00e4s mer om Namn Tag Brickor\">Read more<\/a><\/p>\n","protected":false},"author":1,"featured_media":0,"parent":5490,"menu_order":0,"comment_status":"open","ping_status":"closed","template":"page-template-left-sidebar.php","meta":{"inline_featured_image":false,"_monsterinsights_skip_tracking":false,"_monsterinsights_sitenote_active":false,"_monsterinsights_sitenote_note":"","_monsterinsights_sitenote_category":0,"footnotes":""},"class_list":{"0":"post-5530","1":"page","2":"type-page","3":"status-publish","5":"infinite-scroll-item"},"aioseo_notices":[],"_links":{"self":[{"href":"https:\/\/www.labeljoy.com\/sv\/wp-json\/wp\/v2\/pages\/5530","targetHints":{"allow":["GET"]}}],"collection":[{"href":"https:\/\/www.labeljoy.com\/sv\/wp-json\/wp\/v2\/pages"}],"about":[{"href":"https:\/\/www.labeljoy.com\/sv\/wp-json\/wp\/v2\/types\/page"}],"author":[{"embeddable":true,"href":"https:\/\/www.labeljoy.com\/sv\/wp-json\/wp\/v2\/users\/1"}],"replies":[{"embeddable":true,"href":"https:\/\/www.labeljoy.com\/sv\/wp-json\/wp\/v2\/comments?post=5530"}],"version-history":[{"count":10,"href":"https:\/\/www.labeljoy.com\/sv\/wp-json\/wp\/v2\/pages\/5530\/revisions"}],"predecessor-version":[{"id":17397,"href":"https:\/\/www.labeljoy.com\/sv\/wp-json\/wp\/v2\/pages\/5530\/revisions\/17397"}],"up":[{"embeddable":true,"href":"https:\/\/www.labeljoy.com\/sv\/wp-json\/wp\/v2\/pages\/5490"}],"wp:attachment":[{"href":"https:\/\/www.labeljoy.com\/sv\/wp-json\/wp\/v2\/media?parent=5530"}],"curies":[{"name":"wp","href":"https:\/\/api.w.org\/{rel}","templated":true}]}}