{"id":5531,"date":"2012-07-18T09:07:36","date_gmt":"2012-07-18T09:07:36","guid":{"rendered":"http:\/\/www.labeljoy.com\/templates\/custom-cards\/"},"modified":"2014-01-31T16:04:57","modified_gmt":"2014-01-31T16:04:57","slug":"kort","status":"publish","type":"page","link":"https:\/\/www.labeljoy.com\/sv\/mallar\/kort\/","title":{"rendered":"Kort"},"content":{"rendered":"<h1>Skriv ut Anpassade Kort<\/h1>\n<h2>Skapa otroliga kort etiketter p\u00e5 n\u00e5gra f\u00e5 \u00f6gonblick<\/h2>\n<p>Att skapa anpassade kort med Labeljoy \u00e4r dra-och-sl\u00e4pp enkelt. Med n\u00e5gra f\u00e5 musklick kan du l\u00e4gga till <a title=\"mjukvarupresentation\" href=\"http:\/\/www.labeljoy.com\/sv\/video-guide\/etiketterings-mjukvarupresentation\/\">text och bilder<\/a>, Qr-koder, ange effekter som tar minnen tillbaka och knappa in text f\u00f6r anpassad kommunikation. Du kan anpassa bakgrunden, v\u00e4lja din typ stil och typsnitt och skriva ut anpassade kort p\u00e5 n\u00e5gra minuter med alla typer av skrivare: inkjet, laser eller roll.<\/p>\n<h2>Skriv ut kort av h\u00f6g kvalitet hemma<\/h2>\n<p>Du har verktyget att <strong>skapa personliga kort<\/strong> f\u00f6r n\u00e4stan alla helgdagar eller speciella tillf\u00e4llen och skriva ut ditt m\u00e4starverk hemma. Labeljoy g\u00f6r det s\u00e5 l\u00e4tt att skriva ut kort av professionell kvalitet, <em>dina egna kort!<\/em><\/p>\n<div class=\"one_third\"> <div class=\"img-frame full-fourth\"><div class=\"lightbox-zoom\"><a title=\"Anpassad kort World\" href=\"http:\/\/www.labeljoy.com\/label-templates\/card\/card1b.jpg\" data-gal=\"prettyPhoto[Kort]\" class=\"hover-item\"><img decoding=\"async\" width=\"197\" height=\"133\" alt=\"Anpassad kort World\" src=\"https:\/\/www.labeljoy.com\/wp-content\/plugins\/sterling-shortcodes\/\/timthumb\/timthumb.php?src=http:\/\/www.labeljoy.com\/label-templates\/card\/card1s.jpg&#038;h=133&#038;w=197\"><\/a><\/div><\/div>\n<p style=\"text-align: center\"><a href=\"http:\/\/www.labeljoy.com\/label-templates\/card\/card1.lpa\" class=\"small white tt-button\" target=\"_self\"> Ladda ner <\/a>\n<\/div>\n<div class=\"one_third\"> <div class=\"img-frame full-fourth\"><div class=\"lightbox-zoom\"><a title=\"Kortkyss\" href=\"http:\/\/www.labeljoy.com\/label-templates\/card\/card2b.jpg\" data-gal=\"prettyPhoto[Kort]\" class=\"hover-item\"><img decoding=\"async\" width=\"197\" height=\"133\" alt=\"Kortkyss\" src=\"https:\/\/www.labeljoy.com\/wp-content\/plugins\/sterling-shortcodes\/\/timthumb\/timthumb.php?src=http:\/\/www.labeljoy.com\/label-templates\/card\/card2s.jpg&#038;h=133&#038;w=197\"><\/a><\/div><\/div>\n<p style=\"text-align: center\"><a href=\"http:\/\/www.labeljoy.com\/label-templates\/card\/card2.lpa\" class=\"small white tt-button\" target=\"_self\"> Ladda ner <\/a>\n<\/div>\n<div class=\"one_third\"> <div class=\"img-frame full-fourth\"><div class=\"lightbox-zoom\"><a title=\"Qr kodkort\" href=\"http:\/\/www.labeljoy.com\/label-templates\/card\/card3b.jpg\" data-gal=\"prettyPhoto[Kort]\" class=\"hover-item\"><img decoding=\"async\" width=\"197\" height=\"133\" alt=\"Qr kodkort\" src=\"https:\/\/www.labeljoy.com\/wp-content\/plugins\/sterling-shortcodes\/\/timthumb\/timthumb.php?src=http:\/\/www.labeljoy.com\/label-templates\/card\/card3s.jpg&#038;h=133&#038;w=197\"><\/a><\/div><\/div>\n<p style=\"text-align: center\"><a href=\"http:\/\/www.labeljoy.com\/label-templates\/card\/card3.lpa\" class=\"small white tt-button\" target=\"_self\"> Ladda ner <\/a>\n<\/div>\n<div class=\"hr hr-dotted\">&nbsp;<\/div>\n<div class=\"one_third\"> <div class=\"img-frame full-fourth\"><div class=\"lightbox-zoom\"><a title=\"Anpassad mall\" href=\"http:\/\/www.labeljoy.com\/label-templates\/card\/card4b.jpg\" data-gal=\"prettyPhoto[Kort]\" class=\"hover-item\"><img decoding=\"async\" width=\"197\" height=\"133\" alt=\"Anpassad mall\" src=\"https:\/\/www.labeljoy.com\/wp-content\/plugins\/sterling-shortcodes\/\/timthumb\/timthumb.php?src=http:\/\/www.labeljoy.com\/label-templates\/card\/card4s.jpg&#038;h=133&#038;w=197\"><\/a><\/div><\/div>\n<p style=\"text-align: center\"><a href=\"http:\/\/www.labeljoy.com\/label-templates\/card\/card4.lpa\" class=\"small white tt-button\" target=\"_self\"> Ladda ner <\/a>\n<\/div>\n<div class=\"one_third\"> <div class=\"img-frame full-fourth\"><div class=\"lightbox-zoom\"><a title=\"Utskrivbara best\u00e4llnings-kort\" href=\"http:\/\/www.labeljoy.com\/label-templates\/card\/card5b.jpg\" data-gal=\"prettyPhoto[Kort]\" class=\"hover-item\"><img decoding=\"async\" width=\"197\" height=\"133\" alt=\"Utskrivbara best\u00e4llnings-kort\" src=\"https:\/\/www.labeljoy.com\/wp-content\/plugins\/sterling-shortcodes\/\/timthumb\/timthumb.php?src=http:\/\/www.labeljoy.com\/label-templates\/card\/card5s.jpg&#038;h=133&#038;w=197\"><\/a><\/div><\/div>\n<p style=\"text-align: center\"><a href=\"http:\/\/www.labeljoy.com\/label-templates\/card\/card5.lpa\" class=\"small white tt-button\" target=\"_self\"> Ladda ner <\/a>\n<\/div>\n<div class=\"one_third\"> <div class=\"img-frame full-fourth\"><div class=\"lightbox-zoom\"><a title=\"Printable kort\" href=\"http:\/\/www.labeljoy.com\/label-templates\/card\/card6b.jpg\" data-gal=\"prettyPhoto[Kort]\" class=\"hover-item\"><img decoding=\"async\" width=\"197\" height=\"133\" alt=\"Printable kort\" src=\"https:\/\/www.labeljoy.com\/wp-content\/plugins\/sterling-shortcodes\/\/timthumb\/timthumb.php?src=http:\/\/www.labeljoy.com\/label-templates\/card\/card6s.jpg&#038;h=133&#038;w=197\"><\/a><\/div><\/div>\n<p style=\"text-align: center\"><a href=\"http:\/\/www.labeljoy.com\/label-templates\/card\/card6.lpa\" class=\"small white tt-button\" target=\"_self\"> Ladda ner <\/a>\n<\/div>\n<div class=\"hr hr-dotted\">&nbsp;<\/div>\n<div class=\"one_half\">\n<p style=\"text-align: center\"><a href=\"\/sv\/kop\/\" class=\"large blue tt-button\" target=\"\"> K\u00f6p Programvara <\/a>\n<\/div>\n<div class=\"one_half\">\n<p style=\"text-align: center\"><a href=\"\/sv\/download-sv\/\" class=\"large green tt-button\" target=\"\"> Ladda ner gratis <\/a>\n<\/div>\n","protected":false},"excerpt":{"rendered":"<p>Skriv ut Anpassade Kort Skapa otroliga kort etiketter p\u00e5 n\u00e5gra f\u00e5 \u00f6gonblick Att skapa anpassade kort med Labeljoy \u00e4r dra-och-sl\u00e4pp enkelt. Med n\u00e5gra f\u00e5 musklick kan du l\u00e4gga till text och bilder, Qr-koder, ange effekter som tar minnen tillbaka och knappa in text f\u00f6r anpassad kommunikation. Du kan anpassa bakgrunden, v\u00e4lja din typ stil och &#8230; <a title=\"Kort\" class=\"read-more\" href=\"https:\/\/www.labeljoy.com\/sv\/mallar\/kort\/\" aria-label=\"L\u00e4s mer om Kort\">Read more<\/a><\/p>\n","protected":false},"author":1,"featured_media":0,"parent":5490,"menu_order":0,"comment_status":"open","ping_status":"closed","template":"page-template-left-sidebar.php","meta":{"inline_featured_image":false,"_monsterinsights_skip_tracking":false,"_monsterinsights_sitenote_active":false,"_monsterinsights_sitenote_note":"","_monsterinsights_sitenote_category":0,"footnotes":""},"class_list":{"0":"post-5531","1":"page","2":"type-page","3":"status-publish","5":"infinite-scroll-item"},"aioseo_notices":[],"_links":{"self":[{"href":"https:\/\/www.labeljoy.com\/sv\/wp-json\/wp\/v2\/pages\/5531","targetHints":{"allow":["GET"]}}],"collection":[{"href":"https:\/\/www.labeljoy.com\/sv\/wp-json\/wp\/v2\/pages"}],"about":[{"href":"https:\/\/www.labeljoy.com\/sv\/wp-json\/wp\/v2\/types\/page"}],"author":[{"embeddable":true,"href":"https:\/\/www.labeljoy.com\/sv\/wp-json\/wp\/v2\/users\/1"}],"replies":[{"embeddable":true,"href":"https:\/\/www.labeljoy.com\/sv\/wp-json\/wp\/v2\/comments?post=5531"}],"version-history":[{"count":13,"href":"https:\/\/www.labeljoy.com\/sv\/wp-json\/wp\/v2\/pages\/5531\/revisions"}],"predecessor-version":[{"id":17395,"href":"https:\/\/www.labeljoy.com\/sv\/wp-json\/wp\/v2\/pages\/5531\/revisions\/17395"}],"up":[{"embeddable":true,"href":"https:\/\/www.labeljoy.com\/sv\/wp-json\/wp\/v2\/pages\/5490"}],"wp:attachment":[{"href":"https:\/\/www.labeljoy.com\/sv\/wp-json\/wp\/v2\/media?parent=5531"}],"curies":[{"name":"wp","href":"https:\/\/api.w.org\/{rel}","templated":true}]}}