{"id":5532,"date":"2012-07-18T09:04:50","date_gmt":"2012-07-18T09:04:50","guid":{"rendered":"http:\/\/www.labeljoy.com\/templates\/folder-label\/"},"modified":"2014-01-31T16:04:57","modified_gmt":"2014-01-31T16:04:57","slug":"mapp-etiketter","status":"publish","type":"page","link":"https:\/\/www.labeljoy.com\/sv\/mallar\/mapp-etiketter\/","title":{"rendered":"Mapp Etikett"},"content":{"rendered":"<h1>Mapp Etikett Mallar<\/h1>\n<h2>Skapa enkelt mapp-etiketter f\u00f6r att h\u00e5lla ditt kontor och ditt hem organiserat<\/h2>\n<p>Ladda ner v\u00e5ra <strong>mapp mallar <\/strong>och skapa och anpassa <strong>dina egna etiketter<\/strong> och skriv ut med standard skrivare inkjet eller <a title=\"roll skrivare video\" href=\"http:\/\/www.labeljoy.com\/sv\/video-guide\/utskrifter-genom-roll-skrivare\/\">roll skrivare<\/a>.<\/p>\n<h3>Organisera dina dokument med en kontorsetikett mall<\/h3>\n<p>Du kan anv\u00e4nda en <strong>mapp mall<\/strong> f\u00f6r att skriva ut klisteretiketter. Efter nedladdningen av en mall kan du redigera <a title=\"etikett storleken video\" href=\"http:\/\/www.labeljoy.com\/sv\/video-guide\/hantera-layouts\/\">etikett storleken<\/a> och anpassa det med logotyp, text, QR Koder (genererade automatiskt I Labeljoy)<\/p>\n<p>Om du beh\u00f6ver en l\u00f6sning f\u00f6r <em>mapp etiketer<\/em> beh\u00f6ver du inte leta vidare: det \u00e4r m\u00f6jligt att napassa alla dessa mapp-etikett mallar som du sj\u00e4lv vill f\u00f6r att sedan skriva ut de med standard skrivare och I A4 bladformat.<\/p>\n<div class=\"one_third\"> <div class=\"img-frame full-fourth\"><div class=\"lightbox-zoom\"><a title=\"Enkel fil mappetiketter\" href=\"http:\/\/www.labeljoy.com\/label-templates\/folder\/folder1b.jpg\" data-gal=\"prettyPhoto[Mapp]\" class=\"hover-item\"><img decoding=\"async\" width=\"197\" height=\"133\" alt=\"Enkel fil mappetiketter\" src=\"https:\/\/www.labeljoy.com\/wp-content\/plugins\/sterling-shortcodes\/\/timthumb\/timthumb.php?src=http:\/\/www.labeljoy.com\/label-templates\/folder\/folder1s.jpg&#038;h=133&#038;w=197\"><\/a><\/div><\/div>\n<p style=\"text-align: center\"><a href=\"http:\/\/www.labeljoy.com\/label-templates\/folder\/folder1.lpa\" class=\"small white tt-button\" target=\"_self\"> Ladda ner <\/a>\n<\/div>\n<div class=\"one_third\"> <div class=\"img-frame full-fourth\"><div class=\"lightbox-zoom\"><a title=\"m\u00e5nader etiketter\" href=\"http:\/\/www.labeljoy.com\/label-templates\/folder\/folder2b.jpg\" data-gal=\"prettyPhoto[Mapp]\" class=\"hover-item\"><img decoding=\"async\" width=\"197\" height=\"133\" alt=\"m\u00e5nader etiketter\" src=\"https:\/\/www.labeljoy.com\/wp-content\/plugins\/sterling-shortcodes\/\/timthumb\/timthumb.php?src=http:\/\/www.labeljoy.com\/label-templates\/folder\/folder2s.jpg&#038;h=133&#038;w=197\"><\/a><\/div><\/div>\n<p style=\"text-align: center\"><a href=\"http:\/\/www.labeljoy.com\/label-templates\/folder\/folder2.lpa\" class=\"small white tt-button\" target=\"_self\"> Ladda ner <\/a>\n<\/div>\n<div class=\"one_third\"> <div class=\"img-frame full-fourth\"><div class=\"lightbox-zoom\"><a title=\"Produkt som organisation etiketter\" href=\"http:\/\/www.labeljoy.com\/label-templates\/folder\/folder3b.jpg\" data-gal=\"prettyPhoto[Mapp]\" class=\"hover-item\"><img decoding=\"async\" width=\"197\" height=\"133\" alt=\"Produkt som organisation etiketter\" src=\"https:\/\/www.labeljoy.com\/wp-content\/plugins\/sterling-shortcodes\/\/timthumb\/timthumb.php?src=http:\/\/www.labeljoy.com\/label-templates\/folder\/folder3s.jpg&#038;h=133&#038;w=197\"><\/a><\/div><\/div>\n<p style=\"text-align: center\"><a href=\"http:\/\/www.labeljoy.com\/label-templates\/folder\/folder3.lpa\" class=\"small white tt-button\" target=\"_self\"> Ladda ner <\/a>\n<\/div>\n<div class=\"hr hr-dotted\">&nbsp;<\/div>\n<div class=\"one_half\">\n<p style=\"text-align: center\"><a href=\"\/sv\/kop\/\" class=\"large blue tt-button\" target=\"\"> K\u00f6p Programvara <\/a>\n<\/div>\n<div class=\"one_half\">\n<p style=\"text-align: center\"><a href=\"\/sv\/download-sv\/\" class=\"large green tt-button\" target=\"\"> Ladda ner gratis <\/a>\n<\/div>\n","protected":false},"excerpt":{"rendered":"<p>Mapp Etikett Mallar Skapa enkelt mapp-etiketter f\u00f6r att h\u00e5lla ditt kontor och ditt hem organiserat Ladda ner v\u00e5ra mapp mallar och skapa och anpassa dina egna etiketter och skriv ut med standard skrivare inkjet eller roll skrivare. Organisera dina dokument med en kontorsetikett mall Du kan anv\u00e4nda en mapp mall f\u00f6r att skriva ut klisteretiketter. &#8230; <a title=\"Mapp Etikett\" class=\"read-more\" href=\"https:\/\/www.labeljoy.com\/sv\/mallar\/mapp-etiketter\/\" aria-label=\"L\u00e4s mer om Mapp Etikett\">Read more<\/a><\/p>\n","protected":false},"author":1,"featured_media":0,"parent":5490,"menu_order":0,"comment_status":"open","ping_status":"closed","template":"page-template-left-sidebar.php","meta":{"inline_featured_image":false,"_monsterinsights_skip_tracking":false,"_monsterinsights_sitenote_active":false,"_monsterinsights_sitenote_note":"","_monsterinsights_sitenote_category":0,"footnotes":""},"class_list":{"0":"post-5532","1":"page","2":"type-page","3":"status-publish","5":"infinite-scroll-item"},"aioseo_notices":[],"_links":{"self":[{"href":"https:\/\/www.labeljoy.com\/sv\/wp-json\/wp\/v2\/pages\/5532","targetHints":{"allow":["GET"]}}],"collection":[{"href":"https:\/\/www.labeljoy.com\/sv\/wp-json\/wp\/v2\/pages"}],"about":[{"href":"https:\/\/www.labeljoy.com\/sv\/wp-json\/wp\/v2\/types\/page"}],"author":[{"embeddable":true,"href":"https:\/\/www.labeljoy.com\/sv\/wp-json\/wp\/v2\/users\/1"}],"replies":[{"embeddable":true,"href":"https:\/\/www.labeljoy.com\/sv\/wp-json\/wp\/v2\/comments?post=5532"}],"version-history":[{"count":11,"href":"https:\/\/www.labeljoy.com\/sv\/wp-json\/wp\/v2\/pages\/5532\/revisions"}],"predecessor-version":[{"id":17396,"href":"https:\/\/www.labeljoy.com\/sv\/wp-json\/wp\/v2\/pages\/5532\/revisions\/17396"}],"up":[{"embeddable":true,"href":"https:\/\/www.labeljoy.com\/sv\/wp-json\/wp\/v2\/pages\/5490"}],"wp:attachment":[{"href":"https:\/\/www.labeljoy.com\/sv\/wp-json\/wp\/v2\/media?parent=5532"}],"curies":[{"name":"wp","href":"https:\/\/api.w.org\/{rel}","templated":true}]}}