{"id":5533,"date":"2012-07-18T08:54:54","date_gmt":"2012-07-18T08:54:54","guid":{"rendered":"http:\/\/www.labeljoy.com\/templates\/shipping-label\/"},"modified":"2014-01-31T13:20:44","modified_gmt":"2014-01-31T13:20:44","slug":"fraktsedlar","status":"publish","type":"page","link":"https:\/\/www.labeljoy.com\/sv\/mallar\/fraktsedlar\/","title":{"rendered":"Fraktsedel"},"content":{"rendered":"<h1>Fraktsedel Mall<\/h1>\n<h2>Ladda ner och anpassa din egen Fraktsedel<\/h2>\n<p><strong>En fraktsedel <\/strong>\u00e4r en kort etikett som f\u00e4sts till fraktobjekt s\u00e5som en kuvert eller ett paket. Denna etikett inneh\u00e5ller information om inneh\u00e5llet, f\u00f6retagsinformation s\u00e5som <em>logo<\/em>, <em>adress<\/em> och ibland <a title=\"streckkod stod\" href=\"http:\/\/www.labeljoy.com\/sv\/stod\/streckkod\/\">streckkoder<\/a> och andra objekt.<\/p>\n<p>Med Labeljoy kan du generera 20 olika typer streckkod symbollogier inklusive <a title=\"QR Koder stod\" href=\"http:\/\/www.labeljoy.com\/sv\/stod\/qr-kod\/\">QR Koder<\/a>.<\/p>\n<p>Etikett Mall Biblioteket l\u00e5ter dig <strong>ladda ner fraktsedel mallar<\/strong> f\u00f6r en rad produkter s\u00e5som adress etiketter, post etiketter, separator etiketter och mer.<\/p>\n<h3>Skriv ut din fraktsedel mall<\/h3>\n<p>Det \u00e4r m\u00f6jligt att skriva ut alla mallar med din <em>Laster<\/em> skrivare, <em>Inkjet<\/em> skrivare eller <em>Roll<\/em> skrivare. Det \u00e4r enkelt: <strong>skapa anpassade fraktsedlar<\/strong> med streckkoder genom en gratis mall fr\u00e5n Labeljoy. Sedan skriver du ut professionella etiketter fr\u00e5n din skrivare. Nu beh\u00f6ver du inget mer f\u00f6r att klara jobbet.<\/p>\n<div class=\"one_third\"> <div class=\"img-frame full-fourth\"><div class=\"lightbox-zoom\"><a title=\"Fragile fraktsedel\" href=\"http:\/\/www.labeljoy.com\/label-templates\/shipping\/shipping1b.jpg\" data-gal=\"prettyPhoto[Fraktsedel]\" class=\"hover-item\"><img decoding=\"async\" width=\"197\" height=\"133\" alt=\"Fragile fraktsedel\" src=\"https:\/\/www.labeljoy.com\/wp-content\/plugins\/sterling-shortcodes\/\/timthumb\/timthumb.php?src=http:\/\/www.labeljoy.com\/label-templates\/shipping\/shipping1s.jpg&#038;h=133&#038;w=197\"><\/a><\/div><\/div>\n<p style=\"text-align: center\"><a href=\"http:\/\/www.labeljoy.com\/label-templates\/shipping\/shipping1.lpa\" class=\"small white tt-button\" target=\"_self\"> Ladda ner <\/a>\n<\/div>\n<div class=\"one_third\"> <div class=\"img-frame full-fourth\"><div class=\"lightbox-zoom\"><a title=\"Varningsetikett f\u00f6r sj\u00f6farten\" href=\"http:\/\/www.labeljoy.com\/label-templates\/shipping\/shipping2b.jpg\" data-gal=\"prettyPhoto[Fraktsedel]\" class=\"hover-item\"><img decoding=\"async\" width=\"197\" height=\"133\" alt=\"Varningsetikett f\u00f6r sj\u00f6farten\" src=\"https:\/\/www.labeljoy.com\/wp-content\/plugins\/sterling-shortcodes\/\/timthumb\/timthumb.php?src=http:\/\/www.labeljoy.com\/label-templates\/shipping\/shipping2s.jpg&#038;h=133&#038;w=197\"><\/a><\/div><\/div>\n<p style=\"text-align: center\"><a href=\"http:\/\/www.labeljoy.com\/label-templates\/shipping\/shipping2.lpa\" class=\"small white tt-button\" target=\"_self\"> Ladda ner <\/a>\n<\/div>\n<div class=\"one_third\"> <div class=\"img-frame full-fourth\"><div class=\"lightbox-zoom\"><a title=\"Leveransinformation\" href=\"http:\/\/www.labeljoy.com\/label-templates\/shipping\/shipping3b.jpg\" data-gal=\"prettyPhoto[Fraktsedel]\" class=\"hover-item\"><img decoding=\"async\" width=\"197\" height=\"133\" alt=\"Leveransinformation\" src=\"https:\/\/www.labeljoy.com\/wp-content\/plugins\/sterling-shortcodes\/\/timthumb\/timthumb.php?src=http:\/\/www.labeljoy.com\/label-templates\/shipping\/shipping3s.jpg&#038;h=133&#038;w=197\"><\/a><\/div><\/div>\n<p style=\"text-align: center\"><a href=\"http:\/\/www.labeljoy.com\/label-templates\/shipping\/shipping3.lpa\" class=\"small white tt-button\" target=\"_self\"> Ladda ner <\/a>\n<\/div>\n<div class=\"hr hr-dotted\">&nbsp;<\/div>\n<div class=\"one_third\"> <div class=\"img-frame full-fourth\"><div class=\"lightbox-zoom\"><a title=\"Varningsetiketter f\u00f6r transporter\" href=\"http:\/\/www.labeljoy.com\/label-templates\/shipping\/shipping4b.jpg\" data-gal=\"prettyPhoto[Fraktsedel]\" class=\"hover-item\"><img decoding=\"async\" width=\"197\" height=\"133\" alt=\"Varningsetiketter f\u00f6r transporter\" src=\"https:\/\/www.labeljoy.com\/wp-content\/plugins\/sterling-shortcodes\/\/timthumb\/timthumb.php?src=http:\/\/www.labeljoy.com\/label-templates\/shipping\/shipping4s.jpg&#038;h=133&#038;w=197\"><\/a><\/div><\/div>\n<p style=\"text-align: center\"><a href=\"http:\/\/www.labeljoy.com\/label-templates\/shipping\/shipping4.lpa\" class=\"small white tt-button\" target=\"_self\"> Ladda ner <\/a>\n<\/div>\n<div class=\"one_third\"> <div class=\"img-frame full-fourth\"><div class=\"lightbox-zoom\"><a title=\"Naval transporter etiketter\" href=\"http:\/\/www.labeljoy.com\/label-templates\/shipping\/shipping5b.jpg\" data-gal=\"prettyPhoto[Fraktsedel]\" class=\"hover-item\"><img decoding=\"async\" width=\"197\" height=\"133\" alt=\"Naval transporter etiketter\" src=\"https:\/\/www.labeljoy.com\/wp-content\/plugins\/sterling-shortcodes\/\/timthumb\/timthumb.php?src=http:\/\/www.labeljoy.com\/label-templates\/shipping\/shipping5s.jpg&#038;h=133&#038;w=197\"><\/a><\/div><\/div>\n<p style=\"text-align: center\"><a href=\"http:\/\/www.labeljoy.com\/label-templates\/shipping\/shipping5.lpa\" class=\"small white tt-button\" target=\"_self\"> Ladda ner <\/a>\n<\/div>\n<div class=\"one_third\"> <div class=\"img-frame full-fourth\"><div class=\"lightbox-zoom\"><a title=\"fraktetikett med streckkod\" href=\"http:\/\/www.labeljoy.com\/label-templates\/shipping\/shipping6b.jpg\" data-gal=\"prettyPhoto[Fraktsedel]\" class=\"hover-item\"><img decoding=\"async\" width=\"197\" height=\"133\" alt=\"fraktetikett med streckkod\" src=\"https:\/\/www.labeljoy.com\/wp-content\/plugins\/sterling-shortcodes\/\/timthumb\/timthumb.php?src=http:\/\/www.labeljoy.com\/label-templates\/shipping\/shipping6s.jpg&#038;h=133&#038;w=197\"><\/a><\/div><\/div>\n<p style=\"text-align: center\"><a href=\"http:\/\/www.labeljoy.com\/label-templates\/shipping\/shipping6.lpa\" class=\"small white tt-button\" target=\"_self\"> Ladda ner <\/a>\n<\/div>\n<div class=\"hr hr-dotted\">&nbsp;<\/div>\n<div class=\"one_half\">\n<p style=\"text-align: center\"><a href=\"\/sv\/kop\/\" class=\"large blue tt-button\" target=\"\"> K\u00f6p Programvara <\/a>\n<\/div>\n<div class=\"one_half\">\n<p style=\"text-align: center\"><a href=\"\/sv\/download-sv\/\" class=\"large green tt-button\" target=\"\"> Ladda ner gratis <\/a>\n<\/div>\n","protected":false},"excerpt":{"rendered":"<p>Fraktsedel Mall Ladda ner och anpassa din egen Fraktsedel En fraktsedel \u00e4r en kort etikett som f\u00e4sts till fraktobjekt s\u00e5som en kuvert eller ett paket. Denna etikett inneh\u00e5ller information om inneh\u00e5llet, f\u00f6retagsinformation s\u00e5som logo, adress och ibland streckkoder och andra objekt. Med Labeljoy kan du generera 20 olika typer streckkod symbollogier inklusive QR Koder. Etikett &#8230; <a title=\"Fraktsedel\" class=\"read-more\" href=\"https:\/\/www.labeljoy.com\/sv\/mallar\/fraktsedlar\/\" aria-label=\"L\u00e4s mer om Fraktsedel\">Read more<\/a><\/p>\n","protected":false},"author":1,"featured_media":0,"parent":5490,"menu_order":0,"comment_status":"open","ping_status":"closed","template":"page-template-left-sidebar.php","meta":{"inline_featured_image":false,"_monsterinsights_skip_tracking":false,"_monsterinsights_sitenote_active":false,"_monsterinsights_sitenote_note":"","_monsterinsights_sitenote_category":0,"footnotes":""},"class_list":{"0":"post-5533","1":"page","2":"type-page","3":"status-publish","5":"infinite-scroll-item"},"aioseo_notices":[],"_links":{"self":[{"href":"https:\/\/www.labeljoy.com\/sv\/wp-json\/wp\/v2\/pages\/5533","targetHints":{"allow":["GET"]}}],"collection":[{"href":"https:\/\/www.labeljoy.com\/sv\/wp-json\/wp\/v2\/pages"}],"about":[{"href":"https:\/\/www.labeljoy.com\/sv\/wp-json\/wp\/v2\/types\/page"}],"author":[{"embeddable":true,"href":"https:\/\/www.labeljoy.com\/sv\/wp-json\/wp\/v2\/users\/1"}],"replies":[{"embeddable":true,"href":"https:\/\/www.labeljoy.com\/sv\/wp-json\/wp\/v2\/comments?post=5533"}],"version-history":[{"count":14,"href":"https:\/\/www.labeljoy.com\/sv\/wp-json\/wp\/v2\/pages\/5533\/revisions"}],"predecessor-version":[{"id":17383,"href":"https:\/\/www.labeljoy.com\/sv\/wp-json\/wp\/v2\/pages\/5533\/revisions\/17383"}],"up":[{"embeddable":true,"href":"https:\/\/www.labeljoy.com\/sv\/wp-json\/wp\/v2\/pages\/5490"}],"wp:attachment":[{"href":"https:\/\/www.labeljoy.com\/sv\/wp-json\/wp\/v2\/media?parent=5533"}],"curies":[{"name":"wp","href":"https:\/\/api.w.org\/{rel}","templated":true}]}}