{"id":5535,"date":"2012-07-18T08:53:01","date_gmt":"2012-07-18T08:53:01","guid":{"rendered":"http:\/\/www.labeljoy.com\/templates\/mailing-label\/"},"modified":"2014-01-31T16:06:45","modified_gmt":"2014-01-31T16:06:45","slug":"post-etiketter","status":"publish","type":"page","link":"https:\/\/www.labeljoy.com\/sv\/mallar\/post-etiketter\/","title":{"rendered":"Post Etikett"},"content":{"rendered":"<h1>Post Etikett Mallar<\/h1>\n<h2>Skriv ut post etiketter och skapa anpassade adress etiketter<\/h2>\n<p>Skapa och <strong>anpassa dina egna adress etiketter<\/strong> p\u00e5 n\u00e5gra minuter: ladda ner v\u00e5r post etikett mall och personifiera dessa.<\/p>\n<p>Op ett enkelt s\u00e4tt kan du skapa anpassade adress etiketter.<\/p>\n<p>Du kan:<\/p>\n<ul>\n<li><a title=\"Importera adresser fr\u00e5n externa databaser\" href=\"http:\/\/www.labeljoy.com\/sv\/video-guide\/koppla-upp-externa-datakallor\/\">Importera adresser fr\u00e5n externa databaser<\/a> som <a title=\"Excel data\" href=\"http:\/\/www.labeljoy.com\/sv\/video-guide\/ladda-data-fran-excel\/\">Excel<\/a>, Outlook, txt fil etc. anv\u00e4nd endast en datafil f\u00f6r att skicka till alla dina kontakter.<\/li>\n<li>Skriv ut direkt p\u00e5 kuvert eller skriv ut p\u00e5 klisterm\u00e4rken genom att anv\u00e4nda en <a title=\"hantera layouts\" href=\"http:\/\/www.labeljoy.com\/sv\/video-guide\/hantera-layouts\/\">standard skrivare<\/a> och klisterpapper I A4 format eller en <a title=\"roll skrivare\" href=\"http:\/\/www.labeljoy.com\/sv\/video-guide\/utskrifter-genom-roll-skrivare\/\">roll skrivare<\/a>.<\/li>\n<li>Infoga din logotyp och din aff\u00e4rsinformation<\/li>\n<li>Anv\u00e4nd personifierade post etiketter f\u00f6r att ge stil \u00e5t din personliga post.<\/li>\n<\/ul>\n<div class=\"one_third\"> <div class=\"img-frame full-fourth\"><div class=\"lightbox-zoom\"><a title=\"Svarta och r\u00f6da etiketter\" href=\"http:\/\/www.labeljoy.com\/label-templates\/mailing\/mailing1b.jpg\" data-gal=\"prettyPhoto[Post]\" class=\"hover-item\"><img decoding=\"async\" width=\"197\" height=\"133\" alt=\"Svarta och r\u00f6da etiketter\" src=\"https:\/\/www.labeljoy.com\/wp-content\/plugins\/sterling-shortcodes\/\/timthumb\/timthumb.php?src=http:\/\/www.labeljoy.com\/label-templates\/mailing\/mailing1s.jpg&#038;h=133&#038;w=197\"><\/a><\/div><\/div>\n<p style=\"text-align: center\"><a href=\"http:\/\/www.labeljoy.com\/label-templates\/mailing\/mailing1.lpa\" class=\"small white tt-button\" target=\"_self\"> Ladda ner <\/a>\n<\/div>\n<div class=\"one_third\"> <div class=\"img-frame full-fourth\"><div class=\"lightbox-zoom\"><a title=\"Fr\u00e5n - till adressetiketter\" href=\"http:\/\/www.labeljoy.com\/label-templates\/mailing\/mailing2b.jpg\" data-gal=\"prettyPhoto[Post]\" class=\"hover-item\"><img decoding=\"async\" width=\"197\" height=\"133\" alt=\"Fr\u00e5n - till adressetiketter\" src=\"https:\/\/www.labeljoy.com\/wp-content\/plugins\/sterling-shortcodes\/\/timthumb\/timthumb.php?src=http:\/\/www.labeljoy.com\/label-templates\/mailing\/mailing2s.jpg&#038;h=133&#038;w=197\"><\/a><\/div><\/div>\n<p style=\"text-align: center\"><a href=\"http:\/\/www.labeljoy.com\/label-templates\/mailing\/mailing2.lpa\" class=\"small white tt-button\" target=\"_self\"> Ladda ner <\/a>\n<\/div>\n<div class=\"one_third\"> <div class=\"img-frame full-fourth\"><div class=\"lightbox-zoom\"><a title=\"Air postar etiketter\" href=\"http:\/\/www.labeljoy.com\/label-templates\/mailing\/mailing3b.jpg\" data-gal=\"prettyPhoto[Post]\" class=\"hover-item\"><img decoding=\"async\" width=\"197\" height=\"133\" alt=\"Air postar etiketter\" src=\"https:\/\/www.labeljoy.com\/wp-content\/plugins\/sterling-shortcodes\/\/timthumb\/timthumb.php?src=http:\/\/www.labeljoy.com\/label-templates\/mailing\/mailing3s.jpg&#038;h=133&#038;w=197\"><\/a><\/div><\/div>\n<p style=\"text-align: center\"><a href=\"http:\/\/www.labeljoy.com\/label-templates\/mailing\/mailing3.lpa\" class=\"small white tt-button\" target=\"_self\"> Ladda ner <\/a>\n<\/div>\n<div class=\"hr hr-dotted\">&nbsp;<\/div>\n<div class=\"one_third\"> <div class=\"img-frame full-fourth\"><div class=\"lightbox-zoom\"><a title=\"Enkla etiketter f\u00f6r utskick\" href=\"http:\/\/www.labeljoy.com\/label-templates\/mailing\/mailing4b.jpg\" data-gal=\"prettyPhoto[Post]\" class=\"hover-item\"><img decoding=\"async\" width=\"197\" height=\"133\" alt=\"Enkla etiketter f\u00f6r utskick\" src=\"https:\/\/www.labeljoy.com\/wp-content\/plugins\/sterling-shortcodes\/\/timthumb\/timthumb.php?src=http:\/\/www.labeljoy.com\/label-templates\/mailing\/mailing4s.jpg&#038;h=133&#038;w=197\"><\/a><\/div><\/div>\n<p style=\"text-align: center\"><a href=\"http:\/\/www.labeljoy.com\/label-templates\/mailing\/mailing4.lpa\" class=\"small white tt-button\" target=\"_self\"> Ladda ner <\/a>\n<\/div>\n<div class=\"one_third\"> <div class=\"img-frame full-fourth\"><div class=\"lightbox-zoom\"><a title=\"Ship till etikett\" href=\"http:\/\/www.labeljoy.com\/label-templates\/mailing\/mailing5b.jpg\" data-gal=\"prettyPhoto[Post]\" class=\"hover-item\"><img decoding=\"async\" width=\"197\" height=\"133\" alt=\"Ship till etikett\" src=\"https:\/\/www.labeljoy.com\/wp-content\/plugins\/sterling-shortcodes\/\/timthumb\/timthumb.php?src=http:\/\/www.labeljoy.com\/label-templates\/mailing\/mailing5s.jpg&#038;h=133&#038;w=197\"><\/a><\/div><\/div>\n<p style=\"text-align: center\"><a href=\"http:\/\/www.labeljoy.com\/label-templates\/mailing\/mailing5.lpa\" class=\"small white tt-button\" target=\"_self\"> Ladda ner <\/a>\n<\/div>\n<div class=\"one_third\"> <div class=\"img-frame full-fourth\"><div class=\"lightbox-zoom\"><a title=\"Kuvert adressetikett\" href=\"http:\/\/www.labeljoy.com\/label-templates\/mailing\/mailing6b.jpg\" data-gal=\"prettyPhoto[Post]\" class=\"hover-item\"><img decoding=\"async\" width=\"197\" height=\"133\" alt=\"Kuvert adressetikett\" src=\"https:\/\/www.labeljoy.com\/wp-content\/plugins\/sterling-shortcodes\/\/timthumb\/timthumb.php?src=http:\/\/www.labeljoy.com\/label-templates\/mailing\/mailing6s.jpg&#038;h=133&#038;w=197\"><\/a><\/div><\/div>\n<p style=\"text-align: center\"><a href=\"http:\/\/www.labeljoy.com\/label-templates\/mailing\/mailing6.lpa\" class=\"small white tt-button\" target=\"_self\"> Ladda ner <\/a>\n<\/div>\n<div class=\"hr hr-dotted\">&nbsp;<\/div>\n<div class=\"one_half\">\n<p style=\"text-align: center\"><a href=\"\/sv\/kop\/\" class=\"large blue tt-button\" target=\"\"> K\u00f6p Programvara <\/a>\n<\/div>\n<div class=\"one_half\">\n<p style=\"text-align: center\"><a href=\"\/sv\/download-sv\/\" class=\"large green tt-button\" target=\"\"> Ladda ner gratis <\/a>\n<\/div>\n","protected":false},"excerpt":{"rendered":"<p>Post Etikett Mallar Skriv ut post etiketter och skapa anpassade adress etiketter Skapa och anpassa dina egna adress etiketter p\u00e5 n\u00e5gra minuter: ladda ner v\u00e5r post etikett mall och personifiera dessa. Op ett enkelt s\u00e4tt kan du skapa anpassade adress etiketter. Du kan: Importera adresser fr\u00e5n externa databaser som Excel, Outlook, txt fil etc. anv\u00e4nd &#8230; <a title=\"Post Etikett\" class=\"read-more\" href=\"https:\/\/www.labeljoy.com\/sv\/mallar\/post-etiketter\/\" aria-label=\"L\u00e4s mer om Post Etikett\">Read more<\/a><\/p>\n","protected":false},"author":1,"featured_media":0,"parent":5490,"menu_order":0,"comment_status":"open","ping_status":"closed","template":"page-template-left-sidebar.php","meta":{"inline_featured_image":false,"_monsterinsights_skip_tracking":false,"_monsterinsights_sitenote_active":false,"_monsterinsights_sitenote_note":"","_monsterinsights_sitenote_category":0,"footnotes":""},"class_list":{"0":"post-5535","1":"page","2":"type-page","3":"status-publish","5":"infinite-scroll-item"},"aioseo_notices":[],"_links":{"self":[{"href":"https:\/\/www.labeljoy.com\/sv\/wp-json\/wp\/v2\/pages\/5535","targetHints":{"allow":["GET"]}}],"collection":[{"href":"https:\/\/www.labeljoy.com\/sv\/wp-json\/wp\/v2\/pages"}],"about":[{"href":"https:\/\/www.labeljoy.com\/sv\/wp-json\/wp\/v2\/types\/page"}],"author":[{"embeddable":true,"href":"https:\/\/www.labeljoy.com\/sv\/wp-json\/wp\/v2\/users\/1"}],"replies":[{"embeddable":true,"href":"https:\/\/www.labeljoy.com\/sv\/wp-json\/wp\/v2\/comments?post=5535"}],"version-history":[{"count":11,"href":"https:\/\/www.labeljoy.com\/sv\/wp-json\/wp\/v2\/pages\/5535\/revisions"}],"predecessor-version":[{"id":17384,"href":"https:\/\/www.labeljoy.com\/sv\/wp-json\/wp\/v2\/pages\/5535\/revisions\/17384"}],"up":[{"embeddable":true,"href":"https:\/\/www.labeljoy.com\/sv\/wp-json\/wp\/v2\/pages\/5490"}],"wp:attachment":[{"href":"https:\/\/www.labeljoy.com\/sv\/wp-json\/wp\/v2\/media?parent=5535"}],"curies":[{"name":"wp","href":"https:\/\/api.w.org\/{rel}","templated":true}]}}