{"id":5536,"date":"2012-07-05T15:27:38","date_gmt":"2012-07-05T15:27:38","guid":{"rendered":"http:\/\/www.labeljoy.com\/templates\/free-label-templates\/"},"modified":"2013-10-30T17:07:26","modified_gmt":"2013-10-30T17:07:26","slug":"gratis-etikett-mall","status":"publish","type":"page","link":"https:\/\/www.labeljoy.com\/sv\/mallar\/gratis-etikett-mall\/","title":{"rendered":"Ladda ner Gratis Etikett"},"content":{"rendered":"<h1>Ladda ner Gratis Etikett Mall<\/h1>\n<h2>Labeljoy erbjuder en komplett samling av gratis mallar sorterad I kategorier<\/h2>\n<p>Du kan <strong>Ladda ner anpassade mallar och skriva ut dessa gratis.<\/strong> V\u00e5r samling inneh\u00e5ller mallar f\u00f6r <a title=\"Fraktsedel\" href=\"http:\/\/www.labeljoy.com\/sv\/mallar\/fraktsedlar\/\">frakt<\/a>, <a title=\"Varning Etikett\" href=\"http:\/\/www.labeljoy.com\/sv\/mallar\/varning-etiketter\/\">industri<\/a>, <a title=\"Visitkort mallar\" href=\"http:\/\/www.labeljoy.com\/sv\/mallar\/visitkort\/\">kontor<\/a>, <a title=\"tillverkning\" href=\"http:\/\/www.labeljoy.com\/sv\/mallar\/produktetiketten\/\">tillverkning<\/a> och <a title=\"firande\" href=\"http:\/\/www.labeljoy.com\/sv\/mallar\/present-etikett\/\">firande<\/a>.<\/p>\n<p>Du kan anpassa alla etiketter! N\u00e4r du v\u00e4l har laddat ner <strong>gratis mallar<\/strong> kan du:<\/p>\n<p>&nbsp;<\/p>\n<div class=\"one_half\">\n<div class=\"tt-notification tip \">\n<p style=\"font-size: 12px;\">Byta sidolayout<\/p>\n<\/div>\n<div class=\"tt-notification tip \">\n<p style=\"font-size: 12px;\">Redigera och l\u00e4gga till text<\/p>\n<\/div>\n<div class=\"tt-notification tip \">\n<p style=\"font-size: 12px;\">Infoga nya bilder<\/p>\n<\/div>\n<div class=\"tt-notification tip \">\n<p style=\"font-size: 12px;\">Ange streckkod och QR kod<\/p>\n<\/div>\n<\/div>\n<div class=\"one_half\">\n<div class=\"one_half\"><\/div>\n<div class=\"tt-notification tip \">\n<p style=\"font-size: 12px;\">Infoga data fr\u00e5n externa databaser<\/p>\n<\/div>\n<div class=\"tt-notification tip \">\n<p style=\"font-size: 12px;\">Anv\u00e4nda 1.500 f\u00f6rinstallerade cliparts<\/p>\n<\/div>\n<div class=\"tt-notification tip\">\n<p style=\"font-size: 12px;\">Exportera till pdf och jpg format<\/p>\n<\/div>\n<div class=\"tt-notification tip\">\n<p style=\"font-size: 12px;\">Uppdatera dynamiskt<\/p>\n<\/div>\n<p>&nbsp;<\/p>\n<\/div>\n<p>Dessa <em>mallar<\/em> kan skrivas ut med en standard, laserskrivare bl\u00e4ckstr\u00e5leskrivare eller rulla skrivare..<\/p>\n<p>&nbsp;<\/p>\n<div class=\"one_half\">\n<p style=\"text-align: center;\"><a href=\"\/download\/\" class=\"large green tt-button\" target=\"_self\"> \u00a0 \u00a0 \u00a0 F\u00f6rs\u00f6k Labeljoy nu\u00a0 \u00a0 \u00a0 \u00a0<\/a>\n<\/div>\n<div class=\"one_half\">\n<p style=\"text-align: center;\"><a href=\"\/sv\/funktioner\/\" class=\"large grey tt-button\" target=\"_self\"> \u00a0 \u00a0 Se alla funktioner i Labeljoy\u00a0 \u00a0 \u00a0 <\/a>\n<\/div>\n<p>&nbsp;<\/p>\n","protected":false},"excerpt":{"rendered":"<p>Ladda ner Gratis Etikett Mall Labeljoy erbjuder en komplett samling av gratis mallar sorterad I kategorier Du kan Ladda ner anpassade mallar och skriva ut dessa gratis. V\u00e5r samling inneh\u00e5ller mallar f\u00f6r frakt, industri, kontor, tillverkning och firande. Du kan anpassa alla etiketter! N\u00e4r du v\u00e4l har laddat ner gratis mallar kan du: &nbsp; Dessa &#8230; <a title=\"Ladda ner Gratis Etikett\" class=\"read-more\" href=\"https:\/\/www.labeljoy.com\/sv\/mallar\/gratis-etikett-mall\/\" aria-label=\"L\u00e4s mer om Ladda ner Gratis Etikett\">Read more<\/a><\/p>\n","protected":false},"author":1,"featured_media":0,"parent":5490,"menu_order":0,"comment_status":"open","ping_status":"closed","template":"page-template-left-sidebar.php","meta":{"inline_featured_image":false,"_monsterinsights_skip_tracking":false,"_monsterinsights_sitenote_active":false,"_monsterinsights_sitenote_note":"","_monsterinsights_sitenote_category":0,"footnotes":""},"class_list":{"0":"post-5536","1":"page","2":"type-page","3":"status-publish","5":"infinite-scroll-item"},"aioseo_notices":[],"_links":{"self":[{"href":"https:\/\/www.labeljoy.com\/sv\/wp-json\/wp\/v2\/pages\/5536","targetHints":{"allow":["GET"]}}],"collection":[{"href":"https:\/\/www.labeljoy.com\/sv\/wp-json\/wp\/v2\/pages"}],"about":[{"href":"https:\/\/www.labeljoy.com\/sv\/wp-json\/wp\/v2\/types\/page"}],"author":[{"embeddable":true,"href":"https:\/\/www.labeljoy.com\/sv\/wp-json\/wp\/v2\/users\/1"}],"replies":[{"embeddable":true,"href":"https:\/\/www.labeljoy.com\/sv\/wp-json\/wp\/v2\/comments?post=5536"}],"version-history":[{"count":9,"href":"https:\/\/www.labeljoy.com\/sv\/wp-json\/wp\/v2\/pages\/5536\/revisions"}],"predecessor-version":[{"id":14705,"href":"https:\/\/www.labeljoy.com\/sv\/wp-json\/wp\/v2\/pages\/5536\/revisions\/14705"}],"up":[{"embeddable":true,"href":"https:\/\/www.labeljoy.com\/sv\/wp-json\/wp\/v2\/pages\/5490"}],"wp:attachment":[{"href":"https:\/\/www.labeljoy.com\/sv\/wp-json\/wp\/v2\/media?parent=5536"}],"curies":[{"name":"wp","href":"https:\/\/api.w.org\/{rel}","templated":true}]}}