{"id":5537,"date":"2012-07-18T09:39:11","date_gmt":"2012-07-18T09:39:11","guid":{"rendered":"http:\/\/www.labeljoy.com\/templates\/warning-labels\/"},"modified":"2014-02-01T18:03:51","modified_gmt":"2014-02-01T18:03:51","slug":"varning-etiketter","status":"publish","type":"page","link":"https:\/\/www.labeljoy.com\/sv\/mallar\/varning-etiketter\/","title":{"rendered":"Varning Etikett"},"content":{"rendered":"<h1>Varning Etikett Mallar<\/h1>\n<h2>Skapa anpassade och professionella kemiska etiketter<\/h2>\n<p>Labeljoy teamet har utvecklat mallar f\u00f6r alla former och storlekar som kan anv\u00e4ndas f\u00f6r att <strong>skriva ut varning etiketter.<\/strong><\/p>\n<p><strong>Varning etikett mallar <\/strong>kan anpassas f\u00f6r att inneha ditt f\u00f6retags kontaktinformation, logotyp och akut kontaktnummer eller n\u00e5got annat du skulle beh\u00f6va.<\/p>\n<p><\/a><a title=\"etiketterings video\" href=\"http:\/\/www.labeljoy.com\/sv\/video-guide\/etiketterings-mjukvarupresentation\/\">Text, bilder, logotyper<\/a> kan \u00e4ndras I storlek och flyttas f\u00f6r att belysa inneh\u00e5llet som \u00e4r mest viktigt f\u00f6r dina \u00e4ndam\u00e5l.<\/p>\n<h2>Kemiska Etiketter, Fara Etiketer Varsamhet Etiketter<\/h2>\n<p>Labeljoy erbjuder ett komplett urval av streckkod l\u00f6sningar <em>f\u00f6r kemisk etikettering<\/em>, <em>fara etiketter<\/em> och <em>varning etiketter.<\/em><\/p>\n<p>Du kan l\u00e4gga till <a title=\"stod streckkod guide\" href=\"http:\/\/www.labeljoy.com\/sv\/stod\/streckkod\/\">20 olika streckkod symbologier<\/a> inklusive <a title=\"stod qr-kod guide\" href=\"http:\/\/www.labeljoy.com\/sv\/stod\/qr-kod\/\">2D streckkod<\/a> som QR Kod och Data Matrix som kan f\u00f6rb\u00e4ttra din organisation och din hanteringssystem.<\/p>\n<p>Ett set best\u00e5ende av varning etikettmallar har blivit designad f\u00f6r dina behov. V\u00e4nligen observera att du kan <a title=\"importera data fr\u00e5n externa databaser\" href=\"http:\/\/www.labeljoy.com\/sv\/video-guide\/koppla-upp-externa-datakallor\/\">importera data fr\u00e5n externa databaser<\/a> f\u00f6r att g\u00f6ra ditt jobb l\u00e4ttare.<\/p>\n<p><strong>Skriv ut dina egna varningsetiketter<\/strong> och <strong>s\u00e4kerhetsetiketter<\/strong> p\u00e5 din laser, inkjet eller roll skrivare p\u00e5 den typen av <strong>papper du f\u00f6redrar <\/strong>inklusive klisterpapper.<\/p>\n<p>Observera att vi kommer att uppdatera denna sida I framtiden f\u00f6r att inkludera flera etiketter som du kan anv\u00e4nda f\u00f6r dina varning och s\u00e4kerhetsetiketter.<\/p>\n<div class=\"one_third\"> <div class=\"img-frame full-fourth\"><div class=\"lightbox-zoom\"><a title=\"Varningsetiketter\" href=\"http:\/\/www.labeljoy.com\/label-templates\/warning\/warning1b.jpg\" data-gal=\"prettyPhoto[Varning]\" class=\"hover-item\"><img decoding=\"async\" width=\"197\" height=\"133\" alt=\"Varningsetiketter\" src=\"https:\/\/www.labeljoy.com\/wp-content\/plugins\/sterling-shortcodes\/\/timthumb\/timthumb.php?src=http:\/\/www.labeljoy.com\/label-templates\/warning\/warning1s.jpg&#038;h=133&#038;w=197\"><\/a><\/div><\/div>\n<p style=\"text-align: center\"><a href=\"http:\/\/www.labeljoy.com\/label-templates\/warning\/warning1.lpa\" class=\"small white tt-button\" target=\"_self\"> Ladda ner <\/a>\n<\/div>\n<div class=\"one_third\"> <div class=\"img-frame full-fourth\"><div class=\"lightbox-zoom\"><a title=\"Varningsetiketter\" href=\"http:\/\/www.labeljoy.com\/label-templates\/warning\/warning2b.jpg\" data-gal=\"prettyPhoto[Varning]\" class=\"hover-item\"><img decoding=\"async\" width=\"197\" height=\"133\" alt=\"Varningsetiketter\" src=\"https:\/\/www.labeljoy.com\/wp-content\/plugins\/sterling-shortcodes\/\/timthumb\/timthumb.php?src=http:\/\/www.labeljoy.com\/label-templates\/warning\/warning2s.jpg&#038;h=133&#038;w=197\"><\/a><\/div><\/div>\n<p style=\"text-align: center\"><a href=\"http:\/\/www.labeljoy.com\/label-templates\/warning\/warning2.lpa\" class=\"small white tt-button\" target=\"_self\"> Ladda ner <\/a>\n<\/div>\n<div class=\"one_third\"> <div class=\"img-frame full-fourth\"><div class=\"lightbox-zoom\"><a title=\"Varningsetiketter\" href=\"http:\/\/www.labeljoy.com\/label-templates\/warning\/warning3b.jpg\" data-gal=\"prettyPhoto[Varning]\" class=\"hover-item\"><img decoding=\"async\" width=\"197\" height=\"133\" alt=\"Varningsetiketter\" src=\"https:\/\/www.labeljoy.com\/wp-content\/plugins\/sterling-shortcodes\/\/timthumb\/timthumb.php?src=http:\/\/www.labeljoy.com\/label-templates\/warning\/warning3s.jpg&#038;h=133&#038;w=197\"><\/a><\/div><\/div>\n<p style=\"text-align: center\"><a href=\"http:\/\/www.labeljoy.com\/label-templates\/warning\/warning3.lpa\" class=\"small white tt-button\" target=\"_self\"> Ladda ner <\/a>\n<\/div>\n<div class=\"hr hr-dotted\">&nbsp;<\/div>\n<div class=\"one_half\">\n<p style=\"text-align: center\"><a href=\"\/sv\/kop\/\" class=\"large blue tt-button\" target=\"\"> K\u00f6p Programvara <\/a>\n<\/div>\n<div class=\"one_half\">\n<p style=\"text-align: center\"><a href=\"\/sv\/download-sv\/\" class=\"large green tt-button\" target=\"\"> Ladda ner gratis <\/a>\n<\/div>\n","protected":false},"excerpt":{"rendered":"<p>Varning Etikett Mallar Skapa anpassade och professionella kemiska etiketter Labeljoy teamet har utvecklat mallar f\u00f6r alla former och storlekar som kan anv\u00e4ndas f\u00f6r att skriva ut varning etiketter. Varning etikett mallar kan anpassas f\u00f6r att inneha ditt f\u00f6retags kontaktinformation, logotyp och akut kontaktnummer eller n\u00e5got annat du skulle beh\u00f6va. Text, bilder, logotyper kan \u00e4ndras I &#8230; <a title=\"Varning Etikett\" class=\"read-more\" href=\"https:\/\/www.labeljoy.com\/sv\/mallar\/varning-etiketter\/\" aria-label=\"L\u00e4s mer om Varning Etikett\">Read more<\/a><\/p>\n","protected":false},"author":1,"featured_media":0,"parent":5490,"menu_order":18,"comment_status":"open","ping_status":"closed","template":"page-template-left-sidebar.php","meta":{"inline_featured_image":false,"_monsterinsights_skip_tracking":false,"_monsterinsights_sitenote_active":false,"_monsterinsights_sitenote_note":"","_monsterinsights_sitenote_category":0,"footnotes":""},"class_list":{"0":"post-5537","1":"page","2":"type-page","3":"status-publish","5":"infinite-scroll-item"},"aioseo_notices":[],"_links":{"self":[{"href":"https:\/\/www.labeljoy.com\/sv\/wp-json\/wp\/v2\/pages\/5537","targetHints":{"allow":["GET"]}}],"collection":[{"href":"https:\/\/www.labeljoy.com\/sv\/wp-json\/wp\/v2\/pages"}],"about":[{"href":"https:\/\/www.labeljoy.com\/sv\/wp-json\/wp\/v2\/types\/page"}],"author":[{"embeddable":true,"href":"https:\/\/www.labeljoy.com\/sv\/wp-json\/wp\/v2\/users\/1"}],"replies":[{"embeddable":true,"href":"https:\/\/www.labeljoy.com\/sv\/wp-json\/wp\/v2\/comments?post=5537"}],"version-history":[{"count":13,"href":"https:\/\/www.labeljoy.com\/sv\/wp-json\/wp\/v2\/pages\/5537\/revisions"}],"predecessor-version":[{"id":17401,"href":"https:\/\/www.labeljoy.com\/sv\/wp-json\/wp\/v2\/pages\/5537\/revisions\/17401"}],"up":[{"embeddable":true,"href":"https:\/\/www.labeljoy.com\/sv\/wp-json\/wp\/v2\/pages\/5490"}],"wp:attachment":[{"href":"https:\/\/www.labeljoy.com\/sv\/wp-json\/wp\/v2\/media?parent=5537"}],"curies":[{"name":"wp","href":"https:\/\/api.w.org\/{rel}","templated":true}]}}