{"id":5538,"date":"2012-07-18T09:07:02","date_gmt":"2012-07-18T09:07:02","guid":{"rendered":"http:\/\/www.labeljoy.com\/templates\/business-card-template\/"},"modified":"2014-01-31T16:04:58","modified_gmt":"2014-01-31T16:04:58","slug":"visitkort","status":"publish","type":"page","link":"https:\/\/www.labeljoy.com\/sv\/mallar\/visitkort\/","title":{"rendered":"Visitkort"},"content":{"rendered":"<h1>Visitkort Mallar<\/h1>\n<h2>Skapa Dina Egna Visitkort<\/h2>\n<p>V\u00e4lj en <strong>visitkort mall<\/strong> nedan f\u00f6r att b\u00f6rja skapa dina gratis utskrift-f\u00e4rdiga visitkort. N\u00e4r du har laddat ner en visitkort mall, kommer du kunna skapa och anpassa dina egna kort och skriva ut det genom en standard inkjet skrivare, laser skriva eller <a title=\"Roll skrivare video\" href=\"http:\/\/www.labeljoy.com\/sv\/video-guide\/utskrifter-genom-roll-skrivare\/\">Roll skrivare.<\/a><\/p>\n<h3>Ladd ner Gratis Visitkort Mallar<\/h3>\n<p>B\u00f6rja din design med enkelt att anv\u00e4nda, nedladdningsbara mallar f\u00f6r Labeljoy. Personifiera dina mallar genom att l\u00e4gga till logo, text, <a title=\"generera-streckkod video\" href=\"http:\/\/www.labeljoy.com\/sv\/video-guide\/generera-streckkod-qr-kod\/\">streckkoder<\/a> eller adresser fr\u00e5n <a title=\"externa datak\u00e4llor video\" href=\"http:\/\/www.labeljoy.com\/sv\/video-guide\/koppla-upp-externa-datakallor\/\">externa datak\u00e4llor<\/a>.<\/p>\n<h3>Designa Dina Visitkort<\/h3>\n<p>Skapa dina anpassade visitkort p\u00e5 n\u00e5gra f\u00e5 minuter med WYSIWYG gr\u00e4nssnittet I Labeljoy. <a title=\"skapa-visitkort guide\" href=\"http:\/\/www.labeljoy.com\/sv\/stod\/hur-att\/skapa-visitkort\/\">L\u00e4s Guiden<\/a><\/p>\n<div class=\"one_third\"> <div class=\"img-frame full-fourth\"><div class=\"lightbox-zoom\"><a title=\"Visitkort med qr-kod\" href=\"http:\/\/www.labeljoy.com\/label-templates\/business-card\/businesscard2b.jpg\" data-gal=\"prettyPhoto[Visitkort]\" class=\"hover-item\"><img decoding=\"async\" width=\"197\" height=\"133\" alt=\"Visitkort med qr-kod\" src=\"https:\/\/www.labeljoy.com\/wp-content\/plugins\/sterling-shortcodes\/\/timthumb\/timthumb.php?src=http:\/\/www.labeljoy.com\/label-templates\/business-card\/businesscard2s.jpg&#038;h=133&#038;w=197\"><\/a><\/div><\/div>\n<p style=\"text-align: center\"><a href=\"http:\/\/www.labeljoy.com\/label-templates\/business-card\/businesscard2.lpa\" class=\"small white tt-button\" target=\"_self\"> Ladda ner <\/a>\n<\/div>\n<div class=\"one_third\"> <div class=\"img-frame full-fourth\"><div class=\"lightbox-zoom\"><a title=\"Bl\u00e5 visitkort\" href=\"http:\/\/www.labeljoy.com\/label-templates\/business-card\/businesscard7b.jpg\" data-gal=\"prettyPhoto[Visitkort]\" class=\"hover-item\"><img decoding=\"async\" width=\"197\" height=\"133\" alt=\"Bl\u00e5 visitkort\" src=\"https:\/\/www.labeljoy.com\/wp-content\/plugins\/sterling-shortcodes\/\/timthumb\/timthumb.php?src=http:\/\/www.labeljoy.com\/label-templates\/business-card\/businesscard7s.jpg&#038;h=133&#038;w=197\"><\/a><\/div><\/div>\n<p style=\"text-align: center\"><a href=\"http:\/\/www.labeljoy.com\/label-templates\/business-card\/businesscard7.lpa\" class=\"small white tt-button\" target=\"_self\"> Ladda ner <\/a>\n<\/div>\n<div class=\"one_third\"> <div class=\"img-frame full-fourth\"><div class=\"lightbox-zoom\"><a title=\"M\u00e4rkes-aff\u00e4rskort\" href=\"http:\/\/www.labeljoy.com\/label-templates\/business-card\/businesscard3b.jpg\" data-gal=\"prettyPhoto[Visitkort]\" class=\"hover-item\"><img decoding=\"async\" width=\"197\" height=\"133\" alt=\"M\u00e4rkes-aff\u00e4rskort\" src=\"https:\/\/www.labeljoy.com\/wp-content\/plugins\/sterling-shortcodes\/\/timthumb\/timthumb.php?src=http:\/\/www.labeljoy.com\/label-templates\/business-card\/businesscard3s.jpg&#038;h=133&#038;w=197\"><\/a><\/div><\/div>\n<p style=\"text-align: center\"><a href=\"http:\/\/www.labeljoy.com\/label-templates\/business-card\/businesscard3.lpa\" class=\"small white tt-button\" target=\"_self\"> Ladda ner <\/a>\n<\/div>\n<div class=\"hr hr-dotted\">&nbsp;<\/div>\n<div class=\"one_third\"> <div class=\"img-frame full-fourth\"><div class=\"lightbox-zoom\"><a title=\"Professionell visitkort\" href=\"http:\/\/www.labeljoy.com\/label-templates\/business-card\/businesscard4b.jpg\" data-gal=\"prettyPhoto[Visitkort]\" class=\"hover-item\"><img decoding=\"async\" width=\"197\" height=\"133\" alt=\"Professionell visitkort\" src=\"https:\/\/www.labeljoy.com\/wp-content\/plugins\/sterling-shortcodes\/\/timthumb\/timthumb.php?src=http:\/\/www.labeljoy.com\/label-templates\/business-card\/businesscard4s.jpg&#038;h=133&#038;w=197\"><\/a><\/div><\/div>\n<p style=\"text-align: center\"><a href=\"http:\/\/www.labeljoy.com\/label-templates\/business-card\/businesscard4.lpa\" class=\"small white tt-button\" target=\"_self\"> Ladda ner <\/a>\n<\/div>\n<div class=\"one_third\"> <div class=\"img-frame full-fourth\"><div class=\"lightbox-zoom\"><a title=\"Mall f\u00f6r aff\u00e4rskort\" href=\"http:\/\/www.labeljoy.com\/label-templates\/business-card\/businesscard5b.jpg\" data-gal=\"prettyPhoto[Visitkort]\" class=\"hover-item\"><img decoding=\"async\" width=\"197\" height=\"133\" alt=\"Mall f\u00f6r aff\u00e4rskort\" src=\"https:\/\/www.labeljoy.com\/wp-content\/plugins\/sterling-shortcodes\/\/timthumb\/timthumb.php?src=http:\/\/www.labeljoy.com\/label-templates\/business-card\/businesscard5s.jpg&#038;h=133&#038;w=197\"><\/a><\/div><\/div>\n<p style=\"text-align: center\"><a href=\"http:\/\/www.labeljoy.com\/label-templates\/business-card\/\/businesscard5.lpa\" class=\"small white tt-button\" target=\"_self\"> Ladda ner <\/a>\n<\/div>\n<div class=\"one_third\"> <div class=\"img-frame full-fourth\"><div class=\"lightbox-zoom\"><a title=\"Restaurang visitkort\" href=\"http:\/\/www.labeljoy.com\/label-templates\/business-card\/businesscard6b.jpg\" data-gal=\"prettyPhoto[Visitkort]\" class=\"hover-item\"><img decoding=\"async\" width=\"197\" height=\"133\" alt=\"Restaurang visitkort\" src=\"https:\/\/www.labeljoy.com\/wp-content\/plugins\/sterling-shortcodes\/\/timthumb\/timthumb.php?src=http:\/\/www.labeljoy.com\/label-templates\/business-card\/businesscard6s.jpg&#038;h=133&#038;w=197\"><\/a><\/div><\/div>\n<p style=\"text-align: center\"><a href=\"http:\/\/www.labeljoy.com\/label-templates\/business-card\/businesscard6.lpa\" class=\"small white tt-button\" target=\"_self\"> Ladda ner <\/a>\n<\/div>\n<div class=\"hr hr-dotted\">&nbsp;<\/div>\n<div class=\"one_half\">\n<p style=\"text-align: center\"><a href=\"\/sv\/kop\/\" class=\"large blue tt-button\" target=\"\"> K\u00f6p Programvara <\/a>\n<\/div>\n<div class=\"one_half\">\n<p style=\"text-align: center\"><a href=\"\/sv\/download-sv\/\" class=\"large green tt-button\" target=\"\"> Ladda ner gratis <\/a>\n<\/div>\n","protected":false},"excerpt":{"rendered":"<p>Visitkort Mallar Skapa Dina Egna Visitkort V\u00e4lj en visitkort mall nedan f\u00f6r att b\u00f6rja skapa dina gratis utskrift-f\u00e4rdiga visitkort. N\u00e4r du har laddat ner en visitkort mall, kommer du kunna skapa och anpassa dina egna kort och skriva ut det genom en standard inkjet skrivare, laser skriva eller Roll skrivare. Ladd ner Gratis Visitkort Mallar &#8230; <a title=\"Visitkort\" class=\"read-more\" href=\"https:\/\/www.labeljoy.com\/sv\/mallar\/visitkort\/\" aria-label=\"L\u00e4s mer om Visitkort\">Read more<\/a><\/p>\n","protected":false},"author":1,"featured_media":0,"parent":5490,"menu_order":19,"comment_status":"open","ping_status":"closed","template":"page-template-left-sidebar.php","meta":{"inline_featured_image":false,"_monsterinsights_skip_tracking":false,"_monsterinsights_sitenote_active":false,"_monsterinsights_sitenote_note":"","_monsterinsights_sitenote_category":0,"footnotes":""},"class_list":{"0":"post-5538","1":"page","2":"type-page","3":"status-publish","5":"infinite-scroll-item"},"aioseo_notices":[],"_links":{"self":[{"href":"https:\/\/www.labeljoy.com\/sv\/wp-json\/wp\/v2\/pages\/5538","targetHints":{"allow":["GET"]}}],"collection":[{"href":"https:\/\/www.labeljoy.com\/sv\/wp-json\/wp\/v2\/pages"}],"about":[{"href":"https:\/\/www.labeljoy.com\/sv\/wp-json\/wp\/v2\/types\/page"}],"author":[{"embeddable":true,"href":"https:\/\/www.labeljoy.com\/sv\/wp-json\/wp\/v2\/users\/1"}],"replies":[{"embeddable":true,"href":"https:\/\/www.labeljoy.com\/sv\/wp-json\/wp\/v2\/comments?post=5538"}],"version-history":[{"count":18,"href":"https:\/\/www.labeljoy.com\/sv\/wp-json\/wp\/v2\/pages\/5538\/revisions"}],"predecessor-version":[{"id":17398,"href":"https:\/\/www.labeljoy.com\/sv\/wp-json\/wp\/v2\/pages\/5538\/revisions\/17398"}],"up":[{"embeddable":true,"href":"https:\/\/www.labeljoy.com\/sv\/wp-json\/wp\/v2\/pages\/5490"}],"wp:attachment":[{"href":"https:\/\/www.labeljoy.com\/sv\/wp-json\/wp\/v2\/media?parent=5538"}],"curies":[{"name":"wp","href":"https:\/\/api.w.org\/{rel}","templated":true}]}}